{"id":1821,"date":"2021-04-08T11:13:29","date_gmt":"2021-04-08T11:13:29","guid":{"rendered":"https:\/\/www.acoris.lt\/pradinis\/"},"modified":"2025-03-06T12:41:28","modified_gmt":"2025-03-06T09:41:28","slug":"pradinis","status":"publish","type":"page","link":"https:\/\/acoris.lt\/en\/","title":{"rendered":"To increase the efficiency of the integrated system"},"content":{"rendered":"<div class=\"wpb-content-wrapper\"><p>[vc_row full_width=&#8221;stretch_row&#8221; css=&#8221;.vc_custom_1652445840665{margin-bottom: 30px !important;}&#8221;][vc_column][vc_column_text]<div id=\"metaslider-id-3514\" style=\"max-width: 1120px; margin: 0 auto;\" class=\"ml-slider-3-107-0 metaslider metaslider-flex metaslider-3514 ml-slider has-dots-nav ms-theme-default\" role=\"region\" aria-label=\"New Slideshow (EN)\" data-height=\"450\" data-width=\"1120\">\n    <div id=\"metaslider_container_3514\">\n        <div id=\"metaslider_3514\">\n            <ul class='slides'>\n                <li style=\"display: block; width: 100%;\" class=\"slide-3515 ms-image \" aria-roledescription=\"slide\" data-date=\"2025-02-14 12:59:20\" data-filename=\"Darbo-laiko-apskaitos-programele-1120x450.png\" data-slide-type=\"image\"><a href=\"https:\/\/acoris.lt\/en\/blogas-en\/automated-timesheets-never-been-so-efficient\/\" target=\"_self\" aria-label=\"View Slide Details\" class=\"metaslider_image_link\"><img loading=\"lazy\" decoding=\"async\" src=\"https:\/\/acoris.lt\/wp-content\/uploads\/2025\/07\/Darbo-laiko-apskaitos-programele-1120x450.png\" height=\"450\" width=\"1120\" alt=\"Darbo laiko apskaitos program\u0117l\u0117\" class=\"slider-3514 slide-3515 msDefaultImage\" title=\"Darbo laiko apskaitos program\u0117l\u0117\" \/><\/a><div class=\"caption-wrap\"><div class=\"caption\"><div>Automated work time tracking app for saving your time and resources!<\/div><\/div><\/div><\/li>\n                <li style=\"display: none; width: 100%;\" class=\"slide-3516 ms-image \" aria-roledescription=\"slide\" data-date=\"2025-02-14 12:59:20\" data-filename=\"banerisspa.jpg\" data-slide-type=\"image\"><a href=\"https:\/\/acoris.lt\/en\/turnstiles-bollards-and-other-access-control-devices\/\" target=\"_self\" aria-label=\"View Slide Details\" class=\"metaslider_image_link\"><img loading=\"lazy\" decoding=\"async\" src=\"https:\/\/acoris.lt\/wp-content\/uploads\/2021\/04\/banerisspa.jpg\" height=\"450\" width=\"1120\" alt=\"Pra\u0117jimo kontrol\u0117 ir automatizuota darbo laiko apskaita\" class=\"slider-3514 slide-3516 msDefaultImage\" title=\"Pra\u0117jimo kontrol\u0117 ir automatizuota darbo laiko apskaita\" \/><\/a><div class=\"caption-wrap\"><div class=\"caption\"><div><a href=\"https:\/\/acoris.lt\/en\/turnstiles-bollards-and-other-access-control-devices\/\">Turnstiles and other access control devices<\/a><\/div><\/div><\/div><\/li>\n                <li style=\"display: none; width: 100%;\" class=\"slide-3517 ms-image \" aria-roledescription=\"slide\" data-date=\"2025-02-14 12:59:20\" data-filename=\"banerisvc.jpg\" data-slide-type=\"image\"><a href=\"https:\/\/acoris.lt\/parkingo-sistemos-ir-transporto-kontrole\/\" target=\"_self\" aria-label=\"View Slide Details\" class=\"metaslider_image_link\"><img loading=\"lazy\" decoding=\"async\" src=\"https:\/\/acoris.lt\/wp-content\/uploads\/2021\/04\/banerisvc.jpg\" height=\"450\" width=\"1120\" alt=\"\u0160lagbaumas\" class=\"slider-3514 slide-3517 msDefaultImage\" title=\"\u0160lagbaumas\" \/><\/a><div class=\"caption-wrap\"><div class=\"caption\"><div><a href=\"https:\/\/acoris.lt\/en\/parking-and-traffic-control-system\/\">Parking systems and transport control<\/a><\/div><\/div><\/div><\/li>\n                <li style=\"display: none; width: 100%;\" class=\"slide-3518 ms-image \" aria-roledescription=\"slide\" data-date=\"2025-02-14 12:59:20\" data-filename=\"gamyklabaneris.jpg\" data-slide-type=\"image\"><a href=\"https:\/\/acoris.lt\/en\/manufacturing-construction-companies\/\" target=\"_self\" aria-label=\"View Slide Details\" class=\"metaslider_image_link\"><img loading=\"lazy\" decoding=\"async\" src=\"https:\/\/acoris.lt\/wp-content\/uploads\/2021\/04\/gamyklabaneris.jpg\" height=\"450\" width=\"1120\" alt=\"Proces\u0173 efektyvinimo sistemos gamybos \u012fmon\u0117ms\" class=\"slider-3514 slide-3518 msDefaultImage\" title=\"Proces\u0173 efektyvinimo sistemos gamybos \u012fmon\u0117ms\" \/><\/a><div class=\"caption-wrap\"><div class=\"caption\"><div><a href=\"https:\/\/acoris.lt\/en\/manufacturing-construction-companies\/\">Process optimization systems for manufacturing companies<\/a><\/div><\/div><\/div><\/li>\n                <li style=\"display: none; width: 100%;\" class=\"slide-3519 ms-image \" aria-roledescription=\"slide\" data-date=\"2025-02-14 12:59:20\" data-filename=\"banerismok.jpg\" data-slide-type=\"image\"><a href=\"https:\/\/acoris.lt\/en\/training-institutions\/\" target=\"_self\" aria-label=\"View Slide Details\" class=\"metaslider_image_link\"><img loading=\"lazy\" decoding=\"async\" src=\"https:\/\/acoris.lt\/wp-content\/uploads\/2021\/04\/banerismok.jpg\" height=\"450\" width=\"1120\" alt=\"Pra\u0117jimo ir paslaug\u0173 kontrol\u0117 mokymo \u012fstaigoms\" class=\"slider-3514 slide-3519 msDefaultImage\" title=\"Pra\u0117jimo ir paslaug\u0173 kontrol\u0117 mokymo \u012fstaigoms\" \/><\/a><div class=\"caption-wrap\"><div class=\"caption\"><div><a href=\"https:\/\/acoris.lt\/en\/training-institutions\/\">Access and service control for educational institutions<\/a><\/div><\/div><\/div><\/li>\n                <li style=\"display: none; width: 100%;\" class=\"slide-3520 ms-image \" aria-roledescription=\"slide\" data-date=\"2025-02-14 12:59:20\" data-filename=\"banerishot.jpg\" data-slide-type=\"image\"><a href=\"https:\/\/acoris.lt\/en\/access-control-system\/\" target=\"_self\" aria-label=\"View Slide Details\" class=\"metaslider_image_link\"><img loading=\"lazy\" decoding=\"async\" src=\"https:\/\/acoris.lt\/wp-content\/uploads\/2021\/04\/banerishot.jpg\" height=\"450\" width=\"1120\" alt=\"Pra\u0117jimo kontrol\u0117 vie\u0161bu\u010diams\" class=\"slider-3514 slide-3520 msDefaultImage\" title=\"Pra\u0117jimo kontrol\u0117 vie\u0161bu\u010diams\" \/><\/a><div class=\"caption-wrap\"><div class=\"caption\"><div><a href=\"https:\/\/acoris.lt\/en\/access-control-system\/\">Access control and automated work time tracking<\/a><\/div><\/div><\/div><\/li>\n            <\/ul>\n        <\/div>\n        \n    <\/div>\n<\/div>[\/vc_column_text][\/vc_column][\/vc_row][vc_row full_width=&#8221;stretch_row&#8221; css=&#8221;.vc_custom_1617887127469{padding-top: 5px !important;padding-bottom: 5px !important;}&#8221;][vc_column][vc_column_text]<\/p>\n<p>[vc_btn title=&#8221;Contact us for details&#8221; style=&#8221;custom&#8221; custom_background=&#8221;#1f448f&#8221; custom_text=&#8221;#ffffff&#8221; align=&#8221;center&#8221; link=&#8221;url:https%3A%2F%2Fwww.acoris.lt%2Fen%2Fcontacts%2F|title:Contact|&#8221;]<\/p>\n<h1 style=\"text-align: center;\">We implement integrated systems to improve the efficiency of business processes<\/h1>\n<p>[\/vc_column_text][\/vc_column][\/vc_row][vc_row][vc_column][vc_empty_space][\/vc_column][\/vc_row][vc_row][vc_column width=&#8221;1\/6&#8243;][vc_single_image image=&#8221;1423&#8243; alignment=&#8221;center&#8221; css_animation=&#8221;fadeIn&#8221;][vc_column_text]<\/p>\n<p style=\"text-align: center;\"><span style=\"color: #717276;\"><strong>EFFECTIVE RESOURCE PLANNING, CONTROL AND ACCOUNTING<\/strong><\/span><\/p>\n<p>[\/vc_column_text][\/vc_column][vc_column width=&#8221;1\/6&#8243;][vc_single_image image=&#8221;1517&#8243; alignment=&#8221;center&#8221; css_animation=&#8221;fadeIn&#8221;][vc_column_text]<\/p>\n<p style=\"text-align: center;\"><span style=\"color: #717276;\"><strong>MONITORING, CONTROLLING AND OPTIMISING BUSINESS PROCESSES<\/strong><\/span><\/p>\n<p>[\/vc_column_text][\/vc_column][vc_column width=&#8221;1\/6&#8243;][vc_single_image image=&#8221;1514&#8243; alignment=&#8221;center&#8221; css_animation=&#8221;fadeIn&#8221;][vc_column_text]<\/p>\n<p style=\"text-align: center;\"><span style=\"color: #717276;\"><strong>DETAILED USAGE STATISTICS FOR ANALYSIS AND DECISION-MAKING<\/strong><\/span><\/p>\n<p>[\/vc_column_text][\/vc_column][vc_column width=&#8221;1\/6&#8243;][vc_single_image image=&#8221;1749&#8243; alignment=&#8221;center&#8221; css_animation=&#8221;fadeIn&#8221;][vc_column_text]<\/p>\n<p style=\"text-align: center;\"><span style=\"color: #717276;\"><strong>SAFETY AND CONVENIENCE<\/strong><\/span><\/p>\n<p>[\/vc_column_text][\/vc_column][vc_column width=&#8221;1\/6&#8243;][vc_single_image image=&#8221;1492&#8243; alignment=&#8221;center&#8221; css_animation=&#8221;fadeIn&#8221;][vc_column_text]<\/p>\n<p style=\"text-align: center;\"><span style=\"color: #717276;\"><strong>SAVING TIME, HUMAN AND MATERIAL RESOURCES<\/strong><\/span><\/p>\n<p>[\/vc_column_text][\/vc_column][vc_column width=&#8221;1\/6&#8243;][vc_single_image image=&#8221;1752&#8243; alignment=&#8221;center&#8221; css_animation=&#8221;fadeIn&#8221;][vc_column_text]<\/p>\n<p style=\"text-align: center;\"><span style=\"color: #717276;\"><strong>AN ATTRACTIVE IMAGE OF THE COMPANY AND THE ORGANISATION FOR CUSTOMERS AND EMPLOYEES<\/strong><\/span><\/p>\n<p>[\/vc_column_text][\/vc_column][\/vc_row][vc_row][vc_column][vc_empty_space][\/vc_column][\/vc_row][vc_row full_width=&#8221;stretch_row&#8221; equal_height=&#8221;yes&#8221; css=&#8221;.vc_custom_1520423153469{background-color: #efefef !important;}&#8221;][vc_column width=&#8221;1\/2&#8243;][vc_column_text]<\/p>\n<h2>Installed systems<\/h2>\n<ul class=\"check-list\">\n<li><span style=\"color: #808080;\"><a style=\"color: #808080;\" href=\"https:\/\/acoris.lt\/paslaugu-rezervavimas-apmokejimas-kontrole\/\">Reservation, payment, control of services<\/a><\/span><\/li>\n<li><span style=\"color: #808080;\"><a style=\"color: #808080;\" href=\"https:\/\/acoris.lt\/gamybos-procesu-stebesena-ir-kontrole\/\">Production process management and accounting<\/a><\/span><\/li>\n<li><span style=\"color: #808080;\"><a style=\"color: #808080;\" href=\"https:\/\/acoris.lt\/resursu-kontrole-ir-apskaita\/#pastraipa-praejimas\">Access control and time attendance<\/a><\/span><\/li>\n<li><span style=\"color: #808080;\"><a style=\"color: #808080;\" href=\"https:\/\/acoris.lt\/gamybos-procesu-stebesena-ir-kontrole\/#pastraipa-logistika\">Vehicle control, accounting, parking<\/a><\/span><\/li>\n<li><span style=\"color: #808080;\"><a style=\"color: #808080;\" href=\"https:\/\/acoris.lt\/resursu-kontrole-ir-apskaita\/#pastraipa-darbaslaikas\">Accounting for working tools, inventory, materials<\/a><\/span><\/li>\n<li><\/li>\n<\/ul>\n<p>[\/vc_column_text][\/vc_column][vc_column width=&#8221;1\/2&#8243; css=&#8221;.vc_custom_1617880353491{background-image: url(https:\/\/acoris.lt\/wp-content\/uploads\/2021\/04\/bgspa.png?id=1760) !important;background-position: center !important;background-repeat: no-repeat !important;background-size: cover !important;}&#8221; offset=&#8221;vc_hidden-md vc_hidden-sm vc_hidden-xs&#8221;][\/vc_column][\/vc_row][vc_row][vc_column][vc_empty_space][\/vc_column][\/vc_row][vc_row equal_height=&#8221;yes&#8221;][vc_column width=&#8221;1\/3&#8243;][vc_single_image image=&#8221;730&#8243; img_size=&#8221;full&#8221; alignment=&#8221;center&#8221; onclick=&#8221;custom_link&#8221; css=&#8221;.vc_custom_1618242178094{margin-bottom: 0px !important;background-position: center !important;background-repeat: no-repeat !important;background-size: contain !important;}&#8221; el_class=&#8221;full-width&#8221; link=&#8221;https:\/\/acoris.lt\/?page_id=1416&#8243;][vc_column_text]<\/p>\n<h4 class=\"grey-bg\">PROCESS MANAGEMENT SYSTEMS FOR CONSTRUCTION COMPANIES<\/h4>\n<p>[\/vc_column_text][vc_column_text]We implement business process management systems for construction companies, combining control and accounting of material (inventory, tools and machinery, etc.) and human resources, as well as the analysis of the efficiency of use. Another group of systems we implement are business process control and accounting systems. These systems save resources and time, help to manage and plan processes efficiently, and analyse the actions performed.[\/vc_column_text][vc_btn title=&#8221;MORE&#8221; style=&#8221;custom&#8221; custom_background=&#8221;#1f448f&#8221; custom_text=&#8221;#ffffff&#8221; align=&#8221;left&#8221; link=&#8221;url:https%3A%2F%2Fwww.acoris.lt%2Fen%2Fmanufacturing-construction-companies%2F|||&#8221;][\/vc_column][vc_column width=&#8221;1\/3&#8243;][vc_single_image image=&#8221;1710&#8243; img_size=&#8221;full&#8221; alignment=&#8221;center&#8221; onclick=&#8221;custom_link&#8221; css=&#8221;.vc_custom_1618242152680{margin-bottom: 0px !important;background-position: center !important;background-repeat: no-repeat !important;background-size: contain !important;}&#8221; el_class=&#8221;full-width&#8221; link=&#8221;https:\/\/acoris.lt\/gamybos-imones\/&#8221;][vc_column_text]<\/p>\n<h4 class=\"grey-bg\" style=\"text-align: center;\">PROCESS CONTROL SYSTEMS FOR MANUFACTURING COMPANIES<\/h4>\n<p>[\/vc_column_text][vc_column_text]For manufacturing companies, we implement business process management systems combining control and accounting of material (inventory, tools and machinery, etc.) and human resources, as well as analysis of the efficiency of their use. Another group of systems we implement are production or operational process control and accounting systems. These systems save resources and time, help to manage and plan processes efficiently, and analyse the actions performed.[\/vc_column_text][vc_btn title=&#8221;MORE&#8221; style=&#8221;custom&#8221; custom_background=&#8221;#1f448f&#8221; custom_text=&#8221;#ffffff&#8221; align=&#8221;left&#8221; link=&#8221;url:https%3A%2F%2Fwww.acoris.lt%2Fen%2Fmanufacturing-construction-companies%2F|title:Manufacturing%20companies||&#8221;][\/vc_column][vc_column width=&#8221;1\/3&#8243;][vc_single_image image=&#8221;1715&#8243; img_size=&#8221;499&#215;511&#8243; alignment=&#8221;center&#8221; onclick=&#8221;custom_link&#8221; css=&#8221;.vc_custom_1618242128843{margin-bottom: 0px !important;background-position: center !important;background-repeat: no-repeat !important;background-size: contain !important;}&#8221; el_class=&#8221;full-width&#8221; link=&#8221;https:\/\/acoris.lt\/spa-pramogu-parkai\/&#8221;][vc_column_text]<\/p>\n<h4 class=\"grey-bg\" style=\"text-align: center;\">SOLUTIONS FOR SERVICE<br \/>\nBUSINESSES<\/h4>\n<p>[\/vc_column_text][vc_column_text]For spas, amusement parks and other service companies, we implement modern digital systems for service advertising, advance booking and payment, service control and accounting. These systems make business processes more efficient: they ensure control over the provision of services and payment for them, save the institution&#8217;s resources and time, and increase customer satisfaction with services. At the same time, modern solutions improve the image of the company and increase the competitiveness of the business.[\/vc_column_text][vc_btn title=&#8221;MORE&#8221; style=&#8221;custom&#8221; custom_background=&#8221;#1f448f&#8221; custom_text=&#8221;#ffffff&#8221; align=&#8221;left&#8221; link=&#8221;url:https%3A%2F%2Fwww.acoris.lt%2Fen%2Fspa-theme-parks%2F|title:SPA%2C%20Amusement%20parks||&#8221;][\/vc_column][\/vc_row]<\/p>\n<\/div>","protected":false},"excerpt":{"rendered":"<p>[vc_row full_width=&#8221;stretch_row&#8221; css=&#8221;.vc_custom_1652445840665{margin-bottom: 30px !important;}&#8221;][vc_column][vc_column_text][\/vc_column_text][\/vc_column][\/vc_row][vc_row full_width=&#8221;stretch_row&#8221; css=&#8221;.vc_custom_1617887127469{padding-top: 5px !important;padding-bottom: 5px !important;}&#8221;][vc_column][vc_column_text] [vc_btn title=&#8221;Contact us for details&#8221; style=&#8221;custom&#8221; custom_background=&#8221;#1f448f&#8221; custom_text=&#8221;#ffffff&#8221; align=&#8221;center&#8221; link=&#8221;url:https%3A%2F%2Fwww.acoris.lt%2Fen%2Fcontacts%2F|title:Contact|&#8221;] We implement integrated systems to improve the efficiency of business processes [\/vc_column_text][\/vc_column][\/vc_row][vc_row][vc_column][vc_empty_space][\/vc_column][\/vc_row][vc_row][vc_column width=&#8221;1\/6&#8243;][vc_single_image image=&#8221;1423&#8243; alignment=&#8221;center&#8221; css_animation=&#8221;fadeIn&#8221;][vc_column_text] EFFECTIVE RESOURCE PLANNING, CONTROL AND ACCOUNTING [\/vc_column_text][\/vc_column][vc_column width=&#8221;1\/6&#8243;][vc_single_image image=&#8221;1517&#8243; alignment=&#8221;center&#8221; css_animation=&#8221;fadeIn&#8221;][vc_column_text] MONITORING, CONTROLLING AND OPTIMISING BUSINESS PROCESSES [\/vc_column_text][\/vc_column][vc_column [&hellip;]<\/p>\n","protected":false},"author":1,"featured_media":0,"parent":0,"menu_order":0,"comment_status":"closed","ping_status":"closed","template":"","meta":{"_acf_changed":false,"_monsterinsights_skip_tracking":false,"_monsterinsights_sitenote_active":false,"_monsterinsights_sitenote_note":"","_monsterinsights_sitenote_category":0,"footnotes":""},"class_list":["post-1821","page","type-page","status-publish","hentry"],"acf":[],"yoast_head":"<!-- This site is optimized with the Yoast SEO plugin v27.3 - https:\/\/yoast.com\/product\/yoast-seo-wordpress\/ -->\n<title>To increase the efficiency of the integrated system - Acoris<\/title>\n<meta name=\"description\" content=\"We implement integrated systems to improve the efficiency of business processes. Systems for booking, payment, control, and accounting of services, process monitoring.\" \/>\n<meta name=\"robots\" content=\"index, follow, max-snippet:-1, max-image-preview:large, max-video-preview:-1\" \/>\n<link rel=\"canonical\" href=\"https:\/\/acoris.lt\/en\/\" \/>\n<meta property=\"og:locale\" content=\"en_US\" \/>\n<meta property=\"og:type\" content=\"article\" \/>\n<meta property=\"og:title\" content=\"To increase the efficiency of the integrated system - Acoris\" \/>\n<meta property=\"og:description\" content=\"We implement integrated systems to improve the efficiency of business processes. Systems for booking, payment, control, and accounting of services, process monitoring.\" \/>\n<meta property=\"og:url\" content=\"https:\/\/acoris.lt\/en\/\" \/>\n<meta property=\"og:site_name\" content=\"Acoris\" \/>\n<meta property=\"article:modified_time\" content=\"2025-03-06T09:41:28+00:00\" \/>\n<meta property=\"og:image\" content=\"https:\/\/acoris.lt\/wp-content\/uploads\/2023\/12\/acoris.jpg\" \/>\n\t<meta property=\"og:image:width\" content=\"600\" \/>\n\t<meta property=\"og:image:height\" content=\"600\" \/>\n\t<meta property=\"og:image:type\" content=\"image\/jpeg\" \/>\n<meta name=\"twitter:card\" content=\"summary_large_image\" \/>\n<meta name=\"twitter:label1\" content=\"Est. reading time\" \/>\n\t<meta name=\"twitter:data1\" content=\"4 minutes\" \/>\n<script type=\"application\/ld+json\" class=\"yoast-schema-graph\">{\"@context\":\"https:\\\/\\\/schema.org\",\"@graph\":[{\"@type\":\"WebPage\",\"@id\":\"https:\\\/\\\/acoris.lt\\\/en\\\/\",\"url\":\"https:\\\/\\\/acoris.lt\\\/en\\\/\",\"name\":\"To increase the efficiency of the integrated system - Acoris\",\"isPartOf\":{\"@id\":\"https:\\\/\\\/acoris.lt\\\/#website\"},\"datePublished\":\"2021-04-08T11:13:29+00:00\",\"dateModified\":\"2025-03-06T09:41:28+00:00\",\"description\":\"We implement integrated systems to improve the efficiency of business processes. Systems for booking, payment, control, and accounting of services, process monitoring.\",\"breadcrumb\":{\"@id\":\"https:\\\/\\\/acoris.lt\\\/en\\\/#breadcrumb\"},\"inLanguage\":\"en-US\",\"potentialAction\":[{\"@type\":\"ReadAction\",\"target\":[\"https:\\\/\\\/acoris.lt\\\/en\\\/\"]}]},{\"@type\":\"BreadcrumbList\",\"@id\":\"https:\\\/\\\/acoris.lt\\\/en\\\/#breadcrumb\",\"itemListElement\":[{\"@type\":\"ListItem\",\"position\":1,\"name\":\"Home\",\"item\":\"https:\\\/\\\/acoris.lt\\\/en\\\/\"},{\"@type\":\"ListItem\",\"position\":2,\"name\":\"To increase the efficiency of the integrated system\"}]},{\"@type\":\"WebSite\",\"@id\":\"https:\\\/\\\/acoris.lt\\\/#website\",\"url\":\"https:\\\/\\\/acoris.lt\\\/\",\"name\":\"Acoris\",\"description\":\"Integruotos sistemos\",\"publisher\":{\"@id\":\"https:\\\/\\\/acoris.lt\\\/#organization\"},\"potentialAction\":[{\"@type\":\"SearchAction\",\"target\":{\"@type\":\"EntryPoint\",\"urlTemplate\":\"https:\\\/\\\/acoris.lt\\\/?s={search_term_string}\"},\"query-input\":{\"@type\":\"PropertyValueSpecification\",\"valueRequired\":true,\"valueName\":\"search_term_string\"}}],\"inLanguage\":\"en-US\"},{\"@type\":\"Organization\",\"@id\":\"https:\\\/\\\/acoris.lt\\\/#organization\",\"name\":\"Acoris\",\"url\":\"https:\\\/\\\/acoris.lt\\\/\",\"logo\":{\"@type\":\"ImageObject\",\"inLanguage\":\"en-US\",\"@id\":\"https:\\\/\\\/acoris.lt\\\/#\\\/schema\\\/logo\\\/image\\\/\",\"url\":\"https:\\\/\\\/acoris.lt\\\/wp-content\\\/uploads\\\/2023\\\/12\\\/acoris.jpg\",\"contentUrl\":\"https:\\\/\\\/acoris.lt\\\/wp-content\\\/uploads\\\/2023\\\/12\\\/acoris.jpg\",\"width\":600,\"height\":600,\"caption\":\"Acoris\"},\"image\":{\"@id\":\"https:\\\/\\\/acoris.lt\\\/#\\\/schema\\\/logo\\\/image\\\/\"}}]}<\/script>\n<!-- \/ Yoast SEO plugin. -->","yoast_head_json":{"title":"To increase the efficiency of the integrated system - Acoris","description":"We implement integrated systems to improve the efficiency of business processes. Systems for booking, payment, control, and accounting of services, process monitoring.","robots":{"index":"index","follow":"follow","max-snippet":"max-snippet:-1","max-image-preview":"max-image-preview:large","max-video-preview":"max-video-preview:-1"},"canonical":"https:\/\/acoris.lt\/en\/","og_locale":"en_US","og_type":"article","og_title":"To increase the efficiency of the integrated system - Acoris","og_description":"We implement integrated systems to improve the efficiency of business processes. Systems for booking, payment, control, and accounting of services, process monitoring.","og_url":"https:\/\/acoris.lt\/en\/","og_site_name":"Acoris","article_modified_time":"2025-03-06T09:41:28+00:00","og_image":[{"width":600,"height":600,"url":"https:\/\/acoris.lt\/wp-content\/uploads\/2023\/12\/acoris.jpg","type":"image\/jpeg"}],"twitter_card":"summary_large_image","twitter_misc":{"Est. reading time":"4 minutes"},"schema":{"@context":"https:\/\/schema.org","@graph":[{"@type":"WebPage","@id":"https:\/\/acoris.lt\/en\/","url":"https:\/\/acoris.lt\/en\/","name":"To increase the efficiency of the integrated system - Acoris","isPartOf":{"@id":"https:\/\/acoris.lt\/#website"},"datePublished":"2021-04-08T11:13:29+00:00","dateModified":"2025-03-06T09:41:28+00:00","description":"We implement integrated systems to improve the efficiency of business processes. Systems for booking, payment, control, and accounting of services, process monitoring.","breadcrumb":{"@id":"https:\/\/acoris.lt\/en\/#breadcrumb"},"inLanguage":"en-US","potentialAction":[{"@type":"ReadAction","target":["https:\/\/acoris.lt\/en\/"]}]},{"@type":"BreadcrumbList","@id":"https:\/\/acoris.lt\/en\/#breadcrumb","itemListElement":[{"@type":"ListItem","position":1,"name":"Home","item":"https:\/\/acoris.lt\/en\/"},{"@type":"ListItem","position":2,"name":"To increase the efficiency of the integrated system"}]},{"@type":"WebSite","@id":"https:\/\/acoris.lt\/#website","url":"https:\/\/acoris.lt\/","name":"Acoris","description":"Integruotos sistemos","publisher":{"@id":"https:\/\/acoris.lt\/#organization"},"potentialAction":[{"@type":"SearchAction","target":{"@type":"EntryPoint","urlTemplate":"https:\/\/acoris.lt\/?s={search_term_string}"},"query-input":{"@type":"PropertyValueSpecification","valueRequired":true,"valueName":"search_term_string"}}],"inLanguage":"en-US"},{"@type":"Organization","@id":"https:\/\/acoris.lt\/#organization","name":"Acoris","url":"https:\/\/acoris.lt\/","logo":{"@type":"ImageObject","inLanguage":"en-US","@id":"https:\/\/acoris.lt\/#\/schema\/logo\/image\/","url":"https:\/\/acoris.lt\/wp-content\/uploads\/2023\/12\/acoris.jpg","contentUrl":"https:\/\/acoris.lt\/wp-content\/uploads\/2023\/12\/acoris.jpg","width":600,"height":600,"caption":"Acoris"},"image":{"@id":"https:\/\/acoris.lt\/#\/schema\/logo\/image\/"}}]}},"_links":{"self":[{"href":"https:\/\/acoris.lt\/en\/wp-json\/wp\/v2\/pages\/1821","targetHints":{"allow":["GET"]}}],"collection":[{"href":"https:\/\/acoris.lt\/en\/wp-json\/wp\/v2\/pages"}],"about":[{"href":"https:\/\/acoris.lt\/en\/wp-json\/wp\/v2\/types\/page"}],"author":[{"embeddable":true,"href":"https:\/\/acoris.lt\/en\/wp-json\/wp\/v2\/users\/1"}],"replies":[{"embeddable":true,"href":"https:\/\/acoris.lt\/en\/wp-json\/wp\/v2\/comments?post=1821"}],"version-history":[{"count":7,"href":"https:\/\/acoris.lt\/en\/wp-json\/wp\/v2\/pages\/1821\/revisions"}],"predecessor-version":[{"id":4801,"href":"https:\/\/acoris.lt\/en\/wp-json\/wp\/v2\/pages\/1821\/revisions\/4801"}],"wp:attachment":[{"href":"https:\/\/acoris.lt\/en\/wp-json\/wp\/v2\/media?parent=1821"}],"curies":[{"name":"wp","href":"https:\/\/api.w.org\/{rel}","templated":true}]}}