{"id":3378,"date":"2025-02-14T12:30:40","date_gmt":"2025-02-14T09:30:40","guid":{"rendered":"https:\/\/www.acoris.lt\/manufacturing-construction-companies\/"},"modified":"2025-02-14T12:30:48","modified_gmt":"2025-02-14T09:30:48","slug":"manufacturing-construction-companies","status":"publish","type":"page","link":"https:\/\/acoris.lt\/en\/manufacturing-construction-companies\/","title":{"rendered":"Manufacturing, construction companies"},"content":{"rendered":"<div class=\"wpb-content-wrapper\"><p>[vc_row 0=&#8221;&#8221;][vc_column 0=&#8221;&#8221;][vc_btn title=&#8221;Fill in the form and receive a gift after signing the contract&#8221; color=&#8221;green&#8221; align=&#8221;center&#8221; i_icon_fontawesome=&#8221;fa fa-comment&#8221; add_icon=&#8221;true&#8221; link=&#8221;url:https%3A%2F%2Fwww.acoris.lt%2Fen%2Fproposal-form%2F|title:Proposal%20form|&#8221;][\/vc_column][\/vc_row][vc_row][vc_column][\/vc_column][\/vc_row][vc_row][vc_column width=&#8221;1\/2&#8243;][vc_column_text]Digital technologies improve the efficiency of business processes and increase the competitiveness of companies. Automation of business processes minimises manual work, increases management flexibility and reduces the influence of the human factor. <\/p>\n<p>For manufacturing companies, we implement business process management systems combining control and accounting of material (inventory, tools and machinery, etc.) and human resources, as well as analysis of the efficiency of their use. Another group of systems we implement are production or operational process control and accounting systems. These systems save resources and time, help to manage and plan processes efficiently, and analyse the actions performed.  <\/p>\n<p>All installed systems are combined in a single application that shows detailed usage reports. The application can or can be integrated with the accounting software or other business management systems used. The systems also allow for real-time monitoring of process parameters, adjustments and optimisation of the processes themselves, thus increasing operational efficiency and competitiveness. Additionally, we can implement a tender and project management system, CRM.   <\/p>\n<p>The systems can be implemented on a custom-made basis for each company.<\/p>\n<p><a href=\"https:\/\/acoris.lt\/konsultacijos-del-projektu-finansavimo\/\"><strong>Advice and documentation for project funding<\/strong><\/a><strong>. <\/strong><br \/>\n<br \/>\n<iframe loading=\"lazy\"  id=\"_ytid_51175\"  width=\"1170\" height=\"658\"  data-origwidth=\"1170\" data-origheight=\"658\" src=\"https:\/\/www.youtube.com\/embed\/ZNRrYX4av2s[\/embedyt]?enablejsapi=1&#038;autoplay=0&#038;cc_load_policy=0&#038;cc_lang_pref=&#038;iv_load_policy=1&#038;loop=0&#038;rel=1&#038;fs=1&#038;playsinline=0&#038;autohide=2&#038;theme=dark&#038;color=red&#038;controls=1&#038;disablekb=0&#038;\" class=\"__youtube_prefs__  epyt-is-override  no-lazyload\" title=\"YouTube player\"  allow=\"fullscreen; accelerometer; autoplay; clipboard-write; encrypted-media; gyroscope; picture-in-picture; web-share\" referrerpolicy=\"strict-origin-when-cross-origin\" allowfullscreen data-no-lazy=\"1\" data-skipgform_ajax_framebjll=\"\"><\/iframe><br \/>\n<em>(Note: Financial instruments, availability of applications, other conditions depend on the Government&#8217;s action plan)<\/em>[\/vc_column_text][\/vc_column][vc_column width=&#8221;1\/2&#8243;][vc_single_image image=&#8221;1541&#8243; img_size=&#8221;full&#8221; css_animation=&#8221;fadeInUp&#8221; css=&#8221;.vc_custom_1617708107802{margin-top: 20px !important;}&#8221;][\/vc_column][\/vc_row][vc_row][vc_column][vc_btn title=&#8221;Fill in the form and receive a gift after signing the contract&#8221; color=&#8221;green&#8221; align=&#8221;center&#8221; i_icon_fontawesome=&#8221;fa fa-comment&#8221; add_icon=&#8221;true&#8221; link=&#8221;url:https%3A%2F%2Fwww.acoris.lt%2Fen%2Fproposal-form%2F|title:Proposal%20form|&#8221;][\/vc_column][\/vc_row][vc_row full_width=&#8221;stretch_row&#8221; css=&#8221;.vc_custom_1617178365933{background-color: #174894 !important;}&#8221; el_class=&#8221;blue-section-header&#8221;][vc_column css=&#8221;.vc_custom_1617178564296{margin-top: 10px !important;}&#8221;][vc_column_text]<\/p>\n<h2><em>Installed systems  <\/em><\/h2>\n<p>[\/vc_column_text][\/vc_column][\/vc_row][vc_row full_width=&#8221;stretch_row&#8221; el_class=&#8221;home_box_wrap&#8221;][vc_column][vc_row_inner equal_height=&#8221;yes&#8221; gap=&#8221;5&#8243;][vc_column_inner width=&#8221;1\/4&#8243; css=&#8221;.vc_custom_1617704949541{border-top-width: 3px !important;border-right-width: 3px !important;border-bottom-width: 3px !important;border-left-width: 3px !important;border-left-color: #1f428d !important;border-left-style: solid !important;border-right-color: #1f428d !important;border-right-style: solid !important;border-top-color: #1f428d !important;border-top-style: solid !important;border-bottom-color: #1f428d !important;border-bottom-style: solid !important;border-radius: 10px !important;}&#8221;][vc_single_image image=&#8221;1492&#8243; img_size=&#8221;full&#8221; alignment=&#8221;center&#8221; onclick=&#8221;custom_link&#8221; css_animation=&#8221;fadeIn&#8221; link=&#8221;https:\/\/acoris.lt\/en\/automatic-working-time-control-system\/&#8221;][vc_column_text]<\/p>\n<h3 style=\"text-align: center;\"><span style=\"color: #174894;\"><a style=\"color: #174894;\" href=\"https:\/\/acoris.lt\/en\/automatic-working-time-control-system\/\"><strong>Automatic working time control system<\/strong><\/a><\/span><\/h3>\n<p style=\"text-align: center;\">Automatically record arrivals to \/ departures from the workplace and generate a spreadsheet. The system can be integrated with your accounting software or other business management systems. <\/p>\n<p>[\/vc_column_text][\/vc_column_inner][vc_column_inner width=&#8221;1\/4&#8243; css=&#8221;.vc_custom_1617704943623{border-top-width: 3px !important;border-right-width: 3px !important;border-bottom-width: 3px !important;border-left-width: px !important;border-left-color: #1f428d !important;border-left-style: solid !important;border-right-color: #1f428d !important;border-right-style: solid !important;border-top-color: #1f428d !important;border-top-style: solid !important;border-bottom-color: #1f428d !important;border-bottom-style: solid !important;border-radius: 10px !important;}&#8221;][vc_single_image image=&#8221;748&#8243; img_size=&#8221;full&#8221; alignment=&#8221;center&#8221; onclick=&#8221;custom_link&#8221; css_animation=&#8221;fadeIn&#8221; link=&#8221;https:\/\/acoris.lt\/en\/access-control-system\/&#8221;][vc_column_text]<\/p>\n<h3 style=\"text-align: center;\"><a href=\"https:\/\/acoris.lt\/en\/access-control-system\/\"><span style=\"color: #174894;\"><strong>Access control system<\/strong><\/span><\/a><\/h3>\n<p style=\"text-align: center;\">Employees only enter the premises or area in accordance with the procedures laid down, notifications are sent to supervisors of late arrivals, and there may be a register of arrivals\/absentees at the workplace. One system can be used for different workplaces. Access control can be supplemented by a breathalyser, temperature monitor.  <\/p>\n<p>[\/vc_column_text][\/vc_column_inner][vc_column_inner width=&#8221;1\/4&#8243; css=&#8221;.vc_custom_1617704956813{border-top-width: 3px !important;border-right-width: 3px !important;border-bottom-width: 3px !important;border-left-width: 3px !important;border-left-color: #1f428d !important;border-left-style: solid !important;border-right-color: #1f428d !important;border-right-style: solid !important;border-top-color: #1f428d !important;border-top-style: solid !important;border-bottom-color: #1f428d !important;border-bottom-style: solid !important;border-radius: 10px !important;}&#8221; el_id=&#8221;https:\/\/acoris.lt\/parkavimo-aiksteliu-sistemos\/&#8221;][vc_single_image image=&#8221;1489&#8243; img_size=&#8221;173&#215;173&#8243; alignment=&#8221;center&#8221; onclick=&#8221;custom_link&#8221; css_animation=&#8221;fadeIn&#8221; css=&#8221;.vc_custom_1701330968608{border-top-width: 3px !important;border-right-width: 3px !important;border-bottom-width: 3px !important;border-left-width: 3px !important;border-radius: 10px !important;}&#8221; link=&#8221;https:\/\/acoris.lt\/en\/parking-and-traffic-control-system\/&#8221;][vc_column_text]<\/p>\n<h3 style=\"text-align: center;\"><span style=\"color: #174894;\"><a style=\"color: #174894;\" href=\"https:\/\/acoris.lt\/en\/parking-and-traffic-control-system\/\"><strong>Parking and traffic control system<\/strong><\/a><\/span><\/h3>\n<p style=\"text-align: center;\">The system is designed to manage the automatic entry of vehicles into the area, to record which vehicles have left and which have arrived, and, in the case of pay-and-display parking, to control the payment term.<\/p>\n<p>[\/vc_column_text][\/vc_column_inner][vc_column_inner width=&#8221;1\/4&#8243; css=&#8221;.vc_custom_1618235446168{border-top-width: 3px !important;border-right-width: 3px !important;border-bottom-width: 3px !important;border-left-width: 3px !important;border-left-color: #1f428d !important;border-left-style: solid !important;border-right-color: #1f428d !important;border-right-style: solid !important;border-top-color: #1f428d !important;border-top-style: solid !important;border-bottom-color: #1f428d !important;border-bottom-style: solid !important;border-radius: 10px !important;}&#8221;][vc_single_image image=&#8221;754&#8243; img_size=&#8221;full&#8221; alignment=&#8221;center&#8221; onclick=&#8221;custom_link&#8221; css_animation=&#8221;fadeIn&#8221; css=&#8221;.vc_custom_1621337679524{border-top-width: 3px !important;border-right-width: 3px !important;border-bottom-width: 3px !important;border-left-width: 3px !important;border-radius: 10px !important;}&#8221; link=&#8221;https:\/\/acoris.lt\/?page_id=2010&#8243;][vc_column_text]<\/p>\n<h3 style=\"text-align: center;\"><span style=\"color: #174894;\"><a style=\"color: #174894;\" href=\"https:\/\/acoris.lt\/en\/inventory-accounting-system\/\"><strong>Inventory accounting system<\/strong><\/a><\/span><\/h3>\n<p style=\"text-align: center;\">The use of e-IDs keeps a record of what was used, where, when and for what purpose. <\/p>\n<p>[\/vc_column_text][\/vc_column_inner][\/vc_row_inner][\/vc_column][\/vc_row][vc_row][vc_column][vc_empty_space height=&#8221;20px&#8221;][vc_separator border_width=&#8221;2&#8243;][vc_column_text]<strong>These solutions perfectly complement the functionality of a modern ERP programme and ensure the control of production equipment via workstation-based industrial computers and specialised controllers.<\/strong>[\/vc_column_text][vc_separator border_width=&#8221;2&#8243;][\/vc_column][\/vc_row][vc_row full_width=&#8221;stretch_row&#8221; css=&#8221;.vc_custom_1617178365933{background-color: #174894 !important;}&#8221; el_class=&#8221;blue-section-header&#8221;][vc_column css=&#8221;.vc_custom_1617178564296{margin-top: 10px !important;}&#8221;][vc_column_text]<\/p>\n<h2><em>Integrated systems increase efficiency, optimise business processes and pay for themselves quickly<\/em><\/h2>\n<p>[\/vc_column_text][\/vc_column][\/vc_row][vc_row][vc_column][vc_column_text]<\/p>\n<ul class=\"check-list\">\n<li>SAVING RESOURCES<\/li>\n<\/ul>\n<ul>\n<li>Combining business process management and accounting applications in one system saves human resources and time.<\/li>\n<li>No need to fill in logbooks, sign for inventory, work equipment, etc.<\/li>\n<li>The manager can immediately see the list of arrivals\/absentees and make corrective decisions quickly.<\/li>\n<li>You&#8217;ll be able to plan the timetable for any project more efficiently and monitor progress.<\/li>\n<li>Optimisation and automation of staff time recording, with automatic completion of timesheets.<\/li>\n<li>Optimising inventory accounting &#8211; who uses what and when.<\/li>\n<li>Detailed analysis of the use of inventory, tools, instruments, etc., allowing you to make optimal decisions on need and quantity. <\/li>\n<\/ul>\n<p>[\/vc_column_text][vc_column_text]<\/p>\n<ul class=\"check-list\">\n<li>SECURITY AND CONTROL<\/li>\n<\/ul>\n<ul>\n<li>Access to specific premises, areas, etc. is limited to those who are entitled to do so. <\/li>\n<li>Managers can automatically see whether specific employees have arrived and left according to their schedules and receive notification of delays &#8211; so corrective action can be taken quickly.<\/li>\n<li>Only those with the right to use specific inventory, tools, machinery, materials and data can do so (fewer losses, clear material responsibility).<\/li>\n<li>Details of the rights granted to each person, the inventory used, etc.<\/li>\n<\/ul>\n<p>[\/vc_column_text][vc_column_text]<\/p>\n<ul class=\"check-list\">\n<li>PATHOGUM<\/li>\n<\/ul>\n<ul>\n<li>Instead of a variety of different documents (employee card, permit, access card, payment card, transport ticket, e-business card, e-signature), you can use one card or an NFC phone or other innovative device.<\/li>\n<li>Employees have all the information they need about work schedules and exact tasks in one place.<\/li>\n<li>Comprehensive information in one place on the rights held, inventory used, services available, costs.<\/li>\n<\/ul>\n<p>[\/vc_column_text][vc_column_text]<\/p>\n<ul class=\"check-list\">\n<li>IMAGE<\/li>\n<\/ul>\n<ul>\n<li>A modern company that uses digital technologies for its business processes creates good working conditions for people, builds an image as an attractive employer, can attract highly skilled employees at lower costs and looks more attractive to potential customers.<\/li>\n<\/ul>\n<p>[\/vc_column_text][\/vc_column][\/vc_row][vc_row][vc_column width=&#8221;1\/2&#8243;][vc_single_image image=&#8221;1538&#8243; img_size=&#8221;full&#8221; css_animation=&#8221;fadeIn&#8221;][\/vc_column][vc_column width=&#8221;1\/2&#8243;][vc_single_image image=&#8221;772&#8243; img_size=&#8221;full&#8221; css_animation=&#8221;fadeIn&#8221;][\/vc_column][\/vc_row][vc_row full_width=&#8221;stretch_row&#8221; css=&#8221;.vc_custom_1617178365933{background-color: #174894 !important;}&#8221; el_class=&#8221;blue-section-header&#8221;][vc_column css=&#8221;.vc_custom_1617178564296{margin-top: 10px !important;}&#8221;][vc_column_text]<\/p>\n<h2><span style=\"color: #ffffff;\"><a style=\"color: #ffffff;\" href=\"https:\/\/acoris.lt\/en\/contacts\/\"><em>Systems come with a warranty, training, support and maintenance.<\/em><\/a><\/span><\/h2>\n<p>[\/vc_column_text][\/vc_column][\/vc_row]<\/p>\n<\/div>","protected":false},"excerpt":{"rendered":"<p>[vc_row 0=&#8221;&#8221;][vc_column 0=&#8221;&#8221;][vc_btn title=&#8221;Fill in the form and receive a gift after signing the contract&#8221; color=&#8221;green&#8221; align=&#8221;center&#8221; i_icon_fontawesome=&#8221;fa fa-comment&#8221; add_icon=&#8221;true&#8221; link=&#8221;url:https%3A%2F%2Fwww.acoris.lt%2Fen%2Fproposal-form%2F|title:Proposal%20form|&#8221;][\/vc_column][\/vc_row][vc_row][vc_column][\/vc_column][\/vc_row][vc_row][vc_column width=&#8221;1\/2&#8243;][vc_column_text]Digital technologies improve the efficiency of business processes and increase the competitiveness of companies. Automation of business processes minimises manual work, increases management flexibility and reduces the influence of the human factor. For manufacturing [&hellip;]<\/p>\n","protected":false},"author":1,"featured_media":5082,"parent":0,"menu_order":0,"comment_status":"closed","ping_status":"closed","template":"","meta":{"_acf_changed":false,"_monsterinsights_skip_tracking":false,"_monsterinsights_sitenote_active":false,"_monsterinsights_sitenote_note":"","_monsterinsights_sitenote_category":0,"footnotes":""},"class_list":["post-3378","page","type-page","status-publish","has-post-thumbnail","hentry"],"acf":[],"yoast_head":"<!-- This site is optimized with the Yoast SEO plugin v27.3 - https:\/\/yoast.com\/product\/yoast-seo-wordpress\/ -->\n<title>Process control systems for manufacturing companies - Acoris<\/title>\n<meta name=\"description\" content=\"For manufacturing companies, we implement business process management systems combining control and accounting of material (inventory, tools and machinery, etc.) and human resources, as well as analysis of the efficiency of their use. Another group of systems we implement are production or operational process control and accounting systems. These systems save resources and time, help to manage and plan processes efficiently, and analyse the actions performed.\" \/>\n<meta name=\"robots\" content=\"index, follow, max-snippet:-1, max-image-preview:large, max-video-preview:-1\" \/>\n<link rel=\"canonical\" href=\"https:\/\/acoris.lt\/en\/manufacturing-construction-companies\/\" \/>\n<meta property=\"og:locale\" content=\"en_US\" \/>\n<meta property=\"og:type\" content=\"article\" \/>\n<meta property=\"og:title\" content=\"Process control systems for manufacturing companies - Acoris\" \/>\n<meta property=\"og:description\" content=\"For manufacturing companies, we implement business process management systems combining control and accounting of material (inventory, tools and machinery, etc.) and human resources, as well as analysis of the efficiency of their use. Another group of systems we implement are production or operational process control and accounting systems. These systems save resources and time, help to manage and plan processes efficiently, and analyse the actions performed.\" \/>\n<meta property=\"og:url\" content=\"https:\/\/acoris.lt\/en\/manufacturing-construction-companies\/\" \/>\n<meta property=\"og:site_name\" content=\"Acoris\" \/>\n<meta property=\"article:modified_time\" content=\"2025-02-14T09:30:48+00:00\" \/>\n<meta property=\"og:image\" content=\"https:\/\/acoris.lt\/wp-content\/uploads\/2025\/07\/Gamybos-imoniu-procesu-optimizavimo-sistemos.png\" \/>\n\t<meta property=\"og:image:width\" content=\"400\" \/>\n\t<meta property=\"og:image:height\" content=\"300\" \/>\n\t<meta property=\"og:image:type\" content=\"image\/png\" \/>\n<meta name=\"twitter:card\" content=\"summary_large_image\" \/>\n<meta name=\"twitter:label1\" content=\"Est. reading time\" \/>\n\t<meta name=\"twitter:data1\" content=\"7 minutes\" \/>\n<script type=\"application\/ld+json\" class=\"yoast-schema-graph\">{\"@context\":\"https:\\\/\\\/schema.org\",\"@graph\":[{\"@type\":\"WebPage\",\"@id\":\"https:\\\/\\\/acoris.lt\\\/en\\\/manufacturing-construction-companies\\\/\",\"url\":\"https:\\\/\\\/acoris.lt\\\/en\\\/manufacturing-construction-companies\\\/\",\"name\":\"Process control systems for manufacturing companies - Acoris\",\"isPartOf\":{\"@id\":\"https:\\\/\\\/acoris.lt\\\/#website\"},\"primaryImageOfPage\":{\"@id\":\"https:\\\/\\\/acoris.lt\\\/en\\\/manufacturing-construction-companies\\\/#primaryimage\"},\"image\":{\"@id\":\"https:\\\/\\\/acoris.lt\\\/en\\\/manufacturing-construction-companies\\\/#primaryimage\"},\"thumbnailUrl\":\"https:\\\/\\\/acoris.lt\\\/wp-content\\\/uploads\\\/2025\\\/07\\\/Gamybos-imoniu-procesu-optimizavimo-sistemos.png\",\"datePublished\":\"2025-02-14T09:30:40+00:00\",\"dateModified\":\"2025-02-14T09:30:48+00:00\",\"description\":\"For manufacturing companies, we implement business process management systems combining control and accounting of material (inventory, tools and machinery, etc.) and human resources, as well as analysis of the efficiency of their use. Another group of systems we implement are production or operational process control and accounting systems. These systems save resources and time, help to manage and plan processes efficiently, and analyse the actions performed.\",\"breadcrumb\":{\"@id\":\"https:\\\/\\\/acoris.lt\\\/en\\\/manufacturing-construction-companies\\\/#breadcrumb\"},\"inLanguage\":\"en-US\",\"potentialAction\":[{\"@type\":\"ReadAction\",\"target\":[\"https:\\\/\\\/acoris.lt\\\/en\\\/manufacturing-construction-companies\\\/\"]}]},{\"@type\":\"ImageObject\",\"inLanguage\":\"en-US\",\"@id\":\"https:\\\/\\\/acoris.lt\\\/en\\\/manufacturing-construction-companies\\\/#primaryimage\",\"url\":\"https:\\\/\\\/acoris.lt\\\/wp-content\\\/uploads\\\/2025\\\/07\\\/Gamybos-imoniu-procesu-optimizavimo-sistemos.png\",\"contentUrl\":\"https:\\\/\\\/acoris.lt\\\/wp-content\\\/uploads\\\/2025\\\/07\\\/Gamybos-imoniu-procesu-optimizavimo-sistemos.png\",\"width\":400,\"height\":300,\"caption\":\"Gamybos \u012fmoni\u0173 proces\u0173 optimizavimo sistemos\"},{\"@type\":\"BreadcrumbList\",\"@id\":\"https:\\\/\\\/acoris.lt\\\/en\\\/manufacturing-construction-companies\\\/#breadcrumb\",\"itemListElement\":[{\"@type\":\"ListItem\",\"position\":1,\"name\":\"Home\",\"item\":\"https:\\\/\\\/acoris.lt\\\/en\\\/\"},{\"@type\":\"ListItem\",\"position\":2,\"name\":\"Manufacturing, construction companies\"}]},{\"@type\":\"WebSite\",\"@id\":\"https:\\\/\\\/acoris.lt\\\/#website\",\"url\":\"https:\\\/\\\/acoris.lt\\\/\",\"name\":\"Acoris\",\"description\":\"Integruotos sistemos\",\"publisher\":{\"@id\":\"https:\\\/\\\/acoris.lt\\\/#organization\"},\"potentialAction\":[{\"@type\":\"SearchAction\",\"target\":{\"@type\":\"EntryPoint\",\"urlTemplate\":\"https:\\\/\\\/acoris.lt\\\/?s={search_term_string}\"},\"query-input\":{\"@type\":\"PropertyValueSpecification\",\"valueRequired\":true,\"valueName\":\"search_term_string\"}}],\"inLanguage\":\"en-US\"},{\"@type\":\"Organization\",\"@id\":\"https:\\\/\\\/acoris.lt\\\/#organization\",\"name\":\"Acoris\",\"url\":\"https:\\\/\\\/acoris.lt\\\/\",\"logo\":{\"@type\":\"ImageObject\",\"inLanguage\":\"en-US\",\"@id\":\"https:\\\/\\\/acoris.lt\\\/#\\\/schema\\\/logo\\\/image\\\/\",\"url\":\"https:\\\/\\\/acoris.lt\\\/wp-content\\\/uploads\\\/2023\\\/12\\\/acoris.jpg\",\"contentUrl\":\"https:\\\/\\\/acoris.lt\\\/wp-content\\\/uploads\\\/2023\\\/12\\\/acoris.jpg\",\"width\":600,\"height\":600,\"caption\":\"Acoris\"},\"image\":{\"@id\":\"https:\\\/\\\/acoris.lt\\\/#\\\/schema\\\/logo\\\/image\\\/\"}}]}<\/script>\n<!-- \/ Yoast SEO plugin. -->","yoast_head_json":{"title":"Process control systems for manufacturing companies - Acoris","description":"For manufacturing companies, we implement business process management systems combining control and accounting of material (inventory, tools and machinery, etc.) and human resources, as well as analysis of the efficiency of their use. Another group of systems we implement are production or operational process control and accounting systems. These systems save resources and time, help to manage and plan processes efficiently, and analyse the actions performed.","robots":{"index":"index","follow":"follow","max-snippet":"max-snippet:-1","max-image-preview":"max-image-preview:large","max-video-preview":"max-video-preview:-1"},"canonical":"https:\/\/acoris.lt\/en\/manufacturing-construction-companies\/","og_locale":"en_US","og_type":"article","og_title":"Process control systems for manufacturing companies - Acoris","og_description":"For manufacturing companies, we implement business process management systems combining control and accounting of material (inventory, tools and machinery, etc.) and human resources, as well as analysis of the efficiency of their use. Another group of systems we implement are production or operational process control and accounting systems. These systems save resources and time, help to manage and plan processes efficiently, and analyse the actions performed.","og_url":"https:\/\/acoris.lt\/en\/manufacturing-construction-companies\/","og_site_name":"Acoris","article_modified_time":"2025-02-14T09:30:48+00:00","og_image":[{"width":400,"height":300,"url":"https:\/\/acoris.lt\/wp-content\/uploads\/2025\/07\/Gamybos-imoniu-procesu-optimizavimo-sistemos.png","type":"image\/png"}],"twitter_card":"summary_large_image","twitter_misc":{"Est. reading time":"7 minutes"},"schema":{"@context":"https:\/\/schema.org","@graph":[{"@type":"WebPage","@id":"https:\/\/acoris.lt\/en\/manufacturing-construction-companies\/","url":"https:\/\/acoris.lt\/en\/manufacturing-construction-companies\/","name":"Process control systems for manufacturing companies - Acoris","isPartOf":{"@id":"https:\/\/acoris.lt\/#website"},"primaryImageOfPage":{"@id":"https:\/\/acoris.lt\/en\/manufacturing-construction-companies\/#primaryimage"},"image":{"@id":"https:\/\/acoris.lt\/en\/manufacturing-construction-companies\/#primaryimage"},"thumbnailUrl":"https:\/\/acoris.lt\/wp-content\/uploads\/2025\/07\/Gamybos-imoniu-procesu-optimizavimo-sistemos.png","datePublished":"2025-02-14T09:30:40+00:00","dateModified":"2025-02-14T09:30:48+00:00","description":"For manufacturing companies, we implement business process management systems combining control and accounting of material (inventory, tools and machinery, etc.) and human resources, as well as analysis of the efficiency of their use. Another group of systems we implement are production or operational process control and accounting systems. These systems save resources and time, help to manage and plan processes efficiently, and analyse the actions performed.","breadcrumb":{"@id":"https:\/\/acoris.lt\/en\/manufacturing-construction-companies\/#breadcrumb"},"inLanguage":"en-US","potentialAction":[{"@type":"ReadAction","target":["https:\/\/acoris.lt\/en\/manufacturing-construction-companies\/"]}]},{"@type":"ImageObject","inLanguage":"en-US","@id":"https:\/\/acoris.lt\/en\/manufacturing-construction-companies\/#primaryimage","url":"https:\/\/acoris.lt\/wp-content\/uploads\/2025\/07\/Gamybos-imoniu-procesu-optimizavimo-sistemos.png","contentUrl":"https:\/\/acoris.lt\/wp-content\/uploads\/2025\/07\/Gamybos-imoniu-procesu-optimizavimo-sistemos.png","width":400,"height":300,"caption":"Gamybos \u012fmoni\u0173 proces\u0173 optimizavimo sistemos"},{"@type":"BreadcrumbList","@id":"https:\/\/acoris.lt\/en\/manufacturing-construction-companies\/#breadcrumb","itemListElement":[{"@type":"ListItem","position":1,"name":"Home","item":"https:\/\/acoris.lt\/en\/"},{"@type":"ListItem","position":2,"name":"Manufacturing, construction companies"}]},{"@type":"WebSite","@id":"https:\/\/acoris.lt\/#website","url":"https:\/\/acoris.lt\/","name":"Acoris","description":"Integruotos sistemos","publisher":{"@id":"https:\/\/acoris.lt\/#organization"},"potentialAction":[{"@type":"SearchAction","target":{"@type":"EntryPoint","urlTemplate":"https:\/\/acoris.lt\/?s={search_term_string}"},"query-input":{"@type":"PropertyValueSpecification","valueRequired":true,"valueName":"search_term_string"}}],"inLanguage":"en-US"},{"@type":"Organization","@id":"https:\/\/acoris.lt\/#organization","name":"Acoris","url":"https:\/\/acoris.lt\/","logo":{"@type":"ImageObject","inLanguage":"en-US","@id":"https:\/\/acoris.lt\/#\/schema\/logo\/image\/","url":"https:\/\/acoris.lt\/wp-content\/uploads\/2023\/12\/acoris.jpg","contentUrl":"https:\/\/acoris.lt\/wp-content\/uploads\/2023\/12\/acoris.jpg","width":600,"height":600,"caption":"Acoris"},"image":{"@id":"https:\/\/acoris.lt\/#\/schema\/logo\/image\/"}}]}},"_links":{"self":[{"href":"https:\/\/acoris.lt\/en\/wp-json\/wp\/v2\/pages\/3378","targetHints":{"allow":["GET"]}}],"collection":[{"href":"https:\/\/acoris.lt\/en\/wp-json\/wp\/v2\/pages"}],"about":[{"href":"https:\/\/acoris.lt\/en\/wp-json\/wp\/v2\/types\/page"}],"author":[{"embeddable":true,"href":"https:\/\/acoris.lt\/en\/wp-json\/wp\/v2\/users\/1"}],"replies":[{"embeddable":true,"href":"https:\/\/acoris.lt\/en\/wp-json\/wp\/v2\/comments?post=3378"}],"version-history":[{"count":9,"href":"https:\/\/acoris.lt\/en\/wp-json\/wp\/v2\/pages\/3378\/revisions"}],"predecessor-version":[{"id":3393,"href":"https:\/\/acoris.lt\/en\/wp-json\/wp\/v2\/pages\/3378\/revisions\/3393"}],"wp:featuredmedia":[{"embeddable":true,"href":"https:\/\/acoris.lt\/en\/wp-json\/wp\/v2\/media\/5082"}],"wp:attachment":[{"href":"https:\/\/acoris.lt\/en\/wp-json\/wp\/v2\/media?parent=3378"}],"curies":[{"name":"wp","href":"https:\/\/api.w.org\/{rel}","templated":true}]}}