{"id":5567,"date":"2025-08-04T11:23:34","date_gmt":"2025-08-04T08:23:34","guid":{"rendered":"https:\/\/acoris.lt\/apgyvendinimo-ir-paslaugu-rezervavimo-sistemos-iranga\/"},"modified":"2025-08-11T08:08:44","modified_gmt":"2025-08-11T05:08:44","slug":"apgyvendinimo-ir-paslaugu-rezervavimo-sistemos-iranga","status":"publish","type":"page","link":"https:\/\/acoris.lt\/en\/apgyvendinimo-ir-paslaugu-rezervavimo-sistemos-iranga\/","title":{"rendered":"Apgyvendinimo ir paslaug\u0173 rezervavimo sistemos \u012franga"},"content":{"rendered":"<div class=\"wpb-content-wrapper\"><p>[vc_row equal_height=&#8221;yes&#8221;][vc_column][vc_column_text]<\/p>\n<h3><b>Asmen\u0173 identifikatoriai<\/b><span style=\"font-weight: 400;\"> (darbuotojai, klientai, studentai, moksleiviai, kt.)<\/span><\/h3>\n<p><span style=\"font-weight: 400;\">PIN kodas; QR kodas; El.kortel\u0117; pakabukas;\u00a0 veido atpa\u017einimas, pir\u0161to antspaudas; telefono program\u0117l\u0117.<\/span>[\/vc_column_text][\/vc_column][\/vc_row][vc_row equal_height=&#8221;yes&#8221;][vc_column width=&#8221;1\/5&#8243;][vc_single_image image=&#8221;5432&#8243; img_size=&#8221;250&#215;250&#8243; alignment=&#8221;center&#8221; css=&#8221;&#8221;][\/vc_column][vc_column width=&#8221;1\/5&#8243;][vc_single_image image=&#8221;5420&#8243; img_size=&#8221;250&#215;250&#8243; alignment=&#8221;center&#8221; css=&#8221;&#8221;][\/vc_column][vc_column width=&#8221;1\/5&#8243;][vc_single_image image=&#8221;2516&#8243; img_size=&#8221;250&#215;250&#8243; alignment=&#8221;center&#8221; css=&#8221;&#8221;][\/vc_column][vc_column width=&#8221;1\/5&#8243;][vc_single_image image=&#8221;5250&#8243; img_size=&#8221;250&#215;250&#8243; css=&#8221;&#8221;][\/vc_column][vc_column width=&#8221;1\/5&#8243;][vc_single_image image=&#8221;5260&#8243; img_size=&#8221;250&#215;250&#8243; css=&#8221;&#8221;][\/vc_column][\/vc_row][vc_row equal_height=&#8221;yes&#8221; css=&#8221;.vc_custom_1700774590941{margin-top: 50px !important;}&#8221;][vc_column][vc_column_text]<\/p>\n<h3><strong>Pra\u0117jimo vietose<\/strong><\/h3>\n<ul>\n<li style=\"font-weight: 400;\" aria-level=\"1\"><span style=\"font-weight: 400;\">Skaitytuvai, kurie identifikuoja asmen\u012f (PIN kodas; QR kodas; Pra\u0117jimo kortel\u0117; Biometrinis atpa\u017einimas ir pan.) ir \u012fvertina pra\u0117jimo teises.<\/span><\/li>\n<li style=\"font-weight: 400;\" aria-level=\"1\"><span style=\"font-weight: 400;\">Pra\u0117jimo kontrol\u0117s \u012frenginiai* (Vidaus ir lauko turniketai, varteliai, elektronin\u0117s arba magnetin\u0117s spynos ir t.t.)<\/span><\/li>\n<\/ul>\n<p>[\/vc_column_text][\/vc_column][\/vc_row][vc_row equal_height=&#8221;yes&#8221;][vc_column width=&#8221;1\/5&#8243;][vc_single_image image=&#8221;2531&#8243; img_size=&#8221;250&#215;250&#8243; alignment=&#8221;center&#8221; css=&#8221;&#8221;][\/vc_column][vc_column width=&#8221;1\/5&#8243;][vc_single_image image=&#8221;2534&#8243; img_size=&#8221;250&#215;250&#8243; alignment=&#8221;center&#8221; css=&#8221;&#8221;][\/vc_column][vc_column width=&#8221;1\/5&#8243;][vc_single_image image=&#8221;2540&#8243; img_size=&#8221;250&#215;250&#8243; css=&#8221;&#8221;][\/vc_column][vc_column width=&#8221;1\/5&#8243;][vc_single_image image=&#8221;2543&#8243; img_size=&#8221;250&#215;250&#8243; css=&#8221;&#8221;][\/vc_column][vc_column width=&#8221;1\/5&#8243;][vc_single_image image=&#8221;2546&#8243; img_size=&#8221;250&#215;250&#8243; css=&#8221;&#8221;][\/vc_column][\/vc_row][vc_row equal_height=&#8221;yes&#8221; content_placement=&#8221;middle&#8221;][vc_column][vc_column_text]<small><em>*Skaitytuv\u0173 ir pra\u0117jimo kontrol\u0117s \u012frengini\u0173 pasirinkimas didelis, galima rinktis i\u0161 plataus asortimento pagal j\u016bs\u0173 poreikius.<\/em><\/small>[\/vc_column_text][\/vc_column][\/vc_row][vc_row equal_height=&#8221;yes&#8221; css=&#8221;.vc_custom_1700774590941{margin-top: 50px !important;}&#8221;][vc_column][vc_column_text]<\/p>\n<h3><strong>Programin\u0117 \u012franga<\/strong><\/h3>\n<p>Pra\u0117jimo kontrol\u0117s programin\u0117 \u012franga \u2013 tai programa, kuri sujungta su skaitytuvais ir pra\u0117jimo kontrol\u0117s \u012frenginiais bei u\u017etikrina skland\u017ei\u0105 komunikacij\u0105 tarp j\u0173 ir \u012f objekt\u0105 norin\u010dio patekti \u017emogaus.<\/p>\n<p>\u0160i programa &#8211; tai pra\u0117jimo kontrol\u0117s \u201esmegenys\u201c \/ \u201ekomand\u0173 centras\u201c, tod\u0117l visos taisykl\u0117s, apribojimai, integracija su j\u016bs\u0173 verslo valdymo sistema ir kiti dalykai programuojami joje.<\/p>\n<p><em><small>Programin\u0117 \u012franga instaliuojama UAB Acoris arba u\u017esakovo serveriuose<\/small><\/em>[\/vc_column_text][\/vc_column][\/vc_row][vc_row equal_height=&#8221;yes&#8221; css=&#8221;.vc_custom_1700774590941{margin-top: 50px !important;}&#8221;][vc_column][vc_column_text]<\/p>\n<h3><strong>Paprastas sistemos \u012fdiegimas:<\/strong><\/h3>\n<p><span style=\"font-weight: 400;\"><strong>1 etapas<\/strong> \u2013 paslaug\u0173 teikimo vietose \u012frengiami nuotolinio valdymo u\u017eraktai \u012fva\u017eiavimui pro vartus, pra\u0117jimui pro vartelius, \u012f pastat\u0105 ir kambarius, taip pat dvira\u010di\u0173 ar kitos nuomojamos \u012frangos atrakinimo elektronin\u0117s spynos. V\u0117liau \u012f juos\u00a0 rezervacin\u0117 sistema internetu atsi\u0173s valdymo PIN arba QR kodus ir j\u0173 galiojimo laik\u0105.<\/span><\/p>\n<p><span style=\"font-weight: 400;\"><strong>2 etapas<\/strong> \u2013 El. svetain\u0117s paruo\u0161imas ir \u012fdiegimas, apjungiant su bankiniais atsiskaitymais, pra\u0117jimo kontrol\u0117s \u012franga, \u012fmon\u0117s verslo valdymo sistema<\/span><\/p>\n<p style=\"text-align: center;\"><b>ACORIS komanda visuomet pasi\u016blys geriausi\u0105 sprendim\u0105 J\u016bs\u0173 verslui<\/b><\/p>\n<p>[\/vc_column_text][vc_btn title=&#8221;Kreipkit\u0117s d\u0117l i\u0161samios informacijos ir konsultacij\u0173&#8221; style=&#8221;custom&#8221; custom_background=&#8221;#1f448f&#8221; custom_text=&#8221;#ffffff&#8221; shape=&#8221;round&#8221; align=&#8221;center&#8221; css=&#8221;.vc_custom_1753861096441{margin-top: 25px !important;}&#8221; link=&#8221;url:https%3A%2F%2Fwww.acoris.lt%2Fkontaktai%2F|title:Kontaktai||&#8221;][\/vc_column][\/vc_row][vc_row full_width=&#8221;stretch_row&#8221; el_class=&#8221;blue-section-header&#8221; css=&#8221;.vc_custom_1618234279885{background-color: #174894 !important;}&#8221;][vc_column css=&#8221;.vc_custom_1617178564296{margin-top: 10px !important;}&#8221;][vc_column_text]<\/p>\n<h2>Paslaug\u0173 rezervavimo, atsiskaitymo ir valdymo sistema gali b\u016bti integruojama su:<\/h2>\n<p>[\/vc_column_text][\/vc_column][\/vc_row][vc_row equal_height=&#8221;yes&#8221; css=&#8221;.vc_custom_1700774590941{margin-top: 50px !important;}&#8221;][vc_column width=&#8221;1\/3&#8243;][vc_single_image image=&#8221;5335&#8243; img_size=&#8221;150&#215;150&#8243; alignment=&#8221;center&#8221; onclick=&#8221;custom_link&#8221; css=&#8221;&#8221; link=&#8221;https:\/\/acoris.lt\/parkingo-ir-transporto-kontroles-sistema\/&#8221;][vc_column_text]<\/p>\n<h3 style=\"text-align: center;\"><span style=\"color: #174894;\"><a style=\"color: #174894;\" href=\"https:\/\/acoris.lt\/Parkingo-ir-transporto-kontroles-sistema\/\"><strong>Parkingo kontrol\u0117s ir apskaitos sistemomis<\/strong><\/a><\/span><\/h3>\n<p>[\/vc_column_text][\/vc_column][vc_column width=&#8221;1\/3&#8243;][vc_single_image image=&#8221;2591&#8243; img_size=&#8221;150&#215;150&#8243; alignment=&#8221;center&#8221; onclick=&#8221;custom_link&#8221; css=&#8221;&#8221; link=&#8221;https:\/\/acoris.lt\/elektromobiliu-ikrovimo-stotele\/&#8221;][vc_column_text]<\/p>\n<h3 style=\"text-align: center;\"><span style=\"color: #174894;\"><a style=\"color: #174894;\" href=\"https:\/\/acoris.lt\/elektromobiliu-ikrovimo-stotele\/\"><strong>El. Automobili\u0173 \u012fkrovimo stotel\u0117mis <\/strong><\/a><\/span><\/h3>\n<p>[\/vc_column_text][\/vc_column][vc_column width=&#8221;1\/3&#8243;][vc_single_image image=&#8221;5352&#8243; img_size=&#8221;150&#215;150&#8243; alignment=&#8221;center&#8221; onclick=&#8221;custom_link&#8221; css=&#8221;&#8221; link=&#8221;https:\/\/acoris.lt\/apgyvendinimo-administravimas\/&#8221;][vc_column_text]<\/p>\n<h3 style=\"text-align: center;\"><span style=\"color: #174894;\"><a style=\"color: #174894;\" href=\"#\"><strong>Apgyvendinimo administravimo sistemomis<\/strong><\/a><\/span><\/h3>\n<p>[\/vc_column_text][\/vc_column][\/vc_row][vc_row equal_height=&#8221;yes&#8221; css=&#8221;.vc_custom_1700774590941{margin-top: 50px !important;}&#8221;][vc_column width=&#8221;1\/3&#8243;][vc_single_image image=&#8221;5358&#8243; img_size=&#8221;150&#215;150&#8243; alignment=&#8221;center&#8221; onclick=&#8221;custom_link&#8221; css=&#8221;&#8221; link=&#8221;https:\/\/acoris.lt\/paslaugu-uzsakymas-ir-rezervavimas\/&#8221;][vc_column_text]<\/p>\n<h3 style=\"text-align: center;\"><span style=\"color: #174894;\"><a style=\"color: #174894;\" href=\"https:\/\/acoris.lt\/paslaugu-uzsakymas-ir-rezervavimas\/\"><strong>Paslaug\u0173 administravimo sistemomis.(Pramog\u0173 parkai, teniso kortai, ir pan.)<\/strong><\/a><\/span><\/h3>\n<p>[\/vc_column_text][\/vc_column][\/vc_row][vc_row full_width=&#8221;stretch_row&#8221; el_class=&#8221;blue-section-header&#8221; css=&#8221;.vc_custom_1618234279885{background-color: #174894 !important;}&#8221;][vc_column css=&#8221;.vc_custom_1617178564296{margin-top: 10px !important;}&#8221;][vc_column_text]<\/p>\n<h2>\u012egyvendinti projektai<\/h2>\n<p>[\/vc_column_text][\/vc_column][\/vc_row][vc_row equal_height=&#8221;yes&#8221; content_placement=&#8221;middle&#8221;][vc_column width=&#8221;1\/4&#8243;][vc_single_image image=&#8221;2615&#8243; img_size=&#8221;large&#8221;][\/vc_column][vc_column width=&#8221;1\/4&#8243;][vc_column_text]<\/p>\n<h4><b>LIETUVOS SPORTO CENTRAS<\/b><\/h4>\n<p><strong>Projektas:<\/strong><br \/>\nRezervacijos , apmok\u0117jimo ir pra\u0117jimo kontrol\u0117s sistema[\/vc_column_text][\/vc_column][vc_column width=&#8221;2\/4&#8243;][vc_column_text]<em><span style=\"font-weight: 400;\">\u201eAcoris specialistai m\u016bs\u0173 sporto centre \u012fgyvendino Rezervacijos, apmok\u0117jimo ir patekimo \u012f teniso kortus sistem\u0105. Naujos sistemos veikia puikiai &#8211; jos palengvimo m\u016bs\u0173 klientams lengvai u\u017esirezervuoti ir apmok\u0117ti u\u017e paslaugas. Pra\u0117jimo skaitytuv\u0173 d\u0117ka klientas patenk\u0105 \u012f teritorij\u0105 savaranki\u0161kai.\u201c<\/span><\/em>[\/vc_column_text][\/vc_column][\/vc_row][vc_row equal_height=&#8221;yes&#8221; content_placement=&#8221;middle&#8221;][vc_column width=&#8221;1\/4&#8243;][vc_single_image image=&#8221;2618&#8243; img_size=&#8221;large&#8221;][\/vc_column][vc_column width=&#8221;1\/4&#8243;][vc_column_text]<\/p>\n<h4><b>MYKOLO ROMERIO UNIVERSITETAS<\/b><\/h4>\n<p><b>Projektas<\/b><span style=\"font-weight: 400;\">:<br \/>\n<\/span><span style=\"font-weight: 400;\">Mokamo parkingo integravimas su vie\u0161bu\u010dio valdymo sistema.<\/span>[\/vc_column_text][\/vc_column][vc_column width=&#8221;2\/4&#8243;][\/vc_column][\/vc_row][vc_row equal_height=&#8221;yes&#8221; content_placement=&#8221;middle&#8221;][vc_column width=&#8221;1\/4&#8243;][vc_single_image image=&#8221;2621&#8243; img_size=&#8221;large&#8221;][\/vc_column][vc_column width=&#8221;1\/4&#8243;][vc_column_text]<\/p>\n<h4><strong>PERLINI\u0172 DANIELI\u0172 PARKAS<\/strong><\/h4>\n<p><b>Projektas:<br \/>\n<\/b><span style=\"font-weight: 400;\">Pra\u0117jimo kontrol\u0117s, <\/span><span style=\"font-weight: 400;\">rezervacin\u0117\u00a0 ir apmok\u0117jimo sistema<\/span>[\/vc_column_text][\/vc_column][vc_column width=&#8221;2\/4&#8243;][vc_column_text]<em><i><span style=\"font-weight: 400;\">\u201e\u0160i rezervacin\u0117 ir apmok\u0117jimo sistema buvo lengvai \u012fdiegta ir puikiai veikia m\u016bs\u0173 verslo poreikiams. Vartotojo s\u0105saja yra labai patogi ir intuityvi, o m\u016bs\u0173 klientai nesunkiai gali atlikti rezervacijas bei atlikti mok\u0117jimus.<\/span><\/i>\u201c<\/em>[\/vc_column_text][\/vc_column][\/vc_row][vc_row equal_height=&#8221;yes&#8221; content_placement=&#8221;middle&#8221; css=&#8221;.vc_custom_1700778131242{margin-top: 25px !important;margin-bottom: 50px !important;}&#8221;][vc_column][vc_column_text]<\/p>\n<p style=\"text-align: center;\"><strong>ACORIS komanda visada pasi\u016blys geriausi\u0105 pra\u0117jimo kontrol\u0117s sprendim\u0105 J\u016bs\u0173 verslui<\/strong><\/p>\n<p>[\/vc_column_text][\/vc_column][\/vc_row][vc_row full_width=&#8221;stretch_row&#8221; el_class=&#8221;blue-section-header&#8221; css=&#8221;.vc_custom_1618234279885{background-color: #174894 !important;}&#8221;][vc_column css=&#8221;.vc_custom_1617178564296{margin-top: 10px !important;}&#8221;][vc_column_text]<\/p>\n<h2>Kod\u0117l ACORIS?<\/h2>\n<p>[\/vc_column_text][\/vc_column][\/vc_row][vc_row][vc_column][vc_single_image image=&#8221;2563&#8243; img_size=&#8221;medium&#8221;][vc_column_text]Sukurti produktai yra pripa\u017einti tarptautin\u0117s bendruomen\u0117s: \u201eDaugiafunkcinei e-paslaug\u0173 valdymo sistemai\u201c yra i\u0161duotas patentas drauge su KTU mokslininkais, o JAV ir Kinijos inovacij\u0173 forume Silicio sl\u0117nyje \u0161i sistema buvo atrinkta tarp\u00a0 geriausi\u0173 inovacij\u0173 ir apdovanota inovacij\u0173 prizu.<\/p>\n<h4><strong>Kompanijos privalumai:<\/strong><\/h4>\n<ul>\n<li aria-level=\"1\">diegiame integruotas sistemas pritaikomas individualiems j\u016bs\u0173 verslo poreikiams;<\/li>\n<li aria-level=\"1\">atliekame technologinius auditus (ES skaitmenizavimui skirt\u0173 priemoni\u0173 finansavimui gauti);<\/li>\n<li aria-level=\"1\">\u012fvertiname tiksli\u0105 j\u016bs\u0173 verslo situacij\u0105 ir tikslus bei identifikuojame realias galimybes;<\/li>\n<li aria-level=\"1\">fiksuojame siektin\u0105 rezultat\u0105 ir pateikiame projekt\u0105;<\/li>\n<li aria-level=\"1\">operatyviai diegiame ir t\u0119siame \u012fsigytos sistemos prie\u017ei\u016br\u0105.<\/li>\n<\/ul>\n<p>Nuo\u0161ird\u017eiai tikim\u0117s , kad\u00a0 modernios technologijos ir m\u016bs\u0173\u00a0 specialist\u0173 kompetencija pad\u0117s \u012fdiegti moderni\u0105 automatinio pra\u0117jimo kontrol\u0117s valdymo sistem\u0105 ir leis j\u016bs\u0173 verslui pasiekti geresni\u0173 veiklos rezultat\u0173.[\/vc_column_text][\/vc_column][\/vc_row][vc_row full_width=&#8221;stretch_row&#8221; css=&#8221;.vc_custom_1617178365933{background-color: #174894 !important;}&#8221; el_class=&#8221;blue-section-header&#8221;][vc_column css=&#8221;.vc_custom_1617178564296{margin-top: 10px !important;}&#8221;][\/vc_column][\/vc_row]<\/p>\n<\/div>","protected":false},"excerpt":{"rendered":"<p>[vc_row equal_height=&#8221;yes&#8221;][vc_column][vc_column_text] Asmen\u0173 identifikatoriai (darbuotojai, klientai, studentai, moksleiviai, kt.) PIN kodas; QR kodas; El.kortel\u0117; pakabukas;\u00a0 veido atpa\u017einimas, pir\u0161to antspaudas; telefono program\u0117l\u0117.[\/vc_column_text][\/vc_column][\/vc_row][vc_row equal_height=&#8221;yes&#8221;][vc_column width=&#8221;1\/5&#8243;][vc_single_image image=&#8221;5432&#8243; img_size=&#8221;250&#215;250&#8243; alignment=&#8221;center&#8221; css=&#8221;&#8221;][\/vc_column][vc_column width=&#8221;1\/5&#8243;][vc_single_image image=&#8221;5420&#8243; img_size=&#8221;250&#215;250&#8243; alignment=&#8221;center&#8221; css=&#8221;&#8221;][\/vc_column][vc_column width=&#8221;1\/5&#8243;][vc_single_image image=&#8221;2516&#8243; img_size=&#8221;250&#215;250&#8243; alignment=&#8221;center&#8221; css=&#8221;&#8221;][\/vc_column][vc_column width=&#8221;1\/5&#8243;][vc_single_image image=&#8221;5250&#8243; img_size=&#8221;250&#215;250&#8243; css=&#8221;&#8221;][\/vc_column][vc_column width=&#8221;1\/5&#8243;][vc_single_image image=&#8221;5260&#8243; img_size=&#8221;250&#215;250&#8243; css=&#8221;&#8221;][\/vc_column][\/vc_row][vc_row equal_height=&#8221;yes&#8221; css=&#8221;.vc_custom_1700774590941{margin-top: 50px !important;}&#8221;][vc_column][vc_column_text] Pra\u0117jimo vietose Skaitytuvai, kurie identifikuoja asmen\u012f [&hellip;]<\/p>\n","protected":false},"author":1,"featured_media":1643,"parent":0,"menu_order":0,"comment_status":"closed","ping_status":"closed","template":"","meta":{"_acf_changed":false,"_monsterinsights_skip_tracking":false,"_monsterinsights_sitenote_active":false,"_monsterinsights_sitenote_note":"","_monsterinsights_sitenote_category":0,"footnotes":""},"class_list":["post-5567","page","type-page","status-publish","has-post-thumbnail","hentry"],"acf":[],"yoast_head":"<!-- This site is optimized with the Yoast SEO plugin v27.3 - https:\/\/yoast.com\/product\/yoast-seo-wordpress\/ -->\n<title>Apgyvendinimo ir paslaug\u0173 rezervavimo sistema - Acoris<\/title>\n<meta name=\"description\" content=\"Paslaug\u0173 rezervavimo, atsiskaitymo ir valdymo sistema skirta e-svetain\u0117je \u012fsigyti norim\u0105 paslaug\u0105, j\u0105 apmok\u0117ti bei gauti patvirtinim\u0105.\" \/>\n<meta name=\"robots\" content=\"index, follow, max-snippet:-1, max-image-preview:large, max-video-preview:-1\" \/>\n<link rel=\"canonical\" href=\"https:\/\/acoris.lt\/en\/apgyvendinimo-ir-paslaugu-rezervavimo-sistemos-iranga\/\" \/>\n<meta property=\"og:locale\" content=\"en_US\" \/>\n<meta property=\"og:type\" content=\"article\" \/>\n<meta property=\"og:title\" content=\"Apgyvendinimo ir paslaug\u0173 rezervavimo sistema - Acoris\" \/>\n<meta property=\"og:description\" content=\"Paslaug\u0173 rezervavimo, atsiskaitymo ir valdymo sistema skirta e-svetain\u0117je \u012fsigyti norim\u0105 paslaug\u0105, j\u0105 apmok\u0117ti bei gauti patvirtinim\u0105.\" \/>\n<meta property=\"og:url\" content=\"https:\/\/acoris.lt\/en\/apgyvendinimo-ir-paslaugu-rezervavimo-sistemos-iranga\/\" \/>\n<meta property=\"og:site_name\" content=\"Acoris\" \/>\n<meta property=\"article:modified_time\" content=\"2025-08-11T05:08:44+00:00\" \/>\n<meta property=\"og:image\" content=\"https:\/\/acoris.lt\/wp-content\/uploads\/2021\/04\/hotelmaz1.jpg\" \/>\n\t<meta property=\"og:image:width\" content=\"650\" \/>\n\t<meta property=\"og:image:height\" content=\"490\" \/>\n\t<meta property=\"og:image:type\" content=\"image\/jpeg\" \/>\n<meta name=\"twitter:card\" content=\"summary_large_image\" \/>\n<meta name=\"twitter:label1\" content=\"Est. reading time\" \/>\n\t<meta name=\"twitter:data1\" content=\"4 minutes\" \/>\n<script type=\"application\/ld+json\" class=\"yoast-schema-graph\">{\"@context\":\"https:\\\/\\\/schema.org\",\"@graph\":[{\"@type\":\"WebPage\",\"@id\":\"https:\\\/\\\/acoris.lt\\\/en\\\/apgyvendinimo-ir-paslaugu-rezervavimo-sistemos-iranga\\\/\",\"url\":\"https:\\\/\\\/acoris.lt\\\/en\\\/apgyvendinimo-ir-paslaugu-rezervavimo-sistemos-iranga\\\/\",\"name\":\"Apgyvendinimo ir paslaug\u0173 rezervavimo sistema - Acoris\",\"isPartOf\":{\"@id\":\"https:\\\/\\\/acoris.lt\\\/#website\"},\"primaryImageOfPage\":{\"@id\":\"https:\\\/\\\/acoris.lt\\\/en\\\/apgyvendinimo-ir-paslaugu-rezervavimo-sistemos-iranga\\\/#primaryimage\"},\"image\":{\"@id\":\"https:\\\/\\\/acoris.lt\\\/en\\\/apgyvendinimo-ir-paslaugu-rezervavimo-sistemos-iranga\\\/#primaryimage\"},\"thumbnailUrl\":\"https:\\\/\\\/acoris.lt\\\/wp-content\\\/uploads\\\/2021\\\/04\\\/hotelmaz1.jpg\",\"datePublished\":\"2025-08-04T08:23:34+00:00\",\"dateModified\":\"2025-08-11T05:08:44+00:00\",\"description\":\"Paslaug\u0173 rezervavimo, atsiskaitymo ir valdymo sistema skirta e-svetain\u0117je \u012fsigyti norim\u0105 paslaug\u0105, j\u0105 apmok\u0117ti bei gauti patvirtinim\u0105.\",\"breadcrumb\":{\"@id\":\"https:\\\/\\\/acoris.lt\\\/en\\\/apgyvendinimo-ir-paslaugu-rezervavimo-sistemos-iranga\\\/#breadcrumb\"},\"inLanguage\":\"en-US\",\"potentialAction\":[{\"@type\":\"ReadAction\",\"target\":[\"https:\\\/\\\/acoris.lt\\\/en\\\/apgyvendinimo-ir-paslaugu-rezervavimo-sistemos-iranga\\\/\"]}]},{\"@type\":\"ImageObject\",\"inLanguage\":\"en-US\",\"@id\":\"https:\\\/\\\/acoris.lt\\\/en\\\/apgyvendinimo-ir-paslaugu-rezervavimo-sistemos-iranga\\\/#primaryimage\",\"url\":\"https:\\\/\\\/acoris.lt\\\/wp-content\\\/uploads\\\/2021\\\/04\\\/hotelmaz1.jpg\",\"contentUrl\":\"https:\\\/\\\/acoris.lt\\\/wp-content\\\/uploads\\\/2021\\\/04\\\/hotelmaz1.jpg\",\"width\":650,\"height\":490,\"caption\":\"Vie\u0161bu\u010di\u0173 paslaug\u0173 ir pra\u0117jimo kontrol\u0117s sistemos\"},{\"@type\":\"BreadcrumbList\",\"@id\":\"https:\\\/\\\/acoris.lt\\\/en\\\/apgyvendinimo-ir-paslaugu-rezervavimo-sistemos-iranga\\\/#breadcrumb\",\"itemListElement\":[{\"@type\":\"ListItem\",\"position\":1,\"name\":\"Home\",\"item\":\"https:\\\/\\\/acoris.lt\\\/en\\\/\"},{\"@type\":\"ListItem\",\"position\":2,\"name\":\"Apgyvendinimo ir paslaug\u0173 rezervavimo sistemos \u012franga\"}]},{\"@type\":\"WebSite\",\"@id\":\"https:\\\/\\\/acoris.lt\\\/#website\",\"url\":\"https:\\\/\\\/acoris.lt\\\/\",\"name\":\"Acoris\",\"description\":\"Integruotos sistemos\",\"publisher\":{\"@id\":\"https:\\\/\\\/acoris.lt\\\/#organization\"},\"potentialAction\":[{\"@type\":\"SearchAction\",\"target\":{\"@type\":\"EntryPoint\",\"urlTemplate\":\"https:\\\/\\\/acoris.lt\\\/?s={search_term_string}\"},\"query-input\":{\"@type\":\"PropertyValueSpecification\",\"valueRequired\":true,\"valueName\":\"search_term_string\"}}],\"inLanguage\":\"en-US\"},{\"@type\":\"Organization\",\"@id\":\"https:\\\/\\\/acoris.lt\\\/#organization\",\"name\":\"Acoris\",\"url\":\"https:\\\/\\\/acoris.lt\\\/\",\"logo\":{\"@type\":\"ImageObject\",\"inLanguage\":\"en-US\",\"@id\":\"https:\\\/\\\/acoris.lt\\\/#\\\/schema\\\/logo\\\/image\\\/\",\"url\":\"https:\\\/\\\/acoris.lt\\\/wp-content\\\/uploads\\\/2023\\\/12\\\/acoris.jpg\",\"contentUrl\":\"https:\\\/\\\/acoris.lt\\\/wp-content\\\/uploads\\\/2023\\\/12\\\/acoris.jpg\",\"width\":600,\"height\":600,\"caption\":\"Acoris\"},\"image\":{\"@id\":\"https:\\\/\\\/acoris.lt\\\/#\\\/schema\\\/logo\\\/image\\\/\"}}]}<\/script>\n<!-- \/ Yoast SEO plugin. -->","yoast_head_json":{"title":"Apgyvendinimo ir paslaug\u0173 rezervavimo sistema - Acoris","description":"Paslaug\u0173 rezervavimo, atsiskaitymo ir valdymo sistema skirta e-svetain\u0117je \u012fsigyti norim\u0105 paslaug\u0105, j\u0105 apmok\u0117ti bei gauti patvirtinim\u0105.","robots":{"index":"index","follow":"follow","max-snippet":"max-snippet:-1","max-image-preview":"max-image-preview:large","max-video-preview":"max-video-preview:-1"},"canonical":"https:\/\/acoris.lt\/en\/apgyvendinimo-ir-paslaugu-rezervavimo-sistemos-iranga\/","og_locale":"en_US","og_type":"article","og_title":"Apgyvendinimo ir paslaug\u0173 rezervavimo sistema - Acoris","og_description":"Paslaug\u0173 rezervavimo, atsiskaitymo ir valdymo sistema skirta e-svetain\u0117je \u012fsigyti norim\u0105 paslaug\u0105, j\u0105 apmok\u0117ti bei gauti patvirtinim\u0105.","og_url":"https:\/\/acoris.lt\/en\/apgyvendinimo-ir-paslaugu-rezervavimo-sistemos-iranga\/","og_site_name":"Acoris","article_modified_time":"2025-08-11T05:08:44+00:00","og_image":[{"width":650,"height":490,"url":"https:\/\/acoris.lt\/wp-content\/uploads\/2021\/04\/hotelmaz1.jpg","type":"image\/jpeg"}],"twitter_card":"summary_large_image","twitter_misc":{"Est. reading time":"4 minutes"},"schema":{"@context":"https:\/\/schema.org","@graph":[{"@type":"WebPage","@id":"https:\/\/acoris.lt\/en\/apgyvendinimo-ir-paslaugu-rezervavimo-sistemos-iranga\/","url":"https:\/\/acoris.lt\/en\/apgyvendinimo-ir-paslaugu-rezervavimo-sistemos-iranga\/","name":"Apgyvendinimo ir paslaug\u0173 rezervavimo sistema - Acoris","isPartOf":{"@id":"https:\/\/acoris.lt\/#website"},"primaryImageOfPage":{"@id":"https:\/\/acoris.lt\/en\/apgyvendinimo-ir-paslaugu-rezervavimo-sistemos-iranga\/#primaryimage"},"image":{"@id":"https:\/\/acoris.lt\/en\/apgyvendinimo-ir-paslaugu-rezervavimo-sistemos-iranga\/#primaryimage"},"thumbnailUrl":"https:\/\/acoris.lt\/wp-content\/uploads\/2021\/04\/hotelmaz1.jpg","datePublished":"2025-08-04T08:23:34+00:00","dateModified":"2025-08-11T05:08:44+00:00","description":"Paslaug\u0173 rezervavimo, atsiskaitymo ir valdymo sistema skirta e-svetain\u0117je \u012fsigyti norim\u0105 paslaug\u0105, j\u0105 apmok\u0117ti bei gauti patvirtinim\u0105.","breadcrumb":{"@id":"https:\/\/acoris.lt\/en\/apgyvendinimo-ir-paslaugu-rezervavimo-sistemos-iranga\/#breadcrumb"},"inLanguage":"en-US","potentialAction":[{"@type":"ReadAction","target":["https:\/\/acoris.lt\/en\/apgyvendinimo-ir-paslaugu-rezervavimo-sistemos-iranga\/"]}]},{"@type":"ImageObject","inLanguage":"en-US","@id":"https:\/\/acoris.lt\/en\/apgyvendinimo-ir-paslaugu-rezervavimo-sistemos-iranga\/#primaryimage","url":"https:\/\/acoris.lt\/wp-content\/uploads\/2021\/04\/hotelmaz1.jpg","contentUrl":"https:\/\/acoris.lt\/wp-content\/uploads\/2021\/04\/hotelmaz1.jpg","width":650,"height":490,"caption":"Vie\u0161bu\u010di\u0173 paslaug\u0173 ir pra\u0117jimo kontrol\u0117s sistemos"},{"@type":"BreadcrumbList","@id":"https:\/\/acoris.lt\/en\/apgyvendinimo-ir-paslaugu-rezervavimo-sistemos-iranga\/#breadcrumb","itemListElement":[{"@type":"ListItem","position":1,"name":"Home","item":"https:\/\/acoris.lt\/en\/"},{"@type":"ListItem","position":2,"name":"Apgyvendinimo ir paslaug\u0173 rezervavimo sistemos \u012franga"}]},{"@type":"WebSite","@id":"https:\/\/acoris.lt\/#website","url":"https:\/\/acoris.lt\/","name":"Acoris","description":"Integruotos sistemos","publisher":{"@id":"https:\/\/acoris.lt\/#organization"},"potentialAction":[{"@type":"SearchAction","target":{"@type":"EntryPoint","urlTemplate":"https:\/\/acoris.lt\/?s={search_term_string}"},"query-input":{"@type":"PropertyValueSpecification","valueRequired":true,"valueName":"search_term_string"}}],"inLanguage":"en-US"},{"@type":"Organization","@id":"https:\/\/acoris.lt\/#organization","name":"Acoris","url":"https:\/\/acoris.lt\/","logo":{"@type":"ImageObject","inLanguage":"en-US","@id":"https:\/\/acoris.lt\/#\/schema\/logo\/image\/","url":"https:\/\/acoris.lt\/wp-content\/uploads\/2023\/12\/acoris.jpg","contentUrl":"https:\/\/acoris.lt\/wp-content\/uploads\/2023\/12\/acoris.jpg","width":600,"height":600,"caption":"Acoris"},"image":{"@id":"https:\/\/acoris.lt\/#\/schema\/logo\/image\/"}}]}},"_links":{"self":[{"href":"https:\/\/acoris.lt\/en\/wp-json\/wp\/v2\/pages\/5567","targetHints":{"allow":["GET"]}}],"collection":[{"href":"https:\/\/acoris.lt\/en\/wp-json\/wp\/v2\/pages"}],"about":[{"href":"https:\/\/acoris.lt\/en\/wp-json\/wp\/v2\/types\/page"}],"author":[{"embeddable":true,"href":"https:\/\/acoris.lt\/en\/wp-json\/wp\/v2\/users\/1"}],"replies":[{"embeddable":true,"href":"https:\/\/acoris.lt\/en\/wp-json\/wp\/v2\/comments?post=5567"}],"version-history":[{"count":3,"href":"https:\/\/acoris.lt\/en\/wp-json\/wp\/v2\/pages\/5567\/revisions"}],"predecessor-version":[{"id":5570,"href":"https:\/\/acoris.lt\/en\/wp-json\/wp\/v2\/pages\/5567\/revisions\/5570"}],"wp:featuredmedia":[{"embeddable":true,"href":"https:\/\/acoris.lt\/en\/wp-json\/wp\/v2\/media\/1643"}],"wp:attachment":[{"href":"https:\/\/acoris.lt\/en\/wp-json\/wp\/v2\/media?parent=5567"}],"curies":[{"name":"wp","href":"https:\/\/api.w.org\/{rel}","templated":true}]}}