{"id":5581,"date":"2025-08-04T11:10:01","date_gmt":"2025-08-04T08:10:01","guid":{"rendered":"https:\/\/acoris.lt\/inventoriaus-apskaitos-sistemos-iranga\/"},"modified":"2025-08-11T08:12:04","modified_gmt":"2025-08-11T05:12:04","slug":"inventoriaus-apskaitos-sistemos-iranga","status":"publish","type":"page","link":"https:\/\/acoris.lt\/en\/inventoriaus-apskaitos-sistemos-iranga\/","title":{"rendered":"Inventoriaus apskaitos sistemos \u012franga"},"content":{"rendered":"<div class=\"wpb-content-wrapper\"><p>[vc_row equal_height=&#8221;yes&#8221;][vc_column][vc_column_text]<\/p>\n<h3><b>Darbuotoj\u0173 elektronin\u0117s kortel\u0117s arba pakabukai<\/b><\/h3>\n<p><span style=\"font-weight: 400;\">Korteles gali b\u016bti personalizuotos arba ne. Jei norima naudoti su NFC telefonais, korteli\u0173 vidinis lustas turi atitikti NTAG reikalavimus.<\/span>[\/vc_column_text][\/vc_column][\/vc_row][vc_row equal_height=&#8221;yes&#8221;][vc_column width=&#8221;1\/5&#8243;][vc_single_image image=&#8221;5432&#8243; img_size=&#8221;250&#215;250&#8243; alignment=&#8221;center&#8221; css=&#8221;&#8221;][\/vc_column][vc_column width=&#8221;1\/5&#8243;][vc_single_image image=&#8221;2516&#8243; img_size=&#8221;250&#215;250&#8243; alignment=&#8221;center&#8221; css=&#8221;&#8221;][\/vc_column][vc_column width=&#8221;1\/5&#8243;][vc_single_image image=&#8221;5260&#8243; img_size=&#8221;250&#215;250&#8243; alignment=&#8221;center&#8221; css=&#8221;&#8221;][\/vc_column][vc_column width=&#8221;1\/5&#8243;][\/vc_column][vc_column width=&#8221;1\/5&#8243;][\/vc_column][\/vc_row][vc_row equal_height=&#8221;yes&#8221;][vc_column width=&#8221;1\/5&#8243;][vc_single_image image=&#8221;5250&#8243; img_size=&#8221;250&#215;250&#8243; alignment=&#8221;center&#8221; css=&#8221;&#8221;][\/vc_column][vc_column width=&#8221;1\/5&#8243;][vc_single_image image=&#8221;5425&#8243; img_size=&#8221;250&#215;250&#8243; alignment=&#8221;center&#8221; css=&#8221;&#8221;][\/vc_column][vc_column width=&#8221;1\/5&#8243;][\/vc_column][vc_column width=&#8221;1\/5&#8243;][\/vc_column][vc_column width=&#8221;1\/5&#8243;][\/vc_column][\/vc_row][vc_row equal_height=&#8221;yes&#8221; css=&#8221;.vc_custom_1700774590941{margin-top: 50px !important;}&#8221;][vc_column][vc_column_text]<\/p>\n<h3><strong>Inventoriaus identifikatoriai<\/strong><\/h3>\n<p><span style=\"font-weight: 400;\">Tvirtinasi prie \u012franki\u0173 ar kito inventoriaus arba j\u0173 viduje (el. lipdukai, pakabukai, prisukamos \u017eym\u0117s, \u012fsukamos \u012f med\u012f ir pan.). Galimyb\u0117 naudoti su NFC.<\/span>[\/vc_column_text][\/vc_column][\/vc_row][vc_row equal_height=&#8221;yes&#8221;][vc_column width=&#8221;1\/5&#8243;][vc_single_image image=&#8221;5448&#8243; img_size=&#8221;250&#215;250&#8243; alignment=&#8221;center&#8221; css=&#8221;&#8221;][\/vc_column][vc_column width=&#8221;1\/5&#8243;][vc_single_image image=&#8221;2664&#8243; img_size=&#8221;250&#215;250&#8243; alignment=&#8221;center&#8221; css=&#8221;&#8221;][\/vc_column][vc_column width=&#8221;1\/5&#8243;][vc_single_image image=&#8221;5438&#8243; img_size=&#8221;250&#215;250&#8243; alignment=&#8221;center&#8221; css=&#8221;&#8221;][\/vc_column][vc_column width=&#8221;1\/5&#8243;][vc_single_image image=&#8221;5453&#8243; img_size=&#8221;250&#215;250&#8243; css=&#8221;&#8221;][\/vc_column][vc_column width=&#8221;1\/5&#8243;][vc_single_image image=&#8221;5443&#8243; img_size=&#8221;250&#215;250&#8243; css=&#8221;&#8221;][\/vc_column][\/vc_row][vc_row equal_height=&#8221;yes&#8221; content_placement=&#8221;middle&#8221;][vc_column][vc_column_text css=&#8221;.vc_custom_1701078957874{margin-top: 25px !important;}&#8221;]<small><em>*Pakabuk\u0173 ir \u012franki\u0173 identifikatori\u0173 pasirinkimas gana didelis, tod\u0117l galima rinktis i\u0161 plataus asortimento pagal j\u016bs\u0173 poreikius.<\/em><\/small>[\/vc_column_text][\/vc_column][\/vc_row][vc_row equal_height=&#8221;yes&#8221; css=&#8221;.vc_custom_1700774590941{margin-top: 50px !important;}&#8221;][vc_column][vc_column_text]<\/p>\n<h3><strong>Programin\u0117 \u012franga<\/strong><\/h3>\n<p><span style=\"font-weight: 400;\">Sistemoje registruojami darbuotojai ir \u012frankiai, jiems priskiriamos RFID \u017eym\u0117s. Atsakingas darbuotojas turi NFC \u017eymi\u0173 skaitytuv\u0105 &#8211; NFC telefon\u0105 arba prie kompiuterio prijungt\u0105 el. \u017eymi\u0173 skaitytuv\u0105 su instaliuota programine \u012franga \u012franki\u0173 perdavimo fiksavimui. Atliekant \u012frankio perdavimo registravim\u0105, skaitytuvu nuskaitoma darbuotojo kortel\u0117, \u012frankio \u017eym\u0117, galima priskirti, kuriam objektui ar projektui bus naudojama. Perdavimas i\u0161 karto matosi programoje.<\/span><\/p>\n<p><em><small>Programin\u0117 \u012franga instaliuojama UAB Acoris serveriuose.<br \/>\n<\/small><\/em>[\/vc_column_text][vc_btn title=&#8221;Kreipkit\u0117s d\u0117l i\u0161samios informacijos ir konsultacij\u0173&#8221; style=&#8221;custom&#8221; custom_background=&#8221;#1f448f&#8221; custom_text=&#8221;#ffffff&#8221; shape=&#8221;round&#8221; align=&#8221;center&#8221; css=&#8221;.vc_custom_1753863077960{margin-top: 45px !important;}&#8221; link=&#8221;url:https%3A%2F%2Fwww.acoris.lt%2Fkontaktai%2F|title:Kontaktai||&#8221;][\/vc_column][\/vc_row][vc_row full_width=&#8221;stretch_row&#8221; el_class=&#8221;blue-section-header&#8221; css=&#8221;.vc_custom_1618234279885{background-color: #174894 !important;}&#8221;][vc_column css=&#8221;.vc_custom_1617178564296{margin-top: 10px !important;}&#8221;][vc_column_text]<\/p>\n<h2><b>Su \u0161ia sistema galimos Integracijos<\/b><\/h2>\n<p>[\/vc_column_text][\/vc_column][\/vc_row][vc_row equal_height=&#8221;yes&#8221; css=&#8221;.vc_custom_1700774590941{margin-top: 50px !important;}&#8221;][vc_column width=&#8221;1\/3&#8243;][vc_single_image image=&#8221;5375&#8243; alignment=&#8221;center&#8221; onclick=&#8221;custom_link&#8221; css=&#8221;&#8221; link=&#8221;https:\/\/acoris.lt\/automatine-darbo-laiko-kontroles-sistema\/&#8221;][vc_column_text]<\/p>\n<h3 style=\"text-align: center;\"><span style=\"color: #174894;\"><a style=\"color: #174894;\" href=\"https:\/\/acoris.lt\/automatine-darbo-laiko-kontroles-sistema\/\"><strong>Darbo laiko kontrol\u0117s sistema<\/strong><\/a><\/span><\/h3>\n<p>[\/vc_column_text][\/vc_column][vc_column width=&#8221;1\/3&#8243;][vc_single_image image=&#8221;5380&#8243; alignment=&#8221;center&#8221; css=&#8221;&#8221;][vc_column_text]<\/p>\n<h3 style=\"text-align: center;\"><span style=\"color: #174894;\"><a style=\"color: #174894;\" href=\"#\"><strong>Verslo valdymo ir buhalterin\u0117s apskaitos programomis kaip (Rivil\u0117, Navision ir t.t)<\/strong><\/a><\/span><\/h3>\n<p>[\/vc_column_text][\/vc_column][\/vc_row][vc_row full_width=&#8221;stretch_row&#8221; el_class=&#8221;blue-section-header&#8221; css=&#8221;.vc_custom_1618234279885{background-color: #174894 !important;}&#8221;][vc_column css=&#8221;.vc_custom_1617178564296{margin-top: 10px !important;}&#8221;][vc_column_text]<\/p>\n<h2>\u012egyvendinti projektai<\/h2>\n<p>[\/vc_column_text][\/vc_column][\/vc_row][vc_row equal_height=&#8221;yes&#8221; content_placement=&#8221;middle&#8221;][vc_column width=&#8221;1\/4&#8243;][vc_single_image image=&#8221;2676&#8243; img_size=&#8221;large&#8221;][\/vc_column][vc_column width=&#8221;1\/4&#8243;][vc_column_text]<\/p>\n<h4><b><span style=\"font-weight: 400;\"><strong>\u201e<\/strong><\/span>HOTrema<span style=\"font-weight: 400;\"><strong>\u201c<\/strong><\/span><\/b><\/h4>\n<p><b>Projektas<\/b><span style=\"font-weight: 400;\">: \u012eranki\u0173 ir kito inventoriaus apskaita<\/span>[\/vc_column_text][\/vc_column][vc_column width=&#8221;2\/4&#8243;][vc_column_text]<em><span style=\"font-weight: 400;\">\u201eEsame d\u0117kingi \u0161iai \u012fmonei u\u017e puikiai atlikt\u0105 projekt\u0105! J\u0173 profesionalumas ir \u012fsipareigojimas ne tik atitiko, bet ir vir\u0161ijo m\u016bs\u0173 l\u016bkes\u010dius. Nuostabiai organizuotas komandos darbas ir auk\u0161\u010diausios kokyb\u0117s paslaugos leido mums pasiekti puiki\u0173 rezultat\u0173<\/span><span style=\"font-weight: 400;\">\u201c<\/span><\/em>[\/vc_column_text][\/vc_column][\/vc_row][vc_row equal_height=&#8221;yes&#8221; content_placement=&#8221;middle&#8221;][vc_column width=&#8221;1\/4&#8243;][vc_single_image image=&#8221;2679&#8243; img_size=&#8221;large&#8221;][\/vc_column][vc_column width=&#8221;1\/4&#8243;][vc_column_text]<\/p>\n<h4><b><span style=\"font-weight: 400;\"><strong>\u201e<\/strong><\/span>RESTON<span style=\"font-weight: 400;\"><strong>\u201c<\/strong><\/span><\/b><\/h4>\n<p><b>Projektas<\/b><span style=\"font-weight: 400;\">: \u012eranki\u0173 ir kito inventoriaus apskaita<\/span>[\/vc_column_text][\/vc_column][vc_column width=&#8221;2\/4&#8243;][vc_column_text]<em>\u201eMes esame be galo patenkinti bendradarbiavimu su \u0161ia \u012fmone. J\u0173 profesionalumas, k\u016brybingumas ir geb\u0117jimas rasti sprendimus net ir sud\u0117tingiausiose situacijose pad\u0117jo mums \u012fgyvendinti m\u016bs\u0173 projekt\u0105 grei\u010diau ir efektyviau nei tik\u0117jom\u0117s.\u201c<\/em>[\/vc_column_text][\/vc_column][\/vc_row][vc_row equal_height=&#8221;yes&#8221; content_placement=&#8221;middle&#8221;][vc_column width=&#8221;1\/4&#8243;][vc_single_image image=&#8221;2682&#8243; img_size=&#8221;large&#8221;][\/vc_column][vc_column width=&#8221;1\/4&#8243;][vc_column_text]<\/p>\n<h4><b><span style=\"font-weight: 400;\"><strong>\u201e<\/strong><\/span>VARF<span style=\"font-weight: 400;\"><strong>\u201c<\/strong><\/span><\/b><\/h4>\n<p><b>Projektas<\/b><span style=\"font-weight: 400;\">: \u012eranki\u0173 ir kito inventoriaus apskaita<\/span>[\/vc_column_text][\/vc_column][vc_column width=&#8221;2\/4&#8243;][vc_column_text]<em>\u201e<i><span style=\"font-weight: 400;\">\u0160i \u012fmon\u0117 yra tikras profesional\u0173 kolektyvas, kuris \u017eino, kaip \u012fgyvendinti projektus auk\u0161\u010diausio lygio. M\u016bs\u0173 bendradarbiavimas su jais buvo ne tik produktyvus, bet ir malonus. Jie ne tik gerai suprato m\u016bs\u0173 poreikius, bet ir sugeb\u0117jo juos \u012fgyvendinti vir\u0161ijant m\u016bs\u0173 l\u016bkes\u010dius.<\/span><\/i>\u201c<\/em>[\/vc_column_text][\/vc_column][\/vc_row][vc_row equal_height=&#8221;yes&#8221; content_placement=&#8221;middle&#8221; css=&#8221;.vc_custom_1700778131242{margin-top: 25px !important;margin-bottom: 50px !important;}&#8221;][vc_column][vc_column_text]<\/p>\n<p style=\"text-align: center;\"><strong>ACORIS komanda visada pasi\u016blys geriausi\u0105 pra\u0117jimo kontrol\u0117s sprendim\u0105 J\u016bs\u0173 verslui<\/strong><\/p>\n<p>[\/vc_column_text][\/vc_column][\/vc_row][vc_row full_width=&#8221;stretch_row&#8221; el_class=&#8221;blue-section-header&#8221; css=&#8221;.vc_custom_1618234279885{background-color: #174894 !important;}&#8221;][vc_column css=&#8221;.vc_custom_1617178564296{margin-top: 10px !important;}&#8221;][vc_column_text]<\/p>\n<h2>Kod\u0117l ACORIS?<\/h2>\n<p>[\/vc_column_text][\/vc_column][\/vc_row][vc_row][vc_column][vc_single_image image=&#8221;2563&#8243; img_size=&#8221;medium&#8221;][vc_column_text]Sukurti produktai yra pripa\u017einti tarptautin\u0117s bendruomen\u0117s: \u201eDaugiafunkcinei e-paslaug\u0173 valdymo sistemai\u201c yra i\u0161duotas patentas drauge su KTU mokslininkais, o JAV ir Kinijos inovacij\u0173 forume Silicio sl\u0117nyje \u0161i sistema buvo atrinkta tarp\u00a0 geriausi\u0173 inovacij\u0173 ir apdovanota inovacij\u0173 prizu.<\/p>\n<h4><strong>Kompanijos privalumai:<\/strong><\/h4>\n<ul>\n<li aria-level=\"1\">diegiame integruotas sistemas pritaikomas individualiems j\u016bs\u0173 verslo poreikiams;<\/li>\n<li aria-level=\"1\">atliekame technologinius auditus (ES skaitmenizavimui skirt\u0173 priemoni\u0173 finansavimui gauti);<\/li>\n<li aria-level=\"1\">\u012fvertiname tiksli\u0105 j\u016bs\u0173 verslo situacij\u0105 ir tikslus bei identifikuojame realias galimybes;<\/li>\n<li aria-level=\"1\">fiksuojame siektin\u0105 rezultat\u0105 ir pateikiame projekt\u0105;<\/li>\n<li aria-level=\"1\">operatyviai diegiame ir t\u0119siame \u012fsigytos sistemos prie\u017ei\u016br\u0105.<\/li>\n<\/ul>\n<p>Nuo\u0161ird\u017eiai tikim\u0117s , kad\u00a0 modernios technologijos ir m\u016bs\u0173\u00a0 specialist\u0173 kompetencija pad\u0117s \u012fdiegti moderni\u0105 automatinio pra\u0117jimo kontrol\u0117s valdymo sistem\u0105 ir leis j\u016bs\u0173 verslui pasiekti geresni\u0173 veiklos rezultat\u0173.[\/vc_column_text][\/vc_column][\/vc_row][vc_row full_width=&#8221;stretch_row&#8221; css=&#8221;.vc_custom_1617178365933{background-color: #174894 !important;}&#8221; el_class=&#8221;blue-section-header&#8221;][vc_column css=&#8221;.vc_custom_1617178564296{margin-top: 10px !important;}&#8221;][\/vc_column][\/vc_row]<\/p>\n<\/div>","protected":false},"excerpt":{"rendered":"<p>[vc_row equal_height=&#8221;yes&#8221;][vc_column][vc_column_text] Darbuotoj\u0173 elektronin\u0117s kortel\u0117s arba pakabukai Korteles gali b\u016bti personalizuotos arba ne. Jei norima naudoti su NFC telefonais, korteli\u0173 vidinis lustas turi atitikti NTAG reikalavimus.[\/vc_column_text][\/vc_column][\/vc_row][vc_row equal_height=&#8221;yes&#8221;][vc_column width=&#8221;1\/5&#8243;][vc_single_image image=&#8221;5432&#8243; img_size=&#8221;250&#215;250&#8243; alignment=&#8221;center&#8221; css=&#8221;&#8221;][\/vc_column][vc_column width=&#8221;1\/5&#8243;][vc_single_image image=&#8221;2516&#8243; img_size=&#8221;250&#215;250&#8243; alignment=&#8221;center&#8221; css=&#8221;&#8221;][\/vc_column][vc_column width=&#8221;1\/5&#8243;][vc_single_image image=&#8221;5260&#8243; img_size=&#8221;250&#215;250&#8243; alignment=&#8221;center&#8221; css=&#8221;&#8221;][\/vc_column][vc_column width=&#8221;1\/5&#8243;][\/vc_column][vc_column width=&#8221;1\/5&#8243;][\/vc_column][\/vc_row][vc_row equal_height=&#8221;yes&#8221;][vc_column width=&#8221;1\/5&#8243;][vc_single_image image=&#8221;5250&#8243; img_size=&#8221;250&#215;250&#8243; alignment=&#8221;center&#8221; css=&#8221;&#8221;][\/vc_column][vc_column width=&#8221;1\/5&#8243;][vc_single_image image=&#8221;5425&#8243; img_size=&#8221;250&#215;250&#8243; alignment=&#8221;center&#8221; css=&#8221;&#8221;][\/vc_column][vc_column [&hellip;]<\/p>\n","protected":false},"author":1,"featured_media":5218,"parent":0,"menu_order":0,"comment_status":"closed","ping_status":"closed","template":"","meta":{"_acf_changed":false,"_monsterinsights_skip_tracking":false,"_monsterinsights_sitenote_active":false,"_monsterinsights_sitenote_note":"","_monsterinsights_sitenote_category":0,"footnotes":""},"class_list":["post-5581","page","type-page","status-publish","has-post-thumbnail","hentry"],"acf":[],"yoast_head":"<!-- This site is optimized with the Yoast SEO plugin v27.3 - https:\/\/yoast.com\/product\/yoast-seo-wordpress\/ -->\n<title>Inventoriaus apskaitos sistemos \u012franga - Acoris<\/title>\n<meta name=\"description\" content=\"\u012eranki\u0173, inventoriaus, kit\u0173 darbo ar paslaugos teikimo priemoni\u0173 apskaitos ir kontrol\u0117s sistema, skirta kontroliuoti ir valdyti priemones.\" \/>\n<meta name=\"robots\" content=\"index, follow, max-snippet:-1, max-image-preview:large, max-video-preview:-1\" \/>\n<link rel=\"canonical\" href=\"https:\/\/acoris.lt\/en\/inventoriaus-apskaitos-sistemos-iranga\/\" \/>\n<meta property=\"og:locale\" content=\"en_US\" \/>\n<meta property=\"og:type\" content=\"article\" \/>\n<meta property=\"og:title\" content=\"Inventoriaus apskaitos sistemos \u012franga - Acoris\" \/>\n<meta property=\"og:description\" content=\"\u012eranki\u0173, inventoriaus, kit\u0173 darbo ar paslaugos teikimo priemoni\u0173 apskaitos ir kontrol\u0117s sistema, skirta kontroliuoti ir valdyti priemones.\" \/>\n<meta property=\"og:url\" content=\"https:\/\/acoris.lt\/en\/inventoriaus-apskaitos-sistemos-iranga\/\" \/>\n<meta property=\"og:site_name\" content=\"Acoris\" \/>\n<meta property=\"article:modified_time\" content=\"2025-08-11T05:12:04+00:00\" \/>\n<meta property=\"og:image\" content=\"https:\/\/acoris.lt\/wp-content\/uploads\/2025\/07\/Inventoriaus-apskaitos-sistema.png\" \/>\n\t<meta property=\"og:image:width\" content=\"600\" \/>\n\t<meta property=\"og:image:height\" content=\"450\" \/>\n\t<meta property=\"og:image:type\" content=\"image\/png\" \/>\n<meta name=\"twitter:card\" content=\"summary_large_image\" \/>\n<meta name=\"twitter:label1\" content=\"Est. reading time\" \/>\n\t<meta name=\"twitter:data1\" content=\"4 minutes\" \/>\n<script type=\"application\/ld+json\" class=\"yoast-schema-graph\">{\"@context\":\"https:\\\/\\\/schema.org\",\"@graph\":[{\"@type\":\"WebPage\",\"@id\":\"https:\\\/\\\/acoris.lt\\\/en\\\/inventoriaus-apskaitos-sistemos-iranga\\\/\",\"url\":\"https:\\\/\\\/acoris.lt\\\/en\\\/inventoriaus-apskaitos-sistemos-iranga\\\/\",\"name\":\"Inventoriaus apskaitos sistemos \u012franga - Acoris\",\"isPartOf\":{\"@id\":\"https:\\\/\\\/acoris.lt\\\/#website\"},\"primaryImageOfPage\":{\"@id\":\"https:\\\/\\\/acoris.lt\\\/en\\\/inventoriaus-apskaitos-sistemos-iranga\\\/#primaryimage\"},\"image\":{\"@id\":\"https:\\\/\\\/acoris.lt\\\/en\\\/inventoriaus-apskaitos-sistemos-iranga\\\/#primaryimage\"},\"thumbnailUrl\":\"https:\\\/\\\/acoris.lt\\\/wp-content\\\/uploads\\\/2025\\\/07\\\/Inventoriaus-apskaitos-sistema.png\",\"datePublished\":\"2025-08-04T08:10:01+00:00\",\"dateModified\":\"2025-08-11T05:12:04+00:00\",\"description\":\"\u012eranki\u0173, inventoriaus, kit\u0173 darbo ar paslaugos teikimo priemoni\u0173 apskaitos ir kontrol\u0117s sistema, skirta kontroliuoti ir valdyti priemones.\",\"breadcrumb\":{\"@id\":\"https:\\\/\\\/acoris.lt\\\/en\\\/inventoriaus-apskaitos-sistemos-iranga\\\/#breadcrumb\"},\"inLanguage\":\"en-US\",\"potentialAction\":[{\"@type\":\"ReadAction\",\"target\":[\"https:\\\/\\\/acoris.lt\\\/en\\\/inventoriaus-apskaitos-sistemos-iranga\\\/\"]}]},{\"@type\":\"ImageObject\",\"inLanguage\":\"en-US\",\"@id\":\"https:\\\/\\\/acoris.lt\\\/en\\\/inventoriaus-apskaitos-sistemos-iranga\\\/#primaryimage\",\"url\":\"https:\\\/\\\/acoris.lt\\\/wp-content\\\/uploads\\\/2025\\\/07\\\/Inventoriaus-apskaitos-sistema.png\",\"contentUrl\":\"https:\\\/\\\/acoris.lt\\\/wp-content\\\/uploads\\\/2025\\\/07\\\/Inventoriaus-apskaitos-sistema.png\",\"width\":600,\"height\":450,\"caption\":\"Inventoriaus apskaitos sistema\"},{\"@type\":\"BreadcrumbList\",\"@id\":\"https:\\\/\\\/acoris.lt\\\/en\\\/inventoriaus-apskaitos-sistemos-iranga\\\/#breadcrumb\",\"itemListElement\":[{\"@type\":\"ListItem\",\"position\":1,\"name\":\"Home\",\"item\":\"https:\\\/\\\/acoris.lt\\\/en\\\/\"},{\"@type\":\"ListItem\",\"position\":2,\"name\":\"Inventoriaus apskaitos sistemos \u012franga\"}]},{\"@type\":\"WebSite\",\"@id\":\"https:\\\/\\\/acoris.lt\\\/#website\",\"url\":\"https:\\\/\\\/acoris.lt\\\/\",\"name\":\"Acoris\",\"description\":\"Integruotos sistemos\",\"publisher\":{\"@id\":\"https:\\\/\\\/acoris.lt\\\/#organization\"},\"potentialAction\":[{\"@type\":\"SearchAction\",\"target\":{\"@type\":\"EntryPoint\",\"urlTemplate\":\"https:\\\/\\\/acoris.lt\\\/?s={search_term_string}\"},\"query-input\":{\"@type\":\"PropertyValueSpecification\",\"valueRequired\":true,\"valueName\":\"search_term_string\"}}],\"inLanguage\":\"en-US\"},{\"@type\":\"Organization\",\"@id\":\"https:\\\/\\\/acoris.lt\\\/#organization\",\"name\":\"Acoris\",\"url\":\"https:\\\/\\\/acoris.lt\\\/\",\"logo\":{\"@type\":\"ImageObject\",\"inLanguage\":\"en-US\",\"@id\":\"https:\\\/\\\/acoris.lt\\\/#\\\/schema\\\/logo\\\/image\\\/\",\"url\":\"https:\\\/\\\/acoris.lt\\\/wp-content\\\/uploads\\\/2023\\\/12\\\/acoris.jpg\",\"contentUrl\":\"https:\\\/\\\/acoris.lt\\\/wp-content\\\/uploads\\\/2023\\\/12\\\/acoris.jpg\",\"width\":600,\"height\":600,\"caption\":\"Acoris\"},\"image\":{\"@id\":\"https:\\\/\\\/acoris.lt\\\/#\\\/schema\\\/logo\\\/image\\\/\"}}]}<\/script>\n<!-- \/ Yoast SEO plugin. -->","yoast_head_json":{"title":"Inventoriaus apskaitos sistemos \u012franga - Acoris","description":"\u012eranki\u0173, inventoriaus, kit\u0173 darbo ar paslaugos teikimo priemoni\u0173 apskaitos ir kontrol\u0117s sistema, skirta kontroliuoti ir valdyti priemones.","robots":{"index":"index","follow":"follow","max-snippet":"max-snippet:-1","max-image-preview":"max-image-preview:large","max-video-preview":"max-video-preview:-1"},"canonical":"https:\/\/acoris.lt\/en\/inventoriaus-apskaitos-sistemos-iranga\/","og_locale":"en_US","og_type":"article","og_title":"Inventoriaus apskaitos sistemos \u012franga - Acoris","og_description":"\u012eranki\u0173, inventoriaus, kit\u0173 darbo ar paslaugos teikimo priemoni\u0173 apskaitos ir kontrol\u0117s sistema, skirta kontroliuoti ir valdyti priemones.","og_url":"https:\/\/acoris.lt\/en\/inventoriaus-apskaitos-sistemos-iranga\/","og_site_name":"Acoris","article_modified_time":"2025-08-11T05:12:04+00:00","og_image":[{"width":600,"height":450,"url":"https:\/\/acoris.lt\/wp-content\/uploads\/2025\/07\/Inventoriaus-apskaitos-sistema.png","type":"image\/png"}],"twitter_card":"summary_large_image","twitter_misc":{"Est. reading time":"4 minutes"},"schema":{"@context":"https:\/\/schema.org","@graph":[{"@type":"WebPage","@id":"https:\/\/acoris.lt\/en\/inventoriaus-apskaitos-sistemos-iranga\/","url":"https:\/\/acoris.lt\/en\/inventoriaus-apskaitos-sistemos-iranga\/","name":"Inventoriaus apskaitos sistemos \u012franga - Acoris","isPartOf":{"@id":"https:\/\/acoris.lt\/#website"},"primaryImageOfPage":{"@id":"https:\/\/acoris.lt\/en\/inventoriaus-apskaitos-sistemos-iranga\/#primaryimage"},"image":{"@id":"https:\/\/acoris.lt\/en\/inventoriaus-apskaitos-sistemos-iranga\/#primaryimage"},"thumbnailUrl":"https:\/\/acoris.lt\/wp-content\/uploads\/2025\/07\/Inventoriaus-apskaitos-sistema.png","datePublished":"2025-08-04T08:10:01+00:00","dateModified":"2025-08-11T05:12:04+00:00","description":"\u012eranki\u0173, inventoriaus, kit\u0173 darbo ar paslaugos teikimo priemoni\u0173 apskaitos ir kontrol\u0117s sistema, skirta kontroliuoti ir valdyti priemones.","breadcrumb":{"@id":"https:\/\/acoris.lt\/en\/inventoriaus-apskaitos-sistemos-iranga\/#breadcrumb"},"inLanguage":"en-US","potentialAction":[{"@type":"ReadAction","target":["https:\/\/acoris.lt\/en\/inventoriaus-apskaitos-sistemos-iranga\/"]}]},{"@type":"ImageObject","inLanguage":"en-US","@id":"https:\/\/acoris.lt\/en\/inventoriaus-apskaitos-sistemos-iranga\/#primaryimage","url":"https:\/\/acoris.lt\/wp-content\/uploads\/2025\/07\/Inventoriaus-apskaitos-sistema.png","contentUrl":"https:\/\/acoris.lt\/wp-content\/uploads\/2025\/07\/Inventoriaus-apskaitos-sistema.png","width":600,"height":450,"caption":"Inventoriaus apskaitos sistema"},{"@type":"BreadcrumbList","@id":"https:\/\/acoris.lt\/en\/inventoriaus-apskaitos-sistemos-iranga\/#breadcrumb","itemListElement":[{"@type":"ListItem","position":1,"name":"Home","item":"https:\/\/acoris.lt\/en\/"},{"@type":"ListItem","position":2,"name":"Inventoriaus apskaitos sistemos \u012franga"}]},{"@type":"WebSite","@id":"https:\/\/acoris.lt\/#website","url":"https:\/\/acoris.lt\/","name":"Acoris","description":"Integruotos sistemos","publisher":{"@id":"https:\/\/acoris.lt\/#organization"},"potentialAction":[{"@type":"SearchAction","target":{"@type":"EntryPoint","urlTemplate":"https:\/\/acoris.lt\/?s={search_term_string}"},"query-input":{"@type":"PropertyValueSpecification","valueRequired":true,"valueName":"search_term_string"}}],"inLanguage":"en-US"},{"@type":"Organization","@id":"https:\/\/acoris.lt\/#organization","name":"Acoris","url":"https:\/\/acoris.lt\/","logo":{"@type":"ImageObject","inLanguage":"en-US","@id":"https:\/\/acoris.lt\/#\/schema\/logo\/image\/","url":"https:\/\/acoris.lt\/wp-content\/uploads\/2023\/12\/acoris.jpg","contentUrl":"https:\/\/acoris.lt\/wp-content\/uploads\/2023\/12\/acoris.jpg","width":600,"height":600,"caption":"Acoris"},"image":{"@id":"https:\/\/acoris.lt\/#\/schema\/logo\/image\/"}}]}},"_links":{"self":[{"href":"https:\/\/acoris.lt\/en\/wp-json\/wp\/v2\/pages\/5581","targetHints":{"allow":["GET"]}}],"collection":[{"href":"https:\/\/acoris.lt\/en\/wp-json\/wp\/v2\/pages"}],"about":[{"href":"https:\/\/acoris.lt\/en\/wp-json\/wp\/v2\/types\/page"}],"author":[{"embeddable":true,"href":"https:\/\/acoris.lt\/en\/wp-json\/wp\/v2\/users\/1"}],"replies":[{"embeddable":true,"href":"https:\/\/acoris.lt\/en\/wp-json\/wp\/v2\/comments?post=5581"}],"version-history":[{"count":3,"href":"https:\/\/acoris.lt\/en\/wp-json\/wp\/v2\/pages\/5581\/revisions"}],"predecessor-version":[{"id":5605,"href":"https:\/\/acoris.lt\/en\/wp-json\/wp\/v2\/pages\/5581\/revisions\/5605"}],"wp:featuredmedia":[{"embeddable":true,"href":"https:\/\/acoris.lt\/en\/wp-json\/wp\/v2\/media\/5218"}],"wp:attachment":[{"href":"https:\/\/acoris.lt\/en\/wp-json\/wp\/v2\/media?parent=5581"}],"curies":[{"name":"wp","href":"https:\/\/api.w.org\/{rel}","templated":true}]}}