{"id":5587,"date":"2025-08-04T09:55:15","date_gmt":"2025-08-04T06:55:15","guid":{"rendered":"https:\/\/acoris.lt\/parkingo-ir-transporto-kontroles-sistemos-iranga\/"},"modified":"2025-08-11T08:11:57","modified_gmt":"2025-08-11T05:11:57","slug":"parkingo-ir-transporto-kontroles-sistemos-iranga","status":"publish","type":"page","link":"https:\/\/acoris.lt\/en\/parkingo-ir-transporto-kontroles-sistemos-iranga\/","title":{"rendered":"Parkingo ir transporto kontrol\u0117s sistemos \u012franga"},"content":{"rendered":"<div class=\"wpb-content-wrapper\"><p>[vc_row equal_height=&#8221;yes&#8221;][vc_column][vc_column_text]<\/p>\n<h3><b>Asmen\u0173 identifikatoriai<\/b><span style=\"font-weight: 400;\"> (darbuotojai, klientai, studentai, moksleiviai, kt.)<\/span><\/h3>\n<p><span style=\"font-weight: 400;\">PIN kodas; QR kodas; El.kortel\u0117; pakabukas;\u00a0 veido atpa\u017einimas, pir\u0161to antspaudas; telefono program\u0117l\u0117.<\/span>[\/vc_column_text][\/vc_column][\/vc_row][vc_row equal_height=&#8221;yes&#8221;][vc_column width=&#8221;1\/5&#8243;][vc_single_image image=&#8221;5432&#8243; img_size=&#8221;250&#215;250&#8243; alignment=&#8221;center&#8221; css=&#8221;&#8221;][\/vc_column][vc_column width=&#8221;1\/5&#8243;][vc_single_image image=&#8221;5420&#8243; img_size=&#8221;250&#215;250&#8243; alignment=&#8221;center&#8221; css=&#8221;&#8221;][\/vc_column][vc_column width=&#8221;1\/5&#8243;][vc_single_image image=&#8221;2516&#8243; img_size=&#8221;250&#215;250&#8243; alignment=&#8221;center&#8221; css=&#8221;&#8221;][\/vc_column][vc_column width=&#8221;1\/5&#8243;][\/vc_column][vc_column width=&#8221;1\/5&#8243;][\/vc_column][\/vc_row][vc_row equal_height=&#8221;yes&#8221;][vc_column width=&#8221;1\/5&#8243;][\/vc_column][vc_column width=&#8221;1\/5&#8243;][\/vc_column][vc_column width=&#8221;1\/5&#8243;][\/vc_column][vc_column width=&#8221;1\/5&#8243;][\/vc_column][vc_column width=&#8221;1\/5&#8243;][\/vc_column][\/vc_row][vc_row equal_height=&#8221;yes&#8221; css=&#8221;.vc_custom_1700774590941{margin-top: 50px !important;}&#8221;][vc_column width=&#8221;1\/3&#8243;][vc_column_text]<\/p>\n<h3><b>Jutikliai<\/b><\/h3>\n<p><span style=\"font-weight: 400;\">Jutikliai gali b\u016bti naudojami automobili\u0173 jud\u0117jimo steb\u0117jimui, atstumui nuo kli\u016b\u010di\u0173 ar kit\u0173 objekt\u0173. Jie gali b\u016bti ultragarsiniai, infraraudonieji, kameros, arba kit\u0173 technologij\u0173 pagrindu.<\/span>[\/vc_column_text][\/vc_column][vc_column width=&#8221;1\/3&#8243;][vc_single_image image=&#8221;2639&#8243; img_size=&#8221;250&#215;250&#8243; css=&#8221;&#8221;][\/vc_column][vc_column width=&#8221;1\/3&#8243;][vc_single_image][\/vc_column][\/vc_row][vc_row equal_height=&#8221;yes&#8221; css=&#8221;.vc_custom_1700774590941{margin-top: 50px !important;}&#8221;][vc_column width=&#8221;1\/2&#8243;][vc_column_text css=&#8221;&#8221;]<\/p>\n<h3><b>Mok\u0117jimo terminalai<\/b><\/h3>\n<p><span style=\"font-weight: 400;\">Jutikliai gali b\u016bti naudojami automobili\u0173 jud\u0117jimo steb\u0117jimui, atstumui nuo kli\u016b\u010di\u0173 ar kit\u0173 objekt\u0173. Jie gali b\u016bti ultragarsiniai, infraraudonieji, kameros, arba kit\u0173 technologij\u0173 pagrindu.<\/span>[\/vc_column_text][\/vc_column][vc_column width=&#8221;1\/2&#8243;][\/vc_column][\/vc_row][vc_row equal_height=&#8221;yes&#8221; css=&#8221;.vc_custom_1700774590941{margin-top: 50px !important;}&#8221;][vc_column width=&#8221;1\/2&#8243;][vc_column_text css=&#8221;&#8221;]<\/p>\n<h3><b>\u0160vieslent\u0117s<\/b><\/h3>\n<p><span style=\"font-weight: 400;\">Jutikliai gali b\u016bti naudojami automobili\u0173 jud\u0117jimo steb\u0117jimui, atstumui nuo kli\u016b\u010di\u0173 ar kit\u0173 objekt\u0173. Jie gali b\u016bti ultragarsiniai, infraraudonieji, kameros, arba kit\u0173 technologij\u0173 pagrindu.<\/span>[\/vc_column_text][\/vc_column][vc_column width=&#8221;1\/2&#8243;][\/vc_column][\/vc_row][vc_row equal_height=&#8221;yes&#8221; css=&#8221;.vc_custom_1700774590941{margin-top: 50px !important;}&#8221;][vc_column width=&#8221;1\/3&#8243;][vc_column_text]<\/p>\n<h3><strong>Prava\u017eiavimo barjerai<\/strong><\/h3>\n<p>\u0160lagbaumai, stumdomi arba atidaromi vartai.[\/vc_column_text][\/vc_column][vc_column width=&#8221;1\/3&#8243;][vc_single_image image=&#8221;5114&#8243; img_size=&#8221;full&#8221; css=&#8221;&#8221;][\/vc_column][vc_column width=&#8221;1\/3&#8243;][vc_single_image image=&#8221;5131&#8243; img_size=&#8221;full&#8221; css=&#8221;&#8221;][\/vc_column][\/vc_row][vc_row equal_height=&#8221;yes&#8221; css=&#8221;.vc_custom_1700774590941{margin-top: 50px !important;}&#8221;][vc_column][vc_column_text css=&#8221;&#8221;]<\/p>\n<h3><b>Duomen\u0173 perdavimo sistema<\/b><\/h3>\n<p><span style=\"font-weight: 400;\">Jutikliai surinkt\u0105 informacij\u0105 perduoda \u012f <strong>centrin\u012f server\u012f arba valdymo vienet\u0105<\/strong>. Tai gali b\u016bti belaid\u017eio ry\u0161io technologijos, pavyzd\u017eiui, Wi-Fi arba mobilioji ry\u0161io sistema.<\/span>[\/vc_column_text][\/vc_column][\/vc_row][vc_row equal_height=&#8221;yes&#8221; css=&#8221;.vc_custom_1700774590941{margin-top: 50px !important;}&#8221;][vc_column][vc_column_text css=&#8221;&#8221;]<\/p>\n<h3><b>Automatizuotas valdymo blokas<\/b><\/h3>\n<p><span style=\"font-weight: 400;\">Tai yra smegenys, kuri\u0173 pagalba<strong> sistema priima sprendimus<\/strong>, kuriose vietose automobiliui leid\u017eiama parkuotis, kada ir kaip ilgai jis gali ten b\u016bti bei kaip jis turi jud\u0117ti, kad i\u0161vengt\u0173 kli\u016b\u010di\u0173 ir nelaiming\u0173 atsitikim\u0173.<\/span>[\/vc_column_text][\/vc_column][\/vc_row][vc_row equal_height=&#8221;yes&#8221; css=&#8221;.vc_custom_1700774590941{margin-top: 50px !important;}&#8221;][vc_column][vc_column_text css=&#8221;&#8221;]<\/p>\n<h3><strong>Vartotojo s\u0105saja<\/strong><\/h3>\n<p><span style=\"font-weight: 400;\">Vartotojo s\u0105saja gali b\u016bti tiek <strong>fizine<\/strong>, pavyzd\u017eiui, parkavimo automatas arba \u012f\u0117jimas \u012f gara\u017e\u0105, tiek ir<strong> mobili program\u0117l\u0117<\/strong> arba <strong>interneto svetain\u0117<\/strong>, per kuri\u0105 vartotojai gali rezervuoti stov\u0117jimo viet\u0105, mok\u0117ti u\u017e stov\u0117jim\u0105 ir gauti informacij\u0105 apie parkingo vietos b\u016bkl\u0119.<\/span>[\/vc_column_text][\/vc_column][\/vc_row][vc_row equal_height=&#8221;yes&#8221; css=&#8221;.vc_custom_1700774590941{margin-top: 50px !important;}&#8221;][vc_column][vc_column_text css=&#8221;&#8221;]<\/p>\n<h3><b>Elektronin\u0117 mok\u0117jimo sistema<\/b><\/h3>\n<p><span style=\"font-weight: 400;\">\u0160i sistema leid\u017eia vartotojams<strong> mok\u0117ti u\u017e stov\u0117jim\u0105 naudojantis \u012fvairiais mok\u0117jimo b\u016bdais<\/strong>, \u012fskaitant banko korteles, mobiliojo telefono mok\u0117jimus ar kitas elektronines mok\u0117jimo paslaugas.<\/span>[\/vc_column_text][\/vc_column][\/vc_row][vc_row equal_height=&#8221;yes&#8221; content_placement=&#8221;middle&#8221; css=&#8221;.vc_custom_1701076401356{margin-top: 25px !important;}&#8221;][vc_column][vc_column_text]<small><em>*Skaitytuv\u0173 ir pra\u0117jimo kontrol\u0117s \u012frengini\u0173 pasirinkimas didelis, galima rinktis i\u0161 plataus asortimento pagal j\u016bs\u0173 poreikius.<\/em><\/small>[\/vc_column_text][\/vc_column][\/vc_row][vc_row equal_height=&#8221;yes&#8221; css=&#8221;.vc_custom_1700774590941{margin-top: 50px !important;}&#8221;][vc_column][vc_column_text css=&#8221;&#8221;]<\/p>\n<h3><strong>Programin\u0117 \u012franga<\/strong><\/h3>\n<p><span style=\"font-weight: 400;\">Specializuota programin\u0117 \u012franga <strong>apdoroja gautus duomenis, analizuoja juos ir nustato, ar yra galimyb\u0117 automobiliui saugiai sustoti ir parkuotis.<\/strong> \u0160i programin\u0117 \u012franga taip pat gali valdyti ir koordinuoti parkingo proced\u016bras.<\/span><\/p>\n<p><em><small>Programin\u0117 \u012franga instaliuojama UAB Acoris arba u\u017esakovo serveriuose<\/small><\/em>[\/vc_column_text][vc_btn title=&#8221;Kreipkit\u0117s d\u0117l i\u0161samios informacijos ir konsultacij\u0173&#8221; style=&#8221;custom&#8221; custom_background=&#8221;#1f448f&#8221; custom_text=&#8221;#ffffff&#8221; shape=&#8221;round&#8221; align=&#8221;center&#8221; css=&#8221;.vc_custom_1753858841367{margin-top: 45px !important;}&#8221; link=&#8221;url:https%3A%2F%2Fwww.acoris.lt%2Fkontaktai%2F|title:Kontaktai||&#8221;][\/vc_column][\/vc_row][vc_row full_width=&#8221;stretch_row&#8221; el_class=&#8221;blue-section-header&#8221; css=&#8221;.vc_custom_1618234279885{background-color: #174894 !important;}&#8221;][vc_column css=&#8221;.vc_custom_1617178564296{margin-top: 10px !important;}&#8221;][vc_column_text]<\/p>\n<h2>\u012egyvendinti projektai<\/h2>\n<p>[\/vc_column_text][\/vc_column][\/vc_row][vc_row equal_height=&#8221;yes&#8221; content_placement=&#8221;middle&#8221;][vc_column width=&#8221;1\/4&#8243;][vc_single_image image=&#8221;2551&#8243; img_size=&#8221;large&#8221;][\/vc_column][vc_column width=&#8221;1\/4&#8243;][vc_column_text]<\/p>\n<h4><b><span style=\"font-weight: 400;\"><strong>\u201e<\/strong><\/span>PETROFAC<span style=\"font-weight: 400;\"><strong>\u201c <\/strong><\/span>Projektas<\/b><span style=\"font-weight: 400;\">:<\/span><\/h4>\n<ol>\n<li><span style=\"font-weight: 400;\">Daugiafunkcin\u0117 pra\u0117jimo kontrol\u0117<\/span><b>\u00a0<\/b><\/li>\n<li><span style=\"font-weight: 400;\">Prava\u017eiavimo kontrol\u0117 sistema<\/span><\/li>\n<\/ol>\n<p>[\/vc_column_text][\/vc_column][vc_column width=&#8221;2\/4&#8243;][vc_column_text]<em><span style=\"font-weight: 400;\">\u201e<\/span>Acoris komanda naujai statomoje naftos perdirbimo gamykloje \u012fdieg\u0117 darbuotoj\u0173 ir subrangov\u0173 daugiafunkcin\u0119 pra\u0117jimo valdymo sistem\u0105 (10 pilno \u016bgio turniket\u0173, ne\u012fleid\u017eian\u010di\u0173 darbuotoj\u0173 \u012f \u012fmon\u0117s teritorij\u0105, jei pasibaig\u0119s sveikatos, kvalifikacini\u0173 atestat\u0173, skaidriai dirban\u010dio ID galiojimo terminams, taip pat\u00a0 fiksuojan\u010di\u0173 kiek laiko darbuotojai prabuvo\u00a0 objekte), bei prava\u017eiavimo kontrol\u0117s sistem\u0105, skirt\u0105 nuotoliniu b\u016bdu valdyti autorizuot\u0173 automobili\u0173 patekim\u0105 \u012f teritorij\u0105.<span style=\"font-weight: 400;\">\u201c<\/span><\/em>[\/vc_column_text][\/vc_column][\/vc_row][vc_row equal_height=&#8221;yes&#8221; content_placement=&#8221;middle&#8221;][vc_column width=&#8221;1\/4&#8243;][vc_single_image image=&#8221;2555&#8243; img_size=&#8221;large&#8221;][\/vc_column][vc_column width=&#8221;1\/4&#8243;][vc_column_text]<\/p>\n<h4><b>\u201eHARMONY PARK\u201c Projektas:<\/b><\/h4>\n<ol>\n<li><span style=\"font-weight: 400;\">Darbo laiko kontrol\u0117.<\/span><\/li>\n<\/ol>\n<p>[\/vc_column_text][\/vc_column][vc_column width=&#8221;2\/4&#8243;][vc_column_text]<em>\u201eAcoris puikiai suprato m\u016bs\u0173 i\u0161\u0161\u016bkius ir \u012fgyvendino darbo laiko kontrol\u0117s projekt\u0105, leidus\u012f suma\u017einti personalo skyriaus darbo kr\u016bv\u012f ir pasitaikan\u010di\u0173 klaid\u0173 kiek\u012f, duomenis perduodant \u012f buhalterin\u0117s apskaitos\u00a0 program\u0105 \u201eRIVIL\u0116\u201c<\/em>[\/vc_column_text][\/vc_column][\/vc_row][vc_row equal_height=&#8221;yes&#8221; content_placement=&#8221;middle&#8221;][vc_column width=&#8221;1\/4&#8243;][vc_single_image image=&#8221;2558&#8243; img_size=&#8221;large&#8221;][\/vc_column][vc_column width=&#8221;1\/4&#8243;][vc_column_text]<\/p>\n<h4><strong>VYTAUTO DID\u017dIOJO UNIVERSITETAS Projektas:\u00a0<\/strong><\/h4>\n<ol>\n<li>Prava\u017eiavimo kontrol\u0117 ir parkingo sistema.<\/li>\n<\/ol>\n<p>[\/vc_column_text][\/vc_column][vc_column width=&#8221;2\/4&#8243;][vc_column_text]<em>\u201eAcoris specialistai m\u016bs\u0173 universiteto Prezidento Valdo Adamkaus sporto centre \u012fgyvendino efektyvaus valdymo projekt\u0105: \u012fdieg\u0117 prava\u017eiavimo kontrol\u0117s sistem\u0105, skirt\u0105 nuotoliniu b\u016bdu valdyti autorizuot\u0173 automobili\u0173 patekim\u0105 \u012f teritorij\u0105, \u012fdieg\u0117 i\u0161mani\u0105 parkingo sistem\u0105 su viet\u0173 valdymu padaliniams bei pra\u0117jimo kontrol\u0117s ir biliet\u0173 sistem\u0105.\u201c<\/em>[\/vc_column_text][\/vc_column][\/vc_row][vc_row equal_height=&#8221;yes&#8221; content_placement=&#8221;middle&#8221; css=&#8221;.vc_custom_1700778131242{margin-top: 25px !important;margin-bottom: 50px !important;}&#8221;][vc_column][vc_column_text]<\/p>\n<p style=\"text-align: center;\"><strong>ACORIS komanda visada pasi\u016blys geriausi\u0105 pra\u0117jimo kontrol\u0117s sprendim\u0105 J\u016bs\u0173 verslui<\/strong><\/p>\n<p>[\/vc_column_text][\/vc_column][\/vc_row][vc_row full_width=&#8221;stretch_row&#8221; el_class=&#8221;blue-section-header&#8221; css=&#8221;.vc_custom_1618234279885{background-color: #174894 !important;}&#8221;][vc_column css=&#8221;.vc_custom_1617178564296{margin-top: 10px !important;}&#8221;][vc_column_text]<\/p>\n<h2>Kod\u0117l ACORIS?<\/h2>\n<p>[\/vc_column_text][\/vc_column][\/vc_row][vc_row][vc_column][vc_single_image image=&#8221;2563&#8243; img_size=&#8221;medium&#8221;][vc_column_text]Sukurti produktai yra pripa\u017einti tarptautin\u0117s bendruomen\u0117s: \u201eDaugiafunkcinei e-paslaug\u0173 valdymo sistemai\u201c yra i\u0161duotas patentas drauge su KTU mokslininkais, o JAV ir Kinijos inovacij\u0173 forume Silicio sl\u0117nyje \u0161i sistema buvo atrinkta tarp\u00a0 geriausi\u0173 inovacij\u0173 ir apdovanota inovacij\u0173 prizu.<\/p>\n<h4><strong>Kompanijos privalumai:<\/strong><\/h4>\n<ul>\n<li aria-level=\"1\">diegiame integruotas sistemas pritaikomas individualiems j\u016bs\u0173 verslo poreikiams;<\/li>\n<li aria-level=\"1\">atliekame technologinius auditus (ES skaitmenizavimui skirt\u0173 priemoni\u0173 finansavimui gauti);<\/li>\n<li aria-level=\"1\">\u012fvertiname tiksli\u0105 j\u016bs\u0173 verslo situacij\u0105 ir tikslus bei identifikuojame realias galimybes;<\/li>\n<li aria-level=\"1\">fiksuojame siektin\u0105 rezultat\u0105 ir pateikiame projekt\u0105;<\/li>\n<li aria-level=\"1\">operatyviai diegiame ir t\u0119siame \u012fsigytos sistemos prie\u017ei\u016br\u0105.<\/li>\n<\/ul>\n<p>Nuo\u0161ird\u017eiai tikim\u0117s , kad\u00a0 modernios technologijos ir m\u016bs\u0173\u00a0 specialist\u0173 kompetencija pad\u0117s \u012fdiegti moderni\u0105 automatinio pra\u0117jimo kontrol\u0117s valdymo sistem\u0105 ir leis j\u016bs\u0173 verslui pasiekti geresni\u0173 veiklos rezultat\u0173.[\/vc_column_text][\/vc_column][\/vc_row][vc_row full_width=&#8221;stretch_row&#8221; css=&#8221;.vc_custom_1617178365933{background-color: #174894 !important;}&#8221; el_class=&#8221;blue-section-header&#8221;][vc_column css=&#8221;.vc_custom_1617178564296{margin-top: 10px !important;}&#8221;][\/vc_column][\/vc_row]<\/p>\n<\/div>","protected":false},"excerpt":{"rendered":"<p>[vc_row equal_height=&#8221;yes&#8221;][vc_column][vc_column_text] Asmen\u0173 identifikatoriai (darbuotojai, klientai, studentai, moksleiviai, kt.) PIN kodas; QR kodas; El.kortel\u0117; pakabukas;\u00a0 veido atpa\u017einimas, pir\u0161to antspaudas; telefono program\u0117l\u0117.[\/vc_column_text][\/vc_column][\/vc_row][vc_row equal_height=&#8221;yes&#8221;][vc_column width=&#8221;1\/5&#8243;][vc_single_image image=&#8221;5432&#8243; img_size=&#8221;250&#215;250&#8243; alignment=&#8221;center&#8221; css=&#8221;&#8221;][\/vc_column][vc_column width=&#8221;1\/5&#8243;][vc_single_image image=&#8221;5420&#8243; img_size=&#8221;250&#215;250&#8243; alignment=&#8221;center&#8221; css=&#8221;&#8221;][\/vc_column][vc_column width=&#8221;1\/5&#8243;][vc_single_image image=&#8221;2516&#8243; img_size=&#8221;250&#215;250&#8243; alignment=&#8221;center&#8221; css=&#8221;&#8221;][\/vc_column][vc_column width=&#8221;1\/5&#8243;][\/vc_column][vc_column width=&#8221;1\/5&#8243;][\/vc_column][\/vc_row][vc_row equal_height=&#8221;yes&#8221;][vc_column width=&#8221;1\/5&#8243;][\/vc_column][vc_column width=&#8221;1\/5&#8243;][\/vc_column][vc_column width=&#8221;1\/5&#8243;][\/vc_column][vc_column width=&#8221;1\/5&#8243;][\/vc_column][vc_column width=&#8221;1\/5&#8243;][\/vc_column][\/vc_row][vc_row equal_height=&#8221;yes&#8221; css=&#8221;.vc_custom_1700774590941{margin-top: 50px !important;}&#8221;][vc_column width=&#8221;1\/3&#8243;][vc_column_text] Jutikliai Jutikliai gali b\u016bti naudojami [&hellip;]<\/p>\n","protected":false},"author":1,"featured_media":5114,"parent":0,"menu_order":0,"comment_status":"closed","ping_status":"closed","template":"","meta":{"_acf_changed":false,"_monsterinsights_skip_tracking":false,"_monsterinsights_sitenote_active":false,"_monsterinsights_sitenote_note":"","_monsterinsights_sitenote_category":0,"footnotes":""},"class_list":["post-5587","page","type-page","status-publish","has-post-thumbnail","hentry"],"acf":[],"yoast_head":"<!-- This site is optimized with the Yoast SEO plugin v27.3 - https:\/\/yoast.com\/product\/yoast-seo-wordpress\/ -->\n<title>Parkingo ir transporto kontrol\u0117s sistemos \u012franga - Acoris<\/title>\n<meta name=\"description\" content=\"Parkingo kontrol\u0117s sistema automatiniu b\u016bdu kontroliuoja transporto priemoni\u0173 patekim\u0105 \u012f konkre\u010di\u0105 teritorij\u0105, vykdo j\u0173 registracij\u0105\" \/>\n<meta name=\"robots\" content=\"index, follow, max-snippet:-1, max-image-preview:large, max-video-preview:-1\" \/>\n<link rel=\"canonical\" href=\"https:\/\/acoris.lt\/en\/parkingo-ir-transporto-kontroles-sistemos-iranga\/\" \/>\n<meta property=\"og:locale\" content=\"en_US\" \/>\n<meta property=\"og:type\" content=\"article\" \/>\n<meta property=\"og:title\" content=\"Parkingo ir transporto kontrol\u0117s sistemos \u012franga - Acoris\" \/>\n<meta property=\"og:description\" content=\"Parkingo kontrol\u0117s sistema automatiniu b\u016bdu kontroliuoja transporto priemoni\u0173 patekim\u0105 \u012f konkre\u010di\u0105 teritorij\u0105, vykdo j\u0173 registracij\u0105\" \/>\n<meta property=\"og:url\" content=\"https:\/\/acoris.lt\/en\/parkingo-ir-transporto-kontroles-sistemos-iranga\/\" \/>\n<meta property=\"og:site_name\" content=\"Acoris\" \/>\n<meta property=\"article:modified_time\" content=\"2025-08-11T05:11:57+00:00\" \/>\n<meta property=\"og:image\" content=\"https:\/\/acoris.lt\/wp-content\/uploads\/2025\/07\/Parkingo-sistema.png\" \/>\n\t<meta property=\"og:image:width\" content=\"600\" \/>\n\t<meta property=\"og:image:height\" content=\"450\" \/>\n\t<meta property=\"og:image:type\" content=\"image\/png\" \/>\n<meta name=\"twitter:card\" content=\"summary_large_image\" \/>\n<meta name=\"twitter:label1\" content=\"Est. reading time\" \/>\n\t<meta name=\"twitter:data1\" content=\"5 minutes\" \/>\n<script type=\"application\/ld+json\" class=\"yoast-schema-graph\">{\"@context\":\"https:\\\/\\\/schema.org\",\"@graph\":[{\"@type\":\"WebPage\",\"@id\":\"https:\\\/\\\/acoris.lt\\\/en\\\/parkingo-ir-transporto-kontroles-sistemos-iranga\\\/\",\"url\":\"https:\\\/\\\/acoris.lt\\\/en\\\/parkingo-ir-transporto-kontroles-sistemos-iranga\\\/\",\"name\":\"Parkingo ir transporto kontrol\u0117s sistemos \u012franga - Acoris\",\"isPartOf\":{\"@id\":\"https:\\\/\\\/acoris.lt\\\/#website\"},\"primaryImageOfPage\":{\"@id\":\"https:\\\/\\\/acoris.lt\\\/en\\\/parkingo-ir-transporto-kontroles-sistemos-iranga\\\/#primaryimage\"},\"image\":{\"@id\":\"https:\\\/\\\/acoris.lt\\\/en\\\/parkingo-ir-transporto-kontroles-sistemos-iranga\\\/#primaryimage\"},\"thumbnailUrl\":\"https:\\\/\\\/acoris.lt\\\/wp-content\\\/uploads\\\/2025\\\/07\\\/Parkingo-sistema.png\",\"datePublished\":\"2025-08-04T06:55:15+00:00\",\"dateModified\":\"2025-08-11T05:11:57+00:00\",\"description\":\"Parkingo kontrol\u0117s sistema automatiniu b\u016bdu kontroliuoja transporto priemoni\u0173 patekim\u0105 \u012f konkre\u010di\u0105 teritorij\u0105, vykdo j\u0173 registracij\u0105\",\"breadcrumb\":{\"@id\":\"https:\\\/\\\/acoris.lt\\\/en\\\/parkingo-ir-transporto-kontroles-sistemos-iranga\\\/#breadcrumb\"},\"inLanguage\":\"en-US\",\"potentialAction\":[{\"@type\":\"ReadAction\",\"target\":[\"https:\\\/\\\/acoris.lt\\\/en\\\/parkingo-ir-transporto-kontroles-sistemos-iranga\\\/\"]}]},{\"@type\":\"ImageObject\",\"inLanguage\":\"en-US\",\"@id\":\"https:\\\/\\\/acoris.lt\\\/en\\\/parkingo-ir-transporto-kontroles-sistemos-iranga\\\/#primaryimage\",\"url\":\"https:\\\/\\\/acoris.lt\\\/wp-content\\\/uploads\\\/2025\\\/07\\\/Parkingo-sistema.png\",\"contentUrl\":\"https:\\\/\\\/acoris.lt\\\/wp-content\\\/uploads\\\/2025\\\/07\\\/Parkingo-sistema.png\",\"width\":600,\"height\":450,\"caption\":\"Parkingo sistema\"},{\"@type\":\"BreadcrumbList\",\"@id\":\"https:\\\/\\\/acoris.lt\\\/en\\\/parkingo-ir-transporto-kontroles-sistemos-iranga\\\/#breadcrumb\",\"itemListElement\":[{\"@type\":\"ListItem\",\"position\":1,\"name\":\"Home\",\"item\":\"https:\\\/\\\/acoris.lt\\\/en\\\/\"},{\"@type\":\"ListItem\",\"position\":2,\"name\":\"Parkingo ir transporto kontrol\u0117s sistemos \u012franga\"}]},{\"@type\":\"WebSite\",\"@id\":\"https:\\\/\\\/acoris.lt\\\/#website\",\"url\":\"https:\\\/\\\/acoris.lt\\\/\",\"name\":\"Acoris\",\"description\":\"Integruotos sistemos\",\"publisher\":{\"@id\":\"https:\\\/\\\/acoris.lt\\\/#organization\"},\"potentialAction\":[{\"@type\":\"SearchAction\",\"target\":{\"@type\":\"EntryPoint\",\"urlTemplate\":\"https:\\\/\\\/acoris.lt\\\/?s={search_term_string}\"},\"query-input\":{\"@type\":\"PropertyValueSpecification\",\"valueRequired\":true,\"valueName\":\"search_term_string\"}}],\"inLanguage\":\"en-US\"},{\"@type\":\"Organization\",\"@id\":\"https:\\\/\\\/acoris.lt\\\/#organization\",\"name\":\"Acoris\",\"url\":\"https:\\\/\\\/acoris.lt\\\/\",\"logo\":{\"@type\":\"ImageObject\",\"inLanguage\":\"en-US\",\"@id\":\"https:\\\/\\\/acoris.lt\\\/#\\\/schema\\\/logo\\\/image\\\/\",\"url\":\"https:\\\/\\\/acoris.lt\\\/wp-content\\\/uploads\\\/2023\\\/12\\\/acoris.jpg\",\"contentUrl\":\"https:\\\/\\\/acoris.lt\\\/wp-content\\\/uploads\\\/2023\\\/12\\\/acoris.jpg\",\"width\":600,\"height\":600,\"caption\":\"Acoris\"},\"image\":{\"@id\":\"https:\\\/\\\/acoris.lt\\\/#\\\/schema\\\/logo\\\/image\\\/\"}}]}<\/script>\n<!-- \/ Yoast SEO plugin. -->","yoast_head_json":{"title":"Parkingo ir transporto kontrol\u0117s sistemos \u012franga - Acoris","description":"Parkingo kontrol\u0117s sistema automatiniu b\u016bdu kontroliuoja transporto priemoni\u0173 patekim\u0105 \u012f konkre\u010di\u0105 teritorij\u0105, vykdo j\u0173 registracij\u0105","robots":{"index":"index","follow":"follow","max-snippet":"max-snippet:-1","max-image-preview":"max-image-preview:large","max-video-preview":"max-video-preview:-1"},"canonical":"https:\/\/acoris.lt\/en\/parkingo-ir-transporto-kontroles-sistemos-iranga\/","og_locale":"en_US","og_type":"article","og_title":"Parkingo ir transporto kontrol\u0117s sistemos \u012franga - Acoris","og_description":"Parkingo kontrol\u0117s sistema automatiniu b\u016bdu kontroliuoja transporto priemoni\u0173 patekim\u0105 \u012f konkre\u010di\u0105 teritorij\u0105, vykdo j\u0173 registracij\u0105","og_url":"https:\/\/acoris.lt\/en\/parkingo-ir-transporto-kontroles-sistemos-iranga\/","og_site_name":"Acoris","article_modified_time":"2025-08-11T05:11:57+00:00","og_image":[{"width":600,"height":450,"url":"https:\/\/acoris.lt\/wp-content\/uploads\/2025\/07\/Parkingo-sistema.png","type":"image\/png"}],"twitter_card":"summary_large_image","twitter_misc":{"Est. reading time":"5 minutes"},"schema":{"@context":"https:\/\/schema.org","@graph":[{"@type":"WebPage","@id":"https:\/\/acoris.lt\/en\/parkingo-ir-transporto-kontroles-sistemos-iranga\/","url":"https:\/\/acoris.lt\/en\/parkingo-ir-transporto-kontroles-sistemos-iranga\/","name":"Parkingo ir transporto kontrol\u0117s sistemos \u012franga - Acoris","isPartOf":{"@id":"https:\/\/acoris.lt\/#website"},"primaryImageOfPage":{"@id":"https:\/\/acoris.lt\/en\/parkingo-ir-transporto-kontroles-sistemos-iranga\/#primaryimage"},"image":{"@id":"https:\/\/acoris.lt\/en\/parkingo-ir-transporto-kontroles-sistemos-iranga\/#primaryimage"},"thumbnailUrl":"https:\/\/acoris.lt\/wp-content\/uploads\/2025\/07\/Parkingo-sistema.png","datePublished":"2025-08-04T06:55:15+00:00","dateModified":"2025-08-11T05:11:57+00:00","description":"Parkingo kontrol\u0117s sistema automatiniu b\u016bdu kontroliuoja transporto priemoni\u0173 patekim\u0105 \u012f konkre\u010di\u0105 teritorij\u0105, vykdo j\u0173 registracij\u0105","breadcrumb":{"@id":"https:\/\/acoris.lt\/en\/parkingo-ir-transporto-kontroles-sistemos-iranga\/#breadcrumb"},"inLanguage":"en-US","potentialAction":[{"@type":"ReadAction","target":["https:\/\/acoris.lt\/en\/parkingo-ir-transporto-kontroles-sistemos-iranga\/"]}]},{"@type":"ImageObject","inLanguage":"en-US","@id":"https:\/\/acoris.lt\/en\/parkingo-ir-transporto-kontroles-sistemos-iranga\/#primaryimage","url":"https:\/\/acoris.lt\/wp-content\/uploads\/2025\/07\/Parkingo-sistema.png","contentUrl":"https:\/\/acoris.lt\/wp-content\/uploads\/2025\/07\/Parkingo-sistema.png","width":600,"height":450,"caption":"Parkingo sistema"},{"@type":"BreadcrumbList","@id":"https:\/\/acoris.lt\/en\/parkingo-ir-transporto-kontroles-sistemos-iranga\/#breadcrumb","itemListElement":[{"@type":"ListItem","position":1,"name":"Home","item":"https:\/\/acoris.lt\/en\/"},{"@type":"ListItem","position":2,"name":"Parkingo ir transporto kontrol\u0117s sistemos \u012franga"}]},{"@type":"WebSite","@id":"https:\/\/acoris.lt\/#website","url":"https:\/\/acoris.lt\/","name":"Acoris","description":"Integruotos sistemos","publisher":{"@id":"https:\/\/acoris.lt\/#organization"},"potentialAction":[{"@type":"SearchAction","target":{"@type":"EntryPoint","urlTemplate":"https:\/\/acoris.lt\/?s={search_term_string}"},"query-input":{"@type":"PropertyValueSpecification","valueRequired":true,"valueName":"search_term_string"}}],"inLanguage":"en-US"},{"@type":"Organization","@id":"https:\/\/acoris.lt\/#organization","name":"Acoris","url":"https:\/\/acoris.lt\/","logo":{"@type":"ImageObject","inLanguage":"en-US","@id":"https:\/\/acoris.lt\/#\/schema\/logo\/image\/","url":"https:\/\/acoris.lt\/wp-content\/uploads\/2023\/12\/acoris.jpg","contentUrl":"https:\/\/acoris.lt\/wp-content\/uploads\/2023\/12\/acoris.jpg","width":600,"height":600,"caption":"Acoris"},"image":{"@id":"https:\/\/acoris.lt\/#\/schema\/logo\/image\/"}}]}},"_links":{"self":[{"href":"https:\/\/acoris.lt\/en\/wp-json\/wp\/v2\/pages\/5587","targetHints":{"allow":["GET"]}}],"collection":[{"href":"https:\/\/acoris.lt\/en\/wp-json\/wp\/v2\/pages"}],"about":[{"href":"https:\/\/acoris.lt\/en\/wp-json\/wp\/v2\/types\/page"}],"author":[{"embeddable":true,"href":"https:\/\/acoris.lt\/en\/wp-json\/wp\/v2\/users\/1"}],"replies":[{"embeddable":true,"href":"https:\/\/acoris.lt\/en\/wp-json\/wp\/v2\/comments?post=5587"}],"version-history":[{"count":1,"href":"https:\/\/acoris.lt\/en\/wp-json\/wp\/v2\/pages\/5587\/revisions"}],"predecessor-version":[{"id":5588,"href":"https:\/\/acoris.lt\/en\/wp-json\/wp\/v2\/pages\/5587\/revisions\/5588"}],"wp:featuredmedia":[{"embeddable":true,"href":"https:\/\/acoris.lt\/en\/wp-json\/wp\/v2\/media\/5114"}],"wp:attachment":[{"href":"https:\/\/acoris.lt\/en\/wp-json\/wp\/v2\/media?parent=5587"}],"curies":[{"name":"wp","href":"https:\/\/api.w.org\/{rel}","templated":true}]}}