{"id":5589,"date":"2025-07-30T11:30:39","date_gmt":"2025-07-30T08:30:39","guid":{"rendered":"https:\/\/acoris.lt\/statybos-imones\/"},"modified":"2025-08-11T08:11:57","modified_gmt":"2025-08-11T05:11:57","slug":"statybos-imones","status":"publish","type":"page","link":"https:\/\/acoris.lt\/en\/statybos-imones\/","title":{"rendered":"Statybos \u012fmon\u0117s"},"content":{"rendered":"<div class=\"wpb-content-wrapper\"><p>[vc_row][vc_column width=&#8221;1\/2&#8243;][vc_column_text css=&#8221;&#8221;]<strong>Skaitmenin\u0117s technologijos didina veiklos proces\u0173 efektyvum\u0105<\/strong>, augina \u012fmon\u0117s konkurencingum\u0105. Verslo proces\u0173 automatizavimas minimizuoja rankin\u012f darb\u0105, didina valdymo lankstum\u0105 ir ma\u017eina \u017emogi\u0161kojo faktoriaus \u012ftak\u0105.<\/p>\n<p>Statybos \u012fmon\u0117ms <strong>diegiame veiklos proces\u0173 valdymo sistemas<\/strong>, apjungian\u010dias materialini\u0173 (inventoriaus, \u012franki\u0173 ir mechanizm\u0173, kt.) ir \u017emogi\u0161k\u0173j\u0173 resurs\u0173 kontrol\u0119 bei apskait\u0105, panaudojimo efektyvumo analiz\u0119. Kita diegiam\u0173 sistem\u0173 grup\u0117 &#8211; <strong>gamybos arba veiklos proces\u0173 kontrol\u0117s ir apskaitos sistemos.<\/strong> Diegiamos sistemos <strong>taupo resursus ir laik\u0105, padeda efektyviai valdyti ir planuoti procesus, analizuoti atliktus veiksmus.<\/strong><\/p>\n<p>Visos \u012fdiegtos <strong>sistemos apjungiamos viena programa,<\/strong> kurioje matosi i\u0161samios naudojimo ataskaitos. Programa gali b\u016bti <strong>integruojama su naudojama buhalterine programa ar kitomis verslo valdymo sistemomis.<\/strong> Taip pat diegiamos sistemos leid\u017eia <strong>realiu laiku steb\u0117ti<\/strong> proces\u0173 parametrus, juos koreguoti, optimizuoti pa\u010dius procesus, taip didinti veiklos efektyvum\u0105 ir auginti konkurencingum\u0105. Papildomai galime diegti konkurs\u0173 ir projekt\u0173 valdymo sistem\u0105, CRM.<\/p>\n<p>Sistemos kiekvienai \u012fmonei gali b\u016bti diegiamos pasirinktinai<strong> pagal poreik\u012f.<\/strong><\/p>\n<p><a href=\"https:\/\/acoris.lt\/konsultacijos-del-projektu-finansavimo\/\"><strong>Konsultuojame ir rengiame dokumentus projekt\u0173 finansavimui gauti<\/strong><\/a><strong>.\u00a0<\/strong><\/p>\n<p><em>(Pastaba: finansin\u0117s priemon\u0117s, galimyb\u0117s teikti parai\u0161kas, kitos s\u0105lygos\u00a0 priklauso nuo Vyriausyb\u0117s veiklos plano)<\/em>[\/vc_column_text][\/vc_column][vc_column width=&#8221;1\/2&#8243;][vc_single_image image=&#8221;5409&#8243; img_size=&#8221;full&#8221; css_animation=&#8221;fadeInUp&#8221; css=&#8221;.vc_custom_1753865656596{margin-top: 20px !important;}&#8221;][\/vc_column][\/vc_row][vc_row full_width=&#8221;stretch_row&#8221; css=&#8221;.vc_custom_1617178365933{background-color: #174894 !important;}&#8221; el_class=&#8221;blue-section-header&#8221;][vc_column css=&#8221;.vc_custom_1617178564296{margin-top: 10px !important;}&#8221;][vc_column_text]<\/p>\n<h2><em>Diegiamos sistemos <\/em><\/h2>\n<p>[\/vc_column_text][\/vc_column][\/vc_row][vc_row full_width=&#8221;stretch_row&#8221; el_class=&#8221;home_box_wrap&#8221;][vc_column][vc_row_inner equal_height=&#8221;yes&#8221; gap=&#8221;5&#8243;][vc_column_inner width=&#8221;1\/4&#8243; css=&#8221;.vc_custom_1617704949541{border-top-width: 3px !important;border-right-width: 3px !important;border-bottom-width: 3px !important;border-left-width: 3px !important;border-left-color: #1f428d !important;border-left-style: solid !important;border-right-color: #1f428d !important;border-right-style: solid !important;border-top-color: #1f428d !important;border-top-style: solid !important;border-bottom-color: #1f428d !important;border-bottom-style: solid !important;border-radius: 10px !important;}&#8221;][vc_single_image image=&#8221;5375&#8243; img_size=&#8221;150&#215;150&#8243; alignment=&#8221;center&#8221; onclick=&#8221;custom_link&#8221; css_animation=&#8221;fadeIn&#8221; css=&#8221;&#8221; link=&#8221;https:\/\/acoris.lt\/automatine-darbo-laiko-kontroles-sistema\/&#8221;][vc_column_text]<\/p>\n<h3 style=\"text-align: center;\"><span style=\"color: #174894;\"><a style=\"color: #174894;\" href=\"https:\/\/acoris.lt\/automatine-darbo-laiko-kontroles-sistema\/\"><strong>Automatin\u0117 darbo laiko kontrol\u0117s sistema<\/strong><\/a><\/span><\/h3>\n<p style=\"text-align: center;\">Automati\u0161kai fiksuojamas atvykimas \u012f \/ i\u0161vykimas i\u0161 darbo vietos, formuojamas tabelis. Sistema gali b\u016bti integruojama su naudojama buhalterine programa ar kitomis verslo valdymo sistemomis.<\/p>\n<p>[\/vc_column_text][\/vc_column_inner][vc_column_inner width=&#8221;1\/4&#8243; css=&#8221;.vc_custom_1617704943623{border-top-width: 3px !important;border-right-width: 3px !important;border-bottom-width: 3px !important;border-left-width: px !important;border-left-color: #1f428d !important;border-left-style: solid !important;border-right-color: #1f428d !important;border-right-style: solid !important;border-top-color: #1f428d !important;border-top-style: solid !important;border-bottom-color: #1f428d !important;border-bottom-style: solid !important;border-radius: 10px !important;}&#8221;][vc_single_image image=&#8221;5368&#8243; img_size=&#8221;150&#215;150&#8243; alignment=&#8221;center&#8221; onclick=&#8221;custom_link&#8221; css_animation=&#8221;fadeIn&#8221; css=&#8221;&#8221; link=&#8221;https:\/\/acoris.lt\/praejimo-kontroles-sistema\/&#8221;][vc_column_text]<\/p>\n<h3 style=\"text-align: center;\"><a href=\"https:\/\/acoris.lt\/praejimo-kontroles-sistema\/\"><span style=\"color: #174894;\"><strong>Pra\u0117jimo kontrol\u0117s sistema<\/strong><\/span><\/a><\/h3>\n<p style=\"text-align: center;\">Darbuotojai \u012f patalpas ar teritorij\u0105 patenka tik numatyta tvarka, siun\u010diami prane\u0161imai vadovams apie v\u0117luojan\u010dius atvykti, galimas atvykusi\u0173\/neatvykusi\u0173 \u012f darbo viet\u0105 darbuotoj\u0173 registras. Viena sistema gali b\u016bti naudojama \u012fvairioms skirtingoms darbo vietoms. Pra\u0117jimo kontrol\u0119 galima papildyti\u00a0 alkotesteriu, temperat\u016bros matuokliu.<\/p>\n<p>[\/vc_column_text][\/vc_column_inner][vc_column_inner width=&#8221;1\/4&#8243; css=&#8221;.vc_custom_1617704956813{border-top-width: 3px !important;border-right-width: 3px !important;border-bottom-width: 3px !important;border-left-width: 3px !important;border-left-color: #1f428d !important;border-left-style: solid !important;border-right-color: #1f428d !important;border-right-style: solid !important;border-top-color: #1f428d !important;border-top-style: solid !important;border-bottom-color: #1f428d !important;border-bottom-style: solid !important;border-radius: 10px !important;}&#8221; el_id=&#8221;https:\/\/acoris.lt\/parkavimo-aiksteliu-sistemos\/&#8221;][vc_single_image image=&#8221;5335&#8243; img_size=&#8221;150&#215;150&#8243; alignment=&#8221;center&#8221; onclick=&#8221;custom_link&#8221; css_animation=&#8221;fadeIn&#8221; css=&#8221;.vc_custom_1753865719715{border-top-width: 3px !important;border-right-width: 3px !important;border-bottom-width: 3px !important;border-left-width: 3px !important;border-radius: 10px !important;}&#8221; link=&#8221;https:\/\/acoris.lt\/parkingo-ir-transporto-kontroles-sistema\/&#8221;][vc_column_text]<\/p>\n<h3 style=\"text-align: center;\"><span style=\"color: #174894;\"><a style=\"color: #174894;\" href=\"https:\/\/acoris.lt\/parkingo-ir-transporto-kontroles-sistema\/\"><strong>Parkingo ir transporto kontrol\u0117s sistema<\/strong><\/a><\/span><\/h3>\n<p style=\"text-align: center;\">Sistema skirta valdyti transporto priemoni\u0173 automatiniam \u012fleidimui \u012f teritorij\u0105, registruoti, kada, kuri ma\u0161ina i\u0161vyko ir atvyko, jei parkingas mokamas \u2013 kontroliuoti apmok\u0117jimo termin\u0105.<\/p>\n<p>[\/vc_column_text][\/vc_column_inner][vc_column_inner width=&#8221;1\/4&#8243; css=&#8221;.vc_custom_1618235446168{border-top-width: 3px !important;border-right-width: 3px !important;border-bottom-width: 3px !important;border-left-width: 3px !important;border-left-color: #1f428d !important;border-left-style: solid !important;border-right-color: #1f428d !important;border-right-style: solid !important;border-top-color: #1f428d !important;border-top-style: solid !important;border-bottom-color: #1f428d !important;border-bottom-style: solid !important;border-radius: 10px !important;}&#8221;][vc_single_image image=&#8221;5386&#8243; img_size=&#8221;150&#215;150&#8243; alignment=&#8221;center&#8221; onclick=&#8221;custom_link&#8221; css_animation=&#8221;fadeIn&#8221; css=&#8221;.vc_custom_1753865729707{border-top-width: 3px !important;border-right-width: 3px !important;border-bottom-width: 3px !important;border-left-width: 3px !important;border-radius: 10px !important;}&#8221; link=&#8221;https:\/\/acoris.lt\/irankiu-inventoriaus-gyvunu-apskaita\/&#8221;][vc_column_text]<\/p>\n<h3 style=\"text-align: center;\"><span style=\"color: #174894;\"><a style=\"color: #174894;\" href=\"https:\/\/acoris.lt\/inventoriaus-apskaitos-sistema\/\"><strong>Inventoriaus apskaitos sistema<\/strong><\/a><\/span><\/h3>\n<p style=\"text-align: center;\">Panaudojant el. identifikavimo priemones, registruojama, kas, kur, kada, kokiu tikslu buvo panaudota.<\/p>\n<p>[\/vc_column_text][\/vc_column_inner][\/vc_row_inner][\/vc_column][\/vc_row][vc_row][vc_column][vc_empty_space height=&#8221;20px&#8221;][\/vc_column][\/vc_row][vc_row full_width=&#8221;stretch_row&#8221; css=&#8221;.vc_custom_1617178365933{background-color: #174894 !important;}&#8221; el_class=&#8221;blue-section-header&#8221;][vc_column css=&#8221;.vc_custom_1617178564296{margin-top: 10px !important;}&#8221;][vc_column_text]<\/p>\n<h2><em>Integruot\u0173 sistem\u0173 diegimas didina efektyvum\u0105, leid\u017eia optimizuoti veiklos procesus, greitai atsiperka<\/em><\/h2>\n<p>[\/vc_column_text][\/vc_column][\/vc_row][vc_row][vc_column][vc_column_text css=&#8221;&#8221;]<\/p>\n<ul class=\"check-list\">\n<li>RESURS\u0172 TAUPYMAS<\/li>\n<\/ul>\n<ul>\n<li>Apjungus \u012f vien\u0105 sistem\u0105 veiklos proces\u0173 valdymo ir apskaitos programas<strong> taupomi \u017emogi\u0161ki i\u0161tekliai ir laikas.<\/strong><\/li>\n<li>Nereikia pildyti \u017eurnal\u0173, pasira\u0161yti u\u017e inventori\u0173, darbo priemones ir pan.<\/li>\n<li><strong>Vadovas i\u0161 karto mato atvykusi\u0173\/neatvykusi\u0173 darbuotoj\u0173 s\u0105ra\u0161\u0105<\/strong> ir gali operatyviai priimti korekcinius sprendimus.<\/li>\n<li><strong>Efektyviau suplanuosite<\/strong> bet kokio projekto grafik\u0105 ir <strong>kontroliuosite vykdym\u0105.<\/strong><\/li>\n<li>Optimizuojama ir automatizuojama darbuotoj\u0173 darbo laiko apskaita, <strong>automati\u0161kai pildomi darbo laiko apskaitos \u017einiara\u0161\u010diai.<\/strong><\/li>\n<li><strong>Optimizuojama inventoriaus apskaita<\/strong>, kas, kuo ir kada naudojasi.<\/li>\n<li>I\u0161sami inventoriaus, priemoni\u0173, \u012franki\u0173, kt. <strong>naudojimo analiz\u0117,<\/strong> leid\u017eianti priimti optimalius sprendimus d\u0117l poreikio ir kiekio.<\/li>\n<\/ul>\n<p>[\/vc_column_text][vc_column_text css=&#8221;&#8221;]<\/p>\n<ul class=\"check-list\">\n<li>SAUGUMAS IR KONTROL\u0116<\/li>\n<\/ul>\n<ul>\n<li>\u012e konkre\u010dias patalpas, teritorij\u0105 ir pan. <strong>patenka tik teis\u0119 turintys asmenys.<\/strong><\/li>\n<li><strong>Vadovai automati\u0161kai mato,<\/strong> ar konkret\u016bs darbuotojai atvyko ir i\u0161vyko pagal jiems numatytus grafikus, <strong>gauna prane\u0161im\u0105 apie v\u0117lavim\u0105<\/strong> &#8211; galima greitai taikyti korekcinius veiksmus.<\/li>\n<li>Konkre\u010diu inventoriumi, \u012frankiais, mechanizmais, med\u017eiagomis ir konkre\u010diais duomenimis <strong>gali naudotis tik tam turintys teis\u0119<\/strong> (ma\u017eiau praradim\u0173, ai\u0161ki materialin\u0117 atsakomyb\u0117).<\/li>\n<li>Teikiama <strong>i\u0161sami informacija apie kiekvienam asmeniui suteiktas teises,<\/strong> naudojam\u0105 inventori\u0173, kt.<\/li>\n<\/ul>\n<p>[\/vc_column_text][vc_column_text css=&#8221;&#8221;]<\/p>\n<ul class=\"check-list\">\n<li>PATOGUMAS<\/li>\n<\/ul>\n<ul>\n<li><strong>Vietoje \u012fvairi\u0173 skirting\u0173 dokument\u0173<\/strong> (darbuotojo pa\u017eym\u0117jimas, leidimas, pra\u0117jimo kortel\u0117, mok\u0117jimo kortel\u0117, transporto bilietas, el. vizitin\u0117 kortel\u0117, el. para\u0161as) \u2013 <strong>viena kortel\u0117<\/strong> arba NFC telefonas ar kita inovatyvi priemon\u0117.<\/li>\n<li><strong>Darbuotojui vienoje vietoje visa informacija<\/strong> apie darb\u0173 grafikus ir tikslias u\u017eduotis.<\/li>\n<li>I\u0161sami informacija vienoje vietoje apie turimas teises, naudojam\u0105 inventori\u0173, galimas paslaugas, i\u0161laidas.<\/li>\n<\/ul>\n<p>[\/vc_column_text][vc_column_text css=&#8221;&#8221;]<\/p>\n<ul class=\"check-list\">\n<li>\u012eVAIZDIS<\/li>\n<\/ul>\n<ul>\n<li><strong>Moderni, skaitmenines technologijas veiklos procesams naudojanti \u012fmon\u0117<\/strong> kuria geras darbo s\u0105lygas \u017emon\u0117ms, augina patrauklaus darbdavio \u012fvaizd\u012f, taip gali su ma\u017eesn\u0117mis s\u0105naudomis pritraukti auk\u0161tos kvalifikacijos darbuotoj\u0173, atrodo patraukliau potencialiems klientams.<\/li>\n<\/ul>\n<p>[\/vc_column_text][\/vc_column][\/vc_row][vc_row][vc_column width=&#8221;1\/2&#8243;][vc_single_image image=&#8221;5398&#8243; img_size=&#8221;full&#8221; css_animation=&#8221;fadeIn&#8221; css=&#8221;&#8221;][\/vc_column][vc_column width=&#8221;1\/2&#8243;][vc_single_image image=&#8221;5403&#8243; img_size=&#8221;full&#8221; css_animation=&#8221;fadeIn&#8221; css=&#8221;&#8221;][\/vc_column][\/vc_row][vc_row full_width=&#8221;stretch_row&#8221; css=&#8221;.vc_custom_1617178365933{background-color: #174894 !important;}&#8221; el_class=&#8221;blue-section-header&#8221;][vc_column css=&#8221;.vc_custom_1617178564296{margin-top: 10px !important;}&#8221;][vc_column_text]<\/p>\n<h2><span style=\"color: #ffffff;\"><a style=\"color: #ffffff;\" href=\"https:\/\/acoris.lt\/kontaktai\/\"><em>Sistemoms suteikiama garantija, atliekame mokymus, vykdome palaikym\u0105 ir aptarnavim\u0105.<\/em><\/a><\/span><\/h2>\n<p>[\/vc_column_text][\/vc_column][\/vc_row]<\/p>\n<\/div>","protected":false},"excerpt":{"rendered":"<p>[vc_row][vc_column width=&#8221;1\/2&#8243;][vc_column_text css=&#8221;&#8221;]Skaitmenin\u0117s technologijos didina veiklos proces\u0173 efektyvum\u0105, augina \u012fmon\u0117s konkurencingum\u0105. Verslo proces\u0173 automatizavimas minimizuoja rankin\u012f darb\u0105, didina valdymo lankstum\u0105 ir ma\u017eina \u017emogi\u0161kojo faktoriaus \u012ftak\u0105. Statybos \u012fmon\u0117ms diegiame veiklos proces\u0173 valdymo sistemas, apjungian\u010dias materialini\u0173 (inventoriaus, \u012franki\u0173 ir mechanizm\u0173, kt.) ir \u017emogi\u0161k\u0173j\u0173 resurs\u0173 kontrol\u0119 bei apskait\u0105, panaudojimo efektyvumo analiz\u0119. Kita diegiam\u0173 sistem\u0173 grup\u0117 &#8211; gamybos arba [&hellip;]<\/p>\n","protected":false},"author":1,"featured_media":5082,"parent":0,"menu_order":0,"comment_status":"closed","ping_status":"closed","template":"","meta":{"_acf_changed":false,"_monsterinsights_skip_tracking":false,"_monsterinsights_sitenote_active":false,"_monsterinsights_sitenote_note":"","_monsterinsights_sitenote_category":0,"footnotes":""},"class_list":["post-5589","page","type-page","status-publish","has-post-thumbnail","hentry"],"acf":[],"yoast_head":"<!-- This site is optimized with the Yoast SEO plugin v27.3 - https:\/\/yoast.com\/product\/yoast-seo-wordpress\/ -->\n<title>Proces\u0173 valdymo sistemos gamybos \u012fmon\u0117ms - Acoris<\/title>\n<meta name=\"description\" content=\"Gamybos \u012fmon\u0117ms diegiame veiklos proces\u0173 valdymo sistemas, apjungian\u010dias materialini\u0173 (inventoriaus, \u012franki\u0173 ir mechanizm\u0173, kt.) ir \u017emogi\u0161k\u0173j\u0173 resurs\u0173 kontrol\u0119 bei apskait\u0105, panaudojimo efektyvumo analiz\u0119. Kita diegiam\u0173 sistem\u0173 grup\u0117 - gamybos arba veiklos proces\u0173 kontrol\u0117s ir apskaitos sistemos. Diegiamos sistemos taupo resursus ir laik\u0105, padeda efektyviai valdyti ir planuoti procesus, analizuoti atliktus veiksmus.\" \/>\n<meta name=\"robots\" content=\"index, follow, max-snippet:-1, max-image-preview:large, max-video-preview:-1\" \/>\n<link rel=\"canonical\" href=\"https:\/\/acoris.lt\/en\/statybos-imones\/\" \/>\n<meta property=\"og:locale\" content=\"en_US\" \/>\n<meta property=\"og:type\" content=\"article\" \/>\n<meta property=\"og:title\" content=\"Proces\u0173 valdymo sistemos gamybos \u012fmon\u0117ms - Acoris\" \/>\n<meta property=\"og:description\" content=\"Gamybos \u012fmon\u0117ms diegiame veiklos proces\u0173 valdymo sistemas, apjungian\u010dias materialini\u0173 (inventoriaus, \u012franki\u0173 ir mechanizm\u0173, kt.) ir \u017emogi\u0161k\u0173j\u0173 resurs\u0173 kontrol\u0119 bei apskait\u0105, panaudojimo efektyvumo analiz\u0119. Kita diegiam\u0173 sistem\u0173 grup\u0117 - gamybos arba veiklos proces\u0173 kontrol\u0117s ir apskaitos sistemos. Diegiamos sistemos taupo resursus ir laik\u0105, padeda efektyviai valdyti ir planuoti procesus, analizuoti atliktus veiksmus.\" \/>\n<meta property=\"og:url\" content=\"https:\/\/acoris.lt\/en\/statybos-imones\/\" \/>\n<meta property=\"og:site_name\" content=\"Acoris\" \/>\n<meta property=\"article:modified_time\" content=\"2025-08-11T05:11:57+00:00\" \/>\n<meta property=\"og:image\" content=\"https:\/\/acoris.lt\/wp-content\/uploads\/2025\/07\/Gamybos-imoniu-procesu-optimizavimo-sistemos.png\" \/>\n\t<meta property=\"og:image:width\" content=\"400\" \/>\n\t<meta property=\"og:image:height\" content=\"300\" \/>\n\t<meta property=\"og:image:type\" content=\"image\/png\" \/>\n<meta name=\"twitter:card\" content=\"summary_large_image\" \/>\n<meta name=\"twitter:label1\" content=\"Est. reading time\" \/>\n\t<meta name=\"twitter:data1\" content=\"5 minutes\" \/>\n<script type=\"application\/ld+json\" class=\"yoast-schema-graph\">{\"@context\":\"https:\\\/\\\/schema.org\",\"@graph\":[{\"@type\":\"WebPage\",\"@id\":\"https:\\\/\\\/acoris.lt\\\/en\\\/statybos-imones\\\/\",\"url\":\"https:\\\/\\\/acoris.lt\\\/en\\\/statybos-imones\\\/\",\"name\":\"Proces\u0173 valdymo sistemos gamybos \u012fmon\u0117ms - Acoris\",\"isPartOf\":{\"@id\":\"https:\\\/\\\/acoris.lt\\\/#website\"},\"primaryImageOfPage\":{\"@id\":\"https:\\\/\\\/acoris.lt\\\/en\\\/statybos-imones\\\/#primaryimage\"},\"image\":{\"@id\":\"https:\\\/\\\/acoris.lt\\\/en\\\/statybos-imones\\\/#primaryimage\"},\"thumbnailUrl\":\"https:\\\/\\\/acoris.lt\\\/wp-content\\\/uploads\\\/2025\\\/07\\\/Gamybos-imoniu-procesu-optimizavimo-sistemos.png\",\"datePublished\":\"2025-07-30T08:30:39+00:00\",\"dateModified\":\"2025-08-11T05:11:57+00:00\",\"description\":\"Gamybos \u012fmon\u0117ms diegiame veiklos proces\u0173 valdymo sistemas, apjungian\u010dias materialini\u0173 (inventoriaus, \u012franki\u0173 ir mechanizm\u0173, kt.) ir \u017emogi\u0161k\u0173j\u0173 resurs\u0173 kontrol\u0119 bei apskait\u0105, panaudojimo efektyvumo analiz\u0119. Kita diegiam\u0173 sistem\u0173 grup\u0117 - gamybos arba veiklos proces\u0173 kontrol\u0117s ir apskaitos sistemos. Diegiamos sistemos taupo resursus ir laik\u0105, padeda efektyviai valdyti ir planuoti procesus, analizuoti atliktus veiksmus.\",\"breadcrumb\":{\"@id\":\"https:\\\/\\\/acoris.lt\\\/en\\\/statybos-imones\\\/#breadcrumb\"},\"inLanguage\":\"en-US\",\"potentialAction\":[{\"@type\":\"ReadAction\",\"target\":[\"https:\\\/\\\/acoris.lt\\\/en\\\/statybos-imones\\\/\"]}]},{\"@type\":\"ImageObject\",\"inLanguage\":\"en-US\",\"@id\":\"https:\\\/\\\/acoris.lt\\\/en\\\/statybos-imones\\\/#primaryimage\",\"url\":\"https:\\\/\\\/acoris.lt\\\/wp-content\\\/uploads\\\/2025\\\/07\\\/Gamybos-imoniu-procesu-optimizavimo-sistemos.png\",\"contentUrl\":\"https:\\\/\\\/acoris.lt\\\/wp-content\\\/uploads\\\/2025\\\/07\\\/Gamybos-imoniu-procesu-optimizavimo-sistemos.png\",\"width\":400,\"height\":300,\"caption\":\"Gamybos \u012fmoni\u0173 proces\u0173 optimizavimo sistemos\"},{\"@type\":\"BreadcrumbList\",\"@id\":\"https:\\\/\\\/acoris.lt\\\/en\\\/statybos-imones\\\/#breadcrumb\",\"itemListElement\":[{\"@type\":\"ListItem\",\"position\":1,\"name\":\"Home\",\"item\":\"https:\\\/\\\/acoris.lt\\\/en\\\/\"},{\"@type\":\"ListItem\",\"position\":2,\"name\":\"Statybos \u012fmon\u0117s\"}]},{\"@type\":\"WebSite\",\"@id\":\"https:\\\/\\\/acoris.lt\\\/#website\",\"url\":\"https:\\\/\\\/acoris.lt\\\/\",\"name\":\"Acoris\",\"description\":\"Integruotos sistemos\",\"publisher\":{\"@id\":\"https:\\\/\\\/acoris.lt\\\/#organization\"},\"potentialAction\":[{\"@type\":\"SearchAction\",\"target\":{\"@type\":\"EntryPoint\",\"urlTemplate\":\"https:\\\/\\\/acoris.lt\\\/?s={search_term_string}\"},\"query-input\":{\"@type\":\"PropertyValueSpecification\",\"valueRequired\":true,\"valueName\":\"search_term_string\"}}],\"inLanguage\":\"en-US\"},{\"@type\":\"Organization\",\"@id\":\"https:\\\/\\\/acoris.lt\\\/#organization\",\"name\":\"Acoris\",\"url\":\"https:\\\/\\\/acoris.lt\\\/\",\"logo\":{\"@type\":\"ImageObject\",\"inLanguage\":\"en-US\",\"@id\":\"https:\\\/\\\/acoris.lt\\\/#\\\/schema\\\/logo\\\/image\\\/\",\"url\":\"https:\\\/\\\/acoris.lt\\\/wp-content\\\/uploads\\\/2023\\\/12\\\/acoris.jpg\",\"contentUrl\":\"https:\\\/\\\/acoris.lt\\\/wp-content\\\/uploads\\\/2023\\\/12\\\/acoris.jpg\",\"width\":600,\"height\":600,\"caption\":\"Acoris\"},\"image\":{\"@id\":\"https:\\\/\\\/acoris.lt\\\/#\\\/schema\\\/logo\\\/image\\\/\"}}]}<\/script>\n<!-- \/ Yoast SEO plugin. -->","yoast_head_json":{"title":"Proces\u0173 valdymo sistemos gamybos \u012fmon\u0117ms - Acoris","description":"Gamybos \u012fmon\u0117ms diegiame veiklos proces\u0173 valdymo sistemas, apjungian\u010dias materialini\u0173 (inventoriaus, \u012franki\u0173 ir mechanizm\u0173, kt.) ir \u017emogi\u0161k\u0173j\u0173 resurs\u0173 kontrol\u0119 bei apskait\u0105, panaudojimo efektyvumo analiz\u0119. Kita diegiam\u0173 sistem\u0173 grup\u0117 - gamybos arba veiklos proces\u0173 kontrol\u0117s ir apskaitos sistemos. Diegiamos sistemos taupo resursus ir laik\u0105, padeda efektyviai valdyti ir planuoti procesus, analizuoti atliktus veiksmus.","robots":{"index":"index","follow":"follow","max-snippet":"max-snippet:-1","max-image-preview":"max-image-preview:large","max-video-preview":"max-video-preview:-1"},"canonical":"https:\/\/acoris.lt\/en\/statybos-imones\/","og_locale":"en_US","og_type":"article","og_title":"Proces\u0173 valdymo sistemos gamybos \u012fmon\u0117ms - Acoris","og_description":"Gamybos \u012fmon\u0117ms diegiame veiklos proces\u0173 valdymo sistemas, apjungian\u010dias materialini\u0173 (inventoriaus, \u012franki\u0173 ir mechanizm\u0173, kt.) ir \u017emogi\u0161k\u0173j\u0173 resurs\u0173 kontrol\u0119 bei apskait\u0105, panaudojimo efektyvumo analiz\u0119. Kita diegiam\u0173 sistem\u0173 grup\u0117 - gamybos arba veiklos proces\u0173 kontrol\u0117s ir apskaitos sistemos. Diegiamos sistemos taupo resursus ir laik\u0105, padeda efektyviai valdyti ir planuoti procesus, analizuoti atliktus veiksmus.","og_url":"https:\/\/acoris.lt\/en\/statybos-imones\/","og_site_name":"Acoris","article_modified_time":"2025-08-11T05:11:57+00:00","og_image":[{"width":400,"height":300,"url":"https:\/\/acoris.lt\/wp-content\/uploads\/2025\/07\/Gamybos-imoniu-procesu-optimizavimo-sistemos.png","type":"image\/png"}],"twitter_card":"summary_large_image","twitter_misc":{"Est. reading time":"5 minutes"},"schema":{"@context":"https:\/\/schema.org","@graph":[{"@type":"WebPage","@id":"https:\/\/acoris.lt\/en\/statybos-imones\/","url":"https:\/\/acoris.lt\/en\/statybos-imones\/","name":"Proces\u0173 valdymo sistemos gamybos \u012fmon\u0117ms - Acoris","isPartOf":{"@id":"https:\/\/acoris.lt\/#website"},"primaryImageOfPage":{"@id":"https:\/\/acoris.lt\/en\/statybos-imones\/#primaryimage"},"image":{"@id":"https:\/\/acoris.lt\/en\/statybos-imones\/#primaryimage"},"thumbnailUrl":"https:\/\/acoris.lt\/wp-content\/uploads\/2025\/07\/Gamybos-imoniu-procesu-optimizavimo-sistemos.png","datePublished":"2025-07-30T08:30:39+00:00","dateModified":"2025-08-11T05:11:57+00:00","description":"Gamybos \u012fmon\u0117ms diegiame veiklos proces\u0173 valdymo sistemas, apjungian\u010dias materialini\u0173 (inventoriaus, \u012franki\u0173 ir mechanizm\u0173, kt.) ir \u017emogi\u0161k\u0173j\u0173 resurs\u0173 kontrol\u0119 bei apskait\u0105, panaudojimo efektyvumo analiz\u0119. Kita diegiam\u0173 sistem\u0173 grup\u0117 - gamybos arba veiklos proces\u0173 kontrol\u0117s ir apskaitos sistemos. Diegiamos sistemos taupo resursus ir laik\u0105, padeda efektyviai valdyti ir planuoti procesus, analizuoti atliktus veiksmus.","breadcrumb":{"@id":"https:\/\/acoris.lt\/en\/statybos-imones\/#breadcrumb"},"inLanguage":"en-US","potentialAction":[{"@type":"ReadAction","target":["https:\/\/acoris.lt\/en\/statybos-imones\/"]}]},{"@type":"ImageObject","inLanguage":"en-US","@id":"https:\/\/acoris.lt\/en\/statybos-imones\/#primaryimage","url":"https:\/\/acoris.lt\/wp-content\/uploads\/2025\/07\/Gamybos-imoniu-procesu-optimizavimo-sistemos.png","contentUrl":"https:\/\/acoris.lt\/wp-content\/uploads\/2025\/07\/Gamybos-imoniu-procesu-optimizavimo-sistemos.png","width":400,"height":300,"caption":"Gamybos \u012fmoni\u0173 proces\u0173 optimizavimo sistemos"},{"@type":"BreadcrumbList","@id":"https:\/\/acoris.lt\/en\/statybos-imones\/#breadcrumb","itemListElement":[{"@type":"ListItem","position":1,"name":"Home","item":"https:\/\/acoris.lt\/en\/"},{"@type":"ListItem","position":2,"name":"Statybos \u012fmon\u0117s"}]},{"@type":"WebSite","@id":"https:\/\/acoris.lt\/#website","url":"https:\/\/acoris.lt\/","name":"Acoris","description":"Integruotos sistemos","publisher":{"@id":"https:\/\/acoris.lt\/#organization"},"potentialAction":[{"@type":"SearchAction","target":{"@type":"EntryPoint","urlTemplate":"https:\/\/acoris.lt\/?s={search_term_string}"},"query-input":{"@type":"PropertyValueSpecification","valueRequired":true,"valueName":"search_term_string"}}],"inLanguage":"en-US"},{"@type":"Organization","@id":"https:\/\/acoris.lt\/#organization","name":"Acoris","url":"https:\/\/acoris.lt\/","logo":{"@type":"ImageObject","inLanguage":"en-US","@id":"https:\/\/acoris.lt\/#\/schema\/logo\/image\/","url":"https:\/\/acoris.lt\/wp-content\/uploads\/2023\/12\/acoris.jpg","contentUrl":"https:\/\/acoris.lt\/wp-content\/uploads\/2023\/12\/acoris.jpg","width":600,"height":600,"caption":"Acoris"},"image":{"@id":"https:\/\/acoris.lt\/#\/schema\/logo\/image\/"}}]}},"_links":{"self":[{"href":"https:\/\/acoris.lt\/en\/wp-json\/wp\/v2\/pages\/5589","targetHints":{"allow":["GET"]}}],"collection":[{"href":"https:\/\/acoris.lt\/en\/wp-json\/wp\/v2\/pages"}],"about":[{"href":"https:\/\/acoris.lt\/en\/wp-json\/wp\/v2\/types\/page"}],"author":[{"embeddable":true,"href":"https:\/\/acoris.lt\/en\/wp-json\/wp\/v2\/users\/1"}],"replies":[{"embeddable":true,"href":"https:\/\/acoris.lt\/en\/wp-json\/wp\/v2\/comments?post=5589"}],"version-history":[{"count":2,"href":"https:\/\/acoris.lt\/en\/wp-json\/wp\/v2\/pages\/5589\/revisions"}],"predecessor-version":[{"id":5602,"href":"https:\/\/acoris.lt\/en\/wp-json\/wp\/v2\/pages\/5589\/revisions\/5602"}],"wp:featuredmedia":[{"embeddable":true,"href":"https:\/\/acoris.lt\/en\/wp-json\/wp\/v2\/media\/5082"}],"wp:attachment":[{"href":"https:\/\/acoris.lt\/en\/wp-json\/wp\/v2\/media?parent=5589"}],"curies":[{"name":"wp","href":"https:\/\/api.w.org\/{rel}","templated":true}]}}