{"id":5591,"date":"2025-07-14T10:14:55","date_gmt":"2025-07-14T07:14:55","guid":{"rendered":"https:\/\/acoris.lt\/viesosios-istaigos\/"},"modified":"2025-08-11T08:11:51","modified_gmt":"2025-08-11T05:11:51","slug":"viesosios-istaigos","status":"publish","type":"page","link":"https:\/\/acoris.lt\/en\/viesosios-istaigos\/","title":{"rendered":"Vie\u0161osios \u012fstaigos"},"content":{"rendered":"<div class=\"wpb-content-wrapper\"><p>[vc_row][vc_column width=&#8221;1\/2&#8243;][vc_column_text css=&#8221;&#8221;]Vie\u0161osioms \u012fstaigoms, tokioms kaip &#8211; savivaldyb\u0117s, valstybin\u0117s institucijos, kult\u016bros, sporto centrai &#8211; diegiame <strong>modernias skaitmenines sistemas<\/strong>, skirtas pra\u0117jimo \u012f teritorij\u0105 ir patalpas kontrolei bei registracijai, naudojamo inventoriaus ir kabinet\u0173 rakt\u0173 apskaitai, parkavimo kontrolei, rengini\u0173 bei konferencij\u0173 administravimui.<\/p>\n<p>Visos \u012fdiegtos sistemos <strong>apjungiamos viena programa<\/strong>, kurioje matosi i\u0161samios naudojimo ataskaitos. Programa gali b\u016bti integruojama su naudojama buhalterine programa ar kitomis verslo valdymo sistemomis.<\/p>\n<p>Programa gali \u012f viening\u0105 sistem\u0105 sujungti parkavimo sistem\u0105, automatin\u0119 pra\u0117jimo kontrol\u0119, naudojamo inventoriaus apskait\u0105 bei kitas paslaugas ir prekes. <strong>Vieninga sistema u\u017etikrina efektyv\u0173 veiklos proces\u0173 valdym\u0105, ma\u017eina s\u0105naudas, optimizuoja turimus resursus.<\/strong><\/p>\n<p><strong>Tokios sistemos kuria vertes vadovams bei darbuotojams, klientams ir greitai atsiperka.<\/strong>[\/vc_column_text][\/vc_column][vc_column width=&#8221;1\/2&#8243;][vc_single_image image=&#8221;5294&#8243; img_size=&#8221;full&#8221; css_animation=&#8221;fadeInUp&#8221; css=&#8221;&#8221;][\/vc_column][\/vc_row][vc_row full_width=&#8221;stretch_row&#8221; css=&#8221;.vc_custom_1617178365933{background-color: #174894 !important;}&#8221; el_class=&#8221;blue-section-header&#8221;][vc_column css=&#8221;.vc_custom_1617178564296{margin-top: 10px !important;}&#8221;][vc_column_text]<\/p>\n<h2><em>Diegiamos sistemos <\/em><\/h2>\n<p>[\/vc_column_text][\/vc_column][\/vc_row][vc_row full_width=&#8221;stretch_row&#8221; el_class=&#8221;home_box_wrap&#8221;][vc_column][vc_row_inner equal_height=&#8221;yes&#8221; gap=&#8221;5&#8243;][vc_column_inner width=&#8221;1\/4&#8243; css=&#8221;.vc_custom_1617704943623{border-top-width: 3px !important;border-right-width: 3px !important;border-bottom-width: 3px !important;border-left-width: px !important;border-left-color: #1f428d !important;border-left-style: solid !important;border-right-color: #1f428d !important;border-right-style: solid !important;border-top-color: #1f428d !important;border-top-style: solid !important;border-bottom-color: #1f428d !important;border-bottom-style: solid !important;border-radius: 10px !important;}&#8221;][vc_single_image image=&#8221;5368&#8243; img_size=&#8221;150&#215;150&#8243; alignment=&#8221;center&#8221; onclick=&#8221;custom_link&#8221; css_animation=&#8221;fadeIn&#8221; css=&#8221;&#8221; link=&#8221;https:\/\/acoris.lt\/praejimo-kontroles-sistema\/&#8221;][vc_column_text css=&#8221;&#8221;]<\/p>\n<h3 style=\"text-align: center;\"><a href=\"https:\/\/acoris.lt\/praejimo-kontroles-sistema\/\"><span style=\"color: #174894;\"><strong>Pra\u0117jimo kontrol\u0117s sistema<\/strong><\/span><\/a><\/h3>\n<p style=\"text-align: center;\">Darbuotojai ir klientai \u012f patalpas ar teritorij\u0105 patenka tik ten ir tada, kaip jiems yra numatyta. Vykdoma automatin\u0117 atvykimo ir i\u0161vykimo registracija. Pra\u0117jimo kontrol\u0119 galima papildyti automatiniu\u00a0 temperat\u016bros matuokliu, alkotesteriu.<\/p>\n<p>[\/vc_column_text][\/vc_column_inner][vc_column_inner width=&#8221;1\/4&#8243; css=&#8221;.vc_custom_1617654488845{border-top-width: 3px !important;border-right-width: 3px !important;border-bottom-width: 3px !important;border-left-width: 3px !important;border-left-color: #1f428d !important;border-left-style: solid !important;border-right-color: #1f428d !important;border-right-style: solid !important;border-top-color: #1f428d !important;border-top-style: solid !important;border-bottom-color: #1f428d !important;border-bottom-style: solid !important;border-radius: 10px !important;}&#8221;][vc_single_image image=&#8221;5478&#8243; img_size=&#8221;150&#215;150&#8243; alignment=&#8221;center&#8221; onclick=&#8221;custom_link&#8221; css_animation=&#8221;fadeIn&#8221; css=&#8221;&#8221; link=&#8221;https:\/\/acoris.lt\/inventoriaus-apskaitos-sistema\/&#8221;][vc_column_text]<\/p>\n<h3 style=\"text-align: center;\"><span style=\"color: #174894;\"><a style=\"color: #174894;\" href=\"https:\/\/acoris.lt\/inventoriaus-apskaitos-sistema\/\"><strong>Inventoriaus apskaitos sistema<\/strong><\/a><\/span><\/h3>\n<p style=\"text-align: center;\">Kabinet\u0173 rakt\u0173, ne\u0161iojam\u0173 kompiuteri\u0173 ir kt. apskaita (kas, k\u0105, kada pa\u0117m\u0117 ir gr\u0105\u017eino).<\/p>\n<p>[\/vc_column_text][\/vc_column_inner][vc_column_inner width=&#8221;1\/4&#8243; css=&#8221;.vc_custom_1617704956813{border-top-width: 3px !important;border-right-width: 3px !important;border-bottom-width: 3px !important;border-left-width: 3px !important;border-left-color: #1f428d !important;border-left-style: solid !important;border-right-color: #1f428d !important;border-right-style: solid !important;border-top-color: #1f428d !important;border-top-style: solid !important;border-bottom-color: #1f428d !important;border-bottom-style: solid !important;border-radius: 10px !important;}&#8221; el_id=&#8221;https:\/\/acoris.lt\/parkavimo-aiksteliu-sistemos\/&#8221;][vc_single_image image=&#8221;5335&#8243; img_size=&#8221;150&#215;150&#8243; alignment=&#8221;center&#8221; onclick=&#8221;custom_link&#8221; css_animation=&#8221;fadeIn&#8221; css=&#8221;.vc_custom_1753950420119{margin-right: 20px !important;border-top-width: 3px !important;border-right-width: 3px !important;border-bottom-width: 3px !important;border-left-width: 3px !important;border-radius: 10px !important;}&#8221; link=&#8221;https:\/\/acoris.lt\/parkingo-ir-transporto-kontroles-sistema\/&#8221;][vc_column_text]<\/p>\n<h3 style=\"text-align: center;\"><span style=\"color: #174894;\"><a style=\"color: #174894;\" href=\"https:\/\/acoris.lt\/parkingo-ir-transporto-kontroles-sistema\/\"><strong>Parkingo ir transporto kontrol\u0117s sistema<\/strong><\/a><\/span><\/h3>\n<p style=\"text-align: center;\">Automati\u0161kai kontroliuoja automobili\u0173 parking\u0105 (kas, kada, kur gali parkuoti automobil\u012f).<\/p>\n<p>[\/vc_column_text][\/vc_column_inner][vc_column_inner width=&#8221;1\/4&#8243; css=&#8221;.vc_custom_1617704949541{border-top-width: 3px !important;border-right-width: 3px !important;border-bottom-width: 3px !important;border-left-width: 3px !important;border-left-color: #1f428d !important;border-left-style: solid !important;border-right-color: #1f428d !important;border-right-style: solid !important;border-top-color: #1f428d !important;border-top-style: solid !important;border-bottom-color: #1f428d !important;border-bottom-style: solid !important;border-radius: 10px !important;}&#8221;][vc_single_image image=&#8221;5375&#8243; img_size=&#8221;150&#215;150&#8243; alignment=&#8221;center&#8221; onclick=&#8221;custom_link&#8221; css_animation=&#8221;fadeIn&#8221; css=&#8221;&#8221; link=&#8221;https:\/\/acoris.lt\/apgyvendinimo-ir-paslaugu-rezervavimo-atsiskaitymo-ir-valdymo-sistema\/&#8221;][vc_column_text css=&#8221;&#8221;]<\/p>\n<h3 style=\"text-align: center;\"><a href=\"https:\/\/acoris.lt\/automatine-darbo-laiko-kontroles-sistema\/\"><strong><span style=\"color: #174894;\">Automatin\u0117 darbo laiko kontrol\u0117s sistema<\/span><\/strong><\/a><\/h3>\n<p style=\"text-align: center;\">Vykdoma dirban\u010dio personalo darbo laiko apskaita: kas, kada atvyko ir i\u0161vyko, ar atlikti b\u016btini darbai.<\/p>\n<p style=\"text-align: center;\">.<\/p>\n<p>[\/vc_column_text][\/vc_column_inner][\/vc_row_inner][\/vc_column][\/vc_row][vc_row full_width=&#8221;stretch_row&#8221; el_class=&#8221;home_box_wrap&#8221;][vc_column][vc_empty_space height=&#8221;20px&#8221;][vc_empty_space height=&#8221;20px&#8221;][\/vc_column][\/vc_row][vc_row full_width=&#8221;stretch_row&#8221; css=&#8221;.vc_custom_1617178365933{background-color: #174894 !important;}&#8221; el_class=&#8221;blue-section-header&#8221;][vc_column css=&#8221;.vc_custom_1617178564296{margin-top: 10px !important;}&#8221;][vc_column_text css=&#8221;&#8221;]<\/p>\n<h2><em>Sistem\u0173 diegimas vie\u0161osiose \u012fstaigose<\/em><\/h2>\n<p>[\/vc_column_text][\/vc_column][\/vc_row][vc_row][vc_column][vc_column_text css=&#8221;&#8221;]<\/p>\n<ul class=\"check-list\">\n<li>SAUGUMAS<\/li>\n<\/ul>\n<ul>\n<li>\u012e konkre\u010dias patalpas\/teritorij\u0105 patenka <strong>tik teis\u0119 turintys asmenys<\/strong>. Galima panaudoti ir atskiriems renginiams.<\/li>\n<li>Konkre\u010diu inventoriumi ir konkre\u010diais duomenimis gali naudotis tik tam turintys teis\u0119.<\/li>\n<li><strong>Saugus, patogus atsiskaitymas<\/strong> u\u017e \u012fvairias prekes ir paslaugas, rizik\u0173 valdymas.<\/li>\n<li>Pametus ar praradus galima <strong>blokuoti bet kok\u012f neteis\u0117t\u0105 panaudojim\u0105<\/strong>.<\/li>\n<\/ul>\n<p>[\/vc_column_text][vc_column_text css=&#8221;&#8221;]<\/p>\n<ul class=\"check-list\">\n<li>EFEKTYVUMO DIDINIMAS<\/li>\n<\/ul>\n<ul>\n<li>Optimizuojama ir automatizuojama darbuotoj\u0173 darbo laiko apskaita <strong>automati\u0161kai pildomi<\/strong> darbo laiko apskaitos \u017einiara\u0161\u010diai ir <strong>apskai\u010diuojami atlyginimai.<\/strong><\/li>\n<li><strong>Optimizuojama nuomojam\u0173 priemoni\u0173 apskaita.<\/strong>\u00a0I\u0161sami naudojimo analiz\u0117 leid\u017eia priimti optimalius sprendimus d\u0117l poreikio ir kiekio<\/li>\n<li>Optimizuojama ir automatizuojama <strong>atsiskaitym\u0173 u\u017e \u012fvairias prekes ir paslaugas apskaita.<\/strong><\/li>\n<li><strong>\u012evairios priemon\u0117s vienoje vietoje:<\/strong> darbuotojo pa\u017eym\u0117jimas, kliento leidimas, pra\u0117jimo kortel\u0117, parkavimo kortel\u0117, atsiskaitym\u0173 kortel\u0117, nuolaid\u0173 kortel\u0117s, kt<\/li>\n<\/ul>\n<p>[\/vc_column_text][vc_column_text css=&#8221;&#8221;]<\/p>\n<ul class=\"check-list\">\n<li>PATOGUMAS<\/li>\n<\/ul>\n<ul>\n<li>I\u0161sami informacija apie kiekvienam asmeniui suteiktas teises, naudojam\u0105 inventori\u0173.<\/li>\n<li>Galimyb\u0117 klientams pasi\u016blyti \u012fvairi\u0173 papildom\u0173 paslaug\u0173<\/li>\n<li>Galimyb\u0117\u00a0<strong>pasi\u016blyti \u012fvairi\u0173 nauj\u0173 papildom\u0173 paslaug\u0173<\/strong>\u00a0(dovan\u0173 kuponai, maitinimo kuponai, nuolaidos, akcijos, kt).<\/li>\n<\/ul>\n<p>[\/vc_column_text][vc_column_text css=&#8221;&#8221;]<\/p>\n<ul class=\"check-list\">\n<li>\u012eVAIZDIS<\/li>\n<\/ul>\n<ul>\n<li><strong>Moderni \u012fstaiga su \u0161iuolaikiniais sprendimais<\/strong>\u00a0ir papildomomis naudomis darbuotojams bei klientams kuria\u00a0<strong>atsakingos, \u012f klientus orientuotos organizacijos \u012fvaizd\u012f.<\/strong><\/li>\n<\/ul>\n<p>[\/vc_column_text][\/vc_column][\/vc_row][vc_row][vc_column width=&#8221;1\/2&#8243;][vc_single_image image=&#8221;5289&#8243; img_size=&#8221;full&#8221; css_animation=&#8221;fadeIn&#8221; css=&#8221;&#8221;][\/vc_column][vc_column width=&#8221;1\/2&#8243;][vc_single_image image=&#8221;5284&#8243; img_size=&#8221;full&#8221; css_animation=&#8221;fadeIn&#8221; css=&#8221;&#8221;][\/vc_column][\/vc_row][vc_row full_width=&#8221;stretch_row&#8221; css=&#8221;.vc_custom_1617178365933{background-color: #174894 !important;}&#8221; el_class=&#8221;blue-section-header&#8221;][vc_column css=&#8221;.vc_custom_1617178564296{margin-top: 10px !important;}&#8221;][vc_column_text]<\/p>\n<h2><span style=\"color: #ffffff;\"><a style=\"color: #ffffff;\" href=\"https:\/\/acoris.lt\/kontaktai\/\"><em>Konsultuojame, diegiame, sistemoms suteikiama garantija, atliekame mokymus, prie\u017ei\u016br\u0105 ir aptarnavim\u0105.<\/em><\/a><\/span><\/h2>\n<p>[\/vc_column_text][\/vc_column][\/vc_row]<\/p>\n<\/div>","protected":false},"excerpt":{"rendered":"<p>[vc_row][vc_column width=&#8221;1\/2&#8243;][vc_column_text css=&#8221;&#8221;]Vie\u0161osioms \u012fstaigoms, tokioms kaip &#8211; savivaldyb\u0117s, valstybin\u0117s institucijos, kult\u016bros, sporto centrai &#8211; diegiame modernias skaitmenines sistemas, skirtas pra\u0117jimo \u012f teritorij\u0105 ir patalpas kontrolei bei registracijai, naudojamo inventoriaus ir kabinet\u0173 rakt\u0173 apskaitai, parkavimo kontrolei, rengini\u0173 bei konferencij\u0173 administravimui. Visos \u012fdiegtos sistemos apjungiamos viena programa, kurioje matosi i\u0161samios naudojimo ataskaitos. Programa gali b\u016bti integruojama su [&hellip;]<\/p>\n","protected":false},"author":14,"featured_media":5211,"parent":0,"menu_order":0,"comment_status":"closed","ping_status":"closed","template":"","meta":{"_acf_changed":false,"_monsterinsights_skip_tracking":false,"_monsterinsights_sitenote_active":false,"_monsterinsights_sitenote_note":"","_monsterinsights_sitenote_category":0,"footnotes":""},"class_list":["post-5591","page","type-page","status-publish","has-post-thumbnail","hentry"],"acf":[],"yoast_head":"<!-- This site is optimized with the Yoast SEO plugin v27.3 - https:\/\/yoast.com\/product\/yoast-seo-wordpress\/ -->\n<title>Mokymo \u012fstaig\u0173 automatizuotos administravimo sistemos - Acoris<\/title>\n<meta name=\"description\" content=\"Universitetams, kolegijoms, mokykloms, dar\u017eeliams ir kitoms ugdymo \u012fstaigoms diegiame modernias skaitmenines sistemas, skirtas pra\u0117jimo \u012f teritorij\u0105 ir u\u017esi\u0117mimus kontrolei bei registracijai, maitinimo apskaitai ir apmok\u0117jimui, naudojamo inventoriaus ir kabinet\u0173 rakt\u0173 apskaitai, parkavimo kontrolei, rengini\u0173 ir bendrabu\u010di\u0173 administravimui.\" \/>\n<meta name=\"robots\" content=\"index, follow, max-snippet:-1, max-image-preview:large, max-video-preview:-1\" \/>\n<link rel=\"canonical\" href=\"https:\/\/acoris.lt\/en\/viesosios-istaigos\/\" \/>\n<meta property=\"og:locale\" content=\"en_US\" \/>\n<meta property=\"og:type\" content=\"article\" \/>\n<meta property=\"og:title\" content=\"Mokymo \u012fstaig\u0173 automatizuotos administravimo sistemos - Acoris\" \/>\n<meta property=\"og:description\" content=\"Universitetams, kolegijoms, mokykloms, dar\u017eeliams ir kitoms ugdymo \u012fstaigoms diegiame modernias skaitmenines sistemas, skirtas pra\u0117jimo \u012f teritorij\u0105 ir u\u017esi\u0117mimus kontrolei bei registracijai, maitinimo apskaitai ir apmok\u0117jimui, naudojamo inventoriaus ir kabinet\u0173 rakt\u0173 apskaitai, parkavimo kontrolei, rengini\u0173 ir bendrabu\u010di\u0173 administravimui.\" \/>\n<meta property=\"og:url\" content=\"https:\/\/acoris.lt\/en\/viesosios-istaigos\/\" \/>\n<meta property=\"og:site_name\" content=\"Acoris\" \/>\n<meta property=\"article:modified_time\" content=\"2025-08-11T05:11:51+00:00\" \/>\n<meta property=\"og:image\" content=\"https:\/\/acoris.lt\/wp-content\/uploads\/2025\/07\/Procesu-valdymas-viesosiose-istaigose.png\" \/>\n\t<meta property=\"og:image:width\" content=\"600\" \/>\n\t<meta property=\"og:image:height\" content=\"450\" \/>\n\t<meta property=\"og:image:type\" content=\"image\/png\" \/>\n<meta name=\"twitter:card\" content=\"summary_large_image\" \/>\n<meta name=\"twitter:label1\" content=\"Est. reading time\" \/>\n\t<meta name=\"twitter:data1\" content=\"4 minutes\" \/>\n<script type=\"application\/ld+json\" class=\"yoast-schema-graph\">{\"@context\":\"https:\\\/\\\/schema.org\",\"@graph\":[{\"@type\":\"WebPage\",\"@id\":\"https:\\\/\\\/acoris.lt\\\/en\\\/viesosios-istaigos\\\/\",\"url\":\"https:\\\/\\\/acoris.lt\\\/en\\\/viesosios-istaigos\\\/\",\"name\":\"Mokymo \u012fstaig\u0173 automatizuotos administravimo sistemos - Acoris\",\"isPartOf\":{\"@id\":\"https:\\\/\\\/acoris.lt\\\/#website\"},\"primaryImageOfPage\":{\"@id\":\"https:\\\/\\\/acoris.lt\\\/en\\\/viesosios-istaigos\\\/#primaryimage\"},\"image\":{\"@id\":\"https:\\\/\\\/acoris.lt\\\/en\\\/viesosios-istaigos\\\/#primaryimage\"},\"thumbnailUrl\":\"https:\\\/\\\/acoris.lt\\\/wp-content\\\/uploads\\\/2025\\\/07\\\/Procesu-valdymas-viesosiose-istaigose.png\",\"datePublished\":\"2025-07-14T07:14:55+00:00\",\"dateModified\":\"2025-08-11T05:11:51+00:00\",\"description\":\"Universitetams, kolegijoms, mokykloms, dar\u017eeliams ir kitoms ugdymo \u012fstaigoms diegiame modernias skaitmenines sistemas, skirtas pra\u0117jimo \u012f teritorij\u0105 ir u\u017esi\u0117mimus kontrolei bei registracijai, maitinimo apskaitai ir apmok\u0117jimui, naudojamo inventoriaus ir kabinet\u0173 rakt\u0173 apskaitai, parkavimo kontrolei, rengini\u0173 ir bendrabu\u010di\u0173 administravimui.\",\"breadcrumb\":{\"@id\":\"https:\\\/\\\/acoris.lt\\\/en\\\/viesosios-istaigos\\\/#breadcrumb\"},\"inLanguage\":\"en-US\",\"potentialAction\":[{\"@type\":\"ReadAction\",\"target\":[\"https:\\\/\\\/acoris.lt\\\/en\\\/viesosios-istaigos\\\/\"]}]},{\"@type\":\"ImageObject\",\"inLanguage\":\"en-US\",\"@id\":\"https:\\\/\\\/acoris.lt\\\/en\\\/viesosios-istaigos\\\/#primaryimage\",\"url\":\"https:\\\/\\\/acoris.lt\\\/wp-content\\\/uploads\\\/2025\\\/07\\\/Procesu-valdymas-viesosiose-istaigose.png\",\"contentUrl\":\"https:\\\/\\\/acoris.lt\\\/wp-content\\\/uploads\\\/2025\\\/07\\\/Procesu-valdymas-viesosiose-istaigose.png\",\"width\":600,\"height\":450,\"caption\":\"Proces\u0173 valdymas vie\u0161osiose \u012fstaigose\"},{\"@type\":\"BreadcrumbList\",\"@id\":\"https:\\\/\\\/acoris.lt\\\/en\\\/viesosios-istaigos\\\/#breadcrumb\",\"itemListElement\":[{\"@type\":\"ListItem\",\"position\":1,\"name\":\"Home\",\"item\":\"https:\\\/\\\/acoris.lt\\\/en\\\/\"},{\"@type\":\"ListItem\",\"position\":2,\"name\":\"Vie\u0161osios \u012fstaigos\"}]},{\"@type\":\"WebSite\",\"@id\":\"https:\\\/\\\/acoris.lt\\\/#website\",\"url\":\"https:\\\/\\\/acoris.lt\\\/\",\"name\":\"Acoris\",\"description\":\"Integruotos sistemos\",\"publisher\":{\"@id\":\"https:\\\/\\\/acoris.lt\\\/#organization\"},\"potentialAction\":[{\"@type\":\"SearchAction\",\"target\":{\"@type\":\"EntryPoint\",\"urlTemplate\":\"https:\\\/\\\/acoris.lt\\\/?s={search_term_string}\"},\"query-input\":{\"@type\":\"PropertyValueSpecification\",\"valueRequired\":true,\"valueName\":\"search_term_string\"}}],\"inLanguage\":\"en-US\"},{\"@type\":\"Organization\",\"@id\":\"https:\\\/\\\/acoris.lt\\\/#organization\",\"name\":\"Acoris\",\"url\":\"https:\\\/\\\/acoris.lt\\\/\",\"logo\":{\"@type\":\"ImageObject\",\"inLanguage\":\"en-US\",\"@id\":\"https:\\\/\\\/acoris.lt\\\/#\\\/schema\\\/logo\\\/image\\\/\",\"url\":\"https:\\\/\\\/acoris.lt\\\/wp-content\\\/uploads\\\/2023\\\/12\\\/acoris.jpg\",\"contentUrl\":\"https:\\\/\\\/acoris.lt\\\/wp-content\\\/uploads\\\/2023\\\/12\\\/acoris.jpg\",\"width\":600,\"height\":600,\"caption\":\"Acoris\"},\"image\":{\"@id\":\"https:\\\/\\\/acoris.lt\\\/#\\\/schema\\\/logo\\\/image\\\/\"}}]}<\/script>\n<!-- \/ Yoast SEO plugin. -->","yoast_head_json":{"title":"Mokymo \u012fstaig\u0173 automatizuotos administravimo sistemos - Acoris","description":"Universitetams, kolegijoms, mokykloms, dar\u017eeliams ir kitoms ugdymo \u012fstaigoms diegiame modernias skaitmenines sistemas, skirtas pra\u0117jimo \u012f teritorij\u0105 ir u\u017esi\u0117mimus kontrolei bei registracijai, maitinimo apskaitai ir apmok\u0117jimui, naudojamo inventoriaus ir kabinet\u0173 rakt\u0173 apskaitai, parkavimo kontrolei, rengini\u0173 ir bendrabu\u010di\u0173 administravimui.","robots":{"index":"index","follow":"follow","max-snippet":"max-snippet:-1","max-image-preview":"max-image-preview:large","max-video-preview":"max-video-preview:-1"},"canonical":"https:\/\/acoris.lt\/en\/viesosios-istaigos\/","og_locale":"en_US","og_type":"article","og_title":"Mokymo \u012fstaig\u0173 automatizuotos administravimo sistemos - Acoris","og_description":"Universitetams, kolegijoms, mokykloms, dar\u017eeliams ir kitoms ugdymo \u012fstaigoms diegiame modernias skaitmenines sistemas, skirtas pra\u0117jimo \u012f teritorij\u0105 ir u\u017esi\u0117mimus kontrolei bei registracijai, maitinimo apskaitai ir apmok\u0117jimui, naudojamo inventoriaus ir kabinet\u0173 rakt\u0173 apskaitai, parkavimo kontrolei, rengini\u0173 ir bendrabu\u010di\u0173 administravimui.","og_url":"https:\/\/acoris.lt\/en\/viesosios-istaigos\/","og_site_name":"Acoris","article_modified_time":"2025-08-11T05:11:51+00:00","og_image":[{"width":600,"height":450,"url":"https:\/\/acoris.lt\/wp-content\/uploads\/2025\/07\/Procesu-valdymas-viesosiose-istaigose.png","type":"image\/png"}],"twitter_card":"summary_large_image","twitter_misc":{"Est. reading time":"4 minutes"},"schema":{"@context":"https:\/\/schema.org","@graph":[{"@type":"WebPage","@id":"https:\/\/acoris.lt\/en\/viesosios-istaigos\/","url":"https:\/\/acoris.lt\/en\/viesosios-istaigos\/","name":"Mokymo \u012fstaig\u0173 automatizuotos administravimo sistemos - Acoris","isPartOf":{"@id":"https:\/\/acoris.lt\/#website"},"primaryImageOfPage":{"@id":"https:\/\/acoris.lt\/en\/viesosios-istaigos\/#primaryimage"},"image":{"@id":"https:\/\/acoris.lt\/en\/viesosios-istaigos\/#primaryimage"},"thumbnailUrl":"https:\/\/acoris.lt\/wp-content\/uploads\/2025\/07\/Procesu-valdymas-viesosiose-istaigose.png","datePublished":"2025-07-14T07:14:55+00:00","dateModified":"2025-08-11T05:11:51+00:00","description":"Universitetams, kolegijoms, mokykloms, dar\u017eeliams ir kitoms ugdymo \u012fstaigoms diegiame modernias skaitmenines sistemas, skirtas pra\u0117jimo \u012f teritorij\u0105 ir u\u017esi\u0117mimus kontrolei bei registracijai, maitinimo apskaitai ir apmok\u0117jimui, naudojamo inventoriaus ir kabinet\u0173 rakt\u0173 apskaitai, parkavimo kontrolei, rengini\u0173 ir bendrabu\u010di\u0173 administravimui.","breadcrumb":{"@id":"https:\/\/acoris.lt\/en\/viesosios-istaigos\/#breadcrumb"},"inLanguage":"en-US","potentialAction":[{"@type":"ReadAction","target":["https:\/\/acoris.lt\/en\/viesosios-istaigos\/"]}]},{"@type":"ImageObject","inLanguage":"en-US","@id":"https:\/\/acoris.lt\/en\/viesosios-istaigos\/#primaryimage","url":"https:\/\/acoris.lt\/wp-content\/uploads\/2025\/07\/Procesu-valdymas-viesosiose-istaigose.png","contentUrl":"https:\/\/acoris.lt\/wp-content\/uploads\/2025\/07\/Procesu-valdymas-viesosiose-istaigose.png","width":600,"height":450,"caption":"Proces\u0173 valdymas vie\u0161osiose \u012fstaigose"},{"@type":"BreadcrumbList","@id":"https:\/\/acoris.lt\/en\/viesosios-istaigos\/#breadcrumb","itemListElement":[{"@type":"ListItem","position":1,"name":"Home","item":"https:\/\/acoris.lt\/en\/"},{"@type":"ListItem","position":2,"name":"Vie\u0161osios \u012fstaigos"}]},{"@type":"WebSite","@id":"https:\/\/acoris.lt\/#website","url":"https:\/\/acoris.lt\/","name":"Acoris","description":"Integruotos sistemos","publisher":{"@id":"https:\/\/acoris.lt\/#organization"},"potentialAction":[{"@type":"SearchAction","target":{"@type":"EntryPoint","urlTemplate":"https:\/\/acoris.lt\/?s={search_term_string}"},"query-input":{"@type":"PropertyValueSpecification","valueRequired":true,"valueName":"search_term_string"}}],"inLanguage":"en-US"},{"@type":"Organization","@id":"https:\/\/acoris.lt\/#organization","name":"Acoris","url":"https:\/\/acoris.lt\/","logo":{"@type":"ImageObject","inLanguage":"en-US","@id":"https:\/\/acoris.lt\/#\/schema\/logo\/image\/","url":"https:\/\/acoris.lt\/wp-content\/uploads\/2023\/12\/acoris.jpg","contentUrl":"https:\/\/acoris.lt\/wp-content\/uploads\/2023\/12\/acoris.jpg","width":600,"height":600,"caption":"Acoris"},"image":{"@id":"https:\/\/acoris.lt\/#\/schema\/logo\/image\/"}}]}},"_links":{"self":[{"href":"https:\/\/acoris.lt\/en\/wp-json\/wp\/v2\/pages\/5591","targetHints":{"allow":["GET"]}}],"collection":[{"href":"https:\/\/acoris.lt\/en\/wp-json\/wp\/v2\/pages"}],"about":[{"href":"https:\/\/acoris.lt\/en\/wp-json\/wp\/v2\/types\/page"}],"author":[{"embeddable":true,"href":"https:\/\/acoris.lt\/en\/wp-json\/wp\/v2\/users\/14"}],"replies":[{"embeddable":true,"href":"https:\/\/acoris.lt\/en\/wp-json\/wp\/v2\/comments?post=5591"}],"version-history":[{"count":2,"href":"https:\/\/acoris.lt\/en\/wp-json\/wp\/v2\/pages\/5591\/revisions"}],"predecessor-version":[{"id":5601,"href":"https:\/\/acoris.lt\/en\/wp-json\/wp\/v2\/pages\/5591\/revisions\/5601"}],"wp:featuredmedia":[{"embeddable":true,"href":"https:\/\/acoris.lt\/en\/wp-json\/wp\/v2\/media\/5211"}],"wp:attachment":[{"href":"https:\/\/acoris.lt\/en\/wp-json\/wp\/v2\/media?parent=5591"}],"curies":[{"name":"wp","href":"https:\/\/api.w.org\/{rel}","templated":true}]}}