{"id":5595,"date":"2025-04-18T10:36:49","date_gmt":"2025-04-18T07:36:49","guid":{"rendered":"https:\/\/acoris.lt\/iranga\/"},"modified":"2025-08-11T08:11:40","modified_gmt":"2025-08-11T05:11:40","slug":"iranga","status":"publish","type":"page","link":"https:\/\/acoris.lt\/en\/iranga\/","title":{"rendered":"\u012eranga"},"content":{"rendered":"<div class=\"wpb-content-wrapper\"><p>[vc_row css=&#8221;.vc_custom_1745310609121{margin-top: 50px !important;margin-bottom: 0px !important;}&#8221;][vc_column css=&#8221;.vc_custom_1745310458710{margin-bottom: 50px !important;}&#8221;][vc_custom_heading text=&#8221;\u012eranga&#8221; font_container=&#8221;tag:h1|text_align:center&#8221; google_fonts=&#8221;font_family:Roboto%3A100%2C100italic%2C300%2C300italic%2Cregular%2Citalic%2C500%2C500italic%2C700%2C700italic%2C900%2C900italic|font_style:700%20bold%20regular%3A700%3Anormal&#8221; css=&#8221;.vc_custom_1745310622170{margin-bottom: 0px !important;}&#8221;][\/vc_column][\/vc_row][vc_row css=&#8221;.vc_custom_1745310742690{margin-top: 0px !important;margin-bottom: 50px !important;}&#8221;][vc_column css=&#8221;.vc_custom_1745310720972{margin-top: 0px !important;}&#8221;]<div class=\"customInfoGrid\"><a href=\"https:\/\/acoris.lt\/daiktu-identifikatoriai\/\" class=\"customInfoGrid__item\"><img decoding=\"async\" src=\"https:\/\/acoris.lt\/wp-content\/uploads\/2021\/04\/disc.jpg\" alt=\"Daikt\u0173 identifikatoriai\" class=\"customInfoGrid__img\" \/><div class=\"customInfoGrid__content\"><h3 class=\"customInfoGrid__title\">Daikt\u0173 identifikatoriai<\/h3><p class=\"customInfoGrid__desc\">Daikt\u0173 identifikatoriai su saugoma informacija, kuri gali b\u016bti nuskaityta nuotoliniu b\u016bdu. Atspar\u016bs dr\u0117gmei, auk\u0161tai temperat\u016brai ir tvirtinami \u012fvairiais b\u016bdais. Skirti \u012franki\u0173, gyv\u016bn\u0173 ar kit\u0173 objekt\u0173 identifikavimui.<\/p><div class=\"customInfoGrid__btn\">Pla\u010diau<\/div><\/div><\/a><a href=\"https:\/\/acoris.lt\/skaitytuvai\/\" class=\"customInfoGrid__item\"><img decoding=\"async\" src=\"https:\/\/acoris.lt\/wp-content\/uploads\/2021\/04\/savitarna.jpg\" alt=\"Skaitytuvai\" class=\"customInfoGrid__img\" \/><div class=\"customInfoGrid__content\"><h3 class=\"customInfoGrid__title\">Skaitytuvai<\/h3><p class=\"customInfoGrid__desc\">Skaitytuvai naudojami bekontak\u010diam \u017emoni\u0173 ir daikt\u0173 identifikavimui, remiasi NFC, QR kodais, veido atpa\u017einimu ir RFID technologijomis.<\/p><div class=\"customInfoGrid__btn\">Pla\u010diau<\/div><\/div><\/a><a href=\"https:\/\/acoris.lt\/turniketai-slagbaumai-ir-kiti-praejimo-kontroles-irenginiai\/\" class=\"customInfoGrid__item\"><img decoding=\"async\" src=\"https:\/\/acoris.lt\/wp-content\/uploads\/2023\/11\/turniketas-su-skaitytuvu.jpg\" alt=\"U\u017etvarai\" class=\"customInfoGrid__img\" \/><div class=\"customInfoGrid__content\"><h3 class=\"customInfoGrid__title\">U\u017etvarai<\/h3><p class=\"customInfoGrid__desc\">Pra\u0117jimo kontrol\u0117s \u012frenginiai u\u017etikrina darbuotoj\u0173 ir sve\u010di\u0173 patekimo \u012f patalpas kontrol\u0119. Da\u017eniausiai asmuo identifikuojamas kortele arba mobiliuoju telefonu, ir, jei jam suteikiama prieiga, aktyvuojamas dur\u0173 u\u017eraktas arba turniketas.\n<\/p><div class=\"customInfoGrid__btn\">Pla\u010diau<\/div><\/div><\/a><a href=\"https:\/\/acoris.lt\/korteles-ir-kiti-zmoniu-identifikatoriai\/\" class=\"customInfoGrid__item\"><img decoding=\"async\" src=\"https:\/\/acoris.lt\/wp-content\/uploads\/2025\/07\/el.-kortele-1.png\" alt=\"Kortel\u0117s ir kiti \u017emoni\u0173 identifikatoriai\" class=\"customInfoGrid__img\" \/><div class=\"customInfoGrid__content\"><h3 class=\"customInfoGrid__title\">Kortel\u0117s ir kiti \u017emoni\u0173 identifikatoriai<\/h3><p class=\"customInfoGrid__desc\">Kortel\u0117s ir pakabukai naudojami pra\u0117jimo kontrol\u0117je, keleivi\u0173 registracijoje, maitinimo \u012fstaigose, bibliotekose, vie\u0161bu\u010diuose, automobili\u0173 parkavime ir rengini\u0173 organizavime, padedant kontroliuoti srautus ir apskaityti duomenis.<\/p><div class=\"customInfoGrid__btn\">Pla\u010diau<\/div><\/div><\/a><a href=\"https:\/\/acoris.lt\/programine-iranga\/\" class=\"customInfoGrid__item\"><img decoding=\"async\" src=\"https:\/\/acoris.lt\/wp-content\/uploads\/2025\/07\/Acoris.tech1_.png\" alt=\"Programin\u0117 \u012franga\" class=\"customInfoGrid__img\" \/><div class=\"customInfoGrid__content\"><h3 class=\"customInfoGrid__title\">Programin\u0117 \u012franga<\/h3><p class=\"customInfoGrid__desc\">Acoris.tech si\u016blo pra\u0117jimo kontrol\u0117s ir darbo laiko apskaitos sprendimus, leid\u017eian\u010dius steb\u0117ti darbuotoj\u0173 pra\u0117jimus ir darbo laik\u0105 bei valdyti procesus. Naudodama mobili\u0105j\u0105 program\u0117l\u0119 ir NFC technologij\u0105, Acoris DLA u\u017etikrina patog\u0173 darbuotoj\u0173 at\u0117jimo ir i\u0161\u0117jimo registravim\u0105, o specializuota programin\u0117 \u012franga leid\u017eia integruoti \u0161iuos duomenis su \u012fmon\u0117s verslo ir apskaitos sistemomis.<\/p><div class=\"customInfoGrid__btn\">Pla\u010diau<\/div><\/div><\/a><\/div>[\/vc_column][\/vc_row]<\/p>\n<\/div>","protected":false},"excerpt":{"rendered":"<p>[vc_row css=&#8221;.vc_custom_1745310609121{margin-top: 50px !important;margin-bottom: 0px !important;}&#8221;][vc_column css=&#8221;.vc_custom_1745310458710{margin-bottom: 50px !important;}&#8221;][vc_custom_heading text=&#8221;\u012eranga&#8221; font_container=&#8221;tag:h1|text_align:center&#8221; google_fonts=&#8221;font_family:Roboto%3A100%2C100italic%2C300%2C300italic%2Cregular%2Citalic%2C500%2C500italic%2C700%2C700italic%2C900%2C900italic|font_style:700%20bold%20regular%3A700%3Anormal&#8221; css=&#8221;.vc_custom_1745310622170{margin-bottom: 0px !important;}&#8221;][\/vc_column][\/vc_row][vc_row css=&#8221;.vc_custom_1745310742690{margin-top: 0px !important;margin-bottom: 50px !important;}&#8221;][vc_column css=&#8221;.vc_custom_1745310720972{margin-top: 0px !important;}&#8221;][\/vc_column][\/vc_row]<\/p>\n","protected":false},"author":13,"featured_media":0,"parent":0,"menu_order":0,"comment_status":"closed","ping_status":"closed","template":"","meta":{"_acf_changed":false,"_monsterinsights_skip_tracking":false,"_monsterinsights_sitenote_active":false,"_monsterinsights_sitenote_note":"","_monsterinsights_sitenote_category":0,"footnotes":""},"class_list":["post-5595","page","type-page","status-publish","hentry"],"acf":[],"yoast_head":"<!-- This site is optimized with the Yoast SEO plugin v27.4 - https:\/\/yoast.com\/product\/yoast-seo-wordpress\/ -->\n<title>\u012eranga - Acoris<\/title>\n<meta name=\"robots\" content=\"index, follow, max-snippet:-1, max-image-preview:large, max-video-preview:-1\" \/>\n<link rel=\"canonical\" href=\"https:\/\/acoris.lt\/en\/iranga\/\" \/>\n<meta property=\"og:locale\" content=\"en_US\" \/>\n<meta property=\"og:type\" content=\"article\" \/>\n<meta property=\"og:title\" content=\"\u012eranga - Acoris\" \/>\n<meta property=\"og:description\" content=\"[vc_row css=&#8221;.vc_custom_1745310609121{margin-top: 50px !important;margin-bottom: 0px !important;}&#8221;][vc_column css=&#8221;.vc_custom_1745310458710{margin-bottom: 50px !important;}&#8221;][vc_custom_heading text=&#8221;\u012eranga&#8221; font_container=&#8221;tag:h1|text_align:center&#8221; google_fonts=&#8221;font_family:Roboto%3A100%2C100italic%2C300%2C300italic%2Cregular%2Citalic%2C500%2C500italic%2C700%2C700italic%2C900%2C900italic|font_style:700%20bold%20regular%3A700%3Anormal&#8221; css=&#8221;.vc_custom_1745310622170{margin-bottom: 0px !important;}&#8221;][\/vc_column][\/vc_row][vc_row css=&#8221;.vc_custom_1745310742690{margin-top: 0px !important;margin-bottom: 50px !important;}&#8221;][vc_column css=&#8221;.vc_custom_1745310720972{margin-top: 0px !important;}&#8221;][\/vc_column][\/vc_row]\" \/>\n<meta property=\"og:url\" content=\"https:\/\/acoris.lt\/en\/iranga\/\" \/>\n<meta property=\"og:site_name\" content=\"Acoris\" \/>\n<meta property=\"article:modified_time\" content=\"2025-08-11T05:11:40+00:00\" \/>\n<meta property=\"og:image\" content=\"https:\/\/acoris.lt\/wp-content\/uploads\/2023\/12\/acoris.jpg\" \/>\n\t<meta property=\"og:image:width\" content=\"600\" \/>\n\t<meta property=\"og:image:height\" content=\"600\" \/>\n\t<meta property=\"og:image:type\" content=\"image\/jpeg\" \/>\n<meta name=\"twitter:card\" content=\"summary_large_image\" \/>\n<meta name=\"twitter:label1\" content=\"Est. reading time\" \/>\n\t<meta name=\"twitter:data1\" content=\"1 minute\" \/>\n<script type=\"application\/ld+json\" class=\"yoast-schema-graph\">{\"@context\":\"https:\\\/\\\/schema.org\",\"@graph\":[{\"@type\":\"WebPage\",\"@id\":\"https:\\\/\\\/acoris.lt\\\/en\\\/iranga\\\/\",\"url\":\"https:\\\/\\\/acoris.lt\\\/en\\\/iranga\\\/\",\"name\":\"\u012eranga - Acoris\",\"isPartOf\":{\"@id\":\"https:\\\/\\\/acoris.lt\\\/#website\"},\"datePublished\":\"2025-04-18T07:36:49+00:00\",\"dateModified\":\"2025-08-11T05:11:40+00:00\",\"breadcrumb\":{\"@id\":\"https:\\\/\\\/acoris.lt\\\/en\\\/iranga\\\/#breadcrumb\"},\"inLanguage\":\"en-US\",\"potentialAction\":[{\"@type\":\"ReadAction\",\"target\":[\"https:\\\/\\\/acoris.lt\\\/en\\\/iranga\\\/\"]}]},{\"@type\":\"BreadcrumbList\",\"@id\":\"https:\\\/\\\/acoris.lt\\\/en\\\/iranga\\\/#breadcrumb\",\"itemListElement\":[{\"@type\":\"ListItem\",\"position\":1,\"name\":\"Home\",\"item\":\"https:\\\/\\\/acoris.lt\\\/en\\\/\"},{\"@type\":\"ListItem\",\"position\":2,\"name\":\"\u012eranga\"}]},{\"@type\":\"WebSite\",\"@id\":\"https:\\\/\\\/acoris.lt\\\/#website\",\"url\":\"https:\\\/\\\/acoris.lt\\\/\",\"name\":\"Acoris\",\"description\":\"Integruotos sistemos\",\"publisher\":{\"@id\":\"https:\\\/\\\/acoris.lt\\\/#organization\"},\"potentialAction\":[{\"@type\":\"SearchAction\",\"target\":{\"@type\":\"EntryPoint\",\"urlTemplate\":\"https:\\\/\\\/acoris.lt\\\/?s={search_term_string}\"},\"query-input\":{\"@type\":\"PropertyValueSpecification\",\"valueRequired\":true,\"valueName\":\"search_term_string\"}}],\"inLanguage\":\"en-US\"},{\"@type\":\"Organization\",\"@id\":\"https:\\\/\\\/acoris.lt\\\/#organization\",\"name\":\"Acoris\",\"url\":\"https:\\\/\\\/acoris.lt\\\/\",\"logo\":{\"@type\":\"ImageObject\",\"inLanguage\":\"en-US\",\"@id\":\"https:\\\/\\\/acoris.lt\\\/#\\\/schema\\\/logo\\\/image\\\/\",\"url\":\"https:\\\/\\\/acoris.lt\\\/wp-content\\\/uploads\\\/2023\\\/12\\\/acoris.jpg\",\"contentUrl\":\"https:\\\/\\\/acoris.lt\\\/wp-content\\\/uploads\\\/2023\\\/12\\\/acoris.jpg\",\"width\":600,\"height\":600,\"caption\":\"Acoris\"},\"image\":{\"@id\":\"https:\\\/\\\/acoris.lt\\\/#\\\/schema\\\/logo\\\/image\\\/\"}}]}<\/script>\n<!-- \/ Yoast SEO plugin. -->","yoast_head_json":{"title":"\u012eranga - Acoris","robots":{"index":"index","follow":"follow","max-snippet":"max-snippet:-1","max-image-preview":"max-image-preview:large","max-video-preview":"max-video-preview:-1"},"canonical":"https:\/\/acoris.lt\/en\/iranga\/","og_locale":"en_US","og_type":"article","og_title":"\u012eranga - Acoris","og_description":"[vc_row css=&#8221;.vc_custom_1745310609121{margin-top: 50px !important;margin-bottom: 0px !important;}&#8221;][vc_column css=&#8221;.vc_custom_1745310458710{margin-bottom: 50px !important;}&#8221;][vc_custom_heading text=&#8221;\u012eranga&#8221; font_container=&#8221;tag:h1|text_align:center&#8221; google_fonts=&#8221;font_family:Roboto%3A100%2C100italic%2C300%2C300italic%2Cregular%2Citalic%2C500%2C500italic%2C700%2C700italic%2C900%2C900italic|font_style:700%20bold%20regular%3A700%3Anormal&#8221; css=&#8221;.vc_custom_1745310622170{margin-bottom: 0px !important;}&#8221;][\/vc_column][\/vc_row][vc_row css=&#8221;.vc_custom_1745310742690{margin-top: 0px !important;margin-bottom: 50px !important;}&#8221;][vc_column css=&#8221;.vc_custom_1745310720972{margin-top: 0px !important;}&#8221;][\/vc_column][\/vc_row]","og_url":"https:\/\/acoris.lt\/en\/iranga\/","og_site_name":"Acoris","article_modified_time":"2025-08-11T05:11:40+00:00","og_image":[{"width":600,"height":600,"url":"https:\/\/acoris.lt\/wp-content\/uploads\/2023\/12\/acoris.jpg","type":"image\/jpeg"}],"twitter_card":"summary_large_image","twitter_misc":{"Est. reading time":"1 minute"},"schema":{"@context":"https:\/\/schema.org","@graph":[{"@type":"WebPage","@id":"https:\/\/acoris.lt\/en\/iranga\/","url":"https:\/\/acoris.lt\/en\/iranga\/","name":"\u012eranga - Acoris","isPartOf":{"@id":"https:\/\/acoris.lt\/#website"},"datePublished":"2025-04-18T07:36:49+00:00","dateModified":"2025-08-11T05:11:40+00:00","breadcrumb":{"@id":"https:\/\/acoris.lt\/en\/iranga\/#breadcrumb"},"inLanguage":"en-US","potentialAction":[{"@type":"ReadAction","target":["https:\/\/acoris.lt\/en\/iranga\/"]}]},{"@type":"BreadcrumbList","@id":"https:\/\/acoris.lt\/en\/iranga\/#breadcrumb","itemListElement":[{"@type":"ListItem","position":1,"name":"Home","item":"https:\/\/acoris.lt\/en\/"},{"@type":"ListItem","position":2,"name":"\u012eranga"}]},{"@type":"WebSite","@id":"https:\/\/acoris.lt\/#website","url":"https:\/\/acoris.lt\/","name":"Acoris","description":"Integruotos sistemos","publisher":{"@id":"https:\/\/acoris.lt\/#organization"},"potentialAction":[{"@type":"SearchAction","target":{"@type":"EntryPoint","urlTemplate":"https:\/\/acoris.lt\/?s={search_term_string}"},"query-input":{"@type":"PropertyValueSpecification","valueRequired":true,"valueName":"search_term_string"}}],"inLanguage":"en-US"},{"@type":"Organization","@id":"https:\/\/acoris.lt\/#organization","name":"Acoris","url":"https:\/\/acoris.lt\/","logo":{"@type":"ImageObject","inLanguage":"en-US","@id":"https:\/\/acoris.lt\/#\/schema\/logo\/image\/","url":"https:\/\/acoris.lt\/wp-content\/uploads\/2023\/12\/acoris.jpg","contentUrl":"https:\/\/acoris.lt\/wp-content\/uploads\/2023\/12\/acoris.jpg","width":600,"height":600,"caption":"Acoris"},"image":{"@id":"https:\/\/acoris.lt\/#\/schema\/logo\/image\/"}}]}},"_links":{"self":[{"href":"https:\/\/acoris.lt\/en\/wp-json\/wp\/v2\/pages\/5595","targetHints":{"allow":["GET"]}}],"collection":[{"href":"https:\/\/acoris.lt\/en\/wp-json\/wp\/v2\/pages"}],"about":[{"href":"https:\/\/acoris.lt\/en\/wp-json\/wp\/v2\/types\/page"}],"author":[{"embeddable":true,"href":"https:\/\/acoris.lt\/en\/wp-json\/wp\/v2\/users\/13"}],"replies":[{"embeddable":true,"href":"https:\/\/acoris.lt\/en\/wp-json\/wp\/v2\/comments?post=5595"}],"version-history":[{"count":1,"href":"https:\/\/acoris.lt\/en\/wp-json\/wp\/v2\/pages\/5595\/revisions"}],"predecessor-version":[{"id":5598,"href":"https:\/\/acoris.lt\/en\/wp-json\/wp\/v2\/pages\/5595\/revisions\/5598"}],"wp:attachment":[{"href":"https:\/\/acoris.lt\/en\/wp-json\/wp\/v2\/media?parent=5595"}],"curies":[{"name":"wp","href":"https:\/\/api.w.org\/{rel}","templated":true}]}}