{"id":5596,"date":"2025-04-18T10:27:51","date_gmt":"2025-04-18T07:27:51","guid":{"rendered":"https:\/\/acoris.lt\/produktai-ir-sistemos\/"},"modified":"2025-08-11T08:11:26","modified_gmt":"2025-08-11T05:11:26","slug":"produktai-ir-sistemos","status":"publish","type":"page","link":"https:\/\/acoris.lt\/en\/produktai-ir-sistemos\/","title":{"rendered":"Produktai ir sistemos"},"content":{"rendered":"<div class=\"wpb-content-wrapper\"><p>[vc_row css=&#8221;.vc_custom_1745307091979{margin-top: 50px !important;margin-bottom: 0px !important;}&#8221;][vc_column css=&#8221;.vc_custom_1745306998566{margin-bottom: 50px !important;}&#8221;][vc_custom_heading text=&#8221;Produktai ir sistemos&#8221; font_container=&#8221;tag:h1|text_align:center&#8221; google_fonts=&#8221;font_family:Roboto%3A100%2C100italic%2C300%2C300italic%2Cregular%2Citalic%2C500%2C500italic%2C700%2C700italic%2C900%2C900italic|font_style:700%20bold%20regular%3A700%3Anormal&#8221; css=&#8221;.vc_custom_1745310420583{margin-bottom: 0px !important;}&#8221;][\/vc_column][\/vc_row][vc_row css=&#8221;.vc_custom_1745307019648{margin-bottom: 50px !important;}&#8221;][vc_column]<div class=\"pageGrid\"><a href=\"https:\/\/acoris.lt\/praejimo-kontroles-sistema\/\" class=\"pageGrid__item\"><img loading=\"lazy\" decoding=\"async\" width=\"600\" height=\"450\" src=\"https:\/\/acoris.lt\/wp-content\/uploads\/2025\/07\/Praejimo-kontroles-sistema.png\" class=\"pageGrid__img wp-post-image\" alt=\"ra\u0117jimo kontrol\u0117s sistema\" srcset=\"https:\/\/acoris.lt\/wp-content\/uploads\/2025\/07\/Praejimo-kontroles-sistema.png 600w, https:\/\/acoris.lt\/wp-content\/uploads\/2025\/07\/Praejimo-kontroles-sistema-300x225.png 300w\" sizes=\"auto, (max-width: 600px) 100vw, 600px\" \/><div class=\"pageGrid__title\">Pra\u0117jimo kontrol\u0117<\/div><\/a><a href=\"https:\/\/acoris.lt\/parkingo-ir-transporto-kontroles-sistema\/\" class=\"pageGrid__item\"><img loading=\"lazy\" decoding=\"async\" width=\"600\" height=\"450\" src=\"https:\/\/acoris.lt\/wp-content\/uploads\/2025\/07\/Parkingo-sistema.png\" class=\"pageGrid__img wp-post-image\" alt=\"Parkingo sistema\" srcset=\"https:\/\/acoris.lt\/wp-content\/uploads\/2025\/07\/Parkingo-sistema.png 600w, https:\/\/acoris.lt\/wp-content\/uploads\/2025\/07\/Parkingo-sistema-300x225.png 300w\" sizes=\"auto, (max-width: 600px) 100vw, 600px\" \/><div class=\"pageGrid__title\">Parkingo sistema<\/div><\/a><a href=\"https:\/\/acoris.lt\/automatine-darbo-laiko-kontroles-sistema\/\" class=\"pageGrid__item\"><img loading=\"lazy\" decoding=\"async\" width=\"600\" height=\"450\" src=\"https:\/\/acoris.lt\/wp-content\/uploads\/2025\/07\/Darbo-laiko-kontrole.png\" class=\"pageGrid__img wp-post-image\" alt=\"Darbo laiko kontrol\u0117\" srcset=\"https:\/\/acoris.lt\/wp-content\/uploads\/2025\/07\/Darbo-laiko-kontrole.png 600w, https:\/\/acoris.lt\/wp-content\/uploads\/2025\/07\/Darbo-laiko-kontrole-300x225.png 300w\" sizes=\"auto, (max-width: 600px) 100vw, 600px\" \/><div class=\"pageGrid__title\">Darbo laiko kontrol\u0117<\/div><\/a><a href=\"https:\/\/acoris.lt\/inventoriaus-apskaitos-sistema\/\" class=\"pageGrid__item\"><img loading=\"lazy\" decoding=\"async\" width=\"600\" height=\"450\" src=\"https:\/\/acoris.lt\/wp-content\/uploads\/2025\/07\/Inventoriaus-apskaitos-sistema.png\" class=\"pageGrid__img wp-post-image\" alt=\"Inventoriaus apskaitos sistema\" srcset=\"https:\/\/acoris.lt\/wp-content\/uploads\/2025\/07\/Inventoriaus-apskaitos-sistema.png 600w, https:\/\/acoris.lt\/wp-content\/uploads\/2025\/07\/Inventoriaus-apskaitos-sistema-300x225.png 300w\" sizes=\"auto, (max-width: 600px) 100vw, 600px\" \/><div class=\"pageGrid__title\">Inventoriaus apskaitos sistema<\/div><\/a><a href=\"https:\/\/acoris.lt\/apgyvendinimo-ir-paslaugu-rezervavimo-atsiskaitymo-ir-valdymo-sistema\/\" class=\"pageGrid__item\"><img loading=\"lazy\" decoding=\"async\" width=\"650\" height=\"490\" src=\"https:\/\/acoris.lt\/wp-content\/uploads\/2021\/04\/hotelmaz1.jpg\" class=\"pageGrid__img wp-post-image\" alt=\"Vie\u0161bu\u010di\u0173 paslaug\u0173 ir pra\u0117jimo kontrol\u0117s sistemos\" srcset=\"https:\/\/acoris.lt\/wp-content\/uploads\/2021\/04\/hotelmaz1.jpg 650w, https:\/\/acoris.lt\/wp-content\/uploads\/2021\/04\/hotelmaz1-300x226.jpg 300w\" sizes=\"auto, (max-width: 650px) 100vw, 650px\" \/><div class=\"pageGrid__title\">Rezervacin\u0117s sistemos<\/div><\/a><\/div>[\/vc_column][\/vc_row]<\/p>\n<\/div>","protected":false},"excerpt":{"rendered":"<p>[vc_row css=&#8221;.vc_custom_1745307091979{margin-top: 50px !important;margin-bottom: 0px !important;}&#8221;][vc_column css=&#8221;.vc_custom_1745306998566{margin-bottom: 50px !important;}&#8221;][vc_custom_heading text=&#8221;Produktai ir sistemos&#8221; font_container=&#8221;tag:h1|text_align:center&#8221; google_fonts=&#8221;font_family:Roboto%3A100%2C100italic%2C300%2C300italic%2Cregular%2Citalic%2C500%2C500italic%2C700%2C700italic%2C900%2C900italic|font_style:700%20bold%20regular%3A700%3Anormal&#8221; css=&#8221;.vc_custom_1745310420583{margin-bottom: 0px !important;}&#8221;][\/vc_column][\/vc_row][vc_row css=&#8221;.vc_custom_1745307019648{margin-bottom: 50px !important;}&#8221;][vc_column][\/vc_column][\/vc_row]<\/p>\n","protected":false},"author":13,"featured_media":0,"parent":0,"menu_order":0,"comment_status":"closed","ping_status":"closed","template":"","meta":{"_acf_changed":false,"_monsterinsights_skip_tracking":false,"_monsterinsights_sitenote_active":false,"_monsterinsights_sitenote_note":"","_monsterinsights_sitenote_category":0,"footnotes":""},"class_list":["post-5596","page","type-page","status-publish","hentry"],"acf":[],"yoast_head":"<!-- This site is optimized with the Yoast SEO plugin v27.3 - https:\/\/yoast.com\/product\/yoast-seo-wordpress\/ -->\n<title>Produktai ir sistemos - Acoris<\/title>\n<meta name=\"robots\" content=\"index, follow, max-snippet:-1, max-image-preview:large, max-video-preview:-1\" \/>\n<link rel=\"canonical\" href=\"https:\/\/acoris.lt\/en\/produktai-ir-sistemos\/\" \/>\n<meta property=\"og:locale\" content=\"en_US\" \/>\n<meta property=\"og:type\" content=\"article\" \/>\n<meta property=\"og:title\" content=\"Produktai ir sistemos - Acoris\" \/>\n<meta property=\"og:description\" content=\"[vc_row css=&#8221;.vc_custom_1745307091979{margin-top: 50px !important;margin-bottom: 0px !important;}&#8221;][vc_column css=&#8221;.vc_custom_1745306998566{margin-bottom: 50px !important;}&#8221;][vc_custom_heading text=&#8221;Produktai ir sistemos&#8221; font_container=&#8221;tag:h1|text_align:center&#8221; google_fonts=&#8221;font_family:Roboto%3A100%2C100italic%2C300%2C300italic%2Cregular%2Citalic%2C500%2C500italic%2C700%2C700italic%2C900%2C900italic|font_style:700%20bold%20regular%3A700%3Anormal&#8221; css=&#8221;.vc_custom_1745310420583{margin-bottom: 0px !important;}&#8221;][\/vc_column][\/vc_row][vc_row css=&#8221;.vc_custom_1745307019648{margin-bottom: 50px !important;}&#8221;][vc_column][\/vc_column][\/vc_row]\" \/>\n<meta property=\"og:url\" content=\"https:\/\/acoris.lt\/en\/produktai-ir-sistemos\/\" \/>\n<meta property=\"og:site_name\" content=\"Acoris\" \/>\n<meta property=\"article:modified_time\" content=\"2025-08-11T05:11:26+00:00\" \/>\n<meta property=\"og:image\" content=\"https:\/\/acoris.lt\/wp-content\/uploads\/2023\/12\/acoris.jpg\" \/>\n\t<meta property=\"og:image:width\" content=\"600\" \/>\n\t<meta property=\"og:image:height\" content=\"600\" \/>\n\t<meta property=\"og:image:type\" content=\"image\/jpeg\" \/>\n<meta name=\"twitter:card\" content=\"summary_large_image\" \/>\n<meta name=\"twitter:label1\" content=\"Est. reading time\" \/>\n\t<meta name=\"twitter:data1\" content=\"1 minute\" \/>\n<script type=\"application\/ld+json\" class=\"yoast-schema-graph\">{\"@context\":\"https:\\\/\\\/schema.org\",\"@graph\":[{\"@type\":\"WebPage\",\"@id\":\"https:\\\/\\\/acoris.lt\\\/en\\\/produktai-ir-sistemos\\\/\",\"url\":\"https:\\\/\\\/acoris.lt\\\/en\\\/produktai-ir-sistemos\\\/\",\"name\":\"Produktai ir sistemos - Acoris\",\"isPartOf\":{\"@id\":\"https:\\\/\\\/acoris.lt\\\/#website\"},\"datePublished\":\"2025-04-18T07:27:51+00:00\",\"dateModified\":\"2025-08-11T05:11:26+00:00\",\"breadcrumb\":{\"@id\":\"https:\\\/\\\/acoris.lt\\\/en\\\/produktai-ir-sistemos\\\/#breadcrumb\"},\"inLanguage\":\"en-US\",\"potentialAction\":[{\"@type\":\"ReadAction\",\"target\":[\"https:\\\/\\\/acoris.lt\\\/en\\\/produktai-ir-sistemos\\\/\"]}]},{\"@type\":\"BreadcrumbList\",\"@id\":\"https:\\\/\\\/acoris.lt\\\/en\\\/produktai-ir-sistemos\\\/#breadcrumb\",\"itemListElement\":[{\"@type\":\"ListItem\",\"position\":1,\"name\":\"Home\",\"item\":\"https:\\\/\\\/acoris.lt\\\/en\\\/\"},{\"@type\":\"ListItem\",\"position\":2,\"name\":\"Produktai ir sistemos\"}]},{\"@type\":\"WebSite\",\"@id\":\"https:\\\/\\\/acoris.lt\\\/#website\",\"url\":\"https:\\\/\\\/acoris.lt\\\/\",\"name\":\"Acoris\",\"description\":\"Integruotos sistemos\",\"publisher\":{\"@id\":\"https:\\\/\\\/acoris.lt\\\/#organization\"},\"potentialAction\":[{\"@type\":\"SearchAction\",\"target\":{\"@type\":\"EntryPoint\",\"urlTemplate\":\"https:\\\/\\\/acoris.lt\\\/?s={search_term_string}\"},\"query-input\":{\"@type\":\"PropertyValueSpecification\",\"valueRequired\":true,\"valueName\":\"search_term_string\"}}],\"inLanguage\":\"en-US\"},{\"@type\":\"Organization\",\"@id\":\"https:\\\/\\\/acoris.lt\\\/#organization\",\"name\":\"Acoris\",\"url\":\"https:\\\/\\\/acoris.lt\\\/\",\"logo\":{\"@type\":\"ImageObject\",\"inLanguage\":\"en-US\",\"@id\":\"https:\\\/\\\/acoris.lt\\\/#\\\/schema\\\/logo\\\/image\\\/\",\"url\":\"https:\\\/\\\/acoris.lt\\\/wp-content\\\/uploads\\\/2023\\\/12\\\/acoris.jpg\",\"contentUrl\":\"https:\\\/\\\/acoris.lt\\\/wp-content\\\/uploads\\\/2023\\\/12\\\/acoris.jpg\",\"width\":600,\"height\":600,\"caption\":\"Acoris\"},\"image\":{\"@id\":\"https:\\\/\\\/acoris.lt\\\/#\\\/schema\\\/logo\\\/image\\\/\"}}]}<\/script>\n<!-- \/ Yoast SEO plugin. -->","yoast_head_json":{"title":"Produktai ir sistemos - Acoris","robots":{"index":"index","follow":"follow","max-snippet":"max-snippet:-1","max-image-preview":"max-image-preview:large","max-video-preview":"max-video-preview:-1"},"canonical":"https:\/\/acoris.lt\/en\/produktai-ir-sistemos\/","og_locale":"en_US","og_type":"article","og_title":"Produktai ir sistemos - Acoris","og_description":"[vc_row css=&#8221;.vc_custom_1745307091979{margin-top: 50px !important;margin-bottom: 0px !important;}&#8221;][vc_column css=&#8221;.vc_custom_1745306998566{margin-bottom: 50px !important;}&#8221;][vc_custom_heading text=&#8221;Produktai ir sistemos&#8221; font_container=&#8221;tag:h1|text_align:center&#8221; google_fonts=&#8221;font_family:Roboto%3A100%2C100italic%2C300%2C300italic%2Cregular%2Citalic%2C500%2C500italic%2C700%2C700italic%2C900%2C900italic|font_style:700%20bold%20regular%3A700%3Anormal&#8221; css=&#8221;.vc_custom_1745310420583{margin-bottom: 0px !important;}&#8221;][\/vc_column][\/vc_row][vc_row css=&#8221;.vc_custom_1745307019648{margin-bottom: 50px !important;}&#8221;][vc_column][\/vc_column][\/vc_row]","og_url":"https:\/\/acoris.lt\/en\/produktai-ir-sistemos\/","og_site_name":"Acoris","article_modified_time":"2025-08-11T05:11:26+00:00","og_image":[{"width":600,"height":600,"url":"https:\/\/acoris.lt\/wp-content\/uploads\/2023\/12\/acoris.jpg","type":"image\/jpeg"}],"twitter_card":"summary_large_image","twitter_misc":{"Est. reading time":"1 minute"},"schema":{"@context":"https:\/\/schema.org","@graph":[{"@type":"WebPage","@id":"https:\/\/acoris.lt\/en\/produktai-ir-sistemos\/","url":"https:\/\/acoris.lt\/en\/produktai-ir-sistemos\/","name":"Produktai ir sistemos - Acoris","isPartOf":{"@id":"https:\/\/acoris.lt\/#website"},"datePublished":"2025-04-18T07:27:51+00:00","dateModified":"2025-08-11T05:11:26+00:00","breadcrumb":{"@id":"https:\/\/acoris.lt\/en\/produktai-ir-sistemos\/#breadcrumb"},"inLanguage":"en-US","potentialAction":[{"@type":"ReadAction","target":["https:\/\/acoris.lt\/en\/produktai-ir-sistemos\/"]}]},{"@type":"BreadcrumbList","@id":"https:\/\/acoris.lt\/en\/produktai-ir-sistemos\/#breadcrumb","itemListElement":[{"@type":"ListItem","position":1,"name":"Home","item":"https:\/\/acoris.lt\/en\/"},{"@type":"ListItem","position":2,"name":"Produktai ir sistemos"}]},{"@type":"WebSite","@id":"https:\/\/acoris.lt\/#website","url":"https:\/\/acoris.lt\/","name":"Acoris","description":"Integruotos sistemos","publisher":{"@id":"https:\/\/acoris.lt\/#organization"},"potentialAction":[{"@type":"SearchAction","target":{"@type":"EntryPoint","urlTemplate":"https:\/\/acoris.lt\/?s={search_term_string}"},"query-input":{"@type":"PropertyValueSpecification","valueRequired":true,"valueName":"search_term_string"}}],"inLanguage":"en-US"},{"@type":"Organization","@id":"https:\/\/acoris.lt\/#organization","name":"Acoris","url":"https:\/\/acoris.lt\/","logo":{"@type":"ImageObject","inLanguage":"en-US","@id":"https:\/\/acoris.lt\/#\/schema\/logo\/image\/","url":"https:\/\/acoris.lt\/wp-content\/uploads\/2023\/12\/acoris.jpg","contentUrl":"https:\/\/acoris.lt\/wp-content\/uploads\/2023\/12\/acoris.jpg","width":600,"height":600,"caption":"Acoris"},"image":{"@id":"https:\/\/acoris.lt\/#\/schema\/logo\/image\/"}}]}},"_links":{"self":[{"href":"https:\/\/acoris.lt\/en\/wp-json\/wp\/v2\/pages\/5596","targetHints":{"allow":["GET"]}}],"collection":[{"href":"https:\/\/acoris.lt\/en\/wp-json\/wp\/v2\/pages"}],"about":[{"href":"https:\/\/acoris.lt\/en\/wp-json\/wp\/v2\/types\/page"}],"author":[{"embeddable":true,"href":"https:\/\/acoris.lt\/en\/wp-json\/wp\/v2\/users\/13"}],"replies":[{"embeddable":true,"href":"https:\/\/acoris.lt\/en\/wp-json\/wp\/v2\/comments?post=5596"}],"version-history":[{"count":1,"href":"https:\/\/acoris.lt\/en\/wp-json\/wp\/v2\/pages\/5596\/revisions"}],"predecessor-version":[{"id":5597,"href":"https:\/\/acoris.lt\/en\/wp-json\/wp\/v2\/pages\/5596\/revisions\/5597"}],"wp:attachment":[{"href":"https:\/\/acoris.lt\/en\/wp-json\/wp\/v2\/media?parent=5596"}],"curies":[{"name":"wp","href":"https:\/\/api.w.org\/{rel}","templated":true}]}}