{"id":4142,"date":"2025-02-27T08:43:28","date_gmt":"2025-02-27T05:43:28","guid":{"rendered":"https:\/\/www.acoris.lt\/apoyo-de-la-ue-a-la-modernizacion-de-la-produccion\/"},"modified":"2025-02-27T08:43:30","modified_gmt":"2025-02-27T05:43:30","slug":"apoyo-de-la-ue-a-la-modernizacion-de-la-produccion","status":"publish","type":"page","link":"https:\/\/acoris.lt\/es\/consultas-sobre-la-financiacion-de-proyectos\/apoyo-de-la-ue-a-la-modernizacion-de-la-produccion\/","title":{"rendered":"Apoyo de la UE a la modernizaci\u00f3n de la producci\u00f3n"},"content":{"rendered":"<p>La LVPA ha lanzado una convocatoria denominada<strong> Eco Innovation <\/strong>LT, seg\u00fan la cual se pueden obtener hasta 1,5 millones de euros. Euros de apoyo a la modernizaci\u00f3n de la actividad de la empresa. <strong> Su objetivo es<\/strong> la inversi\u00f3n en activos tangibles (equipos, tecnolog\u00eda), cuya implementaci\u00f3n reduce el impacto negativo de las actividades econ\u00f3micas en el medio ambiente <\/p>\n<p><strong>Actividades apoyadas para la modernizaci\u00f3n de la producci\u00f3n:<\/strong><\/p>\n<ol>\n<li>Costos de compra de equipos, equipos y activos tangibles para las actividades de producci\u00f3n (incluidos su transporte, dise\u00f1o, instalaci\u00f3n, preparaci\u00f3n del (los) sitio(s), instalaci\u00f3n, preparaci\u00f3n para el uso, pruebas, capacitaci\u00f3n para el uso, instrucciones de seguridad, mantenimiento (mientras se realiza la instalaci\u00f3n, instalaci\u00f3n, preparaci\u00f3n para el uso, pruebas) y costos relacionados);<\/li>\n<li>Veh\u00edculos espec\u00edficos para actividades de fabricaci\u00f3n<\/li>\n<li>Salarios de los empleados que trabajar\u00e1n con eco-innovaciones tecnol\u00f3gicas<\/li>\n<\/ol>\n<h2><\/h2>\n<p><strong>Importe de la financiaci\u00f3n  <\/strong><\/p>\n<ul>\n<li>El importe m\u00e1ximo de financiaci\u00f3n que se puede asignar al proyecto es de 1.500.000 euros<\/li>\n<li>La cantidad m\u00ednima de financiaci\u00f3n que se puede asignar al proyecto es de 50.000 euros<\/li>\n<\/ul>\n<p><strong> <\/strong><\/p>\n<p><strong>Intensidad de la financiaci\u00f3n<\/strong><\/p>\n<ul>\n<li>hasta el 45 % del total de los costes subvencionables del proyecto si el solicitante es una microempresa o una peque\u00f1a empresa (hasta 50 empleados)<\/li>\n<li>hasta el 35 % del total de los costes subvencionables del proyecto si el solicitante es una empresa mediana (hasta 250 empleados) <\/li>\n<\/ul>\n<p><strong> <\/strong><\/p>\n<p><strong>Los principales requisitos para la empresa:  <\/strong><\/p>\n<ul>\n<li>Operando durante al menos un a\u00f1o<\/li>\n<li>Los ingresos anuales de los productos manufacturados son de al menos 145.000 euros.<\/li>\n<\/ul>\n<p>&nbsp;<\/p>\n<p><strong>El proyecto requiere:<\/strong><\/p>\n<ol>\n<li>Un plan de negocios que contenga la informaci\u00f3n proporcionada justifica la necesidad del proyecto y la necesidad de inversi\u00f3n.<\/li>\n<li>Solicitud y documentos relacionados.<\/li>\n<\/ol>\n<p>La duraci\u00f3n del proyecto es de hasta 24 meses. Las solicitudes deben presentarse antes del 10 de abril de 2019.  <\/p>\n<p>Contamos con un equipo de profesionales de empresas empresariales e instituciones cient\u00edficas que ayudar\u00e1n a evaluar las posibilidades de modernizaci\u00f3n y preparar las soluciones t\u00e9cnico-financieras m\u00e1s adecuadas con sus especialistas, preparar una solicitud y ayudar en la implementaci\u00f3n del proyecto en s\u00ed.<\/p>\n<p>&nbsp;<\/p>\n<h2><a href=\"https:\/\/acoris.lt\/kontaktai\/\">Le invitamos a solicitar informaci\u00f3n adicional<\/a><\/h2>\n","protected":false},"excerpt":{"rendered":"<p>La LVPA ha lanzado una convocatoria denominada Eco Innovation LT, seg\u00fan la cual se pueden obtener hasta 1,5 millones de euros. Euros de apoyo a la modernizaci\u00f3n de la actividad de la empresa. Su objetivo es la inversi\u00f3n en activos tangibles (equipos, tecnolog\u00eda), cuya implementaci\u00f3n reduce el impacto negativo de las actividades econ\u00f3micas en el [&hellip;]<\/p>\n","protected":false},"author":1,"featured_media":0,"parent":4150,"menu_order":0,"comment_status":"closed","ping_status":"closed","template":"","meta":{"_acf_changed":false,"_monsterinsights_skip_tracking":false,"_monsterinsights_sitenote_active":false,"_monsterinsights_sitenote_note":"","_monsterinsights_sitenote_category":0,"footnotes":""},"class_list":["post-4142","page","type-page","status-publish","hentry"],"acf":[],"yoast_head":"<!-- This site is optimized with the Yoast SEO plugin v27.3 - https:\/\/yoast.com\/product\/yoast-seo-wordpress\/ -->\n<title>Apoyo de la UE a la modernizaci\u00f3n de la producci\u00f3n - Acoris<\/title>\n<meta name=\"robots\" content=\"index, follow, max-snippet:-1, max-image-preview:large, max-video-preview:-1\" \/>\n<link rel=\"canonical\" href=\"https:\/\/acoris.lt\/es\/consultas-sobre-la-financiacion-de-proyectos\/apoyo-de-la-ue-a-la-modernizacion-de-la-produccion\/\" \/>\n<meta property=\"og:locale\" content=\"es_ES\" \/>\n<meta property=\"og:type\" content=\"article\" \/>\n<meta property=\"og:title\" content=\"Apoyo de la UE a la modernizaci\u00f3n de la producci\u00f3n - Acoris\" \/>\n<meta property=\"og:description\" content=\"La LVPA ha lanzado una convocatoria denominada Eco Innovation LT, seg\u00fan la cual se pueden obtener hasta 1,5 millones de euros. Euros de apoyo a la modernizaci\u00f3n de la actividad de la empresa. Su objetivo es la inversi\u00f3n en activos tangibles (equipos, tecnolog\u00eda), cuya implementaci\u00f3n reduce el impacto negativo de las actividades econ\u00f3micas en el [&hellip;]\" \/>\n<meta property=\"og:url\" content=\"https:\/\/acoris.lt\/es\/consultas-sobre-la-financiacion-de-proyectos\/apoyo-de-la-ue-a-la-modernizacion-de-la-produccion\/\" \/>\n<meta property=\"og:site_name\" content=\"Acoris\" \/>\n<meta property=\"article:modified_time\" content=\"2025-02-27T05:43:30+00:00\" \/>\n<meta property=\"og:image\" content=\"https:\/\/acoris.lt\/wp-content\/uploads\/2023\/12\/acoris.jpg\" \/>\n\t<meta property=\"og:image:width\" content=\"600\" \/>\n\t<meta property=\"og:image:height\" content=\"600\" \/>\n\t<meta property=\"og:image:type\" content=\"image\/jpeg\" \/>\n<meta name=\"twitter:card\" content=\"summary_large_image\" \/>\n<meta name=\"twitter:label1\" content=\"Tiempo de lectura\" \/>\n\t<meta name=\"twitter:data1\" content=\"2 minutos\" \/>\n<script type=\"application\/ld+json\" class=\"yoast-schema-graph\">{\"@context\":\"https:\\\/\\\/schema.org\",\"@graph\":[{\"@type\":\"WebPage\",\"@id\":\"https:\\\/\\\/acoris.lt\\\/es\\\/consultas-sobre-la-financiacion-de-proyectos\\\/apoyo-de-la-ue-a-la-modernizacion-de-la-produccion\\\/\",\"url\":\"https:\\\/\\\/acoris.lt\\\/es\\\/consultas-sobre-la-financiacion-de-proyectos\\\/apoyo-de-la-ue-a-la-modernizacion-de-la-produccion\\\/\",\"name\":\"Apoyo de la UE a la modernizaci\u00f3n de la producci\u00f3n - Acoris\",\"isPartOf\":{\"@id\":\"https:\\\/\\\/acoris.lt\\\/#website\"},\"datePublished\":\"2025-02-27T05:43:28+00:00\",\"dateModified\":\"2025-02-27T05:43:30+00:00\",\"breadcrumb\":{\"@id\":\"https:\\\/\\\/acoris.lt\\\/es\\\/consultas-sobre-la-financiacion-de-proyectos\\\/apoyo-de-la-ue-a-la-modernizacion-de-la-produccion\\\/#breadcrumb\"},\"inLanguage\":\"es\",\"potentialAction\":[{\"@type\":\"ReadAction\",\"target\":[\"https:\\\/\\\/acoris.lt\\\/es\\\/consultas-sobre-la-financiacion-de-proyectos\\\/apoyo-de-la-ue-a-la-modernizacion-de-la-produccion\\\/\"]}]},{\"@type\":\"BreadcrumbList\",\"@id\":\"https:\\\/\\\/acoris.lt\\\/es\\\/consultas-sobre-la-financiacion-de-proyectos\\\/apoyo-de-la-ue-a-la-modernizacion-de-la-produccion\\\/#breadcrumb\",\"itemListElement\":[{\"@type\":\"ListItem\",\"position\":1,\"name\":\"Inicio\",\"item\":\"https:\\\/\\\/acoris.lt\\\/es\\\/\"},{\"@type\":\"ListItem\",\"position\":2,\"name\":\"Consultas sobre la financiaci\u00f3n de proyectos\",\"item\":\"https:\\\/\\\/acoris.lt\\\/es\\\/consultas-sobre-la-financiacion-de-proyectos\\\/\"},{\"@type\":\"ListItem\",\"position\":3,\"name\":\"Apoyo de la UE a la modernizaci\u00f3n de la producci\u00f3n\"}]},{\"@type\":\"WebSite\",\"@id\":\"https:\\\/\\\/acoris.lt\\\/#website\",\"url\":\"https:\\\/\\\/acoris.lt\\\/\",\"name\":\"Acoris\",\"description\":\"Integruotos sistemos\",\"publisher\":{\"@id\":\"https:\\\/\\\/acoris.lt\\\/#organization\"},\"potentialAction\":[{\"@type\":\"SearchAction\",\"target\":{\"@type\":\"EntryPoint\",\"urlTemplate\":\"https:\\\/\\\/acoris.lt\\\/?s={search_term_string}\"},\"query-input\":{\"@type\":\"PropertyValueSpecification\",\"valueRequired\":true,\"valueName\":\"search_term_string\"}}],\"inLanguage\":\"es\"},{\"@type\":\"Organization\",\"@id\":\"https:\\\/\\\/acoris.lt\\\/#organization\",\"name\":\"Acoris\",\"url\":\"https:\\\/\\\/acoris.lt\\\/\",\"logo\":{\"@type\":\"ImageObject\",\"inLanguage\":\"es\",\"@id\":\"https:\\\/\\\/acoris.lt\\\/#\\\/schema\\\/logo\\\/image\\\/\",\"url\":\"https:\\\/\\\/acoris.lt\\\/wp-content\\\/uploads\\\/2023\\\/12\\\/acoris.jpg\",\"contentUrl\":\"https:\\\/\\\/acoris.lt\\\/wp-content\\\/uploads\\\/2023\\\/12\\\/acoris.jpg\",\"width\":600,\"height\":600,\"caption\":\"Acoris\"},\"image\":{\"@id\":\"https:\\\/\\\/acoris.lt\\\/#\\\/schema\\\/logo\\\/image\\\/\"}}]}<\/script>\n<!-- \/ Yoast SEO plugin. -->","yoast_head_json":{"title":"Apoyo de la UE a la modernizaci\u00f3n de la producci\u00f3n - Acoris","robots":{"index":"index","follow":"follow","max-snippet":"max-snippet:-1","max-image-preview":"max-image-preview:large","max-video-preview":"max-video-preview:-1"},"canonical":"https:\/\/acoris.lt\/es\/consultas-sobre-la-financiacion-de-proyectos\/apoyo-de-la-ue-a-la-modernizacion-de-la-produccion\/","og_locale":"es_ES","og_type":"article","og_title":"Apoyo de la UE a la modernizaci\u00f3n de la producci\u00f3n - Acoris","og_description":"La LVPA ha lanzado una convocatoria denominada Eco Innovation LT, seg\u00fan la cual se pueden obtener hasta 1,5 millones de euros. Euros de apoyo a la modernizaci\u00f3n de la actividad de la empresa. Su objetivo es la inversi\u00f3n en activos tangibles (equipos, tecnolog\u00eda), cuya implementaci\u00f3n reduce el impacto negativo de las actividades econ\u00f3micas en el [&hellip;]","og_url":"https:\/\/acoris.lt\/es\/consultas-sobre-la-financiacion-de-proyectos\/apoyo-de-la-ue-a-la-modernizacion-de-la-produccion\/","og_site_name":"Acoris","article_modified_time":"2025-02-27T05:43:30+00:00","og_image":[{"width":600,"height":600,"url":"https:\/\/acoris.lt\/wp-content\/uploads\/2023\/12\/acoris.jpg","type":"image\/jpeg"}],"twitter_card":"summary_large_image","twitter_misc":{"Tiempo de lectura":"2 minutos"},"schema":{"@context":"https:\/\/schema.org","@graph":[{"@type":"WebPage","@id":"https:\/\/acoris.lt\/es\/consultas-sobre-la-financiacion-de-proyectos\/apoyo-de-la-ue-a-la-modernizacion-de-la-produccion\/","url":"https:\/\/acoris.lt\/es\/consultas-sobre-la-financiacion-de-proyectos\/apoyo-de-la-ue-a-la-modernizacion-de-la-produccion\/","name":"Apoyo de la UE a la modernizaci\u00f3n de la producci\u00f3n - Acoris","isPartOf":{"@id":"https:\/\/acoris.lt\/#website"},"datePublished":"2025-02-27T05:43:28+00:00","dateModified":"2025-02-27T05:43:30+00:00","breadcrumb":{"@id":"https:\/\/acoris.lt\/es\/consultas-sobre-la-financiacion-de-proyectos\/apoyo-de-la-ue-a-la-modernizacion-de-la-produccion\/#breadcrumb"},"inLanguage":"es","potentialAction":[{"@type":"ReadAction","target":["https:\/\/acoris.lt\/es\/consultas-sobre-la-financiacion-de-proyectos\/apoyo-de-la-ue-a-la-modernizacion-de-la-produccion\/"]}]},{"@type":"BreadcrumbList","@id":"https:\/\/acoris.lt\/es\/consultas-sobre-la-financiacion-de-proyectos\/apoyo-de-la-ue-a-la-modernizacion-de-la-produccion\/#breadcrumb","itemListElement":[{"@type":"ListItem","position":1,"name":"Inicio","item":"https:\/\/acoris.lt\/es\/"},{"@type":"ListItem","position":2,"name":"Consultas sobre la financiaci\u00f3n de proyectos","item":"https:\/\/acoris.lt\/es\/consultas-sobre-la-financiacion-de-proyectos\/"},{"@type":"ListItem","position":3,"name":"Apoyo de la UE a la modernizaci\u00f3n de la producci\u00f3n"}]},{"@type":"WebSite","@id":"https:\/\/acoris.lt\/#website","url":"https:\/\/acoris.lt\/","name":"Acoris","description":"Integruotos sistemos","publisher":{"@id":"https:\/\/acoris.lt\/#organization"},"potentialAction":[{"@type":"SearchAction","target":{"@type":"EntryPoint","urlTemplate":"https:\/\/acoris.lt\/?s={search_term_string}"},"query-input":{"@type":"PropertyValueSpecification","valueRequired":true,"valueName":"search_term_string"}}],"inLanguage":"es"},{"@type":"Organization","@id":"https:\/\/acoris.lt\/#organization","name":"Acoris","url":"https:\/\/acoris.lt\/","logo":{"@type":"ImageObject","inLanguage":"es","@id":"https:\/\/acoris.lt\/#\/schema\/logo\/image\/","url":"https:\/\/acoris.lt\/wp-content\/uploads\/2023\/12\/acoris.jpg","contentUrl":"https:\/\/acoris.lt\/wp-content\/uploads\/2023\/12\/acoris.jpg","width":600,"height":600,"caption":"Acoris"},"image":{"@id":"https:\/\/acoris.lt\/#\/schema\/logo\/image\/"}}]}},"_links":{"self":[{"href":"https:\/\/acoris.lt\/es\/wp-json\/wp\/v2\/pages\/4142","targetHints":{"allow":["GET"]}}],"collection":[{"href":"https:\/\/acoris.lt\/es\/wp-json\/wp\/v2\/pages"}],"about":[{"href":"https:\/\/acoris.lt\/es\/wp-json\/wp\/v2\/types\/page"}],"author":[{"embeddable":true,"href":"https:\/\/acoris.lt\/es\/wp-json\/wp\/v2\/users\/1"}],"replies":[{"embeddable":true,"href":"https:\/\/acoris.lt\/es\/wp-json\/wp\/v2\/comments?post=4142"}],"version-history":[{"count":1,"href":"https:\/\/acoris.lt\/es\/wp-json\/wp\/v2\/pages\/4142\/revisions"}],"predecessor-version":[{"id":4155,"href":"https:\/\/acoris.lt\/es\/wp-json\/wp\/v2\/pages\/4142\/revisions\/4155"}],"up":[{"embeddable":true,"href":"https:\/\/acoris.lt\/es\/wp-json\/wp\/v2\/pages\/4150"}],"wp:attachment":[{"href":"https:\/\/acoris.lt\/es\/wp-json\/wp\/v2\/media?parent=4142"}],"curies":[{"name":"wp","href":"https:\/\/api.w.org\/{rel}","templated":true}]}}