{"id":4143,"date":"2025-02-27T08:43:29","date_gmt":"2025-02-27T05:43:29","guid":{"rendered":"https:\/\/www.acoris.lt\/apoyo-de-la-ue-a-la-modernizacion-de-la-produccion-2\/"},"modified":"2025-02-27T08:43:31","modified_gmt":"2025-02-27T05:43:31","slug":"apoyo-de-la-ue-a-la-modernizacion-de-la-produccion-2","status":"publish","type":"page","link":"https:\/\/acoris.lt\/es\/consultas-sobre-la-financiacion-de-proyectos\/apoyo-de-la-ue-a-la-modernizacion-de-la-produccion-2\/","title":{"rendered":"Apoyo de la UE a la modernizaci\u00f3n de la producci\u00f3n"},"content":{"rendered":"<p>La LVPA ha lanzado una convocatoria \u00abREGIO POTENTIAL LT\u00bb, seg\u00fan la cual se podr\u00e1n obtener hasta 0,5 millones de euros. Euros de apoyo a la modernizaci\u00f3n de la actividad de la empresa. <strong> Su objetivo es<\/strong> fomentar la inversi\u00f3n de las micro, peque\u00f1as y medianas empresas en la introducci\u00f3n de tecnolog\u00edas modernas, que permitan la adaptaci\u00f3n de las existentes y la creaci\u00f3n de nuevas capacidades de producci\u00f3n para la producci\u00f3n de productos nuevos y existentes <\/p>\n<p><strong>Actividades apoyadas para la modernizaci\u00f3n de la producci\u00f3n:<\/strong><\/p>\n<ol>\n<li>construcci\u00f3n de un nuevo edificio o reconstrucci\u00f3n de un edificio existente, revisi\u00f3n, renovaci\u00f3n de redes internas de ingenier\u00eda,<\/li>\n<li>Costos de compra de equipos, equipos y activos tangibles para las actividades de producci\u00f3n (incluidos su transporte, dise\u00f1o, instalaci\u00f3n, preparaci\u00f3n del (los) sitio(s), instalaci\u00f3n, preparaci\u00f3n para el uso, pruebas, capacitaci\u00f3n para el uso, instrucciones de seguridad, mantenimiento (mientras se realiza la instalaci\u00f3n, instalaci\u00f3n, preparaci\u00f3n para el uso, pruebas) y costos relacionados);<\/li>\n<li>Veh\u00edculos espec\u00edficos para actividades de fabricaci\u00f3n<\/li>\n<\/ol>\n<h2><\/h2>\n<p><strong>Importe de la financiaci\u00f3n  <\/strong><\/p>\n<ul>\n<li>El importe m\u00e1ximo de financiaci\u00f3n que se puede asignar al proyecto es de 500.000 euros<\/li>\n<li>La cantidad m\u00ednima de financiaci\u00f3n disponible para el proyecto es de 25.000 euros<\/li>\n<\/ul>\n<p><strong> <\/strong><\/p>\n<p><strong>Intensidad de la financiaci\u00f3n<\/strong><\/p>\n<ul>\n<li>En el marco del programa <em>de minimis<\/em> , hasta el 65 % de los costes subvencionables totales del proyecto;<\/li>\n<li>Fuera del programa <em>de minimis<\/em> :\n<ul>\n<li>hasta el 45 % del total de los costes subvencionables del proyecto si el solicitante es una microempresa o una peque\u00f1a empresa (hasta 50 empleados)<\/li>\n<li>hasta el 35 % del total de los costes subvencionables del proyecto si el solicitante es una empresa mediana (hasta 250 empleados) <\/li>\n<\/ul>\n<\/li>\n<\/ul>\n<p><strong> <\/strong><\/p>\n<p><strong>Los principales requisitos para la empresa:  <\/strong><\/p>\n<ul>\n<li>Operando durante al menos un a\u00f1o<\/li>\n<li>Los ingresos anuales de los productos manufacturados son de al menos 145.000 euros.<\/li>\n<\/ul>\n<p>&nbsp;<\/p>\n<p><strong>El proyecto requiere:<\/strong><\/p>\n<ol>\n<li>Un plan de negocios que contenga la informaci\u00f3n proporcionada justifica la necesidad del proyecto y la necesidad de inversi\u00f3n.<\/li>\n<li>Solicitud y documentos relacionados.<\/li>\n<\/ol>\n<p>La duraci\u00f3n de la ejecuci\u00f3n del proyecto es de hasta 24 meses. Las solicitudes deber\u00e1n presentarse hasta el 25 de febrero de 2019.  <\/p>\n<p>Contamos con un equipo de profesionales de empresas empresariales e instituciones cient\u00edficas que ayudar\u00e1n a evaluar las posibilidades de modernizaci\u00f3n y preparar las soluciones t\u00e9cnico-financieras m\u00e1s adecuadas con sus especialistas, preparar una solicitud y ayudar en la implementaci\u00f3n del proyecto en s\u00ed.<\/p>\n<h2><a href=\"https:\/\/acoris.lt\/kontaktai\/\">Le invitamos a solicitar informaci\u00f3n adicional<\/a><\/h2>\n","protected":false},"excerpt":{"rendered":"<p>La LVPA ha lanzado una convocatoria \u00abREGIO POTENTIAL LT\u00bb, seg\u00fan la cual se podr\u00e1n obtener hasta 0,5 millones de euros. Euros de apoyo a la modernizaci\u00f3n de la actividad de la empresa. Su objetivo es fomentar la inversi\u00f3n de las micro, peque\u00f1as y medianas empresas en la introducci\u00f3n de tecnolog\u00edas modernas, que permitan la adaptaci\u00f3n [&hellip;]<\/p>\n","protected":false},"author":1,"featured_media":0,"parent":4150,"menu_order":0,"comment_status":"closed","ping_status":"closed","template":"","meta":{"_acf_changed":false,"_monsterinsights_skip_tracking":false,"_monsterinsights_sitenote_active":false,"_monsterinsights_sitenote_note":"","_monsterinsights_sitenote_category":0,"footnotes":""},"class_list":["post-4143","page","type-page","status-publish","hentry"],"acf":[],"yoast_head":"<!-- This site is optimized with the Yoast SEO plugin v27.4 - https:\/\/yoast.com\/product\/yoast-seo-wordpress\/ -->\n<title>Apoyo de la UE a la modernizaci\u00f3n de la producci\u00f3n - Acoris<\/title>\n<meta name=\"robots\" content=\"index, follow, max-snippet:-1, max-image-preview:large, max-video-preview:-1\" \/>\n<link rel=\"canonical\" href=\"https:\/\/acoris.lt\/es\/consultas-sobre-la-financiacion-de-proyectos\/apoyo-de-la-ue-a-la-modernizacion-de-la-produccion-2\/\" \/>\n<meta property=\"og:locale\" content=\"es_ES\" \/>\n<meta property=\"og:type\" content=\"article\" \/>\n<meta property=\"og:title\" content=\"Apoyo de la UE a la modernizaci\u00f3n de la producci\u00f3n - Acoris\" \/>\n<meta property=\"og:description\" content=\"La LVPA ha lanzado una convocatoria \u00abREGIO POTENTIAL LT\u00bb, seg\u00fan la cual se podr\u00e1n obtener hasta 0,5 millones de euros. Euros de apoyo a la modernizaci\u00f3n de la actividad de la empresa. Su objetivo es fomentar la inversi\u00f3n de las micro, peque\u00f1as y medianas empresas en la introducci\u00f3n de tecnolog\u00edas modernas, que permitan la adaptaci\u00f3n [&hellip;]\" \/>\n<meta property=\"og:url\" content=\"https:\/\/acoris.lt\/es\/consultas-sobre-la-financiacion-de-proyectos\/apoyo-de-la-ue-a-la-modernizacion-de-la-produccion-2\/\" \/>\n<meta property=\"og:site_name\" content=\"Acoris\" \/>\n<meta property=\"article:modified_time\" content=\"2025-02-27T05:43:31+00:00\" \/>\n<meta property=\"og:image\" content=\"https:\/\/acoris.lt\/wp-content\/uploads\/2023\/12\/acoris.jpg\" \/>\n\t<meta property=\"og:image:width\" content=\"600\" \/>\n\t<meta property=\"og:image:height\" content=\"600\" \/>\n\t<meta property=\"og:image:type\" content=\"image\/jpeg\" \/>\n<meta name=\"twitter:card\" content=\"summary_large_image\" \/>\n<meta name=\"twitter:label1\" content=\"Tiempo de lectura\" \/>\n\t<meta name=\"twitter:data1\" content=\"2 minutos\" \/>\n<script type=\"application\/ld+json\" class=\"yoast-schema-graph\">{\"@context\":\"https:\\\/\\\/schema.org\",\"@graph\":[{\"@type\":\"WebPage\",\"@id\":\"https:\\\/\\\/acoris.lt\\\/es\\\/consultas-sobre-la-financiacion-de-proyectos\\\/apoyo-de-la-ue-a-la-modernizacion-de-la-produccion-2\\\/\",\"url\":\"https:\\\/\\\/acoris.lt\\\/es\\\/consultas-sobre-la-financiacion-de-proyectos\\\/apoyo-de-la-ue-a-la-modernizacion-de-la-produccion-2\\\/\",\"name\":\"Apoyo de la UE a la modernizaci\u00f3n de la producci\u00f3n - Acoris\",\"isPartOf\":{\"@id\":\"https:\\\/\\\/acoris.lt\\\/#website\"},\"datePublished\":\"2025-02-27T05:43:29+00:00\",\"dateModified\":\"2025-02-27T05:43:31+00:00\",\"breadcrumb\":{\"@id\":\"https:\\\/\\\/acoris.lt\\\/es\\\/consultas-sobre-la-financiacion-de-proyectos\\\/apoyo-de-la-ue-a-la-modernizacion-de-la-produccion-2\\\/#breadcrumb\"},\"inLanguage\":\"es\",\"potentialAction\":[{\"@type\":\"ReadAction\",\"target\":[\"https:\\\/\\\/acoris.lt\\\/es\\\/consultas-sobre-la-financiacion-de-proyectos\\\/apoyo-de-la-ue-a-la-modernizacion-de-la-produccion-2\\\/\"]}]},{\"@type\":\"BreadcrumbList\",\"@id\":\"https:\\\/\\\/acoris.lt\\\/es\\\/consultas-sobre-la-financiacion-de-proyectos\\\/apoyo-de-la-ue-a-la-modernizacion-de-la-produccion-2\\\/#breadcrumb\",\"itemListElement\":[{\"@type\":\"ListItem\",\"position\":1,\"name\":\"Inicio\",\"item\":\"https:\\\/\\\/acoris.lt\\\/es\\\/\"},{\"@type\":\"ListItem\",\"position\":2,\"name\":\"Consultas sobre la financiaci\u00f3n de proyectos\",\"item\":\"https:\\\/\\\/acoris.lt\\\/es\\\/consultas-sobre-la-financiacion-de-proyectos\\\/\"},{\"@type\":\"ListItem\",\"position\":3,\"name\":\"Apoyo de la UE a la modernizaci\u00f3n de la producci\u00f3n\"}]},{\"@type\":\"WebSite\",\"@id\":\"https:\\\/\\\/acoris.lt\\\/#website\",\"url\":\"https:\\\/\\\/acoris.lt\\\/\",\"name\":\"Acoris\",\"description\":\"Integruotos sistemos\",\"publisher\":{\"@id\":\"https:\\\/\\\/acoris.lt\\\/#organization\"},\"potentialAction\":[{\"@type\":\"SearchAction\",\"target\":{\"@type\":\"EntryPoint\",\"urlTemplate\":\"https:\\\/\\\/acoris.lt\\\/?s={search_term_string}\"},\"query-input\":{\"@type\":\"PropertyValueSpecification\",\"valueRequired\":true,\"valueName\":\"search_term_string\"}}],\"inLanguage\":\"es\"},{\"@type\":\"Organization\",\"@id\":\"https:\\\/\\\/acoris.lt\\\/#organization\",\"name\":\"Acoris\",\"url\":\"https:\\\/\\\/acoris.lt\\\/\",\"logo\":{\"@type\":\"ImageObject\",\"inLanguage\":\"es\",\"@id\":\"https:\\\/\\\/acoris.lt\\\/#\\\/schema\\\/logo\\\/image\\\/\",\"url\":\"https:\\\/\\\/acoris.lt\\\/wp-content\\\/uploads\\\/2023\\\/12\\\/acoris.jpg\",\"contentUrl\":\"https:\\\/\\\/acoris.lt\\\/wp-content\\\/uploads\\\/2023\\\/12\\\/acoris.jpg\",\"width\":600,\"height\":600,\"caption\":\"Acoris\"},\"image\":{\"@id\":\"https:\\\/\\\/acoris.lt\\\/#\\\/schema\\\/logo\\\/image\\\/\"}}]}<\/script>\n<!-- \/ Yoast SEO plugin. -->","yoast_head_json":{"title":"Apoyo de la UE a la modernizaci\u00f3n de la producci\u00f3n - Acoris","robots":{"index":"index","follow":"follow","max-snippet":"max-snippet:-1","max-image-preview":"max-image-preview:large","max-video-preview":"max-video-preview:-1"},"canonical":"https:\/\/acoris.lt\/es\/consultas-sobre-la-financiacion-de-proyectos\/apoyo-de-la-ue-a-la-modernizacion-de-la-produccion-2\/","og_locale":"es_ES","og_type":"article","og_title":"Apoyo de la UE a la modernizaci\u00f3n de la producci\u00f3n - Acoris","og_description":"La LVPA ha lanzado una convocatoria \u00abREGIO POTENTIAL LT\u00bb, seg\u00fan la cual se podr\u00e1n obtener hasta 0,5 millones de euros. Euros de apoyo a la modernizaci\u00f3n de la actividad de la empresa. Su objetivo es fomentar la inversi\u00f3n de las micro, peque\u00f1as y medianas empresas en la introducci\u00f3n de tecnolog\u00edas modernas, que permitan la adaptaci\u00f3n [&hellip;]","og_url":"https:\/\/acoris.lt\/es\/consultas-sobre-la-financiacion-de-proyectos\/apoyo-de-la-ue-a-la-modernizacion-de-la-produccion-2\/","og_site_name":"Acoris","article_modified_time":"2025-02-27T05:43:31+00:00","og_image":[{"width":600,"height":600,"url":"https:\/\/acoris.lt\/wp-content\/uploads\/2023\/12\/acoris.jpg","type":"image\/jpeg"}],"twitter_card":"summary_large_image","twitter_misc":{"Tiempo de lectura":"2 minutos"},"schema":{"@context":"https:\/\/schema.org","@graph":[{"@type":"WebPage","@id":"https:\/\/acoris.lt\/es\/consultas-sobre-la-financiacion-de-proyectos\/apoyo-de-la-ue-a-la-modernizacion-de-la-produccion-2\/","url":"https:\/\/acoris.lt\/es\/consultas-sobre-la-financiacion-de-proyectos\/apoyo-de-la-ue-a-la-modernizacion-de-la-produccion-2\/","name":"Apoyo de la UE a la modernizaci\u00f3n de la producci\u00f3n - Acoris","isPartOf":{"@id":"https:\/\/acoris.lt\/#website"},"datePublished":"2025-02-27T05:43:29+00:00","dateModified":"2025-02-27T05:43:31+00:00","breadcrumb":{"@id":"https:\/\/acoris.lt\/es\/consultas-sobre-la-financiacion-de-proyectos\/apoyo-de-la-ue-a-la-modernizacion-de-la-produccion-2\/#breadcrumb"},"inLanguage":"es","potentialAction":[{"@type":"ReadAction","target":["https:\/\/acoris.lt\/es\/consultas-sobre-la-financiacion-de-proyectos\/apoyo-de-la-ue-a-la-modernizacion-de-la-produccion-2\/"]}]},{"@type":"BreadcrumbList","@id":"https:\/\/acoris.lt\/es\/consultas-sobre-la-financiacion-de-proyectos\/apoyo-de-la-ue-a-la-modernizacion-de-la-produccion-2\/#breadcrumb","itemListElement":[{"@type":"ListItem","position":1,"name":"Inicio","item":"https:\/\/acoris.lt\/es\/"},{"@type":"ListItem","position":2,"name":"Consultas sobre la financiaci\u00f3n de proyectos","item":"https:\/\/acoris.lt\/es\/consultas-sobre-la-financiacion-de-proyectos\/"},{"@type":"ListItem","position":3,"name":"Apoyo de la UE a la modernizaci\u00f3n de la producci\u00f3n"}]},{"@type":"WebSite","@id":"https:\/\/acoris.lt\/#website","url":"https:\/\/acoris.lt\/","name":"Acoris","description":"Integruotos sistemos","publisher":{"@id":"https:\/\/acoris.lt\/#organization"},"potentialAction":[{"@type":"SearchAction","target":{"@type":"EntryPoint","urlTemplate":"https:\/\/acoris.lt\/?s={search_term_string}"},"query-input":{"@type":"PropertyValueSpecification","valueRequired":true,"valueName":"search_term_string"}}],"inLanguage":"es"},{"@type":"Organization","@id":"https:\/\/acoris.lt\/#organization","name":"Acoris","url":"https:\/\/acoris.lt\/","logo":{"@type":"ImageObject","inLanguage":"es","@id":"https:\/\/acoris.lt\/#\/schema\/logo\/image\/","url":"https:\/\/acoris.lt\/wp-content\/uploads\/2023\/12\/acoris.jpg","contentUrl":"https:\/\/acoris.lt\/wp-content\/uploads\/2023\/12\/acoris.jpg","width":600,"height":600,"caption":"Acoris"},"image":{"@id":"https:\/\/acoris.lt\/#\/schema\/logo\/image\/"}}]}},"_links":{"self":[{"href":"https:\/\/acoris.lt\/es\/wp-json\/wp\/v2\/pages\/4143","targetHints":{"allow":["GET"]}}],"collection":[{"href":"https:\/\/acoris.lt\/es\/wp-json\/wp\/v2\/pages"}],"about":[{"href":"https:\/\/acoris.lt\/es\/wp-json\/wp\/v2\/types\/page"}],"author":[{"embeddable":true,"href":"https:\/\/acoris.lt\/es\/wp-json\/wp\/v2\/users\/1"}],"replies":[{"embeddable":true,"href":"https:\/\/acoris.lt\/es\/wp-json\/wp\/v2\/comments?post=4143"}],"version-history":[{"count":1,"href":"https:\/\/acoris.lt\/es\/wp-json\/wp\/v2\/pages\/4143\/revisions"}],"predecessor-version":[{"id":4156,"href":"https:\/\/acoris.lt\/es\/wp-json\/wp\/v2\/pages\/4143\/revisions\/4156"}],"up":[{"embeddable":true,"href":"https:\/\/acoris.lt\/es\/wp-json\/wp\/v2\/pages\/4150"}],"wp:attachment":[{"href":"https:\/\/acoris.lt\/es\/wp-json\/wp\/v2\/media?parent=4143"}],"curies":[{"name":"wp","href":"https:\/\/api.w.org\/{rel}","templated":true}]}}