{"id":4144,"date":"2025-02-27T08:43:29","date_gmt":"2025-02-27T05:43:29","guid":{"rendered":"https:\/\/www.acoris.lt\/tarjetas-de-descuento\/"},"modified":"2025-02-27T08:43:36","modified_gmt":"2025-02-27T05:43:36","slug":"tarjetas-de-descuento","status":"publish","type":"page","link":"https:\/\/acoris.lt\/es\/tarjetas-de-descuento\/","title":{"rendered":"Tarjetas de descuento"},"content":{"rendered":"<div class=\"wpb-content-wrapper\"><p>[vc_row 0=\u00bb\u00bb][vc_column 0=\u00bb\u00bb][vc_row_inner 0=\u00bb\u00bb][vc_column_inner width=\u00bb1\/2&#8243;][vc_column_text 0=\u00bb\u00bb]Los visitantes, empleados, participantes del evento u otras tarjetas de pl\u00e1stico, tel\u00e9fono NFC u otras herramientas de identificaci\u00f3n digital se pueden utilizar como tarjetas de descuento universales, a sus usuarios se les pueden ofrecer varios servicios adicionales nuevos: certificados de regalo, vales de comida, descuentos.<\/p>\n<p>Cada usuario ve sus propios descuentos, cupones y otras ofertas disponibles.<\/p>\n<p>Un sistema se puede utilizar en varios objetos diferentes, adecuados para un uso temporal, por ejemplo, para eventos.<\/p>\n<p>Todos los sistemas instalados se combinan en una sola aplicaci\u00f3n, donde se pueden ver informes de uso detallados. El programa puede realizar la funci\u00f3n de contabilidad o integrarse con el programa de contabilidad utilizado u otros sistemas de gesti\u00f3n empresarial. <\/p>\n<ul>\n<li>Los sistemas se instalan seg\u00fan sea necesario: un paquete completo de sistemas o un sistema espec\u00edfico que satisfaga las necesidades.<\/li>\n<li>Los sistemas est\u00e1n garantizados, realizamos formaci\u00f3n, soporte y servicio.<\/li>\n<\/ul>\n<p>[\/vc_column_text][\/vc_column_inner][vc_column_inner width=\u00bb1\/2&#8243;][vc_column_text 0=\u00bb\u00bb][\/vc_column_text][vc_single_image image=\u00bb309&#8243; img_size=\u00bbfull\u00bb alignment=\u00bbcenter\u00bb][\/vc_column_inner][\/vc_row_inner][vc_column_text 0=\u00bb\u00bb][\/vc_column_text][\/vc_column][\/vc_row][vc_row full_width=\u00bbstretch_row\u00bb css=\u00bb.vc_custom_1520432079740{background-color: #174894 !important;}\u00bb el_class=\u00bbblue-section-header\u00bb][vc_column css=\u00bb.vc_custom_1520432326642{padding-top: 10px !important;}\u00bb][vc_column_text css=\u00bb.vc_custom_1521110669221{margin-bottom: 10px !important;}\u00bb]<\/p>\n<h2><span style=\"color: #ffffff;\"><a style=\"color: #ffffff;\" href=\"https:\/\/acoris.lt\/kontaktai\/\">P\u00f3ngase en contacto con nosotros para obtener m\u00e1s detalles o realizar consultas<\/a><\/span><\/h2>\n<p>[\/vc_column_text][\/vc_column][\/vc_row]<\/p>\n<\/div>","protected":false},"excerpt":{"rendered":"<p>[vc_row 0=\u00bb\u00bb][vc_column 0=\u00bb\u00bb][vc_row_inner 0=\u00bb\u00bb][vc_column_inner width=\u00bb1\/2&#8243;][vc_column_text 0=\u00bb\u00bb]Los visitantes, empleados, participantes del evento u otras tarjetas de pl\u00e1stico, tel\u00e9fono NFC u otras herramientas de identificaci\u00f3n digital se pueden utilizar como tarjetas de descuento universales, a sus usuarios se les pueden ofrecer varios servicios adicionales nuevos: certificados de regalo, vales de comida, descuentos. Cada usuario ve sus propios [&hellip;]<\/p>\n","protected":false},"author":1,"featured_media":0,"parent":0,"menu_order":0,"comment_status":"closed","ping_status":"closed","template":"","meta":{"_acf_changed":false,"_monsterinsights_skip_tracking":false,"_monsterinsights_sitenote_active":false,"_monsterinsights_sitenote_note":"","_monsterinsights_sitenote_category":0,"footnotes":""},"class_list":["post-4144","page","type-page","status-publish","hentry"],"acf":[],"yoast_head":"<!-- This site is optimized with the Yoast SEO plugin v27.3 - https:\/\/yoast.com\/product\/yoast-seo-wordpress\/ -->\n<title>Tarjetas de descuento - Acoris<\/title>\n<meta name=\"robots\" content=\"index, follow, max-snippet:-1, max-image-preview:large, max-video-preview:-1\" \/>\n<link rel=\"canonical\" href=\"https:\/\/acoris.lt\/es\/tarjetas-de-descuento\/\" \/>\n<meta property=\"og:locale\" content=\"es_ES\" \/>\n<meta property=\"og:type\" content=\"article\" \/>\n<meta property=\"og:title\" content=\"Tarjetas de descuento - Acoris\" \/>\n<meta property=\"og:description\" content=\"[vc_row 0=\u00bb\u00bb][vc_column 0=\u00bb\u00bb][vc_row_inner 0=\u00bb\u00bb][vc_column_inner width=\u00bb1\/2&#8243;][vc_column_text 0=\u00bb\u00bb]Los visitantes, empleados, participantes del evento u otras tarjetas de pl\u00e1stico, tel\u00e9fono NFC u otras herramientas de identificaci\u00f3n digital se pueden utilizar como tarjetas de descuento universales, a sus usuarios se les pueden ofrecer varios servicios adicionales nuevos: certificados de regalo, vales de comida, descuentos. Cada usuario ve sus propios [&hellip;]\" \/>\n<meta property=\"og:url\" content=\"https:\/\/acoris.lt\/es\/tarjetas-de-descuento\/\" \/>\n<meta property=\"og:site_name\" content=\"Acoris\" \/>\n<meta property=\"article:modified_time\" content=\"2025-02-27T05:43:36+00:00\" \/>\n<meta property=\"og:image\" content=\"https:\/\/acoris.lt\/wp-content\/uploads\/2023\/12\/acoris.jpg\" \/>\n\t<meta property=\"og:image:width\" content=\"600\" \/>\n\t<meta property=\"og:image:height\" content=\"600\" \/>\n\t<meta property=\"og:image:type\" content=\"image\/jpeg\" \/>\n<meta name=\"twitter:card\" content=\"summary_large_image\" \/>\n<meta name=\"twitter:label1\" content=\"Tiempo de lectura\" \/>\n\t<meta name=\"twitter:data1\" content=\"1 minuto\" \/>\n<script type=\"application\/ld+json\" class=\"yoast-schema-graph\">{\"@context\":\"https:\\\/\\\/schema.org\",\"@graph\":[{\"@type\":\"WebPage\",\"@id\":\"https:\\\/\\\/acoris.lt\\\/es\\\/tarjetas-de-descuento\\\/\",\"url\":\"https:\\\/\\\/acoris.lt\\\/es\\\/tarjetas-de-descuento\\\/\",\"name\":\"Tarjetas de descuento - Acoris\",\"isPartOf\":{\"@id\":\"https:\\\/\\\/acoris.lt\\\/#website\"},\"datePublished\":\"2025-02-27T05:43:29+00:00\",\"dateModified\":\"2025-02-27T05:43:36+00:00\",\"breadcrumb\":{\"@id\":\"https:\\\/\\\/acoris.lt\\\/es\\\/tarjetas-de-descuento\\\/#breadcrumb\"},\"inLanguage\":\"es\",\"potentialAction\":[{\"@type\":\"ReadAction\",\"target\":[\"https:\\\/\\\/acoris.lt\\\/es\\\/tarjetas-de-descuento\\\/\"]}]},{\"@type\":\"BreadcrumbList\",\"@id\":\"https:\\\/\\\/acoris.lt\\\/es\\\/tarjetas-de-descuento\\\/#breadcrumb\",\"itemListElement\":[{\"@type\":\"ListItem\",\"position\":1,\"name\":\"Inicio\",\"item\":\"https:\\\/\\\/acoris.lt\\\/es\\\/\"},{\"@type\":\"ListItem\",\"position\":2,\"name\":\"Tarjetas de descuento\"}]},{\"@type\":\"WebSite\",\"@id\":\"https:\\\/\\\/acoris.lt\\\/#website\",\"url\":\"https:\\\/\\\/acoris.lt\\\/\",\"name\":\"Acoris\",\"description\":\"Integruotos sistemos\",\"publisher\":{\"@id\":\"https:\\\/\\\/acoris.lt\\\/#organization\"},\"potentialAction\":[{\"@type\":\"SearchAction\",\"target\":{\"@type\":\"EntryPoint\",\"urlTemplate\":\"https:\\\/\\\/acoris.lt\\\/?s={search_term_string}\"},\"query-input\":{\"@type\":\"PropertyValueSpecification\",\"valueRequired\":true,\"valueName\":\"search_term_string\"}}],\"inLanguage\":\"es\"},{\"@type\":\"Organization\",\"@id\":\"https:\\\/\\\/acoris.lt\\\/#organization\",\"name\":\"Acoris\",\"url\":\"https:\\\/\\\/acoris.lt\\\/\",\"logo\":{\"@type\":\"ImageObject\",\"inLanguage\":\"es\",\"@id\":\"https:\\\/\\\/acoris.lt\\\/#\\\/schema\\\/logo\\\/image\\\/\",\"url\":\"https:\\\/\\\/acoris.lt\\\/wp-content\\\/uploads\\\/2023\\\/12\\\/acoris.jpg\",\"contentUrl\":\"https:\\\/\\\/acoris.lt\\\/wp-content\\\/uploads\\\/2023\\\/12\\\/acoris.jpg\",\"width\":600,\"height\":600,\"caption\":\"Acoris\"},\"image\":{\"@id\":\"https:\\\/\\\/acoris.lt\\\/#\\\/schema\\\/logo\\\/image\\\/\"}}]}<\/script>\n<!-- \/ Yoast SEO plugin. -->","yoast_head_json":{"title":"Tarjetas de descuento - Acoris","robots":{"index":"index","follow":"follow","max-snippet":"max-snippet:-1","max-image-preview":"max-image-preview:large","max-video-preview":"max-video-preview:-1"},"canonical":"https:\/\/acoris.lt\/es\/tarjetas-de-descuento\/","og_locale":"es_ES","og_type":"article","og_title":"Tarjetas de descuento - Acoris","og_description":"[vc_row 0=\u00bb\u00bb][vc_column 0=\u00bb\u00bb][vc_row_inner 0=\u00bb\u00bb][vc_column_inner width=\u00bb1\/2&#8243;][vc_column_text 0=\u00bb\u00bb]Los visitantes, empleados, participantes del evento u otras tarjetas de pl\u00e1stico, tel\u00e9fono NFC u otras herramientas de identificaci\u00f3n digital se pueden utilizar como tarjetas de descuento universales, a sus usuarios se les pueden ofrecer varios servicios adicionales nuevos: certificados de regalo, vales de comida, descuentos. Cada usuario ve sus propios [&hellip;]","og_url":"https:\/\/acoris.lt\/es\/tarjetas-de-descuento\/","og_site_name":"Acoris","article_modified_time":"2025-02-27T05:43:36+00:00","og_image":[{"width":600,"height":600,"url":"https:\/\/acoris.lt\/wp-content\/uploads\/2023\/12\/acoris.jpg","type":"image\/jpeg"}],"twitter_card":"summary_large_image","twitter_misc":{"Tiempo de lectura":"1 minuto"},"schema":{"@context":"https:\/\/schema.org","@graph":[{"@type":"WebPage","@id":"https:\/\/acoris.lt\/es\/tarjetas-de-descuento\/","url":"https:\/\/acoris.lt\/es\/tarjetas-de-descuento\/","name":"Tarjetas de descuento - Acoris","isPartOf":{"@id":"https:\/\/acoris.lt\/#website"},"datePublished":"2025-02-27T05:43:29+00:00","dateModified":"2025-02-27T05:43:36+00:00","breadcrumb":{"@id":"https:\/\/acoris.lt\/es\/tarjetas-de-descuento\/#breadcrumb"},"inLanguage":"es","potentialAction":[{"@type":"ReadAction","target":["https:\/\/acoris.lt\/es\/tarjetas-de-descuento\/"]}]},{"@type":"BreadcrumbList","@id":"https:\/\/acoris.lt\/es\/tarjetas-de-descuento\/#breadcrumb","itemListElement":[{"@type":"ListItem","position":1,"name":"Inicio","item":"https:\/\/acoris.lt\/es\/"},{"@type":"ListItem","position":2,"name":"Tarjetas de descuento"}]},{"@type":"WebSite","@id":"https:\/\/acoris.lt\/#website","url":"https:\/\/acoris.lt\/","name":"Acoris","description":"Integruotos sistemos","publisher":{"@id":"https:\/\/acoris.lt\/#organization"},"potentialAction":[{"@type":"SearchAction","target":{"@type":"EntryPoint","urlTemplate":"https:\/\/acoris.lt\/?s={search_term_string}"},"query-input":{"@type":"PropertyValueSpecification","valueRequired":true,"valueName":"search_term_string"}}],"inLanguage":"es"},{"@type":"Organization","@id":"https:\/\/acoris.lt\/#organization","name":"Acoris","url":"https:\/\/acoris.lt\/","logo":{"@type":"ImageObject","inLanguage":"es","@id":"https:\/\/acoris.lt\/#\/schema\/logo\/image\/","url":"https:\/\/acoris.lt\/wp-content\/uploads\/2023\/12\/acoris.jpg","contentUrl":"https:\/\/acoris.lt\/wp-content\/uploads\/2023\/12\/acoris.jpg","width":600,"height":600,"caption":"Acoris"},"image":{"@id":"https:\/\/acoris.lt\/#\/schema\/logo\/image\/"}}]}},"_links":{"self":[{"href":"https:\/\/acoris.lt\/es\/wp-json\/wp\/v2\/pages\/4144","targetHints":{"allow":["GET"]}}],"collection":[{"href":"https:\/\/acoris.lt\/es\/wp-json\/wp\/v2\/pages"}],"about":[{"href":"https:\/\/acoris.lt\/es\/wp-json\/wp\/v2\/types\/page"}],"author":[{"embeddable":true,"href":"https:\/\/acoris.lt\/es\/wp-json\/wp\/v2\/users\/1"}],"replies":[{"embeddable":true,"href":"https:\/\/acoris.lt\/es\/wp-json\/wp\/v2\/comments?post=4144"}],"version-history":[{"count":10,"href":"https:\/\/acoris.lt\/es\/wp-json\/wp\/v2\/pages\/4144\/revisions"}],"predecessor-version":[{"id":4175,"href":"https:\/\/acoris.lt\/es\/wp-json\/wp\/v2\/pages\/4144\/revisions\/4175"}],"wp:attachment":[{"href":"https:\/\/acoris.lt\/es\/wp-json\/wp\/v2\/media?parent=4144"}],"curies":[{"name":"wp","href":"https:\/\/api.w.org\/{rel}","templated":true}]}}