{"id":4169,"date":"2025-02-27T08:43:33","date_gmt":"2025-02-27T05:43:33","guid":{"rendered":"https:\/\/www.acoris.lt\/inocekiai\/"},"modified":"2025-02-27T08:43:35","modified_gmt":"2025-02-27T05:43:35","slug":"inocekiai","status":"publish","type":"page","link":"https:\/\/acoris.lt\/es\/inocekiai\/","title":{"rendered":"\u00abIno\u010dekiai\u00bb"},"content":{"rendered":"<div class=\"wpb-content-wrapper\"><p>[vc_row][vc_column 0=\u00bb\u00bb][vc_column_text]<strong>\u00abIno\u010dekiai\u00bb<\/strong> \u2013 para principiantes o personas jur\u00eddicas dedicadas a actividades innovadoras<\/p>\n<p><strong>El objetivo de la financiaci\u00f3n es <\/strong>Animar a las empresas y a la ciencia a establecer primeros contactos, a continuar las actividades de investigaci\u00f3n y\/o desarrollo experimental (I&amp;D) que ya se han iniciado en cooperaci\u00f3n entre la ciencia y las empresas, a animar a las empresas a intensificar sus actividades innovadoras y a aprovechar las oportunidades que ofrece la cooperaci\u00f3n entre la ciencia y la empresa<\/p>\n<p><strong>Solicitantes- Personas<\/strong> jur\u00eddicas (excepto instituciones de educaci\u00f3n superior).<\/p>\n<p><strong>Proveedores de servicios<\/strong> &#8211; En los sitios web <a href=\"http:\/\/www.e-mokslovartai.lt\">www.e-mokslovartai.lt<\/a> y <a href=\"http:\/\/www.mita.lt\">www.mita.lt<\/a> se publica una lista de referencia de instituciones de educaci\u00f3n superior. Los servicios tambi\u00e9n pueden ser prestados por instituciones de educaci\u00f3n superior que no est\u00e9n en la lista. <\/p>\n<p>Los socios no son posibles, la selecci\u00f3n continua de proyectos.<\/p>\n<table width=\"0\">\n<tbody>\n<tr>\n<td width=\"300\"><strong>Ajuste<\/strong><\/td>\n<td width=\"180\"><strong>Innovador<\/strong><\/td>\n<p> principiante<\/p>\n<td width=\"170\"><strong>Innovador maduro<\/strong><\/td>\n<\/tr>\n<tr>\nDuraci\u00f3n <\/p>\n<td width=\"300\">de la actividad<\/td>\n<td width=\"180\">Hasta 1 a\u00f1o<\/td>\n<td width=\"170\">M\u00e1s de 1 a\u00f1o<\/td>\n<\/tr>\n<tr>\n<td width=\"300\">Renta<\/td>\n<td width=\"180\">M\u00e1s de 3000 EUR<\/td>\n<td width=\"170\">M\u00e1s de 10 000 EUR<\/td>\n<\/tr>\n<tr>\n<td width=\"300\"><strong>Cheque para estudios de viabilidad<\/strong>, Compensaci\u00f3n m\u00e1xima<\/p>\n<p>de la peque\u00f1a empresa,Compensaci\u00f3n media de la empresa,Compensaci\u00f3n<\/p>\n<p> de la gran<\/p>\n<p> empresa,Duraci\u00f3n del proyecto<\/p>\n<p>, hasta<\/td>\n<td width=\"180\">EUR<br \/>\n7.305 70 %<\/p>\n<p>60 %<\/p>\n<p>50 %<\/p>\n<p>12 meses\n<\/td>\n<td width=\"170\">&nbsp;<\/p>\n<p>EUR<br \/>\n26.722 70 %<\/p>\n<p>60 %<\/p>\n<p>50 %<\/p>\n<p>12 meses<\/p>\n<p>&nbsp;<\/td>\n<\/tr>\n<tr>\n<td width=\"300\"><strong>Comprobar las actividades<\/strong><\/p>\n<p> de investigaci\u00f3nCompensaci\u00f3n para una peque\u00f1a empresa,Compensaci\u00f3n media<\/p>\n<p> para una empresa,Compensaci\u00f3n<\/p>\n<p> para una gran empresa,Duraci\u00f3n<\/p>\n<p> del proyecto, hasta<\/td>\n<td width=\"180\">EUR<br \/>\n12.801 70 %<\/p>\n<p>60 %<\/p>\n<p>50 %<\/p>\n<p>24 meses\n<\/td>\n<td width=\"170\">&nbsp;<\/p>\n<p>EUR<br \/>\n46.826 70 %<\/p>\n<p>60 %<\/p>\n<p>50 %<\/p>\n<p>24 meses<\/p>\n<p>&nbsp;<\/td>\n<\/tr>\n<tr>\n<td width=\"300\"><strong>Cheque para<\/strong> <strong>actividades<\/strong><\/p>\n<p>de desarrollo experimental Para una peque\u00f1a empresa compensaci\u00f3n,Compensaci\u00f3n para una empresa mediana,Para<\/p>\n<p> una gran empresa compensaci\u00f3n,Duraci\u00f3n<\/p>\n<p> del proyecto<\/p>\n<p>, hasta<\/td>\n<td width=\"180\">EUR<br \/>\n20.225 45 %<\/p>\n<p>35 %<\/p>\n<p>25 %<\/p>\n<p>24 meses\n<\/td>\n<td width=\"170\">EUR<br \/>\n73.984 45 %<\/p>\n<p>35 %<\/p>\n<p>25 %<\/p>\n<p>24 meses\n<\/td>\n<\/tr>\n<\/tbody>\n<\/table>\n<p>Cuando el proyecto implique actividades de investigaci\u00f3n y desarrollo experimental, las cantidades a tanto alzado se agregar\u00e1n por solicitante y actividad, respectivamente. Las actividades del proyecto deben iniciarse a m\u00e1s tardar 1 mes a partir de la fecha de firma del acuerdo de subvenci\u00f3n. <\/p>\n<p><strong>Procedimiento de liquidaci\u00f3n:<\/strong><\/p>\n<ul>\n<li>En un plazo de 30 d\u00edas a partir de la obtenci\u00f3n del resultado, se facilitar\u00e1 al organismo de ejecuci\u00f3n los documentos justificativos, es decir, las actas de cesi\u00f3n y aceptaci\u00f3n de los servicios, junto con el estudio de viabilidad t\u00e9cnica o una copia del mismo, o una fotograf\u00eda del prototipo creado, o los informes de ensayo\/copias, o el informe cient\u00edfico o una copia del mismo.  <\/li>\n<li>El promotor del proyecto pagar\u00e1 el 100% de los costos de prestaci\u00f3n del servicio a la instituci\u00f3n de educaci\u00f3n superior que prest\u00f3 el servicio. Sin perjuicio de todas las obligaciones derivadas del acuerdo de subvenci\u00f3n, se reembolsar\u00e1 al solicitante una parte de los costes subvencionables en que haya incurrido, tal como se especifica en el cuadro de descripci\u00f3n y en el p\u00e1rrafo 38 de la descripci\u00f3n.  <\/li>\n<\/ul>\n<p><strong>Requisitos operativos:<\/strong><\/p>\n<p><strong>Estudio de viabilidad t\u00e9cnica<\/strong> : corresponde al concepto de estudio de viabilidad tal como se define en el art\u00edculo 2, apartado 87, del Reglamento general de exenci\u00f3n por categor\u00edas.<\/p>\n<p><strong>Desarrollo experimental: corresponde<\/strong><strong> <\/strong>al concepto de desarrollo experimental tal como se define en el art\u00edculo 2, punto 86, del Reglamento general de exenci\u00f3n por categor\u00edas.<\/p>\n<p><strong>Investigaci\u00f3n<\/strong> : corresponde al concepto de investigaci\u00f3n industrial tal como se define en el art\u00edculo 2, punto 85, del Reglamento General de Exenci\u00f3n por Categor\u00edas.<\/p>\n<p>Para determinar si las actividades previstas en el proyecto son actividades de investigaci\u00f3n y desarrollo, se utilizar\u00e1 la Descripci\u00f3n de la Clasificaci\u00f3n Recomendada de las Etapas de Investigaci\u00f3n y Desarrollo Experimental, aprobada por la Resoluci\u00f3n No. 650 del Gobierno de la Rep\u00fablica de Lituania del 6 de junio de 2012 \u00abSobre la Aprobaci\u00f3n de la Descripci\u00f3n de la Clasificaci\u00f3n Recomendada de las Etapas de Investigaci\u00f3n y Desarrollo Experimental\u00bb, y el Jefe de \u00abFrascati\u00bb para 2015 (\u00abPr\u00e1ctica est\u00e1ndar propuesta para la investigaci\u00f3n estad\u00edstica y la investigaci\u00f3n estad\u00edstica de desarrollo experimental\u00bb del Gobierno de la Rep\u00fablica de Lituania\u00bb,  Jefe de Frascati, Organizaci\u00f3n para la Cooperaci\u00f3n y el Desarrollo Econ\u00f3micos, 2015).  <\/p>\n<p>Los innovadores maduros deben presentar a la Oficina de Estad\u00edstica de Lituania una copia del informe de gastos de investigaci\u00f3n y desarrollo incurrido durante los \u00faltimos 3 a\u00f1os anteriores a la fecha de registro de la solicitud ante el organismo de ejecuci\u00f3n o el momento desde la fecha de registro de la empresa (si la empresa ha estado operando durante menos de tres a\u00f1os) o un documento (el hecho de enviar un correo electr\u00f3nico u otra fuente de informaci\u00f3n que confirme el hecho de presentar el informe de gastos de investigaci\u00f3n y desarrollo a Estad\u00edsticas Lituania) que confirme el hecho de presentar el informe de gastos de investigaci\u00f3n y desarrollo a Estad\u00edsticas Lituania) que confirme el hecho de presentar el informe de gastos de investigaci\u00f3n y desarrollo a Estad\u00edsticas Lituania) la presentaci\u00f3n del informe o informes a la Oficina de Estad\u00edstica de Lituania, una copia o el consentimiento del solicitante a la solicitud del organismo de ejecuci\u00f3n al Departamento de Estad\u00edstica de Lituania para recibir un informe sobre los gastos incurridos en investigaci\u00f3n y desarrollo (aplicable si el solicitante es un innovador maduro);[\/vc_column_text][\/vc_column][\/vc_row]<\/p>\n<\/div>","protected":false},"excerpt":{"rendered":"<p>[vc_row][vc_column 0=\u00bb\u00bb][vc_column_text]\u00abIno\u010dekiai\u00bb \u2013 para principiantes o personas jur\u00eddicas dedicadas a actividades innovadoras El objetivo de la financiaci\u00f3n es Animar a las empresas y a la ciencia a establecer primeros contactos, a continuar las actividades de investigaci\u00f3n y\/o desarrollo experimental (I&amp;D) que ya se han iniciado en cooperaci\u00f3n entre la ciencia y las empresas, a animar [&hellip;]<\/p>\n","protected":false},"author":1,"featured_media":0,"parent":0,"menu_order":0,"comment_status":"closed","ping_status":"closed","template":"","meta":{"_acf_changed":false,"_monsterinsights_skip_tracking":false,"_monsterinsights_sitenote_active":false,"_monsterinsights_sitenote_note":"","_monsterinsights_sitenote_category":0,"footnotes":""},"class_list":["post-4169","page","type-page","status-publish","hentry"],"acf":[],"yoast_head":"<!-- This site is optimized with the Yoast SEO plugin v27.3 - https:\/\/yoast.com\/product\/yoast-seo-wordpress\/ -->\n<title>&quot;Ino\u010dekiai&quot; - Acoris<\/title>\n<meta name=\"robots\" content=\"index, follow, max-snippet:-1, max-image-preview:large, max-video-preview:-1\" \/>\n<link rel=\"canonical\" href=\"https:\/\/acoris.lt\/es\/inocekiai\/\" \/>\n<meta property=\"og:locale\" content=\"es_ES\" \/>\n<meta property=\"og:type\" content=\"article\" \/>\n<meta property=\"og:title\" content=\"&quot;Ino\u010dekiai&quot; - Acoris\" \/>\n<meta property=\"og:description\" content=\"[vc_row][vc_column 0=\u00bb\u00bb][vc_column_text]\u00abIno\u010dekiai\u00bb \u2013 para principiantes o personas jur\u00eddicas dedicadas a actividades innovadoras El objetivo de la financiaci\u00f3n es Animar a las empresas y a la ciencia a establecer primeros contactos, a continuar las actividades de investigaci\u00f3n y\/o desarrollo experimental (I&amp;D) que ya se han iniciado en cooperaci\u00f3n entre la ciencia y las empresas, a animar [&hellip;]\" \/>\n<meta property=\"og:url\" content=\"https:\/\/acoris.lt\/es\/inocekiai\/\" \/>\n<meta property=\"og:site_name\" content=\"Acoris\" \/>\n<meta property=\"article:modified_time\" content=\"2025-02-27T05:43:35+00:00\" \/>\n<meta property=\"og:image\" content=\"https:\/\/acoris.lt\/wp-content\/uploads\/2023\/12\/acoris.jpg\" \/>\n\t<meta property=\"og:image:width\" content=\"600\" \/>\n\t<meta property=\"og:image:height\" content=\"600\" \/>\n\t<meta property=\"og:image:type\" content=\"image\/jpeg\" \/>\n<meta name=\"twitter:card\" content=\"summary_large_image\" \/>\n<meta name=\"twitter:label1\" content=\"Tiempo de lectura\" \/>\n\t<meta name=\"twitter:data1\" content=\"5 minutos\" \/>\n<script type=\"application\/ld+json\" class=\"yoast-schema-graph\">{\"@context\":\"https:\\\/\\\/schema.org\",\"@graph\":[{\"@type\":\"WebPage\",\"@id\":\"https:\\\/\\\/acoris.lt\\\/es\\\/inocekiai\\\/\",\"url\":\"https:\\\/\\\/acoris.lt\\\/es\\\/inocekiai\\\/\",\"name\":\"\\\"Ino\u010dekiai\\\" - Acoris\",\"isPartOf\":{\"@id\":\"https:\\\/\\\/acoris.lt\\\/#website\"},\"datePublished\":\"2025-02-27T05:43:33+00:00\",\"dateModified\":\"2025-02-27T05:43:35+00:00\",\"breadcrumb\":{\"@id\":\"https:\\\/\\\/acoris.lt\\\/es\\\/inocekiai\\\/#breadcrumb\"},\"inLanguage\":\"es\",\"potentialAction\":[{\"@type\":\"ReadAction\",\"target\":[\"https:\\\/\\\/acoris.lt\\\/es\\\/inocekiai\\\/\"]}]},{\"@type\":\"BreadcrumbList\",\"@id\":\"https:\\\/\\\/acoris.lt\\\/es\\\/inocekiai\\\/#breadcrumb\",\"itemListElement\":[{\"@type\":\"ListItem\",\"position\":1,\"name\":\"Inicio\",\"item\":\"https:\\\/\\\/acoris.lt\\\/es\\\/\"},{\"@type\":\"ListItem\",\"position\":2,\"name\":\"\u00abIno\u010dekiai\u00bb\"}]},{\"@type\":\"WebSite\",\"@id\":\"https:\\\/\\\/acoris.lt\\\/#website\",\"url\":\"https:\\\/\\\/acoris.lt\\\/\",\"name\":\"Acoris\",\"description\":\"Integruotos sistemos\",\"publisher\":{\"@id\":\"https:\\\/\\\/acoris.lt\\\/#organization\"},\"potentialAction\":[{\"@type\":\"SearchAction\",\"target\":{\"@type\":\"EntryPoint\",\"urlTemplate\":\"https:\\\/\\\/acoris.lt\\\/?s={search_term_string}\"},\"query-input\":{\"@type\":\"PropertyValueSpecification\",\"valueRequired\":true,\"valueName\":\"search_term_string\"}}],\"inLanguage\":\"es\"},{\"@type\":\"Organization\",\"@id\":\"https:\\\/\\\/acoris.lt\\\/#organization\",\"name\":\"Acoris\",\"url\":\"https:\\\/\\\/acoris.lt\\\/\",\"logo\":{\"@type\":\"ImageObject\",\"inLanguage\":\"es\",\"@id\":\"https:\\\/\\\/acoris.lt\\\/#\\\/schema\\\/logo\\\/image\\\/\",\"url\":\"https:\\\/\\\/acoris.lt\\\/wp-content\\\/uploads\\\/2023\\\/12\\\/acoris.jpg\",\"contentUrl\":\"https:\\\/\\\/acoris.lt\\\/wp-content\\\/uploads\\\/2023\\\/12\\\/acoris.jpg\",\"width\":600,\"height\":600,\"caption\":\"Acoris\"},\"image\":{\"@id\":\"https:\\\/\\\/acoris.lt\\\/#\\\/schema\\\/logo\\\/image\\\/\"}}]}<\/script>\n<!-- \/ Yoast SEO plugin. -->","yoast_head_json":{"title":"\"Ino\u010dekiai\" - Acoris","robots":{"index":"index","follow":"follow","max-snippet":"max-snippet:-1","max-image-preview":"max-image-preview:large","max-video-preview":"max-video-preview:-1"},"canonical":"https:\/\/acoris.lt\/es\/inocekiai\/","og_locale":"es_ES","og_type":"article","og_title":"\"Ino\u010dekiai\" - Acoris","og_description":"[vc_row][vc_column 0=\u00bb\u00bb][vc_column_text]\u00abIno\u010dekiai\u00bb \u2013 para principiantes o personas jur\u00eddicas dedicadas a actividades innovadoras El objetivo de la financiaci\u00f3n es Animar a las empresas y a la ciencia a establecer primeros contactos, a continuar las actividades de investigaci\u00f3n y\/o desarrollo experimental (I&amp;D) que ya se han iniciado en cooperaci\u00f3n entre la ciencia y las empresas, a animar [&hellip;]","og_url":"https:\/\/acoris.lt\/es\/inocekiai\/","og_site_name":"Acoris","article_modified_time":"2025-02-27T05:43:35+00:00","og_image":[{"width":600,"height":600,"url":"https:\/\/acoris.lt\/wp-content\/uploads\/2023\/12\/acoris.jpg","type":"image\/jpeg"}],"twitter_card":"summary_large_image","twitter_misc":{"Tiempo de lectura":"5 minutos"},"schema":{"@context":"https:\/\/schema.org","@graph":[{"@type":"WebPage","@id":"https:\/\/acoris.lt\/es\/inocekiai\/","url":"https:\/\/acoris.lt\/es\/inocekiai\/","name":"\"Ino\u010dekiai\" - Acoris","isPartOf":{"@id":"https:\/\/acoris.lt\/#website"},"datePublished":"2025-02-27T05:43:33+00:00","dateModified":"2025-02-27T05:43:35+00:00","breadcrumb":{"@id":"https:\/\/acoris.lt\/es\/inocekiai\/#breadcrumb"},"inLanguage":"es","potentialAction":[{"@type":"ReadAction","target":["https:\/\/acoris.lt\/es\/inocekiai\/"]}]},{"@type":"BreadcrumbList","@id":"https:\/\/acoris.lt\/es\/inocekiai\/#breadcrumb","itemListElement":[{"@type":"ListItem","position":1,"name":"Inicio","item":"https:\/\/acoris.lt\/es\/"},{"@type":"ListItem","position":2,"name":"\u00abIno\u010dekiai\u00bb"}]},{"@type":"WebSite","@id":"https:\/\/acoris.lt\/#website","url":"https:\/\/acoris.lt\/","name":"Acoris","description":"Integruotos sistemos","publisher":{"@id":"https:\/\/acoris.lt\/#organization"},"potentialAction":[{"@type":"SearchAction","target":{"@type":"EntryPoint","urlTemplate":"https:\/\/acoris.lt\/?s={search_term_string}"},"query-input":{"@type":"PropertyValueSpecification","valueRequired":true,"valueName":"search_term_string"}}],"inLanguage":"es"},{"@type":"Organization","@id":"https:\/\/acoris.lt\/#organization","name":"Acoris","url":"https:\/\/acoris.lt\/","logo":{"@type":"ImageObject","inLanguage":"es","@id":"https:\/\/acoris.lt\/#\/schema\/logo\/image\/","url":"https:\/\/acoris.lt\/wp-content\/uploads\/2023\/12\/acoris.jpg","contentUrl":"https:\/\/acoris.lt\/wp-content\/uploads\/2023\/12\/acoris.jpg","width":600,"height":600,"caption":"Acoris"},"image":{"@id":"https:\/\/acoris.lt\/#\/schema\/logo\/image\/"}}]}},"_links":{"self":[{"href":"https:\/\/acoris.lt\/es\/wp-json\/wp\/v2\/pages\/4169","targetHints":{"allow":["GET"]}}],"collection":[{"href":"https:\/\/acoris.lt\/es\/wp-json\/wp\/v2\/pages"}],"about":[{"href":"https:\/\/acoris.lt\/es\/wp-json\/wp\/v2\/types\/page"}],"author":[{"embeddable":true,"href":"https:\/\/acoris.lt\/es\/wp-json\/wp\/v2\/users\/1"}],"replies":[{"embeddable":true,"href":"https:\/\/acoris.lt\/es\/wp-json\/wp\/v2\/comments?post=4169"}],"version-history":[{"count":1,"href":"https:\/\/acoris.lt\/es\/wp-json\/wp\/v2\/pages\/4169\/revisions"}],"predecessor-version":[{"id":4172,"href":"https:\/\/acoris.lt\/es\/wp-json\/wp\/v2\/pages\/4169\/revisions\/4172"}],"wp:attachment":[{"href":"https:\/\/acoris.lt\/es\/wp-json\/wp\/v2\/media?parent=4169"}],"curies":[{"name":"wp","href":"https:\/\/api.w.org\/{rel}","templated":true}]}}