{"id":4173,"date":"2025-02-27T08:43:34","date_gmt":"2025-02-27T05:43:34","guid":{"rendered":"https:\/\/www.acoris.lt\/inostart\/"},"modified":"2025-02-27T08:43:35","modified_gmt":"2025-02-27T05:43:35","slug":"inostart","status":"publish","type":"page","link":"https:\/\/acoris.lt\/es\/inostart\/","title":{"rendered":"\u00abInostart\u00bb"},"content":{"rendered":"<div class=\"wpb-content-wrapper\"><p>[vc_row 0=\u00bb\u00bb][vc_column][vc_column_text 0=\u00bb\u00bb]<strong><b>El prop\u00f3sito de la financiaci\u00f3n es<\/b><\/strong> estimular la creaci\u00f3n y el desarrollo de nuevas empresas innovadoras, asegurando el desarrollo de ideas, productos y servicios innovadores, llevando a cabo trabajos de investigaci\u00f3n y desarrollo experimental (I&amp;D).<\/p>\n<p><strong><b>Solicitantes &#8211; Personas <\/b><\/strong>jur\u00eddicas. Los socios no son posibles. <\/p>\n<p><strong><b>Actividades apoyadas:<\/b><\/strong><\/p>\n<p>1) promoci\u00f3n de las actividades de investigaci\u00f3n y desarrollo de las empresas (2-6 etapas (desde la idea hasta la preparaci\u00f3n del prototipo), la duraci\u00f3n del proyecto hasta 12 meses( para empresas que operen durante un m\u00e1ximo de 12 meses.<\/p>\n<p>2) contrataci\u00f3n de investigadores y (o) cient\u00edficos en empresas y al mismo tiempo desarrollar nuevos productos con el fin de lograr su realizaci\u00f3n comercial, la duraci\u00f3n del proyecto es de hasta 24 meses (la empresa realiza actividades durante m\u00e1s de 12 meses)<\/p>\n<p>3) promoci\u00f3n de las actividades de investigaci\u00f3n y desarrollo de las empresas (7-9 etapas (desde el prototipo hasta el lote piloto), duraci\u00f3n del proyecto de hasta 18 meses. (la empresa ha estado operando durante al menos 12 meses y no m\u00e1s de 36 meses) <\/p>\n<p><strong><b>Requisitos para los solicitantes<\/b><\/strong><\/p>\n<p>El volumen de negocios anual del solicitante no es inferior a 15.000 euros (para 2 o 3 actividades)<\/p>\n<p><strong><b>Costes subvencionables<\/b><\/strong><\/p>\n<p>El coste de realizaci\u00f3n del proyecto en concepto de servicios, regal\u00edas, bienes (materiales y activos corrientes), el coste de remuneraci\u00f3n del personal que realiza el proyecto (en el caso de las actividades 1 y\/o 3) y los costes salariales del personal que realiza el proyecto (en el caso de las actividades 2).<\/p>\n<p>El importe m\u00e1ximo por proyecto es de 23.616 \u20ac. Intensidad de financiaci\u00f3n:<\/p>\n<table>\n<tbody>\n<tr>\n<td width=\"217\"><em><i>Situaci\u00f3n del<\/i><\/em><\/td>\n<p> solicitante<\/p>\n<td width=\"236\"><em><i>Parte de la financiaci\u00f3n del proyecto hasta<\/i><\/em> (<strong><b>se aplica a todas las ciudades y distritos de Vilnius, Kaunas, Klaip\u0117da<\/b><\/strong>)<\/td>\n<td width=\"198\"><em><i>Parte de la financiaci\u00f3n del proyecto hasta<\/i><\/em> (<strong><b>aplicable en las ciudades y distritos de Vilnius, Kaunas, Klaip\u0117da<\/b><\/strong>)<\/td>\n<\/tr>\n<tr>\n<td width=\"217\">1. Actividades<\/td>\n<td width=\"236\">85%<\/td>\n<td width=\"198\">70%<\/td>\n<\/tr>\n<tr>\n<td width=\"217\">2. Actividades:<\/p>\n<p>\u00b7 Para una empresa<\/p>\n<p> muy peque\u00f1a, peque\u00f1a\u00b7 Para una mediana empresa<\/td>\n<td width=\"236\">&nbsp;<\/p>\n<p>70 %<\/p>\n<p>60 %<\/td>\n<td width=\"198\">&nbsp;<\/p>\n<p>60%<\/p>\n<p>50%<\/td>\n<\/tr>\n<tr>\n<td width=\"217\">3. Actividades<\/td>\n<td width=\"236\">80 %<\/td>\n<td width=\"198\">65%<\/td>\n<\/tr>\n<\/tbody>\n<\/table>\n<p>&nbsp;[\/vc_column_text][\/vc_column][\/vc_row]<\/p>\n<\/div>","protected":false},"excerpt":{"rendered":"<p>[vc_row 0=\u00bb\u00bb][vc_column][vc_column_text 0=\u00bb\u00bb]El prop\u00f3sito de la financiaci\u00f3n es estimular la creaci\u00f3n y el desarrollo de nuevas empresas innovadoras, asegurando el desarrollo de ideas, productos y servicios innovadores, llevando a cabo trabajos de investigaci\u00f3n y desarrollo experimental (I&amp;D). Solicitantes &#8211; Personas jur\u00eddicas. Los socios no son posibles. Actividades apoyadas: 1) promoci\u00f3n de las actividades de investigaci\u00f3n [&hellip;]<\/p>\n","protected":false},"author":1,"featured_media":0,"parent":0,"menu_order":0,"comment_status":"closed","ping_status":"closed","template":"","meta":{"_acf_changed":false,"_monsterinsights_skip_tracking":false,"_monsterinsights_sitenote_active":false,"_monsterinsights_sitenote_note":"","_monsterinsights_sitenote_category":0,"footnotes":""},"class_list":["post-4173","page","type-page","status-publish","hentry"],"acf":[],"yoast_head":"<!-- This site is optimized with the Yoast SEO plugin v27.3 - https:\/\/yoast.com\/product\/yoast-seo-wordpress\/ -->\n<title>&quot;Inostart&quot; - Acoris<\/title>\n<meta name=\"robots\" content=\"index, follow, max-snippet:-1, max-image-preview:large, max-video-preview:-1\" \/>\n<link rel=\"canonical\" href=\"https:\/\/acoris.lt\/es\/inostart\/\" \/>\n<meta property=\"og:locale\" content=\"es_ES\" \/>\n<meta property=\"og:type\" content=\"article\" \/>\n<meta property=\"og:title\" content=\"&quot;Inostart&quot; - Acoris\" \/>\n<meta property=\"og:description\" content=\"[vc_row 0=\u00bb\u00bb][vc_column][vc_column_text 0=\u00bb\u00bb]El prop\u00f3sito de la financiaci\u00f3n es estimular la creaci\u00f3n y el desarrollo de nuevas empresas innovadoras, asegurando el desarrollo de ideas, productos y servicios innovadores, llevando a cabo trabajos de investigaci\u00f3n y desarrollo experimental (I&amp;D). Solicitantes &#8211; Personas jur\u00eddicas. Los socios no son posibles. Actividades apoyadas: 1) promoci\u00f3n de las actividades de investigaci\u00f3n [&hellip;]\" \/>\n<meta property=\"og:url\" content=\"https:\/\/acoris.lt\/es\/inostart\/\" \/>\n<meta property=\"og:site_name\" content=\"Acoris\" \/>\n<meta property=\"article:modified_time\" content=\"2025-02-27T05:43:35+00:00\" \/>\n<meta property=\"og:image\" content=\"https:\/\/acoris.lt\/wp-content\/uploads\/2023\/12\/acoris.jpg\" \/>\n\t<meta property=\"og:image:width\" content=\"600\" \/>\n\t<meta property=\"og:image:height\" content=\"600\" \/>\n\t<meta property=\"og:image:type\" content=\"image\/jpeg\" \/>\n<meta name=\"twitter:card\" content=\"summary_large_image\" \/>\n<meta name=\"twitter:label1\" content=\"Tiempo de lectura\" \/>\n\t<meta name=\"twitter:data1\" content=\"2 minutos\" \/>\n<script type=\"application\/ld+json\" class=\"yoast-schema-graph\">{\"@context\":\"https:\\\/\\\/schema.org\",\"@graph\":[{\"@type\":\"WebPage\",\"@id\":\"https:\\\/\\\/acoris.lt\\\/es\\\/inostart\\\/\",\"url\":\"https:\\\/\\\/acoris.lt\\\/es\\\/inostart\\\/\",\"name\":\"\\\"Inostart\\\" - Acoris\",\"isPartOf\":{\"@id\":\"https:\\\/\\\/acoris.lt\\\/#website\"},\"datePublished\":\"2025-02-27T05:43:34+00:00\",\"dateModified\":\"2025-02-27T05:43:35+00:00\",\"breadcrumb\":{\"@id\":\"https:\\\/\\\/acoris.lt\\\/es\\\/inostart\\\/#breadcrumb\"},\"inLanguage\":\"es\",\"potentialAction\":[{\"@type\":\"ReadAction\",\"target\":[\"https:\\\/\\\/acoris.lt\\\/es\\\/inostart\\\/\"]}]},{\"@type\":\"BreadcrumbList\",\"@id\":\"https:\\\/\\\/acoris.lt\\\/es\\\/inostart\\\/#breadcrumb\",\"itemListElement\":[{\"@type\":\"ListItem\",\"position\":1,\"name\":\"Inicio\",\"item\":\"https:\\\/\\\/acoris.lt\\\/es\\\/\"},{\"@type\":\"ListItem\",\"position\":2,\"name\":\"\u00abInostart\u00bb\"}]},{\"@type\":\"WebSite\",\"@id\":\"https:\\\/\\\/acoris.lt\\\/#website\",\"url\":\"https:\\\/\\\/acoris.lt\\\/\",\"name\":\"Acoris\",\"description\":\"Integruotos sistemos\",\"publisher\":{\"@id\":\"https:\\\/\\\/acoris.lt\\\/#organization\"},\"potentialAction\":[{\"@type\":\"SearchAction\",\"target\":{\"@type\":\"EntryPoint\",\"urlTemplate\":\"https:\\\/\\\/acoris.lt\\\/?s={search_term_string}\"},\"query-input\":{\"@type\":\"PropertyValueSpecification\",\"valueRequired\":true,\"valueName\":\"search_term_string\"}}],\"inLanguage\":\"es\"},{\"@type\":\"Organization\",\"@id\":\"https:\\\/\\\/acoris.lt\\\/#organization\",\"name\":\"Acoris\",\"url\":\"https:\\\/\\\/acoris.lt\\\/\",\"logo\":{\"@type\":\"ImageObject\",\"inLanguage\":\"es\",\"@id\":\"https:\\\/\\\/acoris.lt\\\/#\\\/schema\\\/logo\\\/image\\\/\",\"url\":\"https:\\\/\\\/acoris.lt\\\/wp-content\\\/uploads\\\/2023\\\/12\\\/acoris.jpg\",\"contentUrl\":\"https:\\\/\\\/acoris.lt\\\/wp-content\\\/uploads\\\/2023\\\/12\\\/acoris.jpg\",\"width\":600,\"height\":600,\"caption\":\"Acoris\"},\"image\":{\"@id\":\"https:\\\/\\\/acoris.lt\\\/#\\\/schema\\\/logo\\\/image\\\/\"}}]}<\/script>\n<!-- \/ Yoast SEO plugin. -->","yoast_head_json":{"title":"\"Inostart\" - Acoris","robots":{"index":"index","follow":"follow","max-snippet":"max-snippet:-1","max-image-preview":"max-image-preview:large","max-video-preview":"max-video-preview:-1"},"canonical":"https:\/\/acoris.lt\/es\/inostart\/","og_locale":"es_ES","og_type":"article","og_title":"\"Inostart\" - Acoris","og_description":"[vc_row 0=\u00bb\u00bb][vc_column][vc_column_text 0=\u00bb\u00bb]El prop\u00f3sito de la financiaci\u00f3n es estimular la creaci\u00f3n y el desarrollo de nuevas empresas innovadoras, asegurando el desarrollo de ideas, productos y servicios innovadores, llevando a cabo trabajos de investigaci\u00f3n y desarrollo experimental (I&amp;D). Solicitantes &#8211; Personas jur\u00eddicas. Los socios no son posibles. Actividades apoyadas: 1) promoci\u00f3n de las actividades de investigaci\u00f3n [&hellip;]","og_url":"https:\/\/acoris.lt\/es\/inostart\/","og_site_name":"Acoris","article_modified_time":"2025-02-27T05:43:35+00:00","og_image":[{"width":600,"height":600,"url":"https:\/\/acoris.lt\/wp-content\/uploads\/2023\/12\/acoris.jpg","type":"image\/jpeg"}],"twitter_card":"summary_large_image","twitter_misc":{"Tiempo de lectura":"2 minutos"},"schema":{"@context":"https:\/\/schema.org","@graph":[{"@type":"WebPage","@id":"https:\/\/acoris.lt\/es\/inostart\/","url":"https:\/\/acoris.lt\/es\/inostart\/","name":"\"Inostart\" - Acoris","isPartOf":{"@id":"https:\/\/acoris.lt\/#website"},"datePublished":"2025-02-27T05:43:34+00:00","dateModified":"2025-02-27T05:43:35+00:00","breadcrumb":{"@id":"https:\/\/acoris.lt\/es\/inostart\/#breadcrumb"},"inLanguage":"es","potentialAction":[{"@type":"ReadAction","target":["https:\/\/acoris.lt\/es\/inostart\/"]}]},{"@type":"BreadcrumbList","@id":"https:\/\/acoris.lt\/es\/inostart\/#breadcrumb","itemListElement":[{"@type":"ListItem","position":1,"name":"Inicio","item":"https:\/\/acoris.lt\/es\/"},{"@type":"ListItem","position":2,"name":"\u00abInostart\u00bb"}]},{"@type":"WebSite","@id":"https:\/\/acoris.lt\/#website","url":"https:\/\/acoris.lt\/","name":"Acoris","description":"Integruotos sistemos","publisher":{"@id":"https:\/\/acoris.lt\/#organization"},"potentialAction":[{"@type":"SearchAction","target":{"@type":"EntryPoint","urlTemplate":"https:\/\/acoris.lt\/?s={search_term_string}"},"query-input":{"@type":"PropertyValueSpecification","valueRequired":true,"valueName":"search_term_string"}}],"inLanguage":"es"},{"@type":"Organization","@id":"https:\/\/acoris.lt\/#organization","name":"Acoris","url":"https:\/\/acoris.lt\/","logo":{"@type":"ImageObject","inLanguage":"es","@id":"https:\/\/acoris.lt\/#\/schema\/logo\/image\/","url":"https:\/\/acoris.lt\/wp-content\/uploads\/2023\/12\/acoris.jpg","contentUrl":"https:\/\/acoris.lt\/wp-content\/uploads\/2023\/12\/acoris.jpg","width":600,"height":600,"caption":"Acoris"},"image":{"@id":"https:\/\/acoris.lt\/#\/schema\/logo\/image\/"}}]}},"_links":{"self":[{"href":"https:\/\/acoris.lt\/es\/wp-json\/wp\/v2\/pages\/4173","targetHints":{"allow":["GET"]}}],"collection":[{"href":"https:\/\/acoris.lt\/es\/wp-json\/wp\/v2\/pages"}],"about":[{"href":"https:\/\/acoris.lt\/es\/wp-json\/wp\/v2\/types\/page"}],"author":[{"embeddable":true,"href":"https:\/\/acoris.lt\/es\/wp-json\/wp\/v2\/users\/1"}],"replies":[{"embeddable":true,"href":"https:\/\/acoris.lt\/es\/wp-json\/wp\/v2\/comments?post=4173"}],"version-history":[{"count":1,"href":"https:\/\/acoris.lt\/es\/wp-json\/wp\/v2\/pages\/4173\/revisions"}],"predecessor-version":[{"id":4176,"href":"https:\/\/acoris.lt\/es\/wp-json\/wp\/v2\/pages\/4173\/revisions\/4176"}],"wp:attachment":[{"href":"https:\/\/acoris.lt\/es\/wp-json\/wp\/v2\/media?parent=4173"}],"curies":[{"name":"wp","href":"https:\/\/api.w.org\/{rel}","templated":true}]}}