{"id":4178,"date":"2025-02-27T08:43:38","date_gmt":"2025-02-27T05:43:38","guid":{"rendered":"https:\/\/www.acoris.lt\/sistema-de-contabilidad-de-comidas-gratuito-acoris-pay\/"},"modified":"2025-02-27T08:43:38","modified_gmt":"2025-02-27T05:43:38","slug":"sistema-de-contabilidad-de-comidas-gratuito-acoris-pay","status":"publish","type":"page","link":"https:\/\/acoris.lt\/es\/sistema-de-contabilidad-de-comidas-gratuito-acoris-pay\/","title":{"rendered":"Sistema de contabilidad de comidas gratuito ACORIS PAY"},"content":{"rendered":"<p><strong>Situaci\u00f3n y soluci\u00f3n moderna<\/strong><\/p>\n<p>Bastantes estudiantes reciben comidas gratis en la escuela, pero su administraci\u00f3n es complicada: es necesario preparar vales especiales para los estudiantes, distribuirlos a los estudiantes, despu\u00e9s de usar cupones en el comedor, debe llevar una cuenta de ellos y preparar informes sobre qui\u00e9n comi\u00f3 cu\u00e1nto. Esto les quita a los trabajadores sociales una cantidad considerable de tiempo, que no pueden dedicar a la labor pedag\u00f3gica directa. El sistema de vales de papel tambi\u00e9n crea efectos secundarios indeseables (se venden, se los llevan otros estudiantes).  <\/p>\n<p>El sistema de contabilidad de comidas gratuitas ACORIS PAY est\u00e1 dise\u00f1ado para la contabilidad automatizada de comidas gratuitas. Se emiten tarjetas electr\u00f3nicas a los estudiantes y se coloca un lector de tarjetas en el comedor. En el programa inform\u00e1tico se registran los estudiantes que tienen derecho a recibir comidas gratuitas.   <\/p>\n<p>El sistema registra cu\u00e1ndo el estudiante desayun\u00f3, almorz\u00f3 y cen\u00f3. El sistema controla que la tarjeta se utilice una sola vez. Despu\u00e9s de colocar la tarjeta, la computadora muestra inmediatamente el nombre del estudiante, la clase y tambi\u00e9n puede mostrar una foto del estudiante (por lo que es f\u00e1cil notar abusos)  <\/p>\n<p>El sistema forma autom\u00e1ticamente informes:<\/p>\n<ul>\n<li>Informe diario sobre qui\u00e9n comi\u00f3 y cu\u00e1ndo.<\/li>\n<li>Un resumen mensual de los estudiantes, cu\u00e1ntas veces comieron.<\/li>\n<\/ul>\n<p>Los informes se pueden exportar a Excel.<\/p>\n<p><strong> <\/strong><\/p>\n<p><strong>Equipo de contabilidad para comidas gratuitas<\/strong><\/p>\n<p><strong>Los alumnos de la tarjeta pueden tener un <\/strong>certificado de alumno electr\u00f3nico (nueva producci\u00f3n 4,95 Eur \/ uds.), <\/p>\n<p><img loading=\"lazy\" decoding=\"async\" class=\"size-full wp-image-617 alignleft\" src=\"https:\/\/acoris.lt\/wp-content\/uploads\/2020\/03\/card1.png\" alt=\"\" width=\"248\" height=\"156\"><img loading=\"lazy\" decoding=\"async\" class=\"wp-image-615 alignleft\" src=\"https:\/\/acoris.lt\/wp-content\/uploads\/2020\/03\/card2.png\" alt=\"\" width=\"230\" height=\"144\" srcset=\"https:\/\/acoris.lt\/wp-content\/uploads\/2020\/03\/card2.png 359w, https:\/\/acoris.lt\/wp-content\/uploads\/2020\/03\/card2-300x188.png 300w\" sizes=\"auto, (max-width: 230px) 100vw, 230px\" \/><img loading=\"lazy\" decoding=\"async\" class=\"wp-image-616 alignleft\" src=\"https:\/\/acoris.lt\/wp-content\/uploads\/2020\/03\/tag.jpg\" alt=\"\" width=\"190\" height=\"190\" srcset=\"https:\/\/acoris.lt\/wp-content\/uploads\/2020\/03\/tag.jpg 305w, https:\/\/acoris.lt\/wp-content\/uploads\/2020\/03\/tag-300x300.jpg 300w, https:\/\/acoris.lt\/wp-content\/uploads\/2020\/03\/tag-100x100.jpg 100w, https:\/\/acoris.lt\/wp-content\/uploads\/2020\/03\/tag-150x150.jpg 150w, https:\/\/acoris.lt\/wp-content\/uploads\/2020\/03\/tag-120x120.jpg 120w\" sizes=\"auto, (max-width: 190px) 100vw, 190px\" \/><\/p>\n<p>&nbsp;<\/p>\n<p>&nbsp;<\/p>\n<p>&nbsp;<\/p>\n<p>&nbsp;<\/p>\n<p>&nbsp;<\/p>\n<p>&nbsp;<\/p>\n<p>pegatinas electr\u00f3nicas al certificado en papel disponible (1,5 Eur \/ ud.), tarjetas blancas simples con n\u00famero impreso (1,35 Eur \/ ud.), llavero (1,35 Eur \/ ud.). <\/p>\n<p><strong>Lector de tarjetas<\/strong> (modelo regular \u2013 289 Eur, dise\u00f1o m\u00e1s nuevo \u2013 345 Eur). Se conecta a la red de Internet de la escuela o directamente al ordenador. <\/p>\n<p><img loading=\"lazy\" decoding=\"async\" class=\"size-full wp-image-619 alignleft\" src=\"https:\/\/acoris.lt\/wp-content\/uploads\/2020\/03\/reader1.jpg\" alt=\"\" width=\"250\" height=\"250\" srcset=\"https:\/\/acoris.lt\/wp-content\/uploads\/2020\/03\/reader1.jpg 250w, https:\/\/acoris.lt\/wp-content\/uploads\/2020\/03\/reader1-100x100.jpg 100w, https:\/\/acoris.lt\/wp-content\/uploads\/2020\/03\/reader1-150x150.jpg 150w, https:\/\/acoris.lt\/wp-content\/uploads\/2020\/03\/reader1-120x120.jpg 120w\" sizes=\"auto, (max-width: 250px) 100vw, 250px\" \/><img loading=\"lazy\" decoding=\"async\" class=\" wp-image-620 alignleft\" src=\"https:\/\/acoris.lt\/wp-content\/uploads\/2020\/03\/reader2.png\" alt=\"\" width=\"305\" height=\"252\" srcset=\"https:\/\/acoris.lt\/wp-content\/uploads\/2020\/03\/reader2.png 433w, https:\/\/acoris.lt\/wp-content\/uploads\/2020\/03\/reader2-300x248.png 300w\" sizes=\"auto, (max-width: 305px) 100vw, 305px\" \/><\/p>\n<p>&nbsp;<\/p>\n<p>&nbsp;<\/p>\n<p>&nbsp;<\/p>\n<p>&nbsp;<\/p>\n<p>&nbsp;<\/p>\n<p>&nbsp;<\/p>\n<p>&nbsp;<\/p>\n<p><strong>Software<\/strong> para la administraci\u00f3n del sistema (registro de nuevas tarjetas, bloqueo en caso de p\u00e9rdida, configuraci\u00f3n de derechos de energ\u00eda, informes) \u2013 195 Eur. Instalado en cualquier ordenador Windows. <\/p>\n<p>Posibles datos en forma de transferencia<\/p>\n<p>oti a la agenda (es necesario coordinar con los administradores de la agenda)<\/p>\n<p><strong>Los beneficios de instalar el sistema:<\/strong><\/p>\n<ul>\n<li>Ahorra tiempo a los empleados al no tener que preparar vales de comida y dar cuenta de su uso <\/li>\n<li>No se abusa de las comidas gratuitas, lo consiguen, qui\u00e9n es el due\u00f1o.<\/li>\n<li>Un sistema m\u00e1s transparente ahorra dinero<\/li>\n<li>Se utilizan tecnolog\u00edas modernas, la imagen de la escuela est\u00e1 mejorando<\/li>\n<\/ul>\n<p>&nbsp;<\/p>\n","protected":false},"excerpt":{"rendered":"<p>Situaci\u00f3n y soluci\u00f3n moderna Bastantes estudiantes reciben comidas gratis en la escuela, pero su administraci\u00f3n es complicada: es necesario preparar vales especiales para los estudiantes, distribuirlos a los estudiantes, despu\u00e9s de usar cupones en el comedor, debe llevar una cuenta de ellos y preparar informes sobre qui\u00e9n comi\u00f3 cu\u00e1nto. Esto les quita a los trabajadores [&hellip;]<\/p>\n","protected":false},"author":1,"featured_media":0,"parent":0,"menu_order":0,"comment_status":"closed","ping_status":"closed","template":"","meta":{"_acf_changed":false,"_monsterinsights_skip_tracking":false,"_monsterinsights_sitenote_active":false,"_monsterinsights_sitenote_note":"","_monsterinsights_sitenote_category":0,"footnotes":""},"class_list":["post-4178","page","type-page","status-publish","hentry"],"acf":[],"yoast_head":"<!-- This site is optimized with the Yoast SEO plugin v27.4 - https:\/\/yoast.com\/product\/yoast-seo-wordpress\/ -->\n<title>Sistema de contabilidad de comidas gratuito ACORIS PAY - Acoris<\/title>\n<meta name=\"robots\" content=\"index, follow, max-snippet:-1, max-image-preview:large, max-video-preview:-1\" \/>\n<link rel=\"canonical\" href=\"https:\/\/acoris.lt\/es\/sistema-de-contabilidad-de-comidas-gratuito-acoris-pay\/\" \/>\n<meta property=\"og:locale\" content=\"es_ES\" \/>\n<meta property=\"og:type\" content=\"article\" \/>\n<meta property=\"og:title\" content=\"Sistema de contabilidad de comidas gratuito ACORIS PAY - Acoris\" \/>\n<meta property=\"og:description\" content=\"Situaci\u00f3n y soluci\u00f3n moderna Bastantes estudiantes reciben comidas gratis en la escuela, pero su administraci\u00f3n es complicada: es necesario preparar vales especiales para los estudiantes, distribuirlos a los estudiantes, despu\u00e9s de usar cupones en el comedor, debe llevar una cuenta de ellos y preparar informes sobre qui\u00e9n comi\u00f3 cu\u00e1nto. Esto les quita a los trabajadores [&hellip;]\" \/>\n<meta property=\"og:url\" content=\"https:\/\/acoris.lt\/es\/sistema-de-contabilidad-de-comidas-gratuito-acoris-pay\/\" \/>\n<meta property=\"og:site_name\" content=\"Acoris\" \/>\n<meta property=\"og:image\" content=\"https:\/\/acoris.lt\/wp-content\/uploads\/2020\/03\/card1.png\" \/>\n<meta name=\"twitter:card\" content=\"summary_large_image\" \/>\n<meta name=\"twitter:label1\" content=\"Tiempo de lectura\" \/>\n\t<meta name=\"twitter:data1\" content=\"2 minutos\" \/>\n<script type=\"application\/ld+json\" class=\"yoast-schema-graph\">{\"@context\":\"https:\\\/\\\/schema.org\",\"@graph\":[{\"@type\":\"WebPage\",\"@id\":\"https:\\\/\\\/acoris.lt\\\/es\\\/sistema-de-contabilidad-de-comidas-gratuito-acoris-pay\\\/\",\"url\":\"https:\\\/\\\/acoris.lt\\\/es\\\/sistema-de-contabilidad-de-comidas-gratuito-acoris-pay\\\/\",\"name\":\"Sistema de contabilidad de comidas gratuito ACORIS PAY - Acoris\",\"isPartOf\":{\"@id\":\"https:\\\/\\\/acoris.lt\\\/#website\"},\"primaryImageOfPage\":{\"@id\":\"https:\\\/\\\/acoris.lt\\\/es\\\/sistema-de-contabilidad-de-comidas-gratuito-acoris-pay\\\/#primaryimage\"},\"image\":{\"@id\":\"https:\\\/\\\/acoris.lt\\\/es\\\/sistema-de-contabilidad-de-comidas-gratuito-acoris-pay\\\/#primaryimage\"},\"thumbnailUrl\":\"https:\\\/\\\/acoris.lt\\\/wp-content\\\/uploads\\\/2020\\\/03\\\/card1.png\",\"datePublished\":\"2025-02-27T05:43:38+00:00\",\"breadcrumb\":{\"@id\":\"https:\\\/\\\/acoris.lt\\\/es\\\/sistema-de-contabilidad-de-comidas-gratuito-acoris-pay\\\/#breadcrumb\"},\"inLanguage\":\"es\",\"potentialAction\":[{\"@type\":\"ReadAction\",\"target\":[\"https:\\\/\\\/acoris.lt\\\/es\\\/sistema-de-contabilidad-de-comidas-gratuito-acoris-pay\\\/\"]}]},{\"@type\":\"ImageObject\",\"inLanguage\":\"es\",\"@id\":\"https:\\\/\\\/acoris.lt\\\/es\\\/sistema-de-contabilidad-de-comidas-gratuito-acoris-pay\\\/#primaryimage\",\"url\":\"https:\\\/\\\/acoris.lt\\\/wp-content\\\/uploads\\\/2020\\\/03\\\/card1.png\",\"contentUrl\":\"https:\\\/\\\/acoris.lt\\\/wp-content\\\/uploads\\\/2020\\\/03\\\/card1.png\"},{\"@type\":\"BreadcrumbList\",\"@id\":\"https:\\\/\\\/acoris.lt\\\/es\\\/sistema-de-contabilidad-de-comidas-gratuito-acoris-pay\\\/#breadcrumb\",\"itemListElement\":[{\"@type\":\"ListItem\",\"position\":1,\"name\":\"Inicio\",\"item\":\"https:\\\/\\\/acoris.lt\\\/es\\\/\"},{\"@type\":\"ListItem\",\"position\":2,\"name\":\"Sistema de contabilidad de comidas gratuito ACORIS PAY\"}]},{\"@type\":\"WebSite\",\"@id\":\"https:\\\/\\\/acoris.lt\\\/#website\",\"url\":\"https:\\\/\\\/acoris.lt\\\/\",\"name\":\"Acoris\",\"description\":\"Integruotos sistemos\",\"publisher\":{\"@id\":\"https:\\\/\\\/acoris.lt\\\/#organization\"},\"potentialAction\":[{\"@type\":\"SearchAction\",\"target\":{\"@type\":\"EntryPoint\",\"urlTemplate\":\"https:\\\/\\\/acoris.lt\\\/?s={search_term_string}\"},\"query-input\":{\"@type\":\"PropertyValueSpecification\",\"valueRequired\":true,\"valueName\":\"search_term_string\"}}],\"inLanguage\":\"es\"},{\"@type\":\"Organization\",\"@id\":\"https:\\\/\\\/acoris.lt\\\/#organization\",\"name\":\"Acoris\",\"url\":\"https:\\\/\\\/acoris.lt\\\/\",\"logo\":{\"@type\":\"ImageObject\",\"inLanguage\":\"es\",\"@id\":\"https:\\\/\\\/acoris.lt\\\/#\\\/schema\\\/logo\\\/image\\\/\",\"url\":\"https:\\\/\\\/acoris.lt\\\/wp-content\\\/uploads\\\/2023\\\/12\\\/acoris.jpg\",\"contentUrl\":\"https:\\\/\\\/acoris.lt\\\/wp-content\\\/uploads\\\/2023\\\/12\\\/acoris.jpg\",\"width\":600,\"height\":600,\"caption\":\"Acoris\"},\"image\":{\"@id\":\"https:\\\/\\\/acoris.lt\\\/#\\\/schema\\\/logo\\\/image\\\/\"}}]}<\/script>\n<!-- \/ Yoast SEO plugin. -->","yoast_head_json":{"title":"Sistema de contabilidad de comidas gratuito ACORIS PAY - Acoris","robots":{"index":"index","follow":"follow","max-snippet":"max-snippet:-1","max-image-preview":"max-image-preview:large","max-video-preview":"max-video-preview:-1"},"canonical":"https:\/\/acoris.lt\/es\/sistema-de-contabilidad-de-comidas-gratuito-acoris-pay\/","og_locale":"es_ES","og_type":"article","og_title":"Sistema de contabilidad de comidas gratuito ACORIS PAY - Acoris","og_description":"Situaci\u00f3n y soluci\u00f3n moderna Bastantes estudiantes reciben comidas gratis en la escuela, pero su administraci\u00f3n es complicada: es necesario preparar vales especiales para los estudiantes, distribuirlos a los estudiantes, despu\u00e9s de usar cupones en el comedor, debe llevar una cuenta de ellos y preparar informes sobre qui\u00e9n comi\u00f3 cu\u00e1nto. Esto les quita a los trabajadores [&hellip;]","og_url":"https:\/\/acoris.lt\/es\/sistema-de-contabilidad-de-comidas-gratuito-acoris-pay\/","og_site_name":"Acoris","og_image":[{"url":"https:\/\/acoris.lt\/wp-content\/uploads\/2020\/03\/card1.png","type":"","width":"","height":""}],"twitter_card":"summary_large_image","twitter_misc":{"Tiempo de lectura":"2 minutos"},"schema":{"@context":"https:\/\/schema.org","@graph":[{"@type":"WebPage","@id":"https:\/\/acoris.lt\/es\/sistema-de-contabilidad-de-comidas-gratuito-acoris-pay\/","url":"https:\/\/acoris.lt\/es\/sistema-de-contabilidad-de-comidas-gratuito-acoris-pay\/","name":"Sistema de contabilidad de comidas gratuito ACORIS PAY - Acoris","isPartOf":{"@id":"https:\/\/acoris.lt\/#website"},"primaryImageOfPage":{"@id":"https:\/\/acoris.lt\/es\/sistema-de-contabilidad-de-comidas-gratuito-acoris-pay\/#primaryimage"},"image":{"@id":"https:\/\/acoris.lt\/es\/sistema-de-contabilidad-de-comidas-gratuito-acoris-pay\/#primaryimage"},"thumbnailUrl":"https:\/\/acoris.lt\/wp-content\/uploads\/2020\/03\/card1.png","datePublished":"2025-02-27T05:43:38+00:00","breadcrumb":{"@id":"https:\/\/acoris.lt\/es\/sistema-de-contabilidad-de-comidas-gratuito-acoris-pay\/#breadcrumb"},"inLanguage":"es","potentialAction":[{"@type":"ReadAction","target":["https:\/\/acoris.lt\/es\/sistema-de-contabilidad-de-comidas-gratuito-acoris-pay\/"]}]},{"@type":"ImageObject","inLanguage":"es","@id":"https:\/\/acoris.lt\/es\/sistema-de-contabilidad-de-comidas-gratuito-acoris-pay\/#primaryimage","url":"https:\/\/acoris.lt\/wp-content\/uploads\/2020\/03\/card1.png","contentUrl":"https:\/\/acoris.lt\/wp-content\/uploads\/2020\/03\/card1.png"},{"@type":"BreadcrumbList","@id":"https:\/\/acoris.lt\/es\/sistema-de-contabilidad-de-comidas-gratuito-acoris-pay\/#breadcrumb","itemListElement":[{"@type":"ListItem","position":1,"name":"Inicio","item":"https:\/\/acoris.lt\/es\/"},{"@type":"ListItem","position":2,"name":"Sistema de contabilidad de comidas gratuito ACORIS PAY"}]},{"@type":"WebSite","@id":"https:\/\/acoris.lt\/#website","url":"https:\/\/acoris.lt\/","name":"Acoris","description":"Integruotos sistemos","publisher":{"@id":"https:\/\/acoris.lt\/#organization"},"potentialAction":[{"@type":"SearchAction","target":{"@type":"EntryPoint","urlTemplate":"https:\/\/acoris.lt\/?s={search_term_string}"},"query-input":{"@type":"PropertyValueSpecification","valueRequired":true,"valueName":"search_term_string"}}],"inLanguage":"es"},{"@type":"Organization","@id":"https:\/\/acoris.lt\/#organization","name":"Acoris","url":"https:\/\/acoris.lt\/","logo":{"@type":"ImageObject","inLanguage":"es","@id":"https:\/\/acoris.lt\/#\/schema\/logo\/image\/","url":"https:\/\/acoris.lt\/wp-content\/uploads\/2023\/12\/acoris.jpg","contentUrl":"https:\/\/acoris.lt\/wp-content\/uploads\/2023\/12\/acoris.jpg","width":600,"height":600,"caption":"Acoris"},"image":{"@id":"https:\/\/acoris.lt\/#\/schema\/logo\/image\/"}}]}},"_links":{"self":[{"href":"https:\/\/acoris.lt\/es\/wp-json\/wp\/v2\/pages\/4178","targetHints":{"allow":["GET"]}}],"collection":[{"href":"https:\/\/acoris.lt\/es\/wp-json\/wp\/v2\/pages"}],"about":[{"href":"https:\/\/acoris.lt\/es\/wp-json\/wp\/v2\/types\/page"}],"author":[{"embeddable":true,"href":"https:\/\/acoris.lt\/es\/wp-json\/wp\/v2\/users\/1"}],"replies":[{"embeddable":true,"href":"https:\/\/acoris.lt\/es\/wp-json\/wp\/v2\/comments?post=4178"}],"version-history":[{"count":0,"href":"https:\/\/acoris.lt\/es\/wp-json\/wp\/v2\/pages\/4178\/revisions"}],"wp:attachment":[{"href":"https:\/\/acoris.lt\/es\/wp-json\/wp\/v2\/media?parent=4178"}],"curies":[{"name":"wp","href":"https:\/\/api.w.org\/{rel}","templated":true}]}}