{"id":4179,"date":"2025-02-27T08:43:38","date_gmt":"2025-02-27T05:43:38","guid":{"rendered":"https:\/\/www.acoris.lt\/centros-de-negocios\/"},"modified":"2025-02-27T08:43:51","modified_gmt":"2025-02-27T05:43:51","slug":"centros-de-negocios","status":"publish","type":"page","link":"https:\/\/acoris.lt\/es\/centros-de-negocios\/","title":{"rendered":"Centros de negocios"},"content":{"rendered":"<div class=\"wpb-content-wrapper\"><p>[vc_row 0=\u00bb\u00bb][vc_column width=\u00bb1\/2&#8243;][vc_column_text 0=\u00bb\u00bb]Para los centros de negocios y otras empresas de servicios, implementamos modernos sistemas digitales para la promoci\u00f3n de servicios, pre-reserva y pago, control y contabilizaci\u00f3n de la prestaci\u00f3n de servicios. Estos sistemas hacen que sus procesos de negocio sean m\u00e1s eficientes: garantizan el control sobre la prestaci\u00f3n de servicios y el pago de los mismos, ahorran recursos y tiempo a la instituci\u00f3n y aumentan la satisfacci\u00f3n del cliente con los servicios.  Al mismo tiempo, las soluciones modernas mejoran la imagen de la empresa y aumentan la competitividad del negocio.<\/p>\n<p>Todos los sistemas instalados se combinan en una sola aplicaci\u00f3n, donde se pueden ver informes de uso detallados. El programa se puede integrar con el programa de contabilidad utilizado u otros sistemas de gesti\u00f3n empresarial.  El programa es capaz de combinar el estacionamiento, el control autom\u00e1tico de acceso de acuerdo con los servicios adquiridos, la carga de veh\u00edculos el\u00e9ctricos, la contabilidad del inventario utilizado, el pago de comidas, otros servicios y bienes en un sistema unificado. El sistema unificado garantiza una gesti\u00f3n eficaz de los procesos empresariales, reduce los costes y optimiza los recursos disponibles. <\/p>\n<p>Estos sistemas crean valores para los directivos, los empleados y los clientes, y se amortizan r\u00e1pidamente.<\/p>\n<ul>\n<li>Los sistemas para cada centro de negocios o edificio se pueden instalar seg\u00fan sea necesario: un paquete completo de sistemas o un sistema espec\u00edfico que satisfaga las necesidades.<\/li>\n<li>Los sistemas est\u00e1n provistos de garant\u00eda, realizamos capacitaci\u00f3n, soporte y servicio.<strong> <\/strong><\/li>\n<\/ul>\n<p><a href=\"https:\/\/acoris.lt\/es\/consultas-sobre-la-financiacion-de-proyectos\/\">Brindamos consultas y preparamos documentos para obtener financiamiento del proyecto<\/a>.<br \/>\n <br \/>\n https:\/\/www.youtube.com\/watch?v=Z_yBOgTNRDkLa UE cuenta con el apoyo de la Uni\u00f3n Europea para estas actividades. Consultamos y preparamos los documentos para recibir la financiaci\u00f3n de los proyectos de acuerdo con las convocatorias pertinentes.[\/vc_column_text][\/vc_column][vc_column width=\u00bb1\/2&#8243;][vc_single_image image=\u00bb4188&#8243; img_size=\u00bbfull\u00bb css_animation=\u00bbfadeInUp\u00bb css=\u00bb.vc_custom_1617726453540{margin-top: 20px !important;}\u00bb][\/vc_column][\/vc_row][vc_row full_width=\u00bbstretch_row\u00bb css=\u00bb.vc_custom_1617178365933{background-color: #174894 !important;}\u00bb el_class=\u00bbblue-section-header\u00bb][vc_column css=\u00bb.vc_custom_1617178564296{margin-top: 10px !important;}\u00bb][vc_column_text 0=\u00bb\u00bb]<\/p>\n<h2><em>Sistemas a instalar  <\/em><\/h2>\n<p>[\/vc_column_text][\/vc_column][\/vc_row][vc_row full_width=\u00bbstretch_row\u00bb el_class=\u00bbblue-section-header\u00bb][vc_column css=\u00bb.vc_custom_1617178564296{margin-top: 10px !important;}\u00bb][vc_column_text 0=\u00bb\u00bb]<\/p>\n<h3 style=\"text-align: left;\"><span style=\"color: #333333;\">El cliente recibe un c\u00f3digo de verificaci\u00f3n con el que puede utilizar la totalidad o parte de los servicios directamente  <\/span><\/h3>\n<p>[\/vc_column_text][\/vc_column][\/vc_row][vc_row full_width=\u00bbstretch_row\u00bb el_class=\u00bbhome_box_wrap\u00bb][vc_column 0=\u00bb\u00bb][vc_row_inner equal_height=\u00bbyes\u00bb gap=\u00bb5&#8243;][vc_column_inner width=\u00bb1\/4&#8243; css=\u00bb.vc_custom_1617654488845{border-top-width: 3px !important;border-right-width: 3px !important;border-bottom-width: 3px !important;border-left-width: 3px !important;border-left-color: #1f428d !important;border-left-style: solid !important;border-right-color: #1f428d !important;border-right-style: solid !important;border-top-color: #1f428d !important;border-top-style: solid !important;border-bottom-color: #1f428d !important;border-bottom-style: solid !important;border-radius: 10px !important;}\u00bb][vc_single_image image=\u00bb2587&#8243; img_size=\u00bbmedium\u00bb alignment=\u00bbcenter\u00bb onclick=\u00bbcustom_link\u00bb css_animation=\u00bbfadeIn\u00bb link=\u00bbhttps:\/\/acoris.lt\/parkingo-ir-transporto-kontroles-sistema\/\u00bb][vc_column_text 0=\u00bb\u00bb]<\/p>\n<h3 style=\"text-align: center;\"><span style=\"color: #174894;\"><a style=\"color: #174894;\" href=\"https:\/\/acoris.lt\/parkingo-ir-transporto-kontroles-sistema\/\"><strong>Sistema de control de aparcamiento y transporte<\/strong><\/a><\/span><\/h3>\n<p style=\"text-align: center;\">El sistema puede controlar autom\u00e1ticamente el estacionamiento del autom\u00f3vil, cargar durante el estacionamiento prolongado. Puede haber plazas de aparcamiento individuales VIP. <\/p>\n<p>[\/vc_column_text][\/vc_column_inner][vc_column_inner width=\u00bb1\/4&#8243; css=\u00bb.vc_custom_1617704943623{border-top-width: 3px !important;border-right-width: 3px !important;border-bottom-width: 3px !important;border-left-width: px !important;border-left-color: #1f428d !important;border-left-style: solid !important;border-right-color: #1f428d !important;border-right-style: solid !important;border-top-color: #1f428d !important;border-top-style: solid !important;border-bottom-color: #1f428d !important;border-bottom-style: solid !important;border-radius: 10px !important;}\u00bb][vc_single_image image=\u00bb310&#8243; img_size=\u00bbfull\u00bb alignment=\u00bbcenter\u00bb onclick=\u00bbcustom_link\u00bb css_animation=\u00bbfadeIn\u00bb link=\u00bbhttps:\/\/acoris.lt\/praejimo-kontroles-sistema\/\u00bb][vc_column_text 0=\u00bb\u00bb]<\/p>\n<h3 style=\"text-align: center;\"><a href=\"https:\/\/acoris.lt\/praejimo-kontroles-sistema\/\"><span style=\"color: #174894;\"><strong>Sistema de control de acceso<\/strong><\/span><\/a><\/h3>\n<p style=\"text-align: center;\">Los clientes entran en el local o en el territorio solo all\u00ed y en ese momento, seg\u00fan lo previsto para ellos. El control de acceso se puede complementar con un medidor autom\u00e1tico de temperatura, un alcohol\u00edmetro. <\/p>\n<p>[\/vc_column_text][\/vc_column_inner][vc_column_inner width=\u00bb1\/4&#8243; css=\u00bb.vc_custom_1617704962628{border-top-width: 3px !important;border-right-width: 3px !important;border-bottom-width: 3px !important;border-left-width: 3px !important;border-left-color: #1f428d !important;border-left-style: solid !important;border-right-color: #1f428d !important;border-right-style: solid !important;border-top-color: #1f428d !important;border-top-style: solid !important;border-bottom-color: #1f428d !important;border-bottom-style: solid !important;border-radius: 10px !important;}\u00bb][vc_single_image image=\u00bb340&#8243; img_size=\u00bbfull\u00bb alignment=\u00bbcenter\u00bb onclick=\u00bbcustom_link\u00bb css_animation=\u00bbfadeIn\u00bb css=\u00bb.vc_custom_1701332450029{border-top-width: 3px !important;border-right-width: 3px !important;border-bottom-width: 3px !important;border-left-width: 3px !important;border-radius: 10px !important;}\u00bb link=\u00bbhttps:\/\/acoris.lt\/inventoriaus-apskaitos-sistema\/\u00bb][vc_column_text 0=\u00bb\u00bb]<\/p>\n<h3 style=\"text-align: center;\"><span style=\"color: #174894;\"><a style=\"color: #174894;\" href=\"https:\/\/acoris.lt\/inventoriaus-apskaitos-sistema\/\"><strong>Sistema de contabilidad de inventarios<\/strong><\/a><\/span><\/h3>\n<p style=\"text-align: center;\">El inventario, los instrumentos arrendados, la duraci\u00f3n de su uso se controlan y contabilizan.<\/p>\n<p>[\/vc_column_text][\/vc_column_inner][vc_column_inner width=\u00bb1\/4&#8243; css=\u00bb.vc_custom_1617704329365{border-top-width: 3px !important;border-right-width: 3px !important;border-bottom-width: 3px !important;border-left-width: 3px !important;border-left-color: #1f428d !important;border-left-style: solid !important;border-right-color: #1f428d !important;border-right-style: solid !important;border-top-color: #1f428d !important;border-top-style: solid !important;border-bottom-color: #1f428d !important;border-bottom-style: solid !important;border-radius: 10px !important;}\u00bb][vc_single_image image=\u00bb4190&#8243; img_size=\u00bbmedium\u00bb alignment=\u00bbcenter\u00bb onclick=\u00bbcustom_link\u00bb css_animation=\u00bbfadeIn\u00bb link=\u00bbhttps:\/\/acoris.lt\/apgyvendinimo-ir-paslaugu-rezervavimo-atsiskaitymo-ir-valdymo-sistema\/\u00bb][vc_column_text 0=\u00bb\u00bb]<\/p>\n<h3 style=\"text-align: center;\"><a href=\"https:\/\/acoris.lt\/apgyvendinimo-ir-paslaugu-rezervavimo-atsiskaitymo-ir-valdymo-sistema\/\"><span style=\"color: #174894;\"><strong>Sistema de reserva, facturaci\u00f3n y gesti\u00f3n de alojamientos y servicios<\/strong><\/span><\/a><\/h3>\n<p style=\"text-align: center;\">Es posible pagar los servicios y bienes tanto por adelantado como en el lugar de una forma conveniente para los clientes (a trav\u00e9s de Internet, tarjetas bancarias, SMS, efectivo). Las soluciones de autoservicio est\u00e1n disponibles. <\/p>\n<p>[\/vc_column_text][\/vc_column_inner][\/vc_row_inner][vc_empty_space height=\u00bb50px\u00bb][\/vc_column][\/vc_row][vc_row full_width=\u00bbstretch_row\u00bb css=\u00bb.vc_custom_1617178365933{background-color: #174894 !important;}\u00bb el_class=\u00bbblue-section-header\u00bb][vc_column css=\u00bb.vc_custom_1617178564296{margin-top: 10px !important;}\u00bb][vc_column_text 0=\u00bb\u00bb]<\/p>\n<h2><em>La introducci\u00f3n de este tipo de sistemas crea valor para la empresa y da sus frutos r\u00e1pidamente<\/em><\/h2>\n<p>[\/vc_column_text][\/vc_column][\/vc_row][vc_row 0=\u00bb\u00bb][vc_column 0=\u00bb\u00bb][vc_column_text 0=\u00bb\u00bb]<\/p>\n<ul class=\"check-list\">\n<li>SEGURIDAD Y CONTROL<\/li>\n<\/ul>\n<ul>\n<li>Solo las personas que tienen el derecho (autorizado) ingresan al local \/ territorio espec\u00edfico. Tambi\u00e9n se puede utilizar para eventos individuales. <\/li>\n<li>Solo pueden acceder a inventarios\/herramientas espec\u00edficos y a datos espec\u00edficos quienes est\u00e9n autorizados a hacerlo (control de responsabilidad)<\/li>\n<li>Pago conveniente de diversos bienes y servicios, gesti\u00f3n de riesgos.<\/li>\n<\/ul>\n<p>[\/vc_column_text][vc_column_text 0=\u00bb\u00bb]<\/p>\n<ul class=\"check-list\">\n<li>EFICACIA<\/li>\n<\/ul>\n<ul>\n<li>La contabilidad del tiempo de trabajo de los empleados se optimiza y automatiza, y las hojas de horas se rellenan autom\u00e1ticamente.<\/li>\n<li>Optimizaci\u00f3n de la contabilizaci\u00f3n de los instrumentos alquilados. El an\u00e1lisis detallado del uso le permite tomar decisiones \u00f3ptimas sobre la necesidad y la cantidad <\/li>\n<li>La contabilidad de las liquidaciones de diversos bienes y servicios est\u00e1 optimizada y automatizada.<\/li>\n<li>Varias herramientas en un solo lugar: certificado de empleado, permiso de cliente, tarjeta de acceso, tarjeta de estacionamiento, tarjeta de pago, tarjetas de descuento, etc.<\/li>\n<\/ul>\n<p>[\/vc_column_text][vc_column_text 0=\u00bb\u00bb]<\/p>\n<ul class=\"check-list\">\n<li>AUMENTAR LA SATISFACCI\u00d3N DE LOS CLIENTES Y LOS EMPLEADOS<\/li>\n<\/ul>\n<ul>\n<li>Informaci\u00f3n detallada sobre los derechos otorgados a cada persona (empleado, cliente), el inventario utilizado.<\/li>\n<li>La capacidad de ofrecer a los clientes varios servicios adicionales<\/li>\n<li>La posibilidad de ofrecer nuevos servicios adicionales (cheques regalo, vales de comida, descuentos, promociones, etc.).<\/li>\n<\/ul>\n<p>[\/vc_column_text][vc_column_text 0=\u00bb\u00bb]<\/p>\n<ul class=\"check-list\">\n<li>IMAGEN<\/li>\n<\/ul>\n<ul>\n<li>Una instituci\u00f3n moderna con soluciones modernas y beneficios adicionales para empleados y clientes crea la imagen de una organizaci\u00f3n responsable y orientada al cliente.<\/li>\n<\/ul>\n<p>[\/vc_column_text][\/vc_column][\/vc_row][vc_row 0=\u00bb\u00bb][vc_column width=\u00bb1\/2&#8243;][vc_single_image image=\u00bb4186&#8243; img_size=\u00bbfull\u00bb css_animation=\u00bbfadeIn\u00bb][\/vc_column][vc_column width=\u00bb1\/2&#8243;][vc_single_image image=\u00bb4189&#8243; img_size=\u00bbfull\u00bb css_animation=\u00bbfadeIn\u00bb][\/vc_column][\/vc_row][vc_row full_width=\u00bbstretch_row\u00bb css=\u00bb.vc_custom_1617178365933{background-color: #174894 !important;}\u00bb el_class=\u00bbblue-section-header\u00bb][vc_column css=\u00bb.vc_custom_1617178564296{margin-top: 10px !important;}\u00bb][vc_column_text 0=\u00bb\u00bb]<\/p>\n<h2><span style=\"color: #ffffff;\"><a style=\"color: #ffffff;\" href=\"https:\/\/acoris.lt\/kontaktai\/\"><em>Los sistemas est\u00e1n provistos de garant\u00eda, realizamos capacitaci\u00f3n, soporte y servicio.<\/em><\/a><\/span><\/h2>\n<p>[\/vc_column_text][\/vc_column][\/vc_row]<\/p>\n<\/div>","protected":false},"excerpt":{"rendered":"<p>[vc_row 0=\u00bb\u00bb][vc_column width=\u00bb1\/2&#8243;][vc_column_text 0=\u00bb\u00bb]Para los centros de negocios y otras empresas de servicios, implementamos modernos sistemas digitales para la promoci\u00f3n de servicios, pre-reserva y pago, control y contabilizaci\u00f3n de la prestaci\u00f3n de servicios. Estos sistemas hacen que sus procesos de negocio sean m\u00e1s eficientes: garantizan el control sobre la prestaci\u00f3n de servicios y el pago [&hellip;]<\/p>\n","protected":false},"author":1,"featured_media":5101,"parent":0,"menu_order":0,"comment_status":"closed","ping_status":"closed","template":"","meta":{"_acf_changed":false,"_monsterinsights_skip_tracking":false,"_monsterinsights_sitenote_active":false,"_monsterinsights_sitenote_note":"","_monsterinsights_sitenote_category":0,"footnotes":""},"class_list":["post-4179","page","type-page","status-publish","has-post-thumbnail","hentry"],"acf":[],"yoast_head":"<!-- This site is optimized with the Yoast SEO plugin v27.3 - https:\/\/yoast.com\/product\/yoast-seo-wordpress\/ -->\n<title>Sistemas de administraci\u00f3n de centros de negocios - Acoris<\/title>\n<meta name=\"description\" content=\"Para los centros de negocios y otras empresas de servicios, implementamos modernos sistemas digitales para la promoci\u00f3n de servicios, pre-reserva y pago, control y contabilizaci\u00f3n de la prestaci\u00f3n de servicios. Estos sistemas hacen que sus procesos de negocio sean m\u00e1s eficientes: garantizan el control sobre la prestaci\u00f3n de servicios y el pago de los mismos, ahorran recursos y tiempo a la instituci\u00f3n y aumentan la satisfacci\u00f3n del cliente con los servicios.\" \/>\n<meta name=\"robots\" content=\"index, follow, max-snippet:-1, max-image-preview:large, max-video-preview:-1\" \/>\n<link rel=\"canonical\" href=\"https:\/\/acoris.lt\/es\/centros-de-negocios\/\" \/>\n<meta property=\"og:locale\" content=\"es_ES\" \/>\n<meta property=\"og:type\" content=\"article\" \/>\n<meta property=\"og:title\" content=\"Sistemas de administraci\u00f3n de centros de negocios - Acoris\" \/>\n<meta property=\"og:description\" content=\"Para los centros de negocios y otras empresas de servicios, implementamos modernos sistemas digitales para la promoci\u00f3n de servicios, pre-reserva y pago, control y contabilizaci\u00f3n de la prestaci\u00f3n de servicios. Estos sistemas hacen que sus procesos de negocio sean m\u00e1s eficientes: garantizan el control sobre la prestaci\u00f3n de servicios y el pago de los mismos, ahorran recursos y tiempo a la instituci\u00f3n y aumentan la satisfacci\u00f3n del cliente con los servicios.\" \/>\n<meta property=\"og:url\" content=\"https:\/\/acoris.lt\/es\/centros-de-negocios\/\" \/>\n<meta property=\"og:site_name\" content=\"Acoris\" \/>\n<meta property=\"article:modified_time\" content=\"2025-02-27T05:43:51+00:00\" \/>\n<meta property=\"og:image\" content=\"https:\/\/acoris.lt\/wp-content\/uploads\/2025\/07\/Verslo-centru-automatizuotos-sistemos-1.png\" \/>\n\t<meta property=\"og:image:width\" content=\"600\" \/>\n\t<meta property=\"og:image:height\" content=\"450\" \/>\n\t<meta property=\"og:image:type\" content=\"image\/png\" \/>\n<meta name=\"twitter:card\" content=\"summary_large_image\" \/>\n<meta name=\"twitter:label1\" content=\"Tiempo de lectura\" \/>\n\t<meta name=\"twitter:data1\" content=\"7 minutos\" \/>\n<script type=\"application\/ld+json\" class=\"yoast-schema-graph\">{\"@context\":\"https:\\\/\\\/schema.org\",\"@graph\":[{\"@type\":\"WebPage\",\"@id\":\"https:\\\/\\\/acoris.lt\\\/es\\\/centros-de-negocios\\\/\",\"url\":\"https:\\\/\\\/acoris.lt\\\/es\\\/centros-de-negocios\\\/\",\"name\":\"Sistemas de administraci\u00f3n de centros de negocios - Acoris\",\"isPartOf\":{\"@id\":\"https:\\\/\\\/acoris.lt\\\/#website\"},\"primaryImageOfPage\":{\"@id\":\"https:\\\/\\\/acoris.lt\\\/es\\\/centros-de-negocios\\\/#primaryimage\"},\"image\":{\"@id\":\"https:\\\/\\\/acoris.lt\\\/es\\\/centros-de-negocios\\\/#primaryimage\"},\"thumbnailUrl\":\"https:\\\/\\\/acoris.lt\\\/wp-content\\\/uploads\\\/2025\\\/07\\\/Verslo-centru-automatizuotos-sistemos-1.png\",\"datePublished\":\"2025-02-27T05:43:38+00:00\",\"dateModified\":\"2025-02-27T05:43:51+00:00\",\"description\":\"Para los centros de negocios y otras empresas de servicios, implementamos modernos sistemas digitales para la promoci\u00f3n de servicios, pre-reserva y pago, control y contabilizaci\u00f3n de la prestaci\u00f3n de servicios. Estos sistemas hacen que sus procesos de negocio sean m\u00e1s eficientes: garantizan el control sobre la prestaci\u00f3n de servicios y el pago de los mismos, ahorran recursos y tiempo a la instituci\u00f3n y aumentan la satisfacci\u00f3n del cliente con los servicios.\",\"breadcrumb\":{\"@id\":\"https:\\\/\\\/acoris.lt\\\/es\\\/centros-de-negocios\\\/#breadcrumb\"},\"inLanguage\":\"es\",\"potentialAction\":[{\"@type\":\"ReadAction\",\"target\":[\"https:\\\/\\\/acoris.lt\\\/es\\\/centros-de-negocios\\\/\"]}]},{\"@type\":\"ImageObject\",\"inLanguage\":\"es\",\"@id\":\"https:\\\/\\\/acoris.lt\\\/es\\\/centros-de-negocios\\\/#primaryimage\",\"url\":\"https:\\\/\\\/acoris.lt\\\/wp-content\\\/uploads\\\/2025\\\/07\\\/Verslo-centru-automatizuotos-sistemos-1.png\",\"contentUrl\":\"https:\\\/\\\/acoris.lt\\\/wp-content\\\/uploads\\\/2025\\\/07\\\/Verslo-centru-automatizuotos-sistemos-1.png\",\"width\":600,\"height\":450,\"caption\":\"Verslo centr\u0173 automatizuotos sistemos\"},{\"@type\":\"BreadcrumbList\",\"@id\":\"https:\\\/\\\/acoris.lt\\\/es\\\/centros-de-negocios\\\/#breadcrumb\",\"itemListElement\":[{\"@type\":\"ListItem\",\"position\":1,\"name\":\"Inicio\",\"item\":\"https:\\\/\\\/acoris.lt\\\/es\\\/\"},{\"@type\":\"ListItem\",\"position\":2,\"name\":\"Centros de negocios\"}]},{\"@type\":\"WebSite\",\"@id\":\"https:\\\/\\\/acoris.lt\\\/#website\",\"url\":\"https:\\\/\\\/acoris.lt\\\/\",\"name\":\"Acoris\",\"description\":\"Integruotos sistemos\",\"publisher\":{\"@id\":\"https:\\\/\\\/acoris.lt\\\/#organization\"},\"potentialAction\":[{\"@type\":\"SearchAction\",\"target\":{\"@type\":\"EntryPoint\",\"urlTemplate\":\"https:\\\/\\\/acoris.lt\\\/?s={search_term_string}\"},\"query-input\":{\"@type\":\"PropertyValueSpecification\",\"valueRequired\":true,\"valueName\":\"search_term_string\"}}],\"inLanguage\":\"es\"},{\"@type\":\"Organization\",\"@id\":\"https:\\\/\\\/acoris.lt\\\/#organization\",\"name\":\"Acoris\",\"url\":\"https:\\\/\\\/acoris.lt\\\/\",\"logo\":{\"@type\":\"ImageObject\",\"inLanguage\":\"es\",\"@id\":\"https:\\\/\\\/acoris.lt\\\/#\\\/schema\\\/logo\\\/image\\\/\",\"url\":\"https:\\\/\\\/acoris.lt\\\/wp-content\\\/uploads\\\/2023\\\/12\\\/acoris.jpg\",\"contentUrl\":\"https:\\\/\\\/acoris.lt\\\/wp-content\\\/uploads\\\/2023\\\/12\\\/acoris.jpg\",\"width\":600,\"height\":600,\"caption\":\"Acoris\"},\"image\":{\"@id\":\"https:\\\/\\\/acoris.lt\\\/#\\\/schema\\\/logo\\\/image\\\/\"}}]}<\/script>\n<!-- \/ Yoast SEO plugin. -->","yoast_head_json":{"title":"Sistemas de administraci\u00f3n de centros de negocios - Acoris","description":"Para los centros de negocios y otras empresas de servicios, implementamos modernos sistemas digitales para la promoci\u00f3n de servicios, pre-reserva y pago, control y contabilizaci\u00f3n de la prestaci\u00f3n de servicios. Estos sistemas hacen que sus procesos de negocio sean m\u00e1s eficientes: garantizan el control sobre la prestaci\u00f3n de servicios y el pago de los mismos, ahorran recursos y tiempo a la instituci\u00f3n y aumentan la satisfacci\u00f3n del cliente con los servicios.","robots":{"index":"index","follow":"follow","max-snippet":"max-snippet:-1","max-image-preview":"max-image-preview:large","max-video-preview":"max-video-preview:-1"},"canonical":"https:\/\/acoris.lt\/es\/centros-de-negocios\/","og_locale":"es_ES","og_type":"article","og_title":"Sistemas de administraci\u00f3n de centros de negocios - Acoris","og_description":"Para los centros de negocios y otras empresas de servicios, implementamos modernos sistemas digitales para la promoci\u00f3n de servicios, pre-reserva y pago, control y contabilizaci\u00f3n de la prestaci\u00f3n de servicios. Estos sistemas hacen que sus procesos de negocio sean m\u00e1s eficientes: garantizan el control sobre la prestaci\u00f3n de servicios y el pago de los mismos, ahorran recursos y tiempo a la instituci\u00f3n y aumentan la satisfacci\u00f3n del cliente con los servicios.","og_url":"https:\/\/acoris.lt\/es\/centros-de-negocios\/","og_site_name":"Acoris","article_modified_time":"2025-02-27T05:43:51+00:00","og_image":[{"width":600,"height":450,"url":"https:\/\/acoris.lt\/wp-content\/uploads\/2025\/07\/Verslo-centru-automatizuotos-sistemos-1.png","type":"image\/png"}],"twitter_card":"summary_large_image","twitter_misc":{"Tiempo de lectura":"7 minutos"},"schema":{"@context":"https:\/\/schema.org","@graph":[{"@type":"WebPage","@id":"https:\/\/acoris.lt\/es\/centros-de-negocios\/","url":"https:\/\/acoris.lt\/es\/centros-de-negocios\/","name":"Sistemas de administraci\u00f3n de centros de negocios - Acoris","isPartOf":{"@id":"https:\/\/acoris.lt\/#website"},"primaryImageOfPage":{"@id":"https:\/\/acoris.lt\/es\/centros-de-negocios\/#primaryimage"},"image":{"@id":"https:\/\/acoris.lt\/es\/centros-de-negocios\/#primaryimage"},"thumbnailUrl":"https:\/\/acoris.lt\/wp-content\/uploads\/2025\/07\/Verslo-centru-automatizuotos-sistemos-1.png","datePublished":"2025-02-27T05:43:38+00:00","dateModified":"2025-02-27T05:43:51+00:00","description":"Para los centros de negocios y otras empresas de servicios, implementamos modernos sistemas digitales para la promoci\u00f3n de servicios, pre-reserva y pago, control y contabilizaci\u00f3n de la prestaci\u00f3n de servicios. Estos sistemas hacen que sus procesos de negocio sean m\u00e1s eficientes: garantizan el control sobre la prestaci\u00f3n de servicios y el pago de los mismos, ahorran recursos y tiempo a la instituci\u00f3n y aumentan la satisfacci\u00f3n del cliente con los servicios.","breadcrumb":{"@id":"https:\/\/acoris.lt\/es\/centros-de-negocios\/#breadcrumb"},"inLanguage":"es","potentialAction":[{"@type":"ReadAction","target":["https:\/\/acoris.lt\/es\/centros-de-negocios\/"]}]},{"@type":"ImageObject","inLanguage":"es","@id":"https:\/\/acoris.lt\/es\/centros-de-negocios\/#primaryimage","url":"https:\/\/acoris.lt\/wp-content\/uploads\/2025\/07\/Verslo-centru-automatizuotos-sistemos-1.png","contentUrl":"https:\/\/acoris.lt\/wp-content\/uploads\/2025\/07\/Verslo-centru-automatizuotos-sistemos-1.png","width":600,"height":450,"caption":"Verslo centr\u0173 automatizuotos sistemos"},{"@type":"BreadcrumbList","@id":"https:\/\/acoris.lt\/es\/centros-de-negocios\/#breadcrumb","itemListElement":[{"@type":"ListItem","position":1,"name":"Inicio","item":"https:\/\/acoris.lt\/es\/"},{"@type":"ListItem","position":2,"name":"Centros de negocios"}]},{"@type":"WebSite","@id":"https:\/\/acoris.lt\/#website","url":"https:\/\/acoris.lt\/","name":"Acoris","description":"Integruotos sistemos","publisher":{"@id":"https:\/\/acoris.lt\/#organization"},"potentialAction":[{"@type":"SearchAction","target":{"@type":"EntryPoint","urlTemplate":"https:\/\/acoris.lt\/?s={search_term_string}"},"query-input":{"@type":"PropertyValueSpecification","valueRequired":true,"valueName":"search_term_string"}}],"inLanguage":"es"},{"@type":"Organization","@id":"https:\/\/acoris.lt\/#organization","name":"Acoris","url":"https:\/\/acoris.lt\/","logo":{"@type":"ImageObject","inLanguage":"es","@id":"https:\/\/acoris.lt\/#\/schema\/logo\/image\/","url":"https:\/\/acoris.lt\/wp-content\/uploads\/2023\/12\/acoris.jpg","contentUrl":"https:\/\/acoris.lt\/wp-content\/uploads\/2023\/12\/acoris.jpg","width":600,"height":600,"caption":"Acoris"},"image":{"@id":"https:\/\/acoris.lt\/#\/schema\/logo\/image\/"}}]}},"_links":{"self":[{"href":"https:\/\/acoris.lt\/es\/wp-json\/wp\/v2\/pages\/4179","targetHints":{"allow":["GET"]}}],"collection":[{"href":"https:\/\/acoris.lt\/es\/wp-json\/wp\/v2\/pages"}],"about":[{"href":"https:\/\/acoris.lt\/es\/wp-json\/wp\/v2\/types\/page"}],"author":[{"embeddable":true,"href":"https:\/\/acoris.lt\/es\/wp-json\/wp\/v2\/users\/1"}],"replies":[{"embeddable":true,"href":"https:\/\/acoris.lt\/es\/wp-json\/wp\/v2\/comments?post=4179"}],"version-history":[{"count":11,"href":"https:\/\/acoris.lt\/es\/wp-json\/wp\/v2\/pages\/4179\/revisions"}],"predecessor-version":[{"id":4282,"href":"https:\/\/acoris.lt\/es\/wp-json\/wp\/v2\/pages\/4179\/revisions\/4282"}],"wp:featuredmedia":[{"embeddable":true,"href":"https:\/\/acoris.lt\/es\/wp-json\/wp\/v2\/media\/5101"}],"wp:attachment":[{"href":"https:\/\/acoris.lt\/es\/wp-json\/wp\/v2\/media?parent=4179"}],"curies":[{"name":"wp","href":"https:\/\/api.w.org\/{rel}","templated":true}]}}