{"id":4196,"date":"2025-02-27T08:43:40","date_gmt":"2025-02-27T05:43:40","guid":{"rendered":"https:\/\/www.acoris.lt\/sistema-de-contabilidad-de-herramientas\/"},"modified":"2025-02-27T08:43:46","modified_gmt":"2025-02-27T05:43:46","slug":"sistema-de-contabilidad-de-herramientas","status":"publish","type":"page","link":"https:\/\/acoris.lt\/es\/sistema-de-contabilidad-de-herramientas\/","title":{"rendered":"Sistema de contabilidad de herramientas"},"content":{"rendered":"<div class=\"wpb-content-wrapper\"><p>[vc_row][vc_column][vc_column_text]El sistema est\u00e1 dise\u00f1ado para registrar las herramientas tomadas por los empleados con la capacidad de asignar al objeto donde se utilizar\u00e1n.<\/p>\n<p>El sistema de contabilidad consta de identificadores de empleados y herramientas, sus esc\u00e1neres, un programa de contabilidad:<\/p>\n<ol>\n<li><strong>Tarjetas electr\u00f3nicas para empleados <\/strong>Encantos. Las tarjetas pueden ser personalizadas o no, y tambi\u00e9n se pueden utilizar para el control de acceso a las instalaciones, el registro autom\u00e1tico de hojas de horas, el transporte urbano u otros fines. Si desea usar con tel\u00e9fonos NFC, el chip interno de las tarjetas debe cumplir con los requisitos del NTAG.  <\/li>\n<\/ol>\n<p>[\/vc_column_text][\/vc_column][\/vc_row][vc_row][vc_column width=\u00bb1\/4&#8243;][vc_single_image image=\u00bb4197&#8243; img_size=\u00bbmedium\u00bb alignment=\u00bbcenter\u00bb][\/vc_column][vc_column width=\u00bb1\/4&#8243;][vc_single_image image=\u00bb629&#8243; img_size=\u00bbmedium\u00bb alignment=\u00bbcenter\u00bb][\/vc_column][vc_column width=\u00bb1\/4&#8243;][vc_single_image image=\u00bb4198&#8243; img_size=\u00bbmedium\u00bb alignment=\u00bbcenter\u00bb][\/vc_column][vc_column width=\u00bb1\/4&#8243;][vc_single_image image=\u00bb632&#8243; img_size=\u00bbmedium\u00bb alignment=\u00bbcenter\u00bb][\/vc_column][\/vc_row][vc_row][vc_column][vc_column_text]2. <strong>Identificadores de herramientas<\/strong> (pegatinas electr\u00f3nicas, colgantes, marcas atornilladas, atornilladas a un \u00e1rbol, etc.). Si desea usar con tel\u00e9fonos NFC, el chip interno de las tarjetas debe cumplir con los requisitos del NTAG.[\/vc_column_text][\/vc_column][\/vc_row][vc_row][vc_column width=\u00bb1\/6&#8243;][vc_single_image image=\u00bb4199&#8243; img_size=\u00bbmedium\u00bb alignment=\u00bbcenter\u00bb][\/vc_column][vc_column width=\u00bb1\/6&#8243;][vc_single_image image=\u00bb4201&#8243; img_size=\u00bbmedium\u00bb alignment=\u00bbcenter\u00bb][\/vc_column][vc_column width=\u00bb1\/6&#8243;][vc_single_image image=\u00bb4202&#8243; img_size=\u00bbmedium\u00bb alignment=\u00bbcenter\u00bb][\/vc_column][vc_column width=\u00bb1\/6&#8243;][vc_single_image image=\u00bb4203&#8243; img_size=\u00bbmedium\u00bb alignment=\u00bbcenter\u00bb][\/vc_column][vc_column width=\u00bb1\/6&#8243;][vc_single_image image=\u00bb4204&#8243; img_size=\u00bbmedium\u00bb alignment=\u00bbcenter\u00bb][\/vc_column][vc_column width=\u00bb1\/6&#8243;][vc_single_image image=\u00bb4207&#8243; img_size=\u00bbmedium\u00bb alignment=\u00bbcenter\u00bb][\/vc_column][\/vc_row][vc_row][vc_column][vc_column_text]<strong>3. Sistema contable<\/strong><\/p>\n<p>En el ordenador central se registran las tarjetas de los empleados y sus datos de contacto, as\u00ed como los valores de los materiales: c\u00f3digo de la empresa, nombre, descripci\u00f3n, fotograf\u00eda, etc. y las personas responsables que confirman la transferencia de las herramientas. <\/p>\n<p>El gerente del proyecto, el almacenista u otra persona responsable tiene un lector de etiquetas NFC: un tel\u00e9fono NFC o un lector de etiquetas electr\u00f3nicas conectado a una computadora con software instalado para capturar la transmisi\u00f3n de herramientas. Puede haber muchos esc\u00e1neres de este tipo, todos se comunican a trav\u00e9s de Internet con la base de datos de la computadora central.[\/vc_column_text][\/vc_column][\/vc_row][vc_row][vc_column width=\u00bb1\/3&#8243;][vc_column_text]<\/p>\n<p style=\"text-align: center;\"><strong>Esc\u00e1ner para PC  <\/strong><\/p>\n<p>[\/vc_column_text][vc_single_image image=\u00bb4209&#8243; img_size=\u00bbmedium\u00bb alignment=\u00bbcenter\u00bb][\/vc_column][vc_column width=\u00bb1\/3&#8243;][vc_column_text]<\/p>\n<p style=\"text-align: center;\"><strong>Esc\u00e1ner m\u00f3vil para condiciones exteriores<\/strong><\/p>\n<p>[\/vc_column_text][vc_single_image image=\u00bb4211&#8243; img_size=\u00bbmedium\u00bb alignment=\u00bbcenter\u00bb][\/vc_column][vc_column width=\u00bb1\/3&#8243;][vc_column_text]<\/p>\n<p style=\"text-align: center;\"><strong>Tel\u00e9fono m\u00f3vil NFC<\/strong><\/p>\n<p>[\/vc_column_text][vc_single_image image=\u00bb4213&#8243; img_size=\u00bbmedium\u00bb alignment=\u00bbcenter\u00bb][\/vc_column][\/vc_row][vc_row][vc_column][vc_column_text]Despu\u00e9s de registrar a todos los empleados, herramientas, personas responsables en la computadora central (servidor), el sistema est\u00e1 listo para trabajar. La tarjeta del empleado se escanea por tel\u00e9fono y se env\u00eda al servidor, que verifica si la tarjeta es v\u00e1lida, env\u00eda el nombre del empleado en caso positivo. A continuaci\u00f3n, se escanea la etiqueta NFC de la herramienta y se env\u00eda de nuevo al servidor, que comprueba la situaci\u00f3n de esta herramienta y forma un mensaje en el tel\u00e9fono (el nombre de la herramienta) . Si es necesario, la herramienta se puede asignar al objeto (luego se descarga una lista de objetos del servidor junto con el nombre de la herramienta).   <\/p>\n<p><strong>Los beneficios del sistema contable<\/strong>:<\/p>\n<ol>\n<li>Es visible d\u00f3nde se encuentra la herramienta, si est\u00e1 libre, qui\u00e9n la est\u00e1 utilizando (en el ordenador o en un tel\u00e9fono m\u00f3vil);<\/li>\n<li>Informes sobre la efectividad, frecuencia, etc., del uso de las herramientas.<\/li>\n<li>Las tarjetas de empleado se pueden utilizar para el llenado autom\u00e1tico de la hoja de horas, el registro sobre la llegada al objeto, la entrega de trabajos.<\/li>\n<\/ol>\n<p><strong>Precios orientativos:<\/strong><\/p>\n<ol>\n<li>Los precios de las tarjetas, e-tags dependen del material, la informaci\u00f3n digital y visual a alojar, la temperatura de funcionamiento, el material de la herramienta, la distancia de trabajo, la cantidad y oscilan entre 1 \u20ac y 5 \u20ac. <\/li>\n<li>El precio de un esc\u00e1ner para una computadora es de 90 Eur , un tel\u00e9fono NFC existente es adecuado (la mayor\u00eda de los tel\u00e9fonos inteligentes actuales tienen esta funci\u00f3n).<\/li>\n<li>Software para tel\u00e9fono m\u00f3vil NFC: 800 &#8211; 2000 Euros, dependiendo de los trabajos, el n\u00famero de empleados y herramientas, la funcionalidad de la aplicaci\u00f3n..<\/li>\n<\/ol>\n<p><strong>Capturas de pantalla de la aplicaci\u00f3n en el tel\u00e9fono<\/strong>: escaneando el certificado del empleado, asignando a un objeto, escaneando una herramienta, confirmando[\/vc_column_text][\/vc_column][\/vc_row][vc_row][vc_column width=\u00bb1\/4&#8243;][vc_single_image image=\u00bb4215&#8243; img_size=\u00bbmedium\u00bb alignment=\u00bbcenter\u00bb][\/vc_column][vc_column width=\u00bb1\/4&#8243;][vc_single_image image=\u00bb4216&#8243; img_size=\u00bbmedium\u00bb alignment=\u00bbcenter\u00bb][\/vc_column][vc_column width=\u00bb1\/4&#8243;][vc_single_image image=\u00bb4217&#8243; img_size=\u00bbmedium\u00bb alignment=\u00bbcenter\u00bb][\/vc_column][vc_column width=\u00bb1\/4&#8243;][vc_single_image image=\u00bb4218&#8243; img_size=\u00bbmedium\u00bb alignment=\u00bbcenter\u00bb][\/vc_column][\/vc_row]<\/p>\n<\/div>","protected":false},"excerpt":{"rendered":"<p>[vc_row][vc_column][vc_column_text]El sistema est\u00e1 dise\u00f1ado para registrar las herramientas tomadas por los empleados con la capacidad de asignar al objeto donde se utilizar\u00e1n. El sistema de contabilidad consta de identificadores de empleados y herramientas, sus esc\u00e1neres, un programa de contabilidad: Tarjetas electr\u00f3nicas para empleados Encantos. Las tarjetas pueden ser personalizadas o no, y tambi\u00e9n se pueden [&hellip;]<\/p>\n","protected":false},"author":1,"featured_media":0,"parent":0,"menu_order":0,"comment_status":"closed","ping_status":"closed","template":"","meta":{"_acf_changed":false,"_monsterinsights_skip_tracking":false,"_monsterinsights_sitenote_active":false,"_monsterinsights_sitenote_note":"","_monsterinsights_sitenote_category":0,"footnotes":""},"class_list":["post-4196","page","type-page","status-publish","hentry"],"acf":[],"yoast_head":"<!-- This site is optimized with the Yoast SEO plugin v27.3 - https:\/\/yoast.com\/product\/yoast-seo-wordpress\/ -->\n<title>Sistema de contabilidad de herramientas - Acoris<\/title>\n<meta name=\"robots\" content=\"index, follow, max-snippet:-1, max-image-preview:large, max-video-preview:-1\" \/>\n<link rel=\"canonical\" href=\"https:\/\/acoris.lt\/es\/sistema-de-contabilidad-de-herramientas\/\" \/>\n<meta property=\"og:locale\" content=\"es_ES\" \/>\n<meta property=\"og:type\" content=\"article\" \/>\n<meta property=\"og:title\" content=\"Sistema de contabilidad de herramientas - Acoris\" \/>\n<meta property=\"og:description\" content=\"[vc_row][vc_column][vc_column_text]El sistema est\u00e1 dise\u00f1ado para registrar las herramientas tomadas por los empleados con la capacidad de asignar al objeto donde se utilizar\u00e1n. El sistema de contabilidad consta de identificadores de empleados y herramientas, sus esc\u00e1neres, un programa de contabilidad: Tarjetas electr\u00f3nicas para empleados Encantos. Las tarjetas pueden ser personalizadas o no, y tambi\u00e9n se pueden [&hellip;]\" \/>\n<meta property=\"og:url\" content=\"https:\/\/acoris.lt\/es\/sistema-de-contabilidad-de-herramientas\/\" \/>\n<meta property=\"og:site_name\" content=\"Acoris\" \/>\n<meta property=\"article:modified_time\" content=\"2025-02-27T05:43:46+00:00\" \/>\n<meta property=\"og:image\" content=\"https:\/\/acoris.lt\/wp-content\/uploads\/2023\/12\/acoris.jpg\" \/>\n\t<meta property=\"og:image:width\" content=\"600\" \/>\n\t<meta property=\"og:image:height\" content=\"600\" \/>\n\t<meta property=\"og:image:type\" content=\"image\/jpeg\" \/>\n<meta name=\"twitter:card\" content=\"summary_large_image\" \/>\n<meta name=\"twitter:label1\" content=\"Tiempo de lectura\" \/>\n\t<meta name=\"twitter:data1\" content=\"5 minutos\" \/>\n<script type=\"application\/ld+json\" class=\"yoast-schema-graph\">{\"@context\":\"https:\\\/\\\/schema.org\",\"@graph\":[{\"@type\":\"WebPage\",\"@id\":\"https:\\\/\\\/acoris.lt\\\/es\\\/sistema-de-contabilidad-de-herramientas\\\/\",\"url\":\"https:\\\/\\\/acoris.lt\\\/es\\\/sistema-de-contabilidad-de-herramientas\\\/\",\"name\":\"Sistema de contabilidad de herramientas - Acoris\",\"isPartOf\":{\"@id\":\"https:\\\/\\\/acoris.lt\\\/#website\"},\"datePublished\":\"2025-02-27T05:43:40+00:00\",\"dateModified\":\"2025-02-27T05:43:46+00:00\",\"breadcrumb\":{\"@id\":\"https:\\\/\\\/acoris.lt\\\/es\\\/sistema-de-contabilidad-de-herramientas\\\/#breadcrumb\"},\"inLanguage\":\"es\",\"potentialAction\":[{\"@type\":\"ReadAction\",\"target\":[\"https:\\\/\\\/acoris.lt\\\/es\\\/sistema-de-contabilidad-de-herramientas\\\/\"]}]},{\"@type\":\"BreadcrumbList\",\"@id\":\"https:\\\/\\\/acoris.lt\\\/es\\\/sistema-de-contabilidad-de-herramientas\\\/#breadcrumb\",\"itemListElement\":[{\"@type\":\"ListItem\",\"position\":1,\"name\":\"Inicio\",\"item\":\"https:\\\/\\\/acoris.lt\\\/es\\\/\"},{\"@type\":\"ListItem\",\"position\":2,\"name\":\"Sistema de contabilidad de herramientas\"}]},{\"@type\":\"WebSite\",\"@id\":\"https:\\\/\\\/acoris.lt\\\/#website\",\"url\":\"https:\\\/\\\/acoris.lt\\\/\",\"name\":\"Acoris\",\"description\":\"Integruotos sistemos\",\"publisher\":{\"@id\":\"https:\\\/\\\/acoris.lt\\\/#organization\"},\"potentialAction\":[{\"@type\":\"SearchAction\",\"target\":{\"@type\":\"EntryPoint\",\"urlTemplate\":\"https:\\\/\\\/acoris.lt\\\/?s={search_term_string}\"},\"query-input\":{\"@type\":\"PropertyValueSpecification\",\"valueRequired\":true,\"valueName\":\"search_term_string\"}}],\"inLanguage\":\"es\"},{\"@type\":\"Organization\",\"@id\":\"https:\\\/\\\/acoris.lt\\\/#organization\",\"name\":\"Acoris\",\"url\":\"https:\\\/\\\/acoris.lt\\\/\",\"logo\":{\"@type\":\"ImageObject\",\"inLanguage\":\"es\",\"@id\":\"https:\\\/\\\/acoris.lt\\\/#\\\/schema\\\/logo\\\/image\\\/\",\"url\":\"https:\\\/\\\/acoris.lt\\\/wp-content\\\/uploads\\\/2023\\\/12\\\/acoris.jpg\",\"contentUrl\":\"https:\\\/\\\/acoris.lt\\\/wp-content\\\/uploads\\\/2023\\\/12\\\/acoris.jpg\",\"width\":600,\"height\":600,\"caption\":\"Acoris\"},\"image\":{\"@id\":\"https:\\\/\\\/acoris.lt\\\/#\\\/schema\\\/logo\\\/image\\\/\"}}]}<\/script>\n<!-- \/ Yoast SEO plugin. -->","yoast_head_json":{"title":"Sistema de contabilidad de herramientas - Acoris","robots":{"index":"index","follow":"follow","max-snippet":"max-snippet:-1","max-image-preview":"max-image-preview:large","max-video-preview":"max-video-preview:-1"},"canonical":"https:\/\/acoris.lt\/es\/sistema-de-contabilidad-de-herramientas\/","og_locale":"es_ES","og_type":"article","og_title":"Sistema de contabilidad de herramientas - Acoris","og_description":"[vc_row][vc_column][vc_column_text]El sistema est\u00e1 dise\u00f1ado para registrar las herramientas tomadas por los empleados con la capacidad de asignar al objeto donde se utilizar\u00e1n. El sistema de contabilidad consta de identificadores de empleados y herramientas, sus esc\u00e1neres, un programa de contabilidad: Tarjetas electr\u00f3nicas para empleados Encantos. Las tarjetas pueden ser personalizadas o no, y tambi\u00e9n se pueden [&hellip;]","og_url":"https:\/\/acoris.lt\/es\/sistema-de-contabilidad-de-herramientas\/","og_site_name":"Acoris","article_modified_time":"2025-02-27T05:43:46+00:00","og_image":[{"width":600,"height":600,"url":"https:\/\/acoris.lt\/wp-content\/uploads\/2023\/12\/acoris.jpg","type":"image\/jpeg"}],"twitter_card":"summary_large_image","twitter_misc":{"Tiempo de lectura":"5 minutos"},"schema":{"@context":"https:\/\/schema.org","@graph":[{"@type":"WebPage","@id":"https:\/\/acoris.lt\/es\/sistema-de-contabilidad-de-herramientas\/","url":"https:\/\/acoris.lt\/es\/sistema-de-contabilidad-de-herramientas\/","name":"Sistema de contabilidad de herramientas - Acoris","isPartOf":{"@id":"https:\/\/acoris.lt\/#website"},"datePublished":"2025-02-27T05:43:40+00:00","dateModified":"2025-02-27T05:43:46+00:00","breadcrumb":{"@id":"https:\/\/acoris.lt\/es\/sistema-de-contabilidad-de-herramientas\/#breadcrumb"},"inLanguage":"es","potentialAction":[{"@type":"ReadAction","target":["https:\/\/acoris.lt\/es\/sistema-de-contabilidad-de-herramientas\/"]}]},{"@type":"BreadcrumbList","@id":"https:\/\/acoris.lt\/es\/sistema-de-contabilidad-de-herramientas\/#breadcrumb","itemListElement":[{"@type":"ListItem","position":1,"name":"Inicio","item":"https:\/\/acoris.lt\/es\/"},{"@type":"ListItem","position":2,"name":"Sistema de contabilidad de herramientas"}]},{"@type":"WebSite","@id":"https:\/\/acoris.lt\/#website","url":"https:\/\/acoris.lt\/","name":"Acoris","description":"Integruotos sistemos","publisher":{"@id":"https:\/\/acoris.lt\/#organization"},"potentialAction":[{"@type":"SearchAction","target":{"@type":"EntryPoint","urlTemplate":"https:\/\/acoris.lt\/?s={search_term_string}"},"query-input":{"@type":"PropertyValueSpecification","valueRequired":true,"valueName":"search_term_string"}}],"inLanguage":"es"},{"@type":"Organization","@id":"https:\/\/acoris.lt\/#organization","name":"Acoris","url":"https:\/\/acoris.lt\/","logo":{"@type":"ImageObject","inLanguage":"es","@id":"https:\/\/acoris.lt\/#\/schema\/logo\/image\/","url":"https:\/\/acoris.lt\/wp-content\/uploads\/2023\/12\/acoris.jpg","contentUrl":"https:\/\/acoris.lt\/wp-content\/uploads\/2023\/12\/acoris.jpg","width":600,"height":600,"caption":"Acoris"},"image":{"@id":"https:\/\/acoris.lt\/#\/schema\/logo\/image\/"}}]}},"_links":{"self":[{"href":"https:\/\/acoris.lt\/es\/wp-json\/wp\/v2\/pages\/4196","targetHints":{"allow":["GET"]}}],"collection":[{"href":"https:\/\/acoris.lt\/es\/wp-json\/wp\/v2\/pages"}],"about":[{"href":"https:\/\/acoris.lt\/es\/wp-json\/wp\/v2\/types\/page"}],"author":[{"embeddable":true,"href":"https:\/\/acoris.lt\/es\/wp-json\/wp\/v2\/users\/1"}],"replies":[{"embeddable":true,"href":"https:\/\/acoris.lt\/es\/wp-json\/wp\/v2\/comments?post=4196"}],"version-history":[{"count":2,"href":"https:\/\/acoris.lt\/es\/wp-json\/wp\/v2\/pages\/4196\/revisions"}],"predecessor-version":[{"id":4265,"href":"https:\/\/acoris.lt\/es\/wp-json\/wp\/v2\/pages\/4196\/revisions\/4265"}],"wp:attachment":[{"href":"https:\/\/acoris.lt\/es\/wp-json\/wp\/v2\/media?parent=4196"}],"curies":[{"name":"wp","href":"https:\/\/api.w.org\/{rel}","templated":true}]}}