{"id":4236,"date":"2025-02-27T08:43:43","date_gmt":"2025-02-27T05:43:43","guid":{"rendered":"https:\/\/www.acoris.lt\/instituciones-educativas\/"},"modified":"2025-02-27T08:43:51","modified_gmt":"2025-02-27T05:43:51","slug":"instituciones-educativas","status":"publish","type":"page","link":"https:\/\/acoris.lt\/es\/instituciones-educativas\/","title":{"rendered":"Instituciones educativas"},"content":{"rendered":"<div class=\"wpb-content-wrapper\"><p>[vc_row][vc_column width=\u00bb1\/2&#8243;][vc_column_text]Para universidades, colegios, escuelas, jardines de infancia y otras instituciones educativas, implementamos modernos sistemas digitales para controlar y registrar el acceso al territorio y las clases, contabilidad y pago de comidas, contabilidad de inventario usado y llaves de gabinetes, control de estacionamiento, administraci\u00f3n de eventos y dormitorios.<\/p>\n<p>Todos los sistemas instalados se combinan en una sola aplicaci\u00f3n, donde se pueden ver informes de uso detallados. Adem\u00e1s, cada empleado, escolar, estudiante o padre de estudiantes al iniciar sesi\u00f3n en su cuenta ve un informe detallado sobre su hora de llegada \/ salida, asistencia, compras, inventario usado, puede reponer la cuenta. <\/p>\n<p>Los sistemas se pueden implementar para cada instituci\u00f3n seg\u00fan sea necesario.[\/vc_column_text][\/vc_column][vc_column width=\u00bb1\/2&#8243;][vc_single_image image=\u00bb299&#8243; img_size=\u00bbfull\u00bb css_animation=\u00bbfadeInUp\u00bb][\/vc_column][\/vc_row][vc_row full_width=\u00bbstretch_row\u00bb css=\u00bb.vc_custom_1617178365933{background-color: #174894 !important;}\u00bb el_class=\u00bbblue-section-header\u00bb][vc_column css=\u00bb.vc_custom_1617178564296{margin-top: 10px !important;}\u00bb][vc_column_text]<\/p>\n<h2><em>Sistemas a instalar  <\/em><\/h2>\n<p>[\/vc_column_text][\/vc_column][\/vc_row][vc_row full_width=\u00bbstretch_row\u00bb el_class=\u00bbhome_box_wrap\u00bb][vc_column][vc_row_inner equal_height=\u00bbyes\u00bb gap=\u00bb5&#8243;][vc_column_inner width=\u00bb1\/4&#8243; css=\u00bb.vc_custom_1617704943623{border-top-width: 3px !important;border-right-width: 3px !important;border-bottom-width: 3px !important;border-left-width: px !important;border-left-color: #1f428d !important;border-left-style: solid !important;border-right-color: #1f428d !important;border-right-style: solid !important;border-top-color: #1f428d !important;border-top-style: solid !important;border-bottom-color: #1f428d !important;border-bottom-style: solid !important;border-radius: 10px !important;}\u00bb][vc_single_image image=\u00bb2626&#8243; img_size=\u00bbfull\u00bb alignment=\u00bbcenter\u00bb onclick=\u00bbcustom_link\u00bb css_animation=\u00bbfadeIn\u00bb link=\u00bbhttps:\/\/acoris.lt\/praejimo-kontroles-sistema\/\u00bb][vc_column_text]<\/p>\n<h3 style=\"text-align: center;\"><a href=\"https:\/\/acoris.lt\/praejimo-kontroles-sistema\/\"><span style=\"color: #174894;\"><strong>Sistema de control de acceso<\/strong><\/span><\/a><\/h3>\n<p style=\"text-align: center;\">Los escolares, los estudiantes y los empleados entran en las instalaciones o en el territorio solo all\u00ed y en ese momento, seg\u00fan lo previsto para ellos. Se realiza el check-in autom\u00e1tico para la entrada y la salida (as\u00ed como para las clases cuando se realizan en otros lugares). El control de acceso se puede complementar con un medidor autom\u00e1tico de temperatura, un alcohol\u00edmetro.  <\/p>\n<p>[\/vc_column_text][\/vc_column_inner][vc_column_inner width=\u00bb1\/4&#8243; css=\u00bb.vc_custom_1617654488845{border-top-width: 3px !important;border-right-width: 3px !important;border-bottom-width: 3px !important;border-left-width: 3px !important;border-left-color: #1f428d !important;border-left-style: solid !important;border-right-color: #1f428d !important;border-right-style: solid !important;border-top-color: #1f428d !important;border-top-style: solid !important;border-bottom-color: #1f428d !important;border-bottom-style: solid !important;border-radius: 10px !important;}\u00bb][vc_single_image image=\u00bb4239&#8243; img_size=\u00bbmedium\u00bb alignment=\u00bbcenter\u00bb onclick=\u00bbcustom_link\u00bb css_animation=\u00bbfadeIn\u00bb link=\u00bbhttps:\/\/acoris.lt\/inventoriaus-apskaitos-sistema\/\u00bb][vc_column_text]<\/p>\n<h3 style=\"text-align: center;\"><span style=\"color: #174894;\"><a style=\"color: #174894;\" href=\"https:\/\/acoris.lt\/inventoriaus-apskaitos-sistema\/\"><strong>Sistema de contabilidad de inventarios<\/strong><\/a><\/span><\/h3>\n<p style=\"text-align: center;\">Contabilidad de las llaves del armario, ordenadores port\u00e1tiles, etc. (qui\u00e9n, qu\u00e9, cu\u00e1ndo se llevaron y se devolvieron). <\/p>\n<p>[\/vc_column_text][\/vc_column_inner][vc_column_inner width=\u00bb1\/4&#8243; css=\u00bb.vc_custom_1617704956813{border-top-width: 3px !important;border-right-width: 3px !important;border-bottom-width: 3px !important;border-left-width: 3px !important;border-left-color: #1f428d !important;border-left-style: solid !important;border-right-color: #1f428d !important;border-right-style: solid !important;border-top-color: #1f428d !important;border-top-style: solid !important;border-bottom-color: #1f428d !important;border-bottom-style: solid !important;border-radius: 10px !important;}\u00bb el_id=\u00bbhttps:\/\/acoris.lt\/parkavimo-aiksteliu-sistemos\/\u00bb][vc_single_image image=\u00bb2587&#8243; img_size=\u00bbfull\u00bb alignment=\u00bbcenter\u00bb onclick=\u00bbcustom_link\u00bb css_animation=\u00bbfadeIn\u00bb css=\u00bb.vc_custom_1701343491885{margin-right: 20px !important;border-top-width: 3px !important;border-right-width: 3px !important;border-bottom-width: 3px !important;border-left-width: 3px !important;border-radius: 10px !important;}\u00bb link=\u00bbhttps:\/\/acoris.lt\/parkingo-ir-transporto-kontroles-sistema\/\u00bb][vc_column_text]<\/p>\n<h3 style=\"text-align: center;\"><span style=\"color: #174894;\"><a style=\"color: #174894;\" href=\"https:\/\/acoris.lt\/parkingo-ir-transporto-kontroles-sistema\/\"><strong>Sistema de control de aparcamiento y transporte<\/strong><\/a><\/span><\/h3>\n<p style=\"text-align: center;\">Controla autom\u00e1ticamente el aparcamiento (qui\u00e9n, cu\u00e1ndo, d\u00f3nde puede aparcar el coche).<\/p>\n<p>[\/vc_column_text][\/vc_column_inner][vc_column_inner width=\u00bb1\/4&#8243; css=\u00bb.vc_custom_1617704949541{border-top-width: 3px !important;border-right-width: 3px !important;border-bottom-width: 3px !important;border-left-width: 3px !important;border-left-color: #1f428d !important;border-left-style: solid !important;border-right-color: #1f428d !important;border-right-style: solid !important;border-top-color: #1f428d !important;border-top-style: solid !important;border-bottom-color: #1f428d !important;border-bottom-style: solid !important;border-radius: 10px !important;}\u00bb][vc_single_image image=\u00bb308&#8243; img_size=\u00bbfull\u00bb alignment=\u00bbcenter\u00bb onclick=\u00bbcustom_link\u00bb css_animation=\u00bbfadeIn\u00bb link=\u00bbhttps:\/\/acoris.lt\/apgyvendinimo-ir-paslaugu-rezervavimo-atsiskaitymo-ir-valdymo-sistema\/\u00bb][vc_column_text]<\/p>\n<h3 style=\"text-align: center;\"><a href=\"https:\/\/acoris.lt\/apgyvendinimo-ir-paslaugu-rezervavimo-atsiskaitymo-ir-valdymo-sistema\/\"><span style=\"color: #174894;\"><strong>Asentamientos para comidas<\/strong><\/span><\/a><\/h3>\n<p style=\"text-align: center;\">Administraci\u00f3n de comidas pagadas y gratuitas (reposici\u00f3n de facturas, informes).<\/p>\n<p style=\"text-align: center;\">.<\/p>\n<p>[\/vc_column_text][\/vc_column_inner][\/vc_row_inner][\/vc_column][\/vc_row][vc_row full_width=\u00bbstretch_row\u00bb el_class=\u00bbhome_box_wrap\u00bb][vc_column][vc_empty_space height=\u00bb20px\u00bb][vc_row_inner equal_height=\u00bbyes\u00bb gap=\u00bb5&#8243;][vc_column_inner width=\u00bb1\/4&#8243; css=\u00bb.vc_custom_1617704968907{border-top-width: 3px !important;border-right-width: 3px !important;border-bottom-width: 3px !important;border-left-width: 3px !important;border-left-color: #1f428d !important;border-left-style: solid !important;border-right-color: #1f428d !important;border-right-style: solid !important;border-top-color: #1f428d !important;border-top-style: solid !important;border-bottom-color: #1f428d !important;border-bottom-style: solid !important;border-radius: 10px !important;}\u00bb][vc_single_image image=\u00bb2581&#8243; img_size=\u00bbmedium\u00bb alignment=\u00bbcenter\u00bb onclick=\u00bbcustom_link\u00bb css_animation=\u00bbfadeIn\u00bb link=\u00bbhttps:\/\/acoris.lt\/automatine-darbo-laiko-kontroles-sistema\/\u00bb][vc_column_text]<\/p>\n<h3 style=\"text-align: center;\"><a href=\"https:\/\/acoris.lt\/automatine-darbo-laiko-kontroles-sistema\/\"><strong><span style=\"color: #174894;\">Sistema de control autom\u00e1tico del tiempo de trabajo<\/span><\/strong><\/a><\/h3>\n<p style=\"text-align: center;\">Se lleva a cabo la contabilidad del tiempo de trabajo del personal de trabajo: qui\u00e9n, cuando lleg\u00f3 y se fue, si se realiz\u00f3 el trabajo necesario.<\/p>\n<p>[\/vc_column_text][\/vc_column_inner][\/vc_row_inner][vc_empty_space height=\u00bb20px\u00bb][\/vc_column][\/vc_row][vc_row full_width=\u00bbstretch_row\u00bb css=\u00bb.vc_custom_1617178365933{background-color: #174894 !important;}\u00bb el_class=\u00bbblue-section-header\u00bb][vc_column css=\u00bb.vc_custom_1617178564296{margin-top: 10px !important;}\u00bb][vc_column_text]<\/p>\n<h2><em>Beneficios para la instituci\u00f3n, escolares, estudiantes, padres de familia<\/em><\/h2>\n<p>[\/vc_column_text][\/vc_column][\/vc_row][vc_row][vc_column][vc_column_text]<\/p>\n<ul class=\"check-list\">\n<li>SEGURIDAD<\/li>\n<\/ul>\n<ul>\n<li>Solo las personas con derecho a ingresar al recinto\/territorio espec\u00edfico. Tambi\u00e9n se puede utilizar para eventos individuales. <\/li>\n<li>Un inventario espec\u00edfico y datos espec\u00edficos solo pueden ser utilizados por aquellos que est\u00e9n autorizados para hacerlo.<\/li>\n<li>Pago seguro y frecuente de diversos bienes y servicios, gesti\u00f3n de riesgos.<\/li>\n<li>Pago conveniente y seguro de bienes y servicios en la instituci\u00f3n, los padres pueden establecer varios l\u00edmites en los gastos.<\/li>\n<li>En caso de p\u00e9rdida o extrav\u00edo, cualquier uso no autorizado puede ser bloqueado.<\/li>\n<\/ul>\n<p>[\/vc_column_text][vc_column_text]<\/p>\n<ul class=\"check-list\">\n<li>AUMENTO DE LA EFICIENCIA<\/li>\n<\/ul>\n<ul>\n<li>La optimizaci\u00f3n y automatizaci\u00f3n de la contabilidad del tiempo de trabajo de los empleados rellena autom\u00e1ticamente las hojas de horas y calcula los salarios.<\/li>\n<li>Contabilidad optimizada del inventario (llaves, libros de la biblioteca, multimedia, etc.), qui\u00e9n usa qu\u00e9, qu\u00e9 y cu\u00e1ndo.<\/li>\n<li>Un an\u00e1lisis detallado del uso del inventario, que le permite tomar decisiones \u00f3ptimas sobre la necesidad y la cantidad de inventario.<\/li>\n<li>La contabilidad de las liquidaciones de diversos bienes y servicios est\u00e1 optimizada y automatizada.<\/li>\n<li>Varios documentos en un mismo lugar: un billete de colegial, un certificado de estudiante, un billete de lector, una tarjeta de pase, un billete de transporte, tarjetas de descuento, entradas a eventos, etc.<\/li>\n<\/ul>\n<p>[\/vc_column_text][vc_column_text]<\/p>\n<ul class=\"check-list\">\n<li>CONSUELO<\/li>\n<\/ul>\n<ul>\n<li>Detalle de los derechos concedidos a cada persona, el inventario utilizado.<\/li>\n<li>La oportunidad de ofrecer a los empleados y estudiantes varios servicios adicionales nuevos: certificados de regalo, cupones de beneficios, descuentos.<\/li>\n<li>Los ni\u00f1os socialmente desfavorecidos reciben vales para comidas y otros servicios en una tarjeta u otro instrumento, por lo que no hay exclusividad desfavorable y se reduce la exclusi\u00f3n social.<\/li>\n<li>Los padres pueden controlar cu\u00e1ndo lleg\u00f3 el ni\u00f1o a la escuela y cu\u00e1ndo se fue, qu\u00e9 lecciones y c\u00edrculos a los que asisti\u00f3.<\/li>\n<li>Los padres pueden controlar el carrito de compras de los ni\u00f1os.<\/li>\n<\/ul>\n<p>[\/vc_column_text][vc_column_text]<\/p>\n<ul class=\"check-list\">\n<li>IMAGEN<\/li>\n<\/ul>\n<ul>\n<li>Una instituci\u00f3n moderna con soluciones modernas y beneficios adicionales para los escolares y el personal parece m\u00e1s atractiva.<\/li>\n<\/ul>\n<p>[\/vc_column_text][\/vc_column][\/vc_row][vc_row][vc_column width=\u00bb1\/2&#8243;][vc_single_image image=\u00bb337&#8243; img_size=\u00bbfull\u00bb css_animation=\u00bbfadeIn\u00bb][\/vc_column][vc_column width=\u00bb1\/2&#8243;][vc_single_image image=\u00bb274&#8243; img_size=\u00bbfull\u00bb css_animation=\u00bbfadeIn\u00bb][\/vc_column][\/vc_row][vc_row full_width=\u00bbstretch_row\u00bb css=\u00bb.vc_custom_1617178365933{background-color: #174894 !important;}\u00bb el_class=\u00bbblue-section-header\u00bb][vc_column css=\u00bb.vc_custom_1617178564296{margin-top: 10px !important;}\u00bb][vc_column_text]<\/p>\n<h2><span style=\"color: #ffffff;\"><a style=\"color: #ffffff;\" href=\"https:\/\/acoris.lt\/kontaktai\/\"><em>Consultamos, instalamos, proporcionamos una garant\u00eda para los sistemas, llevamos a cabo la capacitaci\u00f3n, el mantenimiento y el servicio.<\/em><\/a><\/span><\/h2>\n<p>[\/vc_column_text][\/vc_column][\/vc_row]<\/p>\n<\/div>","protected":false},"excerpt":{"rendered":"<p>[vc_row][vc_column width=\u00bb1\/2&#8243;][vc_column_text]Para universidades, colegios, escuelas, jardines de infancia y otras instituciones educativas, implementamos modernos sistemas digitales para controlar y registrar el acceso al territorio y las clases, contabilidad y pago de comidas, contabilidad de inventario usado y llaves de gabinetes, control de estacionamiento, administraci\u00f3n de eventos y dormitorios. Todos los sistemas instalados se combinan en [&hellip;]<\/p>\n","protected":false},"author":1,"featured_media":5141,"parent":0,"menu_order":0,"comment_status":"closed","ping_status":"closed","template":"","meta":{"_acf_changed":false,"_monsterinsights_skip_tracking":false,"_monsterinsights_sitenote_active":false,"_monsterinsights_sitenote_note":"","_monsterinsights_sitenote_category":0,"footnotes":""},"class_list":["post-4236","page","type-page","status-publish","has-post-thumbnail","hentry"],"acf":[],"yoast_head":"<!-- This site is optimized with the Yoast SEO plugin v27.4 - https:\/\/yoast.com\/product\/yoast-seo-wordpress\/ -->\n<title>Sistemas de administraci\u00f3n automatizados de instituciones educativas - Acoris<\/title>\n<meta name=\"description\" content=\"Para universidades, colegios, escuelas, jardines de infancia y otras instituciones educativas, implementamos modernos sistemas digitales para controlar y registrar el acceso al territorio y las clases, contabilidad y pago de comidas, contabilidad de inventario usado y llaves de gabinetes, control de estacionamiento, administraci\u00f3n de eventos y dormitorios.\" \/>\n<meta name=\"robots\" content=\"index, follow, max-snippet:-1, max-image-preview:large, max-video-preview:-1\" \/>\n<link rel=\"canonical\" href=\"https:\/\/acoris.lt\/es\/instituciones-educativas\/\" \/>\n<meta property=\"og:locale\" content=\"es_ES\" \/>\n<meta property=\"og:type\" content=\"article\" \/>\n<meta property=\"og:title\" content=\"Sistemas de administraci\u00f3n automatizados de instituciones educativas - Acoris\" \/>\n<meta property=\"og:description\" content=\"Para universidades, colegios, escuelas, jardines de infancia y otras instituciones educativas, implementamos modernos sistemas digitales para controlar y registrar el acceso al territorio y las clases, contabilidad y pago de comidas, contabilidad de inventario usado y llaves de gabinetes, control de estacionamiento, administraci\u00f3n de eventos y dormitorios.\" \/>\n<meta property=\"og:url\" content=\"https:\/\/acoris.lt\/es\/instituciones-educativas\/\" \/>\n<meta property=\"og:site_name\" content=\"Acoris\" \/>\n<meta property=\"article:modified_time\" content=\"2025-02-27T05:43:51+00:00\" \/>\n<meta property=\"og:image\" content=\"https:\/\/acoris.lt\/wp-content\/uploads\/2025\/07\/Praejimo-kontrole-mokykloms.png\" \/>\n\t<meta property=\"og:image:width\" content=\"800\" \/>\n\t<meta property=\"og:image:height\" content=\"600\" \/>\n\t<meta property=\"og:image:type\" content=\"image\/png\" \/>\n<meta name=\"twitter:card\" content=\"summary_large_image\" \/>\n<meta name=\"twitter:label1\" content=\"Tiempo de lectura\" \/>\n\t<meta name=\"twitter:data1\" content=\"7 minutos\" \/>\n<script type=\"application\/ld+json\" class=\"yoast-schema-graph\">{\"@context\":\"https:\\\/\\\/schema.org\",\"@graph\":[{\"@type\":\"WebPage\",\"@id\":\"https:\\\/\\\/acoris.lt\\\/es\\\/instituciones-educativas\\\/\",\"url\":\"https:\\\/\\\/acoris.lt\\\/es\\\/instituciones-educativas\\\/\",\"name\":\"Sistemas de administraci\u00f3n automatizados de instituciones educativas - Acoris\",\"isPartOf\":{\"@id\":\"https:\\\/\\\/acoris.lt\\\/#website\"},\"primaryImageOfPage\":{\"@id\":\"https:\\\/\\\/acoris.lt\\\/es\\\/instituciones-educativas\\\/#primaryimage\"},\"image\":{\"@id\":\"https:\\\/\\\/acoris.lt\\\/es\\\/instituciones-educativas\\\/#primaryimage\"},\"thumbnailUrl\":\"https:\\\/\\\/acoris.lt\\\/wp-content\\\/uploads\\\/2025\\\/07\\\/Praejimo-kontrole-mokykloms.png\",\"datePublished\":\"2025-02-27T05:43:43+00:00\",\"dateModified\":\"2025-02-27T05:43:51+00:00\",\"description\":\"Para universidades, colegios, escuelas, jardines de infancia y otras instituciones educativas, implementamos modernos sistemas digitales para controlar y registrar el acceso al territorio y las clases, contabilidad y pago de comidas, contabilidad de inventario usado y llaves de gabinetes, control de estacionamiento, administraci\u00f3n de eventos y dormitorios.\",\"breadcrumb\":{\"@id\":\"https:\\\/\\\/acoris.lt\\\/es\\\/instituciones-educativas\\\/#breadcrumb\"},\"inLanguage\":\"es\",\"potentialAction\":[{\"@type\":\"ReadAction\",\"target\":[\"https:\\\/\\\/acoris.lt\\\/es\\\/instituciones-educativas\\\/\"]}]},{\"@type\":\"ImageObject\",\"inLanguage\":\"es\",\"@id\":\"https:\\\/\\\/acoris.lt\\\/es\\\/instituciones-educativas\\\/#primaryimage\",\"url\":\"https:\\\/\\\/acoris.lt\\\/wp-content\\\/uploads\\\/2025\\\/07\\\/Praejimo-kontrole-mokykloms.png\",\"contentUrl\":\"https:\\\/\\\/acoris.lt\\\/wp-content\\\/uploads\\\/2025\\\/07\\\/Praejimo-kontrole-mokykloms.png\",\"width\":800,\"height\":600,\"caption\":\"Pra\u0117jimo kontrol\u0117 mokykloms\"},{\"@type\":\"BreadcrumbList\",\"@id\":\"https:\\\/\\\/acoris.lt\\\/es\\\/instituciones-educativas\\\/#breadcrumb\",\"itemListElement\":[{\"@type\":\"ListItem\",\"position\":1,\"name\":\"Inicio\",\"item\":\"https:\\\/\\\/acoris.lt\\\/es\\\/\"},{\"@type\":\"ListItem\",\"position\":2,\"name\":\"Instituciones educativas\"}]},{\"@type\":\"WebSite\",\"@id\":\"https:\\\/\\\/acoris.lt\\\/#website\",\"url\":\"https:\\\/\\\/acoris.lt\\\/\",\"name\":\"Acoris\",\"description\":\"Integruotos sistemos\",\"publisher\":{\"@id\":\"https:\\\/\\\/acoris.lt\\\/#organization\"},\"potentialAction\":[{\"@type\":\"SearchAction\",\"target\":{\"@type\":\"EntryPoint\",\"urlTemplate\":\"https:\\\/\\\/acoris.lt\\\/?s={search_term_string}\"},\"query-input\":{\"@type\":\"PropertyValueSpecification\",\"valueRequired\":true,\"valueName\":\"search_term_string\"}}],\"inLanguage\":\"es\"},{\"@type\":\"Organization\",\"@id\":\"https:\\\/\\\/acoris.lt\\\/#organization\",\"name\":\"Acoris\",\"url\":\"https:\\\/\\\/acoris.lt\\\/\",\"logo\":{\"@type\":\"ImageObject\",\"inLanguage\":\"es\",\"@id\":\"https:\\\/\\\/acoris.lt\\\/#\\\/schema\\\/logo\\\/image\\\/\",\"url\":\"https:\\\/\\\/acoris.lt\\\/wp-content\\\/uploads\\\/2023\\\/12\\\/acoris.jpg\",\"contentUrl\":\"https:\\\/\\\/acoris.lt\\\/wp-content\\\/uploads\\\/2023\\\/12\\\/acoris.jpg\",\"width\":600,\"height\":600,\"caption\":\"Acoris\"},\"image\":{\"@id\":\"https:\\\/\\\/acoris.lt\\\/#\\\/schema\\\/logo\\\/image\\\/\"}}]}<\/script>\n<!-- \/ Yoast SEO plugin. -->","yoast_head_json":{"title":"Sistemas de administraci\u00f3n automatizados de instituciones educativas - Acoris","description":"Para universidades, colegios, escuelas, jardines de infancia y otras instituciones educativas, implementamos modernos sistemas digitales para controlar y registrar el acceso al territorio y las clases, contabilidad y pago de comidas, contabilidad de inventario usado y llaves de gabinetes, control de estacionamiento, administraci\u00f3n de eventos y dormitorios.","robots":{"index":"index","follow":"follow","max-snippet":"max-snippet:-1","max-image-preview":"max-image-preview:large","max-video-preview":"max-video-preview:-1"},"canonical":"https:\/\/acoris.lt\/es\/instituciones-educativas\/","og_locale":"es_ES","og_type":"article","og_title":"Sistemas de administraci\u00f3n automatizados de instituciones educativas - Acoris","og_description":"Para universidades, colegios, escuelas, jardines de infancia y otras instituciones educativas, implementamos modernos sistemas digitales para controlar y registrar el acceso al territorio y las clases, contabilidad y pago de comidas, contabilidad de inventario usado y llaves de gabinetes, control de estacionamiento, administraci\u00f3n de eventos y dormitorios.","og_url":"https:\/\/acoris.lt\/es\/instituciones-educativas\/","og_site_name":"Acoris","article_modified_time":"2025-02-27T05:43:51+00:00","og_image":[{"width":800,"height":600,"url":"https:\/\/acoris.lt\/wp-content\/uploads\/2025\/07\/Praejimo-kontrole-mokykloms.png","type":"image\/png"}],"twitter_card":"summary_large_image","twitter_misc":{"Tiempo de lectura":"7 minutos"},"schema":{"@context":"https:\/\/schema.org","@graph":[{"@type":"WebPage","@id":"https:\/\/acoris.lt\/es\/instituciones-educativas\/","url":"https:\/\/acoris.lt\/es\/instituciones-educativas\/","name":"Sistemas de administraci\u00f3n automatizados de instituciones educativas - Acoris","isPartOf":{"@id":"https:\/\/acoris.lt\/#website"},"primaryImageOfPage":{"@id":"https:\/\/acoris.lt\/es\/instituciones-educativas\/#primaryimage"},"image":{"@id":"https:\/\/acoris.lt\/es\/instituciones-educativas\/#primaryimage"},"thumbnailUrl":"https:\/\/acoris.lt\/wp-content\/uploads\/2025\/07\/Praejimo-kontrole-mokykloms.png","datePublished":"2025-02-27T05:43:43+00:00","dateModified":"2025-02-27T05:43:51+00:00","description":"Para universidades, colegios, escuelas, jardines de infancia y otras instituciones educativas, implementamos modernos sistemas digitales para controlar y registrar el acceso al territorio y las clases, contabilidad y pago de comidas, contabilidad de inventario usado y llaves de gabinetes, control de estacionamiento, administraci\u00f3n de eventos y dormitorios.","breadcrumb":{"@id":"https:\/\/acoris.lt\/es\/instituciones-educativas\/#breadcrumb"},"inLanguage":"es","potentialAction":[{"@type":"ReadAction","target":["https:\/\/acoris.lt\/es\/instituciones-educativas\/"]}]},{"@type":"ImageObject","inLanguage":"es","@id":"https:\/\/acoris.lt\/es\/instituciones-educativas\/#primaryimage","url":"https:\/\/acoris.lt\/wp-content\/uploads\/2025\/07\/Praejimo-kontrole-mokykloms.png","contentUrl":"https:\/\/acoris.lt\/wp-content\/uploads\/2025\/07\/Praejimo-kontrole-mokykloms.png","width":800,"height":600,"caption":"Pra\u0117jimo kontrol\u0117 mokykloms"},{"@type":"BreadcrumbList","@id":"https:\/\/acoris.lt\/es\/instituciones-educativas\/#breadcrumb","itemListElement":[{"@type":"ListItem","position":1,"name":"Inicio","item":"https:\/\/acoris.lt\/es\/"},{"@type":"ListItem","position":2,"name":"Instituciones educativas"}]},{"@type":"WebSite","@id":"https:\/\/acoris.lt\/#website","url":"https:\/\/acoris.lt\/","name":"Acoris","description":"Integruotos sistemos","publisher":{"@id":"https:\/\/acoris.lt\/#organization"},"potentialAction":[{"@type":"SearchAction","target":{"@type":"EntryPoint","urlTemplate":"https:\/\/acoris.lt\/?s={search_term_string}"},"query-input":{"@type":"PropertyValueSpecification","valueRequired":true,"valueName":"search_term_string"}}],"inLanguage":"es"},{"@type":"Organization","@id":"https:\/\/acoris.lt\/#organization","name":"Acoris","url":"https:\/\/acoris.lt\/","logo":{"@type":"ImageObject","inLanguage":"es","@id":"https:\/\/acoris.lt\/#\/schema\/logo\/image\/","url":"https:\/\/acoris.lt\/wp-content\/uploads\/2023\/12\/acoris.jpg","contentUrl":"https:\/\/acoris.lt\/wp-content\/uploads\/2023\/12\/acoris.jpg","width":600,"height":600,"caption":"Acoris"},"image":{"@id":"https:\/\/acoris.lt\/#\/schema\/logo\/image\/"}}]}},"_links":{"self":[{"href":"https:\/\/acoris.lt\/es\/wp-json\/wp\/v2\/pages\/4236","targetHints":{"allow":["GET"]}}],"collection":[{"href":"https:\/\/acoris.lt\/es\/wp-json\/wp\/v2\/pages"}],"about":[{"href":"https:\/\/acoris.lt\/es\/wp-json\/wp\/v2\/types\/page"}],"author":[{"embeddable":true,"href":"https:\/\/acoris.lt\/es\/wp-json\/wp\/v2\/users\/1"}],"replies":[{"embeddable":true,"href":"https:\/\/acoris.lt\/es\/wp-json\/wp\/v2\/comments?post=4236"}],"version-history":[{"count":2,"href":"https:\/\/acoris.lt\/es\/wp-json\/wp\/v2\/pages\/4236\/revisions"}],"predecessor-version":[{"id":4284,"href":"https:\/\/acoris.lt\/es\/wp-json\/wp\/v2\/pages\/4236\/revisions\/4284"}],"wp:featuredmedia":[{"embeddable":true,"href":"https:\/\/acoris.lt\/es\/wp-json\/wp\/v2\/media\/5141"}],"wp:attachment":[{"href":"https:\/\/acoris.lt\/es\/wp-json\/wp\/v2\/media?parent=4236"}],"curies":[{"name":"wp","href":"https:\/\/api.w.org\/{rel}","templated":true}]}}