{"id":4267,"date":"2025-02-27T08:43:47","date_gmt":"2025-02-27T05:43:47","guid":{"rendered":"https:\/\/www.acoris.lt\/aumentar-la-eficiencia-del-sistema-integrado\/"},"modified":"2025-03-06T12:49:48","modified_gmt":"2025-03-06T09:49:48","slug":"aumentar-la-eficiencia-del-sistema-integrado","status":"publish","type":"page","link":"https:\/\/acoris.lt\/es\/","title":{"rendered":"Aumentar la eficiencia del sistema integrado"},"content":{"rendered":"<div class=\"wpb-content-wrapper\"><p>[vc_row full_width=\u00bbstretch_row\u00bb css=\u00bb.vc_custom_1652445840665{margin-bottom: 30px !important;}\u00bb][vc_column][vc_column_text]<div id=\"metaslider-id-4738\" style=\"max-width: 1120px; margin: 0 auto;\" class=\"ml-slider-3-107-0 metaslider metaslider-flex metaslider-4738 ml-slider has-dots-nav ms-theme-default\" role=\"region\" aria-label=\"New Slideshow (ES)\" data-height=\"450\" data-width=\"1120\">\n    <div id=\"metaslider_container_4738\">\n        <div id=\"metaslider_4738\">\n            <ul class='slides'>\n                <li style=\"display: block; width: 100%;\" class=\"slide-4739 ms-image \" aria-roledescription=\"slide\" data-date=\"2025-02-27 08:57:34\" data-filename=\"Darbo-laiko-apskaitos-programele-1120x450.png\" data-slide-type=\"image\"><a href=\"https:\/\/acoris.lt\/es\/noticia\/cronometraje-automatizado-aun-no-era-tan-efectivo\/\" target=\"_self\" aria-label=\"Ver detalles de la diapositiva\" class=\"metaslider_image_link\"><img loading=\"lazy\" decoding=\"async\" src=\"https:\/\/acoris.lt\/wp-content\/uploads\/2025\/07\/Darbo-laiko-apskaitos-programele-1120x450.png\" height=\"450\" width=\"1120\" alt=\"Darbo laiko apskaitos program\u0117l\u0117\" class=\"slider-4738 slide-4739 msDefaultImage\" title=\"Darbo laiko apskaitos program\u0117l\u0117\" \/><\/a><div class=\"caption-wrap\"><div class=\"caption\"><div>Aplicaci\u00f3n automatizada de control del tiempo de trabajo para ahorrar su tiempo y recursos.<\/div><\/div><\/div><\/li>\n                <li style=\"display: none; width: 100%;\" class=\"slide-4740 ms-image \" aria-roledescription=\"slide\" data-date=\"2025-02-27 08:57:34\" data-filename=\"banerisspa.jpg\" data-slide-type=\"image\"><a href=\"https:\/\/acoris.lt\/es\/torniquetes-schlagbaums-y-otros-dispositivos-de-control-de-acceso\/\" target=\"_self\" aria-label=\"Ver detalles de la diapositiva\" class=\"metaslider_image_link\"><img loading=\"lazy\" decoding=\"async\" src=\"https:\/\/acoris.lt\/wp-content\/uploads\/2021\/04\/banerisspa.jpg\" height=\"450\" width=\"1120\" alt=\"Pra\u0117jimo kontrol\u0117 ir automatizuota darbo laiko apskaita\" class=\"slider-4738 slide-4740 msDefaultImage\" title=\"Pra\u0117jimo kontrol\u0117 ir automatizuota darbo laiko apskaita\" \/><\/a><div class=\"caption-wrap\"><div class=\"caption\"><div>Torniquetes y otros dispositivos de control de acceso<\/div><\/div><\/div><\/li>\n                <li style=\"display: none; width: 100%;\" class=\"slide-4741 ms-image \" aria-roledescription=\"slide\" data-date=\"2025-02-27 08:57:34\" data-filename=\"banerisvc.jpg\" data-slide-type=\"image\"><a href=\"https:\/\/acoris.lt\/es\/sistema-de-control-de-aparcamiento-y-transporte\/\" target=\"_self\" aria-label=\"Ver detalles de la diapositiva\" class=\"metaslider_image_link\"><img loading=\"lazy\" decoding=\"async\" src=\"https:\/\/acoris.lt\/wp-content\/uploads\/2021\/04\/banerisvc.jpg\" height=\"450\" width=\"1120\" alt=\"\u0160lagbaumas\" class=\"slider-4738 slide-4741 msDefaultImage\" title=\"\u0160lagbaumas\" \/><\/a><div class=\"caption-wrap\"><div class=\"caption\"><div>Sistemas de estacionamiento y control de transporte<\/div><\/div><\/div><\/li>\n                <li style=\"display: none; width: 100%;\" class=\"slide-4742 ms-image \" aria-roledescription=\"slide\" data-date=\"2025-02-27 08:57:34\" data-filename=\"gamyklabaneris.jpg\" data-slide-type=\"image\"><a href=\"https:\/\/acoris.lt\/es\/manufactura-empresas-de-construccion\/\" target=\"_self\" aria-label=\"Ver detalles de la diapositiva\" class=\"metaslider_image_link\"><img loading=\"lazy\" decoding=\"async\" src=\"https:\/\/acoris.lt\/wp-content\/uploads\/2021\/04\/gamyklabaneris.jpg\" height=\"450\" width=\"1120\" alt=\"Proces\u0173 efektyvinimo sistemos gamybos \u012fmon\u0117ms\" class=\"slider-4738 slide-4742 msDefaultImage\" title=\"Proces\u0173 efektyvinimo sistemos gamybos \u012fmon\u0117ms\" \/><\/a><div class=\"caption-wrap\"><div class=\"caption\"><div>Sistemas de optimizaci\u00f3n de procesos para empresas de producci\u00f3n<\/div><\/div><\/div><\/li>\n                <li style=\"display: none; width: 100%;\" class=\"slide-4743 ms-image \" aria-roledescription=\"slide\" data-date=\"2025-02-27 08:57:34\" data-filename=\"banerismok.jpg\" data-slide-type=\"image\"><a href=\"https:\/\/acoris.lt\/es\/instituciones-educativas\/\" target=\"_self\" aria-label=\"Ver detalles de la diapositiva\" class=\"metaslider_image_link\"><img loading=\"lazy\" decoding=\"async\" src=\"https:\/\/acoris.lt\/wp-content\/uploads\/2021\/04\/banerismok.jpg\" height=\"450\" width=\"1120\" alt=\"Pra\u0117jimo ir paslaug\u0173 kontrol\u0117 mokymo \u012fstaigoms\" class=\"slider-4738 slide-4743 msDefaultImage\" title=\"Pra\u0117jimo ir paslaug\u0173 kontrol\u0117 mokymo \u012fstaigoms\" \/><\/a><div class=\"caption-wrap\"><div class=\"caption\"><div>Control de acceso y servicios para instituciones educativas<\/div><\/div><\/div><\/li>\n                <li style=\"display: none; width: 100%;\" class=\"slide-4744 ms-image \" aria-roledescription=\"slide\" data-date=\"2025-02-27 08:57:34\" data-filename=\"banerishot.jpg\" data-slide-type=\"image\"><a href=\"https:\/\/acoris.lt\/es\/sistema-de-control-de-acceso\/\" target=\"_self\" aria-label=\"Ver detalles de la diapositiva\" class=\"metaslider_image_link\"><img loading=\"lazy\" decoding=\"async\" src=\"https:\/\/acoris.lt\/wp-content\/uploads\/2021\/04\/banerishot.jpg\" height=\"450\" width=\"1120\" alt=\"Pra\u0117jimo kontrol\u0117 vie\u0161bu\u010diams\" class=\"slider-4738 slide-4744 msDefaultImage\" title=\"Pra\u0117jimo kontrol\u0117 vie\u0161bu\u010diams\" \/><\/a><div class=\"caption-wrap\"><div class=\"caption\"><div>Control de acceso y registro automatizado del tiempo de trabajo<\/div><\/div><\/div><\/li>\n            <\/ul>\n        <\/div>\n        \n    <\/div>\n<\/div>[\/vc_column_text][\/vc_column][\/vc_row][vc_row full_width=\u00bbstretch_row\u00bb css=\u00bb.vc_custom_1617887127469{padding-top: 5px !important;padding-bottom: 5px !important;}\u00bb][vc_column][vc_column_text]<\/p>\n<p>[vc_btn title=\u00bbP\u00f3ngase en contacto para obtener m\u00e1s detalles\u00bb style=\u00bbcustom\u00bb custom_background=\u00bb#1f448f\u00bb custom_text=\u00bb#ffffff\u00bb align=\u00bbcenter\u00bb link=\u00bburl:https%3A%2F%2Fwww.acoris.lt%2Fkontaktai%2F|title:Contactos|\u00bb]<\/p>\n<h1 style=\"text-align: center;\">Estamos implementando sistemas integrados para aumentar la eficiencia de los procesos de negocio<\/h1>\n<p>[\/vc_column_text][\/vc_column][\/vc_row][vc_row][vc_column][vc_empty_space][\/vc_column][\/vc_row][vc_row][vc_column width=\u00bb1\/6&#8243;][vc_single_image image=\u00bb4766&#8243; alignment=\u00bbcenter\u00bb css_animation=\u00bbfadeIn\u00bb][vc_column_text]<\/p>\n<p style=\"text-align: center;\"><span style=\"color: #717276;\"><strong>PLANIFICACI\u00d3N EFICAZ DE RECURSOS, CONTROL, CONTABILIDAD<\/strong><\/span><\/p>\n<p>[\/vc_column_text][\/vc_column][vc_column width=\u00bb1\/6&#8243;][vc_single_image image=\u00bb4772&#8243; alignment=\u00bbcenter\u00bb css_animation=\u00bbfadeIn\u00bb][vc_column_text]<\/p>\n<p style=\"text-align: center;\"><span style=\"color: #717276;\"><strong>MONITORIZACI\u00d3N, CONTROL, OPTIMIZACI\u00d3N DE PROCESOS DE NEGOCIO<\/strong><\/span><\/p>\n<p>[\/vc_column_text][\/vc_column][vc_column width=\u00bb1\/6&#8243;][vc_single_image image=\u00bb4771&#8243; alignment=\u00bbcenter\u00bb css_animation=\u00bbfadeIn\u00bb][vc_column_text]<\/p>\n<p style=\"text-align: center;\"><span style=\"color: #717276;\"><strong>ESTAD\u00cdSTICAS DE USO DETALLADAS PARA EL AN\u00c1LISIS Y LA TOMA DE DECISIONES<\/strong><\/span><\/p>\n<p>[\/vc_column_text][\/vc_column][vc_column width=\u00bb1\/6&#8243;][vc_single_image image=\u00bb4270&#8243; alignment=\u00bbcenter\u00bb css_animation=\u00bbfadeIn\u00bb][vc_column_text]<\/p>\n<p style=\"text-align: center;\"><span style=\"color: #717276;\"><strong>SEGURIDAD Y COMODIDAD GARANTIZADAS<\/strong><\/span><\/p>\n<p>[\/vc_column_text][\/vc_column][vc_column width=\u00bb1\/6&#8243;][vc_single_image image=\u00bb4768&#8243; alignment=\u00bbcenter\u00bb css_animation=\u00bbfadeIn\u00bb][vc_column_text]<\/p>\n<p style=\"text-align: center;\"><span style=\"color: #717276;\"><strong>AHORRO DE TIEMPO, RECURSOS HUMANOS Y MATERIALES<\/strong><\/span><\/p>\n<p>[\/vc_column_text][\/vc_column][vc_column width=\u00bb1\/6&#8243;][vc_single_image image=\u00bb4271&#8243; alignment=\u00bbcenter\u00bb css_animation=\u00bbfadeIn\u00bb][vc_column_text]<\/p>\n<p style=\"text-align: center;\"><span style=\"color: #717276;\"><strong>IMAGEN ATRACTIVA DE LA EMPRESA Y DE LA ORGANIZACI\u00d3N PARA LOS CLIENTES, EMPLEADOS<\/strong><\/span><\/p>\n<p>[\/vc_column_text][\/vc_column][\/vc_row][vc_row][vc_column][vc_empty_space][\/vc_column][\/vc_row][vc_row full_width=\u00bbstretch_row\u00bb equal_height=\u00bbyes\u00bb css=\u00bb.vc_custom_1520423153469{background-color: #efefef !important;}\u00bb][vc_column width=\u00bb1\/2&#8243;][vc_column_text]<\/p>\n<h2>Sistemas a instalar<\/h2>\n<ul class=\"check-list\">\n<li><span style=\"color: #808080;\"><a style=\"color: #808080;\" href=\"https:\/\/acoris.lt\/paslaugu-rezervavimas-apmokejimas-kontrole\/\">Reserva de servicios, pago, control<\/a><\/span><\/li>\n<li><span style=\"color: #808080;\"><a style=\"color: #808080;\" href=\"https:\/\/acoris.lt\/gamybos-procesu-stebesena-ir-kontrole\/\">Gesti\u00f3n y contabilidad de los procesos productivos<\/a><\/span><\/li>\n<li><span style=\"color: #808080;\"><a style=\"color: #808080;\" href=\"https:\/\/acoris.lt\/resursu-kontrole-ir-apskaita\/#pastraipa-praejimas\">Control de acceso y contabilizaci\u00f3n del tiempo de trabajo<\/a><\/span><\/li>\n<li><span style=\"color: #808080;\"><a style=\"color: #808080;\" href=\"https:\/\/acoris.lt\/gamybos-procesu-stebesena-ir-kontrole\/#pastraipa-logistika\">Control de veh\u00edculos, contabilidad, estacionamiento<\/a><\/span><\/li>\n<li><span style=\"color: #808080;\"><a style=\"color: #808080;\" href=\"https:\/\/acoris.lt\/resursu-kontrole-ir-apskaita\/#pastraipa-darbaslaikas\">Contabilizaci\u00f3n de herramientas de trabajo, inventario, materiales<\/a><\/span><\/li>\n<li><\/li>\n<\/ul>\n<p>[\/vc_column_text][\/vc_column][vc_column width=\u00bb1\/2&#8243; css=\u00bb.vc_custom_1617880353491{background-image: url(https:\/\/acoris.lt\/wp-content\/uploads\/2021\/04\/bgspa.png?id=1760) !important;background-position: center !important;background-repeat: no-repeat !important;background-size: cover !important;}\u00bb offset=\u00bbvc_hidden-md vc_hidden-sm vc_hidden-xs\u00bb][\/vc_column][\/vc_row][vc_row][vc_column][vc_empty_space][\/vc_column][\/vc_row][vc_row equal_height=\u00bbyes\u00bb][vc_column width=\u00bb1\/3&#8243;][vc_single_image image=\u00bb4599&#8243; img_size=\u00bbfull\u00bb alignment=\u00bbcenter\u00bb onclick=\u00bbcustom_link\u00bb css=\u00bb.vc_custom_1618242178094{margin-bottom: 0px !important;background-position: center !important;background-repeat: no-repeat !important;background-size: contain !important;}\u00bb el_class=\u00bbfull-width\u00bb link=\u00bbhttps:\/\/acoris.lt\/?page_id=1416&#8243;][vc_column_text]<\/p>\n<h4 class=\"grey-bg\">SISTEMAS DE GESTI\u00d3N DE PROCESOS DE EMPRESAS CONSTRUCTORAS<\/h4>\n<p>[\/vc_column_text][vc_column_text]Implementamos sistemas de gesti\u00f3n de procesos de negocio para empresas constructoras, combinando el control y contabilizaci\u00f3n de materiales (inventarios, herramientas y mecanismos, etc.) y recursos humanos, an\u00e1lisis de eficiencia de utilizaci\u00f3n. Otro grupo de sistemas a implementar: sistemas de control y contabilidad de los procesos operativos. Los sistemas instalados ahorran recursos y tiempo, ayudan a gestionar y planificar eficazmente los procesos, analizan las acciones realizadas.[\/vc_column_text][vc_btn title=\u00bbM\u00c1S\u00bb style=\u00bbcustom\u00bb custom_background=\u00bb#1f448f\u00bb custom_text=\u00bb#ffffff\u00bb align=\u00bbleft\u00bb link=\u00bburl:https%3A%2F%2Fwww.acoris.lt%2Fes%2Fmanufactura-empresas-de-construccion%2F|||\u00bb][\/vc_column][vc_column width=\u00bb1\/3&#8243;][vc_single_image image=\u00bb4268&#8243; img_size=\u00bbfull\u00bb alignment=\u00bbcenter\u00bb onclick=\u00bbcustom_link\u00bb css=\u00bb.vc_custom_1618242152680{margin-bottom: 0px !important;background-position: center !important;background-repeat: no-repeat !important;background-size: contain !important;}\u00bb el_class=\u00bbfull-width\u00bb link=\u00bbhttps:\/\/acoris.lt\/gamybos-imones\/\u00bb][vc_column_text]<\/p>\n<h4 class=\"grey-bg\" style=\"text-align: center;\">SISTEMAS DE GESTI\u00d3N DE PROCESOS DE EMPRESAS MANUFACTURERAS<\/h4>\n<p>[\/vc_column_text][vc_column_text]Implantamos sistemas de gesti\u00f3n de procesos de negocio para empresas manufactureras que combinan el control y contabilizaci\u00f3n de materiales (inventarios, herramientas y mecanismos, etc.) y de recursos humanos, an\u00e1lisis de la eficiencia de uso. Otro grupo de sistemas a implementar: sistemas de control y contabilidad para procesos operativos o de producci\u00f3n. Los sistemas instalados ahorran recursos y tiempo, ayudan a gestionar y planificar eficazmente los procesos, analizan las acciones realizadas.[\/vc_column_text][vc_btn title=\u00bbM\u00c1S\u00bb style=\u00bbcustom\u00bb custom_background=\u00bb#1f448f\u00bb custom_text=\u00bb#ffffff\u00bb align=\u00bbleft\u00bb link=\u00bburl:https%3A%2F%2Fwww.acoris.lt%2Fes%2Fmanufactura-empresas-de-construccion%2F|title:Empresas%20manufactureras||\u00bb][\/vc_column][vc_column width=\u00bb1\/3&#8243;][vc_single_image image=\u00bb4269&#8243; img_size=\u00bb499&#215;511&#8243; alignment=\u00bbcenter\u00bb onclick=\u00bbcustom_link\u00bb css=\u00bb.vc_custom_1618242128843{margin-bottom: 0px !important;background-position: center !important;background-repeat: no-repeat !important;background-size: contain !important;}\u00bb el_class=\u00bbfull-width\u00bb link=\u00bbhttps:\/\/acoris.lt\/spa-pramogu-parkai\/\u00bb][vc_column_text]<\/p>\n<h4 class=\"grey-bg\" style=\"text-align: center;\">SOLUCIONES PARA EMPRESAS DE SERVICIOS<\/h4>\n<p>[\/vc_column_text][vc_column_text]Para spas, parques de atracciones y otras empresas de servicios, implementamos modernos sistemas digitales para la publicidad de servicios, pre-reserva y pago de servicios, control y contabilidad de la prestaci\u00f3n de servicios. Estos sistemas hacen que los procesos comerciales sean m\u00e1s eficientes: garantizan el control sobre la prestaci\u00f3n de servicios y el pago de los mismos, ahorran recursos y tiempo a la instituci\u00f3n, aumentan la satisfacci\u00f3n del cliente con los servicios.  Al mismo tiempo, las soluciones modernas mejoran la imagen de la empresa y aumentan la competitividad del negocio.[\/vc_column_text][vc_btn title=\u00bbM\u00c1S\u00bb style=\u00bbcustom\u00bb custom_background=\u00bb#1f448f\u00bb custom_text=\u00bb#ffffff\u00bb align=\u00bbleft\u00bb link=\u00bburl:https%3A%2F%2Fwww.acoris.lt%2Fes%2Fbalnearios-parques-de-atracciones%2F|title:SPA%2C%20Parques%20de%20Atracciones||\u00bb][\/vc_column][\/vc_row]<\/p>\n<\/div>","protected":false},"excerpt":{"rendered":"<p>[vc_row full_width=\u00bbstretch_row\u00bb css=\u00bb.vc_custom_1652445840665{margin-bottom: 30px !important;}\u00bb][vc_column][vc_column_text][\/vc_column_text][\/vc_column][\/vc_row][vc_row full_width=\u00bbstretch_row\u00bb css=\u00bb.vc_custom_1617887127469{padding-top: 5px !important;padding-bottom: 5px !important;}\u00bb][vc_column][vc_column_text] [vc_btn title=\u00bbP\u00f3ngase en contacto para obtener m\u00e1s detalles\u00bb style=\u00bbcustom\u00bb custom_background=\u00bb#1f448f\u00bb custom_text=\u00bb#ffffff\u00bb align=\u00bbcenter\u00bb link=\u00bburl:https%3A%2F%2Fwww.acoris.lt%2Fkontaktai%2F|title:Contactos|\u00bb] Estamos implementando sistemas integrados para aumentar la eficiencia de los procesos de negocio [\/vc_column_text][\/vc_column][\/vc_row][vc_row][vc_column][vc_empty_space][\/vc_column][\/vc_row][vc_row][vc_column width=\u00bb1\/6&#8243;][vc_single_image image=\u00bb4766&#8243; alignment=\u00bbcenter\u00bb css_animation=\u00bbfadeIn\u00bb][vc_column_text] PLANIFICACI\u00d3N EFICAZ DE RECURSOS, CONTROL, CONTABILIDAD [\/vc_column_text][\/vc_column][vc_column width=\u00bb1\/6&#8243;][vc_single_image image=\u00bb4772&#8243; alignment=\u00bbcenter\u00bb css_animation=\u00bbfadeIn\u00bb][vc_column_text] MONITORIZACI\u00d3N, CONTROL, [&hellip;]<\/p>\n","protected":false},"author":1,"featured_media":0,"parent":0,"menu_order":0,"comment_status":"closed","ping_status":"closed","template":"","meta":{"_acf_changed":false,"_monsterinsights_skip_tracking":false,"_monsterinsights_sitenote_active":false,"_monsterinsights_sitenote_note":"","_monsterinsights_sitenote_category":0,"footnotes":""},"class_list":["post-4267","page","type-page","status-publish","hentry"],"acf":[],"yoast_head":"<!-- This site is optimized with the Yoast SEO plugin v27.3 - https:\/\/yoast.com\/product\/yoast-seo-wordpress\/ -->\n<title>Aumentar la eficiencia del sistema integrado - Acoris<\/title>\n<meta name=\"description\" content=\"Implementamos sistemas integrados para aumentar la eficiencia de los procesos de negocio. Reserva de servicios, pago, control y contabilidad, sistemas de monitoreo de procesos.\" \/>\n<meta name=\"robots\" content=\"index, follow, max-snippet:-1, max-image-preview:large, max-video-preview:-1\" \/>\n<link rel=\"canonical\" href=\"https:\/\/acoris.lt\/es\/\" \/>\n<meta property=\"og:locale\" content=\"es_ES\" \/>\n<meta property=\"og:type\" content=\"article\" \/>\n<meta property=\"og:title\" content=\"Aumentar la eficiencia del sistema integrado - Acoris\" \/>\n<meta property=\"og:description\" content=\"Implementamos sistemas integrados para aumentar la eficiencia de los procesos de negocio. Reserva de servicios, pago, control y contabilidad, sistemas de monitoreo de procesos.\" \/>\n<meta property=\"og:url\" content=\"https:\/\/acoris.lt\/es\/\" \/>\n<meta property=\"og:site_name\" content=\"Acoris\" \/>\n<meta property=\"article:modified_time\" content=\"2025-03-06T09:49:48+00:00\" \/>\n<meta property=\"og:image\" content=\"https:\/\/acoris.lt\/wp-content\/uploads\/2023\/12\/acoris.jpg\" \/>\n\t<meta property=\"og:image:width\" content=\"600\" \/>\n\t<meta property=\"og:image:height\" content=\"600\" \/>\n\t<meta property=\"og:image:type\" content=\"image\/jpeg\" \/>\n<meta name=\"twitter:card\" content=\"summary_large_image\" \/>\n<meta name=\"twitter:label1\" content=\"Tiempo de lectura\" \/>\n\t<meta name=\"twitter:data1\" content=\"5 minutos\" \/>\n<script type=\"application\/ld+json\" class=\"yoast-schema-graph\">{\"@context\":\"https:\\\/\\\/schema.org\",\"@graph\":[{\"@type\":\"WebPage\",\"@id\":\"https:\\\/\\\/acoris.lt\\\/es\\\/\",\"url\":\"https:\\\/\\\/acoris.lt\\\/es\\\/\",\"name\":\"Aumentar la eficiencia del sistema integrado - Acoris\",\"isPartOf\":{\"@id\":\"https:\\\/\\\/acoris.lt\\\/#website\"},\"datePublished\":\"2025-02-27T05:43:47+00:00\",\"dateModified\":\"2025-03-06T09:49:48+00:00\",\"description\":\"Implementamos sistemas integrados para aumentar la eficiencia de los procesos de negocio. Reserva de servicios, pago, control y contabilidad, sistemas de monitoreo de procesos.\",\"breadcrumb\":{\"@id\":\"https:\\\/\\\/acoris.lt\\\/es\\\/#breadcrumb\"},\"inLanguage\":\"es\",\"potentialAction\":[{\"@type\":\"ReadAction\",\"target\":[\"https:\\\/\\\/acoris.lt\\\/es\\\/\"]}]},{\"@type\":\"BreadcrumbList\",\"@id\":\"https:\\\/\\\/acoris.lt\\\/es\\\/#breadcrumb\",\"itemListElement\":[{\"@type\":\"ListItem\",\"position\":1,\"name\":\"Inicio\",\"item\":\"https:\\\/\\\/acoris.lt\\\/es\\\/\"},{\"@type\":\"ListItem\",\"position\":2,\"name\":\"Aumentar la eficiencia del sistema integrado\"}]},{\"@type\":\"WebSite\",\"@id\":\"https:\\\/\\\/acoris.lt\\\/#website\",\"url\":\"https:\\\/\\\/acoris.lt\\\/\",\"name\":\"Acoris\",\"description\":\"Integruotos sistemos\",\"publisher\":{\"@id\":\"https:\\\/\\\/acoris.lt\\\/#organization\"},\"potentialAction\":[{\"@type\":\"SearchAction\",\"target\":{\"@type\":\"EntryPoint\",\"urlTemplate\":\"https:\\\/\\\/acoris.lt\\\/?s={search_term_string}\"},\"query-input\":{\"@type\":\"PropertyValueSpecification\",\"valueRequired\":true,\"valueName\":\"search_term_string\"}}],\"inLanguage\":\"es\"},{\"@type\":\"Organization\",\"@id\":\"https:\\\/\\\/acoris.lt\\\/#organization\",\"name\":\"Acoris\",\"url\":\"https:\\\/\\\/acoris.lt\\\/\",\"logo\":{\"@type\":\"ImageObject\",\"inLanguage\":\"es\",\"@id\":\"https:\\\/\\\/acoris.lt\\\/#\\\/schema\\\/logo\\\/image\\\/\",\"url\":\"https:\\\/\\\/acoris.lt\\\/wp-content\\\/uploads\\\/2023\\\/12\\\/acoris.jpg\",\"contentUrl\":\"https:\\\/\\\/acoris.lt\\\/wp-content\\\/uploads\\\/2023\\\/12\\\/acoris.jpg\",\"width\":600,\"height\":600,\"caption\":\"Acoris\"},\"image\":{\"@id\":\"https:\\\/\\\/acoris.lt\\\/#\\\/schema\\\/logo\\\/image\\\/\"}}]}<\/script>\n<!-- \/ Yoast SEO plugin. -->","yoast_head_json":{"title":"Aumentar la eficiencia del sistema integrado - Acoris","description":"Implementamos sistemas integrados para aumentar la eficiencia de los procesos de negocio. Reserva de servicios, pago, control y contabilidad, sistemas de monitoreo de procesos.","robots":{"index":"index","follow":"follow","max-snippet":"max-snippet:-1","max-image-preview":"max-image-preview:large","max-video-preview":"max-video-preview:-1"},"canonical":"https:\/\/acoris.lt\/es\/","og_locale":"es_ES","og_type":"article","og_title":"Aumentar la eficiencia del sistema integrado - Acoris","og_description":"Implementamos sistemas integrados para aumentar la eficiencia de los procesos de negocio. Reserva de servicios, pago, control y contabilidad, sistemas de monitoreo de procesos.","og_url":"https:\/\/acoris.lt\/es\/","og_site_name":"Acoris","article_modified_time":"2025-03-06T09:49:48+00:00","og_image":[{"width":600,"height":600,"url":"https:\/\/acoris.lt\/wp-content\/uploads\/2023\/12\/acoris.jpg","type":"image\/jpeg"}],"twitter_card":"summary_large_image","twitter_misc":{"Tiempo de lectura":"5 minutos"},"schema":{"@context":"https:\/\/schema.org","@graph":[{"@type":"WebPage","@id":"https:\/\/acoris.lt\/es\/","url":"https:\/\/acoris.lt\/es\/","name":"Aumentar la eficiencia del sistema integrado - Acoris","isPartOf":{"@id":"https:\/\/acoris.lt\/#website"},"datePublished":"2025-02-27T05:43:47+00:00","dateModified":"2025-03-06T09:49:48+00:00","description":"Implementamos sistemas integrados para aumentar la eficiencia de los procesos de negocio. Reserva de servicios, pago, control y contabilidad, sistemas de monitoreo de procesos.","breadcrumb":{"@id":"https:\/\/acoris.lt\/es\/#breadcrumb"},"inLanguage":"es","potentialAction":[{"@type":"ReadAction","target":["https:\/\/acoris.lt\/es\/"]}]},{"@type":"BreadcrumbList","@id":"https:\/\/acoris.lt\/es\/#breadcrumb","itemListElement":[{"@type":"ListItem","position":1,"name":"Inicio","item":"https:\/\/acoris.lt\/es\/"},{"@type":"ListItem","position":2,"name":"Aumentar la eficiencia del sistema integrado"}]},{"@type":"WebSite","@id":"https:\/\/acoris.lt\/#website","url":"https:\/\/acoris.lt\/","name":"Acoris","description":"Integruotos sistemos","publisher":{"@id":"https:\/\/acoris.lt\/#organization"},"potentialAction":[{"@type":"SearchAction","target":{"@type":"EntryPoint","urlTemplate":"https:\/\/acoris.lt\/?s={search_term_string}"},"query-input":{"@type":"PropertyValueSpecification","valueRequired":true,"valueName":"search_term_string"}}],"inLanguage":"es"},{"@type":"Organization","@id":"https:\/\/acoris.lt\/#organization","name":"Acoris","url":"https:\/\/acoris.lt\/","logo":{"@type":"ImageObject","inLanguage":"es","@id":"https:\/\/acoris.lt\/#\/schema\/logo\/image\/","url":"https:\/\/acoris.lt\/wp-content\/uploads\/2023\/12\/acoris.jpg","contentUrl":"https:\/\/acoris.lt\/wp-content\/uploads\/2023\/12\/acoris.jpg","width":600,"height":600,"caption":"Acoris"},"image":{"@id":"https:\/\/acoris.lt\/#\/schema\/logo\/image\/"}}]}},"_links":{"self":[{"href":"https:\/\/acoris.lt\/es\/wp-json\/wp\/v2\/pages\/4267","targetHints":{"allow":["GET"]}}],"collection":[{"href":"https:\/\/acoris.lt\/es\/wp-json\/wp\/v2\/pages"}],"about":[{"href":"https:\/\/acoris.lt\/es\/wp-json\/wp\/v2\/types\/page"}],"author":[{"embeddable":true,"href":"https:\/\/acoris.lt\/es\/wp-json\/wp\/v2\/users\/1"}],"replies":[{"embeddable":true,"href":"https:\/\/acoris.lt\/es\/wp-json\/wp\/v2\/comments?post=4267"}],"version-history":[{"count":6,"href":"https:\/\/acoris.lt\/es\/wp-json\/wp\/v2\/pages\/4267\/revisions"}],"predecessor-version":[{"id":4803,"href":"https:\/\/acoris.lt\/es\/wp-json\/wp\/v2\/pages\/4267\/revisions\/4803"}],"wp:attachment":[{"href":"https:\/\/acoris.lt\/es\/wp-json\/wp\/v2\/media?parent=4267"}],"curies":[{"name":"wp","href":"https:\/\/api.w.org\/{rel}","templated":true}]}}