{"id":4382,"date":"2025-02-27T08:44:12","date_gmt":"2025-02-27T05:44:12","guid":{"rendered":"https:\/\/www.acoris.lt\/estacion-de-carga-para-vehiculos-electricos\/"},"modified":"2025-02-27T08:44:16","modified_gmt":"2025-02-27T05:44:16","slug":"estacion-de-carga-para-vehiculos-electricos","status":"publish","type":"page","link":"https:\/\/acoris.lt\/es\/estacion-de-carga-para-vehiculos-electricos\/","title":{"rendered":"Estaci\u00f3n de carga para veh\u00edculos el\u00e9ctricos"},"content":{"rendered":"<div class=\"wpb-content-wrapper\"><p>[vc_row equal_height=\u00bbyes\u00bb][vc_column width=\u00bb1\/4&#8243;][vc_single_image image=\u00bb4383&#8243; img_size=\u00bbfull\u00bb alignment=\u00bbcenter\u00bb css_animation=\u00bbfadeInUp\u00bb][\/vc_column][vc_column width=\u00bb3\/4&#8243;][vc_column_text]<span style=\"font-weight: 400;\">F\u00e1cilmente instaladas, adaptadas a las necesidades, las estaciones de carga de veh\u00edculos el\u00e9ctricos gestionadas y administradas se pueden instalar en edificios de apartamentos, centros de negocios, empresas, organizaciones de producci\u00f3n, centros de servicio, hoteles, instituciones educativas, etc., dondequiera que los residentes, empleados, clientes puedan venir en autom\u00f3vil el\u00e9ctrico. <\/span><\/p>\n<ul>\n<li style=\"font-weight: 400;\" aria-level=\"1\"><span style=\"font-weight: 400;\">Proporcionar\u00e1 un servicio adicional a sus clientes: est\u00e1 aumentando su ventaja competitiva.<\/span><\/li>\n<li style=\"font-weight: 400;\" aria-level=\"1\"><span style=\"font-weight: 400;\">Creas incentivos motivacionales adicionales para los empleados<\/span><\/li>\n<li style=\"font-weight: 400;\" aria-level=\"1\"><span style=\"font-weight: 400;\">Los residentes del edificio de apartamentos lo utilizan ellos mismos, pueden alquilarlo a otros, generando as\u00ed ingresos adicionales para la comunidad u otra organizaci\u00f3n de residentes.<\/span><\/li>\n<\/ul>\n<p><span style=\"font-weight: 400;\">La estaci\u00f3n es compatible con todos los coches el\u00e9ctricos e h\u00edbridos enchufables. El cargador tiene un dise\u00f1o confiable y duradero que puede funcionar sin problemas tanto en interiores como en exteriores, proporciona una carga r\u00e1pida, f\u00e1cil y suave del autom\u00f3vil el\u00e9ctrico. <\/span><\/p>\n<p><span style=\"font-weight: 400;\">Las estaciones de carga para veh\u00edculos el\u00e9ctricos con un dispositivo de medici\u00f3n de potencia adicional son compatibles con la funci\u00f3n de gesti\u00f3n din\u00e1mica de la energ\u00eda. El cargador distribuye la carga el\u00e9ctrica en su hogar u oficina para que la carga del autom\u00f3vil el\u00e9ctrico sea lo m\u00e1s eficiente posible, pero no aumente el costo de la electricidad y no exceda el l\u00edmite de potencia segura de la entrada el\u00e9ctrica. <\/span>[\/vc_column_text][\/vc_column][\/vc_row][vc_row full_width=\u00bbstretch_row\u00bb css=\u00bb.vc_custom_1618234425503{background-color: #174894 !important;}\u00bb el_class=\u00bbblue-section-header\u00bb el_id=\u00bbtranscripci\u00f3n de p\u00e1rrafos\u00bb][vc_column css=\u00bb.vc_custom_1617178564296{margin-top: 10px !important;}\u00bb][vc_column_text 0=\u00bb\u00bb]<\/p>\n<h2><em>Par\u00e1metros principales:<\/em><\/h2>\n<p>[\/vc_column_text][\/vc_column][\/vc_row][vc_row equal_height=\u00bbyes\u00bb][vc_column][vc_column_text 0=\u00bb\u00bb]<\/p>\n<ul>\n<li style=\"font-weight: 400;\" aria-level=\"1\"><span style=\"font-weight: 400;\">La red y la potencia utilizada son monof\u00e1sicas (3,7 kW, 7,4 kW), trif\u00e1sicas (11 kW y 22 kW)<\/span><\/li>\n<li style=\"font-weight: 400;\" aria-level=\"1\"><span style=\"font-weight: 400;\">Temperatura de funcionamiento de -30 \u00b0C a +50 \u00b0C<\/span><\/li>\n<li style=\"font-weight: 400;\" aria-level=\"1\"><span style=\"font-weight: 400;\">Ranura tipo 2<\/span><\/li>\n<li style=\"font-weight: 400;\" aria-level=\"1\"><span style=\"font-weight: 400;\">Montado en el exterior o en el interior del edificio<\/span><\/li>\n<li style=\"font-weight: 400;\" aria-level=\"1\"><span style=\"font-weight: 400;\">Transferencia de datos a trav\u00e9s de WiFi, cable, Bluetooth, 4G<\/span><\/li>\n<\/ul>\n<p><span style=\"font-weight: 400;\">Identificaci\u00f3n del usuario: tarjetas contactless, app en el tel\u00e9fono.  <\/span><\/p>\n<p><span style=\"font-weight: 400;\">Adem\u00e1s, es posible ganar dinero permitiendo que los consumidores extranjeros carguen electricidad si la estaci\u00f3n de carga es gratuita.  <\/span><\/p>\n<p><span style=\"font-weight: 400;\">Opciones de pago de electricidad: c\u00f3digo QR, app, SMS. En las empresas, organizaciones, es posible instalar un sistema cuando el empleador paga por la electricidad consumida, un elemento adicional del sistema motivacional, o individualmente para cada consumidor. <\/span>[\/vc_column_text][\/vc_column][\/vc_row][vc_row full_width=\u00bbstretch_row\u00bb css=\u00bb.vc_custom_1618234425503{background-color: #174894 !important;}\u00bb el_class=\u00bbblue-section-header\u00bb][vc_column css=\u00bb.vc_custom_1617178564296{margin-top: 10px !important;}\u00bb][vc_column_text 0=\u00bb\u00bb]<\/p>\n<h2><i>Creaci\u00f3n de valor: todo de una sola mano<\/i><\/h2>\n<p>[\/vc_column_text][\/vc_column][\/vc_row][vc_row equal_height=\u00bbyes\u00bb][vc_column][vc_column_text 0=\u00bb\u00bb]<span style=\"font-weight: 400;\">Implementamos productos exclusivos de la m\u00e1s alta calidad, f\u00e1ciles de aplicar y f\u00e1ciles de usar que combinan funcionalidad, <\/span> apariencia de producto <i><span style=\"font-weight: 400;\">premium<\/span><\/i><span style=\"font-weight: 400;\">, dise\u00f1o robusto y funciones de carga inteligente para veh\u00edculos el\u00e9ctricos. <\/span> <\/p>\n<ul>\n<li style=\"font-weight: 400;\" aria-level=\"1\"><span style=\"font-weight: 400;\">Consulta y preparaci\u00f3n de la solicitud de ayuda del instrumento financiero de la UE<\/span><\/li>\n<li style=\"font-weight: 400;\" aria-level=\"1\"><span style=\"font-weight: 400;\">Selecci\u00f3n e instalaci\u00f3n de estaciones<\/span><\/li>\n<li style=\"font-weight: 400;\" aria-level=\"1\"><span style=\"font-weight: 400;\">Mantenimiento adicional, distribuci\u00f3n del costo del consumo de electricidad entre residentes, clientes, empleados.<\/span><\/li>\n<\/ul>\n<p>[\/vc_column_text][vc_btn title=\u00bbP\u00f3ngase en contacto para obtener m\u00e1s detalles y asesoramiento\u00bb style=\u00bbcustom\u00bb custom_background=\u00bb#1f448f\u00bb custom_text=\u00bb#ffffff\u00bb link=\u00bburl:https%3A%2F%2Fwww.acoris.lt%2Fkontaktai%2F|title:Contactos|\u00bb][\/vc_column][\/vc_row][vc_row full_width=\u00bbstretch_row\u00bb css=\u00bb.vc_custom_1618234425503{background-color: #174894 !important;}\u00bb el_class=\u00bbblue-section-header\u00bb][vc_column css=\u00bb.vc_custom_1617178564296{margin-top: 10px !important;}\u00bb][vc_column_text 0=\u00bb\u00bb]<\/p>\n<h2><em>Los sistemas est\u00e1n provistos de garant\u00eda, realizamos capacitaci\u00f3n, soporte y servicio.<\/em><\/h2>\n<p>[\/vc_column_text][\/vc_column][\/vc_row][vc_row][vc_column width=\u00bb1\/2&#8243;][vc_single_image image=\u00bb4384&#8243; img_size=\u00bbfull\u00bb alignment=\u00bbcenter\u00bb css_animation=\u00bbfadeIn\u00bb][\/vc_column][vc_column width=\u00bb1\/2&#8243;][vc_single_image image=\u00bb4385&#8243; img_size=\u00bbfull\u00bb alignment=\u00bbcenter\u00bb css_animation=\u00bbfadeIn\u00bb][\/vc_column][\/vc_row][vc_row][vc_column width=\u00bb1\/2&#8243;][vc_single_image image=\u00bb4388&#8243; img_size=\u00bbfull\u00bb alignment=\u00bbcenter\u00bb css_animation=\u00bbfadeIn\u00bb][\/vc_column][vc_column width=\u00bb1\/2&#8243;][vc_single_image image=\u00bb4386&#8243; img_size=\u00bbfull\u00bb alignment=\u00bbcenter\u00bb css_animation=\u00bbfadeIn\u00bb][\/vc_column][\/vc_row][vc_row full_width=\u00bbstretch_row\u00bb css=\u00bb.vc_custom_1617178365933{background-color: #174894 !important;}\u00bb el_class=\u00bbblue-section-header\u00bb][vc_column css=\u00bb.vc_custom_1617178564296{margin-top: 10px !important;}\u00bb][\/vc_column][\/vc_row]<\/p>\n<\/div>","protected":false},"excerpt":{"rendered":"<p>[vc_row equal_height=\u00bbyes\u00bb][vc_column width=\u00bb1\/4&#8243;][vc_single_image image=\u00bb4383&#8243; img_size=\u00bbfull\u00bb alignment=\u00bbcenter\u00bb css_animation=\u00bbfadeInUp\u00bb][\/vc_column][vc_column width=\u00bb3\/4&#8243;][vc_column_text]F\u00e1cilmente instaladas, adaptadas a las necesidades, las estaciones de carga de veh\u00edculos el\u00e9ctricos gestionadas y administradas se pueden instalar en edificios de apartamentos, centros de negocios, empresas, organizaciones de producci\u00f3n, centros de servicio, hoteles, instituciones educativas, etc., dondequiera que los residentes, empleados, clientes puedan venir en autom\u00f3vil el\u00e9ctrico. [&hellip;]<\/p>\n","protected":false},"author":1,"featured_media":0,"parent":0,"menu_order":0,"comment_status":"closed","ping_status":"closed","template":"","meta":{"_acf_changed":false,"_monsterinsights_skip_tracking":false,"_monsterinsights_sitenote_active":false,"_monsterinsights_sitenote_note":"","_monsterinsights_sitenote_category":0,"footnotes":""},"class_list":["post-4382","page","type-page","status-publish","hentry"],"acf":[],"yoast_head":"<!-- This site is optimized with the Yoast SEO plugin v27.3 - https:\/\/yoast.com\/product\/yoast-seo-wordpress\/ -->\n<title>Estaci\u00f3n de carga para veh\u00edculos el\u00e9ctricos - Acoris<\/title>\n<meta name=\"robots\" content=\"index, follow, max-snippet:-1, max-image-preview:large, max-video-preview:-1\" \/>\n<link rel=\"canonical\" href=\"https:\/\/acoris.lt\/es\/estacion-de-carga-para-vehiculos-electricos\/\" \/>\n<meta property=\"og:locale\" content=\"es_ES\" \/>\n<meta property=\"og:type\" content=\"article\" \/>\n<meta property=\"og:title\" content=\"Estaci\u00f3n de carga para veh\u00edculos el\u00e9ctricos - Acoris\" \/>\n<meta property=\"og:description\" content=\"[vc_row equal_height=\u00bbyes\u00bb][vc_column width=\u00bb1\/4&#8243;][vc_single_image image=\u00bb4383&#8243; img_size=\u00bbfull\u00bb alignment=\u00bbcenter\u00bb css_animation=\u00bbfadeInUp\u00bb][\/vc_column][vc_column width=\u00bb3\/4&#8243;][vc_column_text]F\u00e1cilmente instaladas, adaptadas a las necesidades, las estaciones de carga de veh\u00edculos el\u00e9ctricos gestionadas y administradas se pueden instalar en edificios de apartamentos, centros de negocios, empresas, organizaciones de producci\u00f3n, centros de servicio, hoteles, instituciones educativas, etc., dondequiera que los residentes, empleados, clientes puedan venir en autom\u00f3vil el\u00e9ctrico. [&hellip;]\" \/>\n<meta property=\"og:url\" content=\"https:\/\/acoris.lt\/es\/estacion-de-carga-para-vehiculos-electricos\/\" \/>\n<meta property=\"og:site_name\" content=\"Acoris\" \/>\n<meta property=\"article:modified_time\" content=\"2025-02-27T05:44:16+00:00\" \/>\n<meta property=\"og:image\" content=\"https:\/\/acoris.lt\/wp-content\/uploads\/2023\/12\/acoris.jpg\" \/>\n\t<meta property=\"og:image:width\" content=\"600\" \/>\n\t<meta property=\"og:image:height\" content=\"600\" \/>\n\t<meta property=\"og:image:type\" content=\"image\/jpeg\" \/>\n<meta name=\"twitter:card\" content=\"summary_large_image\" \/>\n<meta name=\"twitter:label1\" content=\"Tiempo de lectura\" \/>\n\t<meta name=\"twitter:data1\" content=\"4 minutos\" \/>\n<script type=\"application\/ld+json\" class=\"yoast-schema-graph\">{\"@context\":\"https:\\\/\\\/schema.org\",\"@graph\":[{\"@type\":\"WebPage\",\"@id\":\"https:\\\/\\\/acoris.lt\\\/es\\\/estacion-de-carga-para-vehiculos-electricos\\\/\",\"url\":\"https:\\\/\\\/acoris.lt\\\/es\\\/estacion-de-carga-para-vehiculos-electricos\\\/\",\"name\":\"Estaci\u00f3n de carga para veh\u00edculos el\u00e9ctricos - Acoris\",\"isPartOf\":{\"@id\":\"https:\\\/\\\/acoris.lt\\\/#website\"},\"datePublished\":\"2025-02-27T05:44:12+00:00\",\"dateModified\":\"2025-02-27T05:44:16+00:00\",\"breadcrumb\":{\"@id\":\"https:\\\/\\\/acoris.lt\\\/es\\\/estacion-de-carga-para-vehiculos-electricos\\\/#breadcrumb\"},\"inLanguage\":\"es\",\"potentialAction\":[{\"@type\":\"ReadAction\",\"target\":[\"https:\\\/\\\/acoris.lt\\\/es\\\/estacion-de-carga-para-vehiculos-electricos\\\/\"]}]},{\"@type\":\"BreadcrumbList\",\"@id\":\"https:\\\/\\\/acoris.lt\\\/es\\\/estacion-de-carga-para-vehiculos-electricos\\\/#breadcrumb\",\"itemListElement\":[{\"@type\":\"ListItem\",\"position\":1,\"name\":\"Inicio\",\"item\":\"https:\\\/\\\/acoris.lt\\\/es\\\/\"},{\"@type\":\"ListItem\",\"position\":2,\"name\":\"Estaci\u00f3n de carga para veh\u00edculos el\u00e9ctricos\"}]},{\"@type\":\"WebSite\",\"@id\":\"https:\\\/\\\/acoris.lt\\\/#website\",\"url\":\"https:\\\/\\\/acoris.lt\\\/\",\"name\":\"Acoris\",\"description\":\"Integruotos sistemos\",\"publisher\":{\"@id\":\"https:\\\/\\\/acoris.lt\\\/#organization\"},\"potentialAction\":[{\"@type\":\"SearchAction\",\"target\":{\"@type\":\"EntryPoint\",\"urlTemplate\":\"https:\\\/\\\/acoris.lt\\\/?s={search_term_string}\"},\"query-input\":{\"@type\":\"PropertyValueSpecification\",\"valueRequired\":true,\"valueName\":\"search_term_string\"}}],\"inLanguage\":\"es\"},{\"@type\":\"Organization\",\"@id\":\"https:\\\/\\\/acoris.lt\\\/#organization\",\"name\":\"Acoris\",\"url\":\"https:\\\/\\\/acoris.lt\\\/\",\"logo\":{\"@type\":\"ImageObject\",\"inLanguage\":\"es\",\"@id\":\"https:\\\/\\\/acoris.lt\\\/#\\\/schema\\\/logo\\\/image\\\/\",\"url\":\"https:\\\/\\\/acoris.lt\\\/wp-content\\\/uploads\\\/2023\\\/12\\\/acoris.jpg\",\"contentUrl\":\"https:\\\/\\\/acoris.lt\\\/wp-content\\\/uploads\\\/2023\\\/12\\\/acoris.jpg\",\"width\":600,\"height\":600,\"caption\":\"Acoris\"},\"image\":{\"@id\":\"https:\\\/\\\/acoris.lt\\\/#\\\/schema\\\/logo\\\/image\\\/\"}}]}<\/script>\n<!-- \/ Yoast SEO plugin. -->","yoast_head_json":{"title":"Estaci\u00f3n de carga para veh\u00edculos el\u00e9ctricos - Acoris","robots":{"index":"index","follow":"follow","max-snippet":"max-snippet:-1","max-image-preview":"max-image-preview:large","max-video-preview":"max-video-preview:-1"},"canonical":"https:\/\/acoris.lt\/es\/estacion-de-carga-para-vehiculos-electricos\/","og_locale":"es_ES","og_type":"article","og_title":"Estaci\u00f3n de carga para veh\u00edculos el\u00e9ctricos - Acoris","og_description":"[vc_row equal_height=\u00bbyes\u00bb][vc_column width=\u00bb1\/4&#8243;][vc_single_image image=\u00bb4383&#8243; img_size=\u00bbfull\u00bb alignment=\u00bbcenter\u00bb css_animation=\u00bbfadeInUp\u00bb][\/vc_column][vc_column width=\u00bb3\/4&#8243;][vc_column_text]F\u00e1cilmente instaladas, adaptadas a las necesidades, las estaciones de carga de veh\u00edculos el\u00e9ctricos gestionadas y administradas se pueden instalar en edificios de apartamentos, centros de negocios, empresas, organizaciones de producci\u00f3n, centros de servicio, hoteles, instituciones educativas, etc., dondequiera que los residentes, empleados, clientes puedan venir en autom\u00f3vil el\u00e9ctrico. [&hellip;]","og_url":"https:\/\/acoris.lt\/es\/estacion-de-carga-para-vehiculos-electricos\/","og_site_name":"Acoris","article_modified_time":"2025-02-27T05:44:16+00:00","og_image":[{"width":600,"height":600,"url":"https:\/\/acoris.lt\/wp-content\/uploads\/2023\/12\/acoris.jpg","type":"image\/jpeg"}],"twitter_card":"summary_large_image","twitter_misc":{"Tiempo de lectura":"4 minutos"},"schema":{"@context":"https:\/\/schema.org","@graph":[{"@type":"WebPage","@id":"https:\/\/acoris.lt\/es\/estacion-de-carga-para-vehiculos-electricos\/","url":"https:\/\/acoris.lt\/es\/estacion-de-carga-para-vehiculos-electricos\/","name":"Estaci\u00f3n de carga para veh\u00edculos el\u00e9ctricos - Acoris","isPartOf":{"@id":"https:\/\/acoris.lt\/#website"},"datePublished":"2025-02-27T05:44:12+00:00","dateModified":"2025-02-27T05:44:16+00:00","breadcrumb":{"@id":"https:\/\/acoris.lt\/es\/estacion-de-carga-para-vehiculos-electricos\/#breadcrumb"},"inLanguage":"es","potentialAction":[{"@type":"ReadAction","target":["https:\/\/acoris.lt\/es\/estacion-de-carga-para-vehiculos-electricos\/"]}]},{"@type":"BreadcrumbList","@id":"https:\/\/acoris.lt\/es\/estacion-de-carga-para-vehiculos-electricos\/#breadcrumb","itemListElement":[{"@type":"ListItem","position":1,"name":"Inicio","item":"https:\/\/acoris.lt\/es\/"},{"@type":"ListItem","position":2,"name":"Estaci\u00f3n de carga para veh\u00edculos el\u00e9ctricos"}]},{"@type":"WebSite","@id":"https:\/\/acoris.lt\/#website","url":"https:\/\/acoris.lt\/","name":"Acoris","description":"Integruotos sistemos","publisher":{"@id":"https:\/\/acoris.lt\/#organization"},"potentialAction":[{"@type":"SearchAction","target":{"@type":"EntryPoint","urlTemplate":"https:\/\/acoris.lt\/?s={search_term_string}"},"query-input":{"@type":"PropertyValueSpecification","valueRequired":true,"valueName":"search_term_string"}}],"inLanguage":"es"},{"@type":"Organization","@id":"https:\/\/acoris.lt\/#organization","name":"Acoris","url":"https:\/\/acoris.lt\/","logo":{"@type":"ImageObject","inLanguage":"es","@id":"https:\/\/acoris.lt\/#\/schema\/logo\/image\/","url":"https:\/\/acoris.lt\/wp-content\/uploads\/2023\/12\/acoris.jpg","contentUrl":"https:\/\/acoris.lt\/wp-content\/uploads\/2023\/12\/acoris.jpg","width":600,"height":600,"caption":"Acoris"},"image":{"@id":"https:\/\/acoris.lt\/#\/schema\/logo\/image\/"}}]}},"_links":{"self":[{"href":"https:\/\/acoris.lt\/es\/wp-json\/wp\/v2\/pages\/4382","targetHints":{"allow":["GET"]}}],"collection":[{"href":"https:\/\/acoris.lt\/es\/wp-json\/wp\/v2\/pages"}],"about":[{"href":"https:\/\/acoris.lt\/es\/wp-json\/wp\/v2\/types\/page"}],"author":[{"embeddable":true,"href":"https:\/\/acoris.lt\/es\/wp-json\/wp\/v2\/users\/1"}],"replies":[{"embeddable":true,"href":"https:\/\/acoris.lt\/es\/wp-json\/wp\/v2\/comments?post=4382"}],"version-history":[{"count":2,"href":"https:\/\/acoris.lt\/es\/wp-json\/wp\/v2\/pages\/4382\/revisions"}],"predecessor-version":[{"id":4406,"href":"https:\/\/acoris.lt\/es\/wp-json\/wp\/v2\/pages\/4382\/revisions\/4406"}],"wp:attachment":[{"href":"https:\/\/acoris.lt\/es\/wp-json\/wp\/v2\/media?parent=4382"}],"curies":[{"name":"wp","href":"https:\/\/api.w.org\/{rel}","templated":true}]}}