{"id":4428,"date":"2025-02-27T08:44:26","date_gmt":"2025-02-27T05:44:26","guid":{"rendered":"https:\/\/www.acoris.lt\/politica-de-privacidad\/"},"modified":"2025-02-27T08:44:26","modified_gmt":"2025-02-27T05:44:26","slug":"politica-de-privacidad","status":"publish","type":"page","link":"https:\/\/acoris.lt\/es\/politica-de-privacidad\/","title":{"rendered":"Pol\u00edtica de privacidad"},"content":{"rendered":"<h4>Pol\u00edtica de privacidad<\/h4>\n<p>El sitio web www.acoris.lt propiedad de la empresa UAB Acoris recoge y gestiona sus datos personales.<\/p>\n<p>Esta Pol\u00edtica de Privacidad aclara c\u00f3mo www.acoris.lt utilizar sus datos personales y proporciona las razones para la recopilaci\u00f3n de sus datos personales. Como resultado, antes de navegar por el sitio www.acoris.lt, lea el siguiente documento. <\/p>\n<p>Garantizamos la seguridad y confidencialidad de sus datos personales.<\/p>\n<h4>Datos personales que recopilamos:<\/h4>\n<p>Cuando navega por www.acoris.lt, recopilamos autom\u00e1ticamente cierta informaci\u00f3n sobre su dispositivo: su navegador, direcci\u00f3n IP, zona horaria y cookies en su dispositivo. Tambi\u00e9n recopilamos estad\u00edsticas sobre la navegaci\u00f3n en su sitio: las p\u00e1ginas que visita, los productos que ve y otra informaci\u00f3n de navegaci\u00f3n del sitio web. Nos referimos a esta informaci\u00f3n recopilada autom\u00e1ticamente como \u00abInformaci\u00f3n del dispositivo\u00bb. Tambi\u00e9n podemos recopilar los datos personales que nos proporciona (nombre, direcci\u00f3n, informaci\u00f3n de pago, etc.) mediante la creaci\u00f3n de una cuenta en nuestro sitio web.   <\/p>\n<h4>\u00bfPor qu\u00e9 recopilamos sus datos?<\/h4>\n<p>La seguridad de sus datos es de suma importancia para nosotros, por lo que recopilamos y gestionamos solo los datos personales m\u00e1s necesarios sobre usted, sin los cuales no podr\u00edamos garantizar el buen funcionamiento del sitio web. Los datos recopilados autom\u00e1ticamente se utilizan en el an\u00e1lisis del sitio. Sin embargo, nos aseguramos de que no sea posible identificar la identidad de usuarios espec\u00edficos en la informaci\u00f3n estad\u00edstica.  <\/p>\n<p>Puede visitar nuestro sitio web sin proporcionar ninguna informaci\u00f3n que pueda identificarlo personalmente. Sin embargo, si desea utilizar las funciones de nuestro sitio web, desea recibir nuestro bolet\u00edn informativo o completar nuestro formulario de contacto, tambi\u00e9n puede proporcionarnos sus datos personales: direcci\u00f3n de correo electr\u00f3nico, nombre, apellidos, informaci\u00f3n de residencia, n\u00famero de tel\u00e9fono. Tiene la opci\u00f3n de no proporcionarnos sus datos personales, pero en este caso no podr\u00e1 utilizar la mayor\u00eda de las funciones proporcionadas por el sitio. Los visitantes del sitio web que no sepan qu\u00e9 informaci\u00f3n estamos obligados a recopilar pueden ponerse en contacto con nosotros por correo electr\u00f3nico info@acoris.lt.     <\/p>\n<h4>Sus derechos:<\/h4>\n<p>Si usted es residente europeo, tiene varios derechos en relaci\u00f3n con la protecci\u00f3n de sus datos personales:<\/p>\n<ul>\n<li>El derecho a ser informado.<\/li>\n<li>El derecho a recibir su informaci\u00f3n, que procesamos.<\/li>\n<li>El derecho a corregir la informaci\u00f3n inexacta o incorrecta sobre usted.<\/li>\n<li>El derecho a eliminar todos los datos sobre usted.<\/li>\n<li>El derecho a restringir el procesamiento de datos.<\/li>\n<li>El derecho a transferir todos los datos recopilados sobre usted a otro responsable del tratamiento.<\/li>\n<li>Derecho a oponerse al tratamiento de los datos personales.<\/li>\n<li>Derechos relacionados con la gesti\u00f3n automatizada de datos.<\/li>\n<\/ul>\n<p>Si desea obtener m\u00e1s informaci\u00f3n, p\u00f3ngase en contacto con nosotros utilizando la informaci\u00f3n de contacto que aparece a continuaci\u00f3n.<\/p>\n<p>Le advertimos que gestionamos los datos personales de los europeos con el fin de cumplir con sus pedidos o cumplir con las finalidades enumeradas al principio del documento. Tenga en cuenta que sus datos pueden ser transferidos fuera de Europa (por ejemplo, a Canad\u00e1 o EE. UU.). <\/p>\n<h4>Enlaces a otros sitios:<\/h4>\n<p>Nuestro sitio web puede contener enlaces a otros sitios web que no administramos. Tenga en cuenta que no somos responsables de los procesos de recopilaci\u00f3n de datos personales de otros sitios web o de terceros. Despu\u00e9s de salir de nuestro sitio, le recomendamos que lea las pol\u00edticas de privacidad de los sitios web de terceros.  <\/p>\n<h4>Protecci\u00f3n de datos:<\/h4>\n<p>Para proteger sus datos personales, utilizamos servidores de la m\u00e1s alta calidad, a los que solo pueden acceder personas autorizadas. Supervisamos regularmente nuestros sistemas para determinar si hay vulnerabilidades o ciberataques que puedan afectar a sus datos personales. Sin embargo, no garantizamos la seguridad absoluta de sus datos personales.  <\/p>\n<h4>Divulgaci\u00f3n de datos:<\/h4>\n<p>De acuerdo con el procedimiento establecido por la ley, nos reservamos el derecho de divulgar sus datos personales en caso de que necesitemos defender nuestros derechos, nuestra propia seguridad y la seguridad de quienes lo rodean, investigar un delito o responder a una solicitud del gobierno para divulgar sus datos personales.<\/p>\n<h4>Informaci\u00f3n de contacto:<\/h4>\n<p>Si desea obtener m\u00e1s informaci\u00f3n sobre esta Pol\u00edtica de Privacidad o sobre sus datos personales, p\u00f3ngase en contacto con nosotros por correo electr\u00f3nico info@acoris.lt <\/p>\n","protected":false},"excerpt":{"rendered":"<p>Pol\u00edtica de privacidad El sitio web www.acoris.lt propiedad de la empresa UAB Acoris recoge y gestiona sus datos personales. Esta Pol\u00edtica de Privacidad aclara c\u00f3mo www.acoris.lt utilizar sus datos personales y proporciona las razones para la recopilaci\u00f3n de sus datos personales. Como resultado, antes de navegar por el sitio www.acoris.lt, lea el siguiente documento. Garantizamos [&hellip;]<\/p>\n","protected":false},"author":1,"featured_media":0,"parent":0,"menu_order":0,"comment_status":"closed","ping_status":"closed","template":"","meta":{"_acf_changed":false,"_monsterinsights_skip_tracking":false,"_monsterinsights_sitenote_active":false,"_monsterinsights_sitenote_note":"","_monsterinsights_sitenote_category":0,"footnotes":""},"class_list":["post-4428","page","type-page","status-publish","hentry"],"acf":[],"yoast_head":"<!-- This site is optimized with the Yoast SEO plugin v27.3 - https:\/\/yoast.com\/product\/yoast-seo-wordpress\/ -->\n<title>Pol\u00edtica de privacidad - Acoris<\/title>\n<meta name=\"description\" content=\"Esta Pol\u00edtica de Privacidad aclara c\u00f3mo www.acoris.lt utilizar sus datos personales y proporciona las razones para la recopilaci\u00f3n de sus datos personales. Como resultado, antes de navegar por el sitio www.acoris.lt, lea el siguiente documento.\" \/>\n<meta name=\"robots\" content=\"index, follow, max-snippet:-1, max-image-preview:large, max-video-preview:-1\" \/>\n<link rel=\"canonical\" href=\"https:\/\/acoris.lt\/es\/politica-de-privacidad\/\" \/>\n<meta property=\"og:locale\" content=\"es_ES\" \/>\n<meta property=\"og:type\" content=\"article\" \/>\n<meta property=\"og:title\" content=\"Pol\u00edtica de privacidad - Acoris\" \/>\n<meta property=\"og:description\" content=\"Esta Pol\u00edtica de Privacidad aclara c\u00f3mo www.acoris.lt utilizar sus datos personales y proporciona las razones para la recopilaci\u00f3n de sus datos personales. Como resultado, antes de navegar por el sitio www.acoris.lt, lea el siguiente documento.\" \/>\n<meta property=\"og:url\" content=\"https:\/\/acoris.lt\/es\/politica-de-privacidad\/\" \/>\n<meta property=\"og:site_name\" content=\"Acoris\" \/>\n<meta property=\"og:image\" content=\"https:\/\/acoris.lt\/wp-content\/uploads\/2023\/12\/acoris.jpg\" \/>\n\t<meta property=\"og:image:width\" content=\"600\" \/>\n\t<meta property=\"og:image:height\" content=\"600\" \/>\n\t<meta property=\"og:image:type\" content=\"image\/jpeg\" \/>\n<meta name=\"twitter:card\" content=\"summary_large_image\" \/>\n<meta name=\"twitter:label1\" content=\"Tiempo de lectura\" \/>\n\t<meta name=\"twitter:data1\" content=\"4 minutos\" \/>\n<script type=\"application\/ld+json\" class=\"yoast-schema-graph\">{\"@context\":\"https:\\\/\\\/schema.org\",\"@graph\":[{\"@type\":\"WebPage\",\"@id\":\"https:\\\/\\\/acoris.lt\\\/es\\\/politica-de-privacidad\\\/\",\"url\":\"https:\\\/\\\/acoris.lt\\\/es\\\/politica-de-privacidad\\\/\",\"name\":\"Pol\u00edtica de privacidad - Acoris\",\"isPartOf\":{\"@id\":\"https:\\\/\\\/acoris.lt\\\/#website\"},\"datePublished\":\"2025-02-27T05:44:26+00:00\",\"description\":\"Esta Pol\u00edtica de Privacidad aclara c\u00f3mo www.acoris.lt utilizar sus datos personales y proporciona las razones para la recopilaci\u00f3n de sus datos personales. Como resultado, antes de navegar por el sitio www.acoris.lt, lea el siguiente documento.\",\"breadcrumb\":{\"@id\":\"https:\\\/\\\/acoris.lt\\\/es\\\/politica-de-privacidad\\\/#breadcrumb\"},\"inLanguage\":\"es\",\"potentialAction\":[{\"@type\":\"ReadAction\",\"target\":[\"https:\\\/\\\/acoris.lt\\\/es\\\/politica-de-privacidad\\\/\"]}]},{\"@type\":\"BreadcrumbList\",\"@id\":\"https:\\\/\\\/acoris.lt\\\/es\\\/politica-de-privacidad\\\/#breadcrumb\",\"itemListElement\":[{\"@type\":\"ListItem\",\"position\":1,\"name\":\"Inicio\",\"item\":\"https:\\\/\\\/acoris.lt\\\/es\\\/\"},{\"@type\":\"ListItem\",\"position\":2,\"name\":\"Pol\u00edtica de privacidad\"}]},{\"@type\":\"WebSite\",\"@id\":\"https:\\\/\\\/acoris.lt\\\/#website\",\"url\":\"https:\\\/\\\/acoris.lt\\\/\",\"name\":\"Acoris\",\"description\":\"Integruotos sistemos\",\"publisher\":{\"@id\":\"https:\\\/\\\/acoris.lt\\\/#organization\"},\"potentialAction\":[{\"@type\":\"SearchAction\",\"target\":{\"@type\":\"EntryPoint\",\"urlTemplate\":\"https:\\\/\\\/acoris.lt\\\/?s={search_term_string}\"},\"query-input\":{\"@type\":\"PropertyValueSpecification\",\"valueRequired\":true,\"valueName\":\"search_term_string\"}}],\"inLanguage\":\"es\"},{\"@type\":\"Organization\",\"@id\":\"https:\\\/\\\/acoris.lt\\\/#organization\",\"name\":\"Acoris\",\"url\":\"https:\\\/\\\/acoris.lt\\\/\",\"logo\":{\"@type\":\"ImageObject\",\"inLanguage\":\"es\",\"@id\":\"https:\\\/\\\/acoris.lt\\\/#\\\/schema\\\/logo\\\/image\\\/\",\"url\":\"https:\\\/\\\/acoris.lt\\\/wp-content\\\/uploads\\\/2023\\\/12\\\/acoris.jpg\",\"contentUrl\":\"https:\\\/\\\/acoris.lt\\\/wp-content\\\/uploads\\\/2023\\\/12\\\/acoris.jpg\",\"width\":600,\"height\":600,\"caption\":\"Acoris\"},\"image\":{\"@id\":\"https:\\\/\\\/acoris.lt\\\/#\\\/schema\\\/logo\\\/image\\\/\"}}]}<\/script>\n<!-- \/ Yoast SEO plugin. -->","yoast_head_json":{"title":"Pol\u00edtica de privacidad - Acoris","description":"Esta Pol\u00edtica de Privacidad aclara c\u00f3mo www.acoris.lt utilizar sus datos personales y proporciona las razones para la recopilaci\u00f3n de sus datos personales. Como resultado, antes de navegar por el sitio www.acoris.lt, lea el siguiente documento.","robots":{"index":"index","follow":"follow","max-snippet":"max-snippet:-1","max-image-preview":"max-image-preview:large","max-video-preview":"max-video-preview:-1"},"canonical":"https:\/\/acoris.lt\/es\/politica-de-privacidad\/","og_locale":"es_ES","og_type":"article","og_title":"Pol\u00edtica de privacidad - Acoris","og_description":"Esta Pol\u00edtica de Privacidad aclara c\u00f3mo www.acoris.lt utilizar sus datos personales y proporciona las razones para la recopilaci\u00f3n de sus datos personales. Como resultado, antes de navegar por el sitio www.acoris.lt, lea el siguiente documento.","og_url":"https:\/\/acoris.lt\/es\/politica-de-privacidad\/","og_site_name":"Acoris","og_image":[{"width":600,"height":600,"url":"https:\/\/acoris.lt\/wp-content\/uploads\/2023\/12\/acoris.jpg","type":"image\/jpeg"}],"twitter_card":"summary_large_image","twitter_misc":{"Tiempo de lectura":"4 minutos"},"schema":{"@context":"https:\/\/schema.org","@graph":[{"@type":"WebPage","@id":"https:\/\/acoris.lt\/es\/politica-de-privacidad\/","url":"https:\/\/acoris.lt\/es\/politica-de-privacidad\/","name":"Pol\u00edtica de privacidad - Acoris","isPartOf":{"@id":"https:\/\/acoris.lt\/#website"},"datePublished":"2025-02-27T05:44:26+00:00","description":"Esta Pol\u00edtica de Privacidad aclara c\u00f3mo www.acoris.lt utilizar sus datos personales y proporciona las razones para la recopilaci\u00f3n de sus datos personales. Como resultado, antes de navegar por el sitio www.acoris.lt, lea el siguiente documento.","breadcrumb":{"@id":"https:\/\/acoris.lt\/es\/politica-de-privacidad\/#breadcrumb"},"inLanguage":"es","potentialAction":[{"@type":"ReadAction","target":["https:\/\/acoris.lt\/es\/politica-de-privacidad\/"]}]},{"@type":"BreadcrumbList","@id":"https:\/\/acoris.lt\/es\/politica-de-privacidad\/#breadcrumb","itemListElement":[{"@type":"ListItem","position":1,"name":"Inicio","item":"https:\/\/acoris.lt\/es\/"},{"@type":"ListItem","position":2,"name":"Pol\u00edtica de privacidad"}]},{"@type":"WebSite","@id":"https:\/\/acoris.lt\/#website","url":"https:\/\/acoris.lt\/","name":"Acoris","description":"Integruotos sistemos","publisher":{"@id":"https:\/\/acoris.lt\/#organization"},"potentialAction":[{"@type":"SearchAction","target":{"@type":"EntryPoint","urlTemplate":"https:\/\/acoris.lt\/?s={search_term_string}"},"query-input":{"@type":"PropertyValueSpecification","valueRequired":true,"valueName":"search_term_string"}}],"inLanguage":"es"},{"@type":"Organization","@id":"https:\/\/acoris.lt\/#organization","name":"Acoris","url":"https:\/\/acoris.lt\/","logo":{"@type":"ImageObject","inLanguage":"es","@id":"https:\/\/acoris.lt\/#\/schema\/logo\/image\/","url":"https:\/\/acoris.lt\/wp-content\/uploads\/2023\/12\/acoris.jpg","contentUrl":"https:\/\/acoris.lt\/wp-content\/uploads\/2023\/12\/acoris.jpg","width":600,"height":600,"caption":"Acoris"},"image":{"@id":"https:\/\/acoris.lt\/#\/schema\/logo\/image\/"}}]}},"_links":{"self":[{"href":"https:\/\/acoris.lt\/es\/wp-json\/wp\/v2\/pages\/4428","targetHints":{"allow":["GET"]}}],"collection":[{"href":"https:\/\/acoris.lt\/es\/wp-json\/wp\/v2\/pages"}],"about":[{"href":"https:\/\/acoris.lt\/es\/wp-json\/wp\/v2\/types\/page"}],"author":[{"embeddable":true,"href":"https:\/\/acoris.lt\/es\/wp-json\/wp\/v2\/users\/1"}],"replies":[{"embeddable":true,"href":"https:\/\/acoris.lt\/es\/wp-json\/wp\/v2\/comments?post=4428"}],"version-history":[{"count":0,"href":"https:\/\/acoris.lt\/es\/wp-json\/wp\/v2\/pages\/4428\/revisions"}],"wp:attachment":[{"href":"https:\/\/acoris.lt\/es\/wp-json\/wp\/v2\/media?parent=4428"}],"curies":[{"name":"wp","href":"https:\/\/api.w.org\/{rel}","templated":true}]}}