{"id":4450,"date":"2025-02-27T08:44:29","date_gmt":"2025-02-27T05:44:29","guid":{"rendered":"https:\/\/www.acoris.lt\/establecimientos-de-hosteleria\/"},"modified":"2025-02-27T08:44:34","modified_gmt":"2025-02-27T05:44:34","slug":"establecimientos-de-hosteleria","status":"publish","type":"page","link":"https:\/\/acoris.lt\/es\/establecimientos-de-hosteleria\/","title":{"rendered":"Establecimientos de hosteler\u00eda"},"content":{"rendered":"<div class=\"wpb-content-wrapper\"><p>[vc_row][vc_column width=\u00bb1\/2&#8243;][vc_column_text]Para hoteles y otros establecimientos de alojamiento, implementamos modernos sistemas digitales de servicios de publicidad, pre-reserva y pago, control y contabilidad de la prestaci\u00f3n de servicios. Estos sistemas hacen que sus procesos de negocio sean m\u00e1s eficientes: garantizan el control sobre la prestaci\u00f3n de servicios y el pago de los mismos, ahorran recursos y tiempo a la instituci\u00f3n y aumentan la satisfacci\u00f3n del cliente con los servicios.  Al mismo tiempo, las soluciones modernas mejoran la imagen de la empresa y aumentan la competitividad del negocio.<\/p>\n<p>Todos los sistemas instalados se combinan en una sola aplicaci\u00f3n, donde se pueden ver informes de uso detallados. El programa es capaz de combinar el estacionamiento, el control autom\u00e1tico de acceso de acuerdo con los servicios adquiridos, la carga de veh\u00edculos el\u00e9ctricos, la contabilidad del inventario utilizado, el pago de comidas, otros servicios y bienes en un sistema unificado. El sistema unificado garantiza una gesti\u00f3n eficaz de los procesos empresariales, reduce los costes y optimiza los recursos disponibles.  <\/p>\n<p>Estos sistemas crean valores para los directivos, los empleados y los clientes, y se amortizan r\u00e1pidamente.[\/vc_column_text][\/vc_column][vc_column width=\u00bb1\/2&#8243;][vc_single_image image=\u00bb4451&#8243; img_size=\u00bbfull\u00bb css_animation=\u00bbfadeInUp\u00bb][\/vc_column][\/vc_row][vc_row full_width=\u00bbstretch_row\u00bb css=\u00bb.vc_custom_1617178365933{background-color: #174894 !important;}\u00bb el_class=\u00bbblue-section-header\u00bb][vc_column css=\u00bb.vc_custom_1617178564296{margin-top: 10px !important;}\u00bb][vc_column_text]<\/p>\n<h2><em>Sistemas a instalar  <\/em><\/h2>\n<p>[\/vc_column_text][\/vc_column][\/vc_row][vc_row full_width=\u00bbstretch_row\u00bb el_class=\u00bbhome_box_wrap\u00bb css=\u00bb.vc_custom_1701336163823{margin-bottom: 45px !important;}\u00bb][vc_column][vc_row_inner equal_height=\u00bbyes\u00bb gap=\u00bb5&#8243;][vc_column_inner width=\u00bb1\/4&#8243; css=\u00bb.vc_custom_1617654488845{border-top-width: 3px !important;border-right-width: 3px !important;border-bottom-width: 3px !important;border-left-width: 3px !important;border-left-color: #1f428d !important;border-left-style: solid !important;border-right-color: #1f428d !important;border-right-style: solid !important;border-top-color: #1f428d !important;border-top-style: solid !important;border-bottom-color: #1f428d !important;border-bottom-style: solid !important;border-radius: 10px !important;}\u00bb][vc_single_image image=\u00bb4190&#8243; img_size=\u00bbmedium\u00bb alignment=\u00bbcenter\u00bb onclick=\u00bbcustom_link\u00bb css_animation=\u00bbfadeIn\u00bb link=\u00bbhttps:\/\/acoris.lt\/apgyvendinimo-ir-paslaugu-rezervavimo-atsiskaitymo-ir-valdymo-sistema\/\u00bb][vc_column_text]<\/p>\n<h3 style=\"text-align: center;\"><a href=\"https:\/\/acoris.lt\/es\/sistema-de-reserva-facturacion-y-gestion-de-alojamientos-y-servicios\/\"><span style=\"color: #174894;\"><strong>Sistema de reserva, facturaci\u00f3n y gesti\u00f3n de alojamientos y servicios<\/strong><\/span><\/a><\/h3>\n<p style=\"text-align: center;\">La publicidad, la pre-reserva y el pago de los servicios prestados tienen lugar: el cliente recibe un c\u00f3digo de confirmaci\u00f3n con el que puede utilizar directamente la totalidad o parte de los servicios.<\/p>\n<p>[\/vc_column_text][\/vc_column_inner][vc_column_inner width=\u00bb1\/4&#8243; css=\u00bb.vc_custom_1617704943623{border-top-width: 3px !important;border-right-width: 3px !important;border-bottom-width: 3px !important;border-left-width: px !important;border-left-color: #1f428d !important;border-left-style: solid !important;border-right-color: #1f428d !important;border-right-style: solid !important;border-top-color: #1f428d !important;border-top-style: solid !important;border-bottom-color: #1f428d !important;border-bottom-style: solid !important;border-radius: 10px !important;}\u00bb][vc_single_image image=\u00bb4408&#8243; img_size=\u00bbfull\u00bb alignment=\u00bbcenter\u00bb onclick=\u00bbcustom_link\u00bb css_animation=\u00bbfadeIn\u00bb link=\u00bbhttps:\/\/acoris.lt\/praejimo-kontroles-sistema\/\u00bb][vc_column_text]<\/p>\n<h3 style=\"text-align: center;\"><a href=\"https:\/\/acoris.lt\/es\/sistema-de-control-de-acceso\/\"><span style=\"color: #174894;\"><strong>Sistema de control de acceso<\/strong><\/span><\/a><\/h3>\n<p style=\"text-align: center;\">Los clientes ingresan al local o al territorio solo all\u00ed mismo, como estaba reservado (es posible el autoservicio). Se lleva a cabo la contabilidad de la prestaci\u00f3n de servicios, se puede cobrar una tarifa adicional por reponer el servicio (medios, tiempo, etc.). El control de acceso se puede complementar con un medidor autom\u00e1tico de temperatura, un alcohol\u00edmetro.  <\/p>\n<p>[\/vc_column_text][\/vc_column_inner][vc_column_inner width=\u00bb1\/4&#8243; css=\u00bb.vc_custom_1617704962628{border-top-width: 3px !important;border-right-width: 3px !important;border-bottom-width: 3px !important;border-left-width: 3px !important;border-left-color: #1f428d !important;border-left-style: solid !important;border-right-color: #1f428d !important;border-right-style: solid !important;border-top-color: #1f428d !important;border-top-style: solid !important;border-bottom-color: #1f428d !important;border-bottom-style: solid !important;border-radius: 10px !important;}\u00bb][vc_single_image image=\u00bb4370&#8243; img_size=\u00bbfull\u00bb alignment=\u00bbcenter\u00bb onclick=\u00bbcustom_link\u00bb css_animation=\u00bbfadeIn\u00bb css=\u00bb.vc_custom_1701336101317{margin-right: 20px !important;border-top-width: 3px !important;border-right-width: 3px !important;border-bottom-width: 3px !important;border-left-width: 3px !important;border-radius: 10px !important;}\u00bb link=\u00bbhttps:\/\/acoris.lt\/parkingo-ir-transporto-kontroles-sistema\/\u00bb][vc_column_text]<\/p>\n<h3 style=\"text-align: center;\"><span style=\"color: #174894;\"><a style=\"color: #174894;\" href=\"https:\/\/acoris.lt\/es\/sistema-de-control-de-aparcamiento-y-transporte\/\"><strong>Sistema de control de aparcamiento y transporte<\/strong><\/a><\/span><\/h3>\n<p style=\"text-align: center;\">El sistema puede controlar autom\u00e1ticamente el estacionamiento (de acuerdo con las reservas, los boletos comprados, etc.), cobrar durante el estacionamiento prolongado.<\/p>\n<p>[\/vc_column_text][\/vc_column_inner][\/vc_row_inner][\/vc_column][\/vc_row][vc_row full_width=\u00bbstretch_row\u00bb css=\u00bb.vc_custom_1617178365933{background-color: #174894 !important;}\u00bb el_class=\u00bbblue-section-header\u00bb][vc_column css=\u00bb.vc_custom_1617178564296{margin-top: 10px !important;}\u00bb][vc_column_text]<\/p>\n<h2><em>La introducci\u00f3n de este tipo de sistemas crea valor para la empresa y se amortiza r\u00e1pidamente<\/em><\/h2>\n<p>[\/vc_column_text][\/vc_column][\/vc_row][vc_row][vc_column][vc_column_text]<\/p>\n<ul class=\"check-list\">\n<li>SEGURIDAD Y CONTROL<\/li>\n<\/ul>\n<ul>\n<li>Solo las personas que tienen el derecho (autorizado) ingresan al local \/ territorio espec\u00edfico. Tambi\u00e9n se puede utilizar para eventos individuales. <\/li>\n<li>El inventario espec\u00edfico y los datos espec\u00edficos solo pueden ser accedidos por aquellos que tienen derecho a hacerlo (control de responsabilidad)<\/li>\n<li>Pago conveniente de diversos bienes y servicios, gesti\u00f3n de riesgos.<\/li>\n<\/ul>\n<p>[\/vc_column_text][vc_column_text]<\/p>\n<ul class=\"check-list\">\n<li>EFICACIA<\/li>\n<\/ul>\n<ul>\n<li>La optimizaci\u00f3n y automatizaci\u00f3n de la contabilidad del tiempo de trabajo de los empleados rellena autom\u00e1ticamente las hojas de horas<\/li>\n<li>Se optimiza la contabilidad de inventario. An\u00e1lisis detallado del uso del inventario, lo que le permite tomar decisiones \u00f3ptimas sobre la necesidad y la cantidad de inventario <\/li>\n<li>La contabilidad de las liquidaciones de diversos bienes y servicios est\u00e1 optimizada y automatizada.<\/li>\n<li>Varias herramientas en un solo lugar: certificado de empleado, permiso de cliente, tarjeta de acceso, tarjeta de estacionamiento, tarjeta de pago, tarjetas de descuento, etc.<\/li>\n<\/ul>\n<p>[\/vc_column_text][vc_column_text]<\/p>\n<ul class=\"check-list\">\n<li>AUMENTAR LA SATISFACCI\u00d3N DE LOS CLIENTES Y LOS EMPLEADOS<\/li>\n<\/ul>\n<ul>\n<li>Informaci\u00f3n detallada sobre los derechos otorgados a cada persona (empleado, cliente), el inventario utilizado.<\/li>\n<li>La capacidad de ofrecer a los clientes varios servicios adicionales<\/li>\n<li>La posibilidad de ofrecer nuevos servicios adicionales (cheques regalo, vales de comida, descuentos, promociones, etc.).<\/li>\n<\/ul>\n<p>[\/vc_column_text][vc_column_text]<\/p>\n<ul class=\"check-list\">\n<li>IMAGEN<\/li>\n<\/ul>\n<ul>\n<li>Una instituci\u00f3n moderna con soluciones modernas y beneficios adicionales para empleados y clientes crea la imagen de una organizaci\u00f3n responsable y orientada al cliente.<\/li>\n<\/ul>\n<p>[\/vc_column_text][\/vc_column][\/vc_row][vc_row][vc_column width=\u00bb1\/2&#8243;][vc_single_image image=\u00bb4453&#8243; img_size=\u00bbfull\u00bb css_animation=\u00bbfadeIn\u00bb][\/vc_column][vc_column width=\u00bb1\/2&#8243;][vc_single_image image=\u00bb4452&#8243; img_size=\u00bbfull\u00bb css_animation=\u00bbfadeIn\u00bb][\/vc_column][\/vc_row][vc_row full_width=\u00bbstretch_row\u00bb css=\u00bb.vc_custom_1617178365933{background-color: #174894 !important;}\u00bb el_class=\u00bbblue-section-header\u00bb][vc_column css=\u00bb.vc_custom_1617178564296{margin-top: 10px !important;}\u00bb][vc_column_text]<\/p>\n<h2><span style=\"color: #ffffff;\"><a style=\"color: #ffffff;\" href=\"https:\/\/acoris.lt\/kontaktai\/\"><em>Los sistemas est\u00e1n provistos de garant\u00eda, realizamos capacitaci\u00f3n, soporte y servicio.<\/em><\/a><\/span><\/h2>\n<p>[\/vc_column_text][\/vc_column][\/vc_row]<\/p>\n<\/div>","protected":false},"excerpt":{"rendered":"<p>[vc_row][vc_column width=\u00bb1\/2&#8243;][vc_column_text]Para hoteles y otros establecimientos de alojamiento, implementamos modernos sistemas digitales de servicios de publicidad, pre-reserva y pago, control y contabilidad de la prestaci\u00f3n de servicios. Estos sistemas hacen que sus procesos de negocio sean m\u00e1s eficientes: garantizan el control sobre la prestaci\u00f3n de servicios y el pago de los mismos, ahorran recursos y [&hellip;]<\/p>\n","protected":false},"author":1,"featured_media":0,"parent":0,"menu_order":0,"comment_status":"closed","ping_status":"closed","template":"","meta":{"_acf_changed":false,"_monsterinsights_skip_tracking":false,"_monsterinsights_sitenote_active":false,"_monsterinsights_sitenote_note":"","_monsterinsights_sitenote_category":0,"footnotes":""},"class_list":["post-4450","page","type-page","status-publish","hentry"],"acf":[],"yoast_head":"<!-- This site is optimized with the Yoast SEO plugin v27.2 - https:\/\/yoast.com\/product\/yoast-seo-wordpress\/ -->\n<title>Establecimientos de restauraci\u00f3n - Acoris<\/title>\n<meta name=\"description\" content=\"Para restaurantes y otros establecimientos de catering, implementamos modernos sistemas digitales para servicios de publicidad, pre-reserva y pago de servicios, control y contabilizaci\u00f3n de la prestaci\u00f3n de servicios. Estos sistemas hacen que sus procesos de negocio sean m\u00e1s eficientes: garantizan el control sobre la prestaci\u00f3n de servicios y el pago de los mismos, ahorran recursos y tiempo a la instituci\u00f3n y aumentan la satisfacci\u00f3n del cliente con los servicios.\" \/>\n<meta name=\"robots\" content=\"index, follow, max-snippet:-1, max-image-preview:large, max-video-preview:-1\" \/>\n<link rel=\"canonical\" href=\"https:\/\/acoris.lt\/es\/establecimientos-de-hosteleria\/\" \/>\n<meta property=\"og:locale\" content=\"es_ES\" \/>\n<meta property=\"og:type\" content=\"article\" \/>\n<meta property=\"og:title\" content=\"Establecimientos de restauraci\u00f3n - Acoris\" \/>\n<meta property=\"og:description\" content=\"Para restaurantes y otros establecimientos de catering, implementamos modernos sistemas digitales para servicios de publicidad, pre-reserva y pago de servicios, control y contabilizaci\u00f3n de la prestaci\u00f3n de servicios. Estos sistemas hacen que sus procesos de negocio sean m\u00e1s eficientes: garantizan el control sobre la prestaci\u00f3n de servicios y el pago de los mismos, ahorran recursos y tiempo a la instituci\u00f3n y aumentan la satisfacci\u00f3n del cliente con los servicios.\" \/>\n<meta property=\"og:url\" content=\"https:\/\/acoris.lt\/es\/establecimientos-de-hosteleria\/\" \/>\n<meta property=\"og:site_name\" content=\"Acoris\" \/>\n<meta property=\"article:modified_time\" content=\"2025-02-27T05:44:34+00:00\" \/>\n<meta property=\"og:image\" content=\"https:\/\/acoris.lt\/wp-content\/uploads\/2023\/12\/acoris.jpg\" \/>\n\t<meta property=\"og:image:width\" content=\"600\" \/>\n\t<meta property=\"og:image:height\" content=\"600\" \/>\n\t<meta property=\"og:image:type\" content=\"image\/jpeg\" \/>\n<meta name=\"twitter:card\" content=\"summary_large_image\" \/>\n<meta name=\"twitter:label1\" content=\"Tiempo de lectura\" \/>\n\t<meta name=\"twitter:data1\" content=\"5 minutos\" \/>\n<script type=\"application\/ld+json\" class=\"yoast-schema-graph\">{\"@context\":\"https:\/\/schema.org\",\"@graph\":[{\"@type\":\"WebPage\",\"@id\":\"https:\/\/acoris.lt\/es\/establecimientos-de-hosteleria\/\",\"url\":\"https:\/\/acoris.lt\/es\/establecimientos-de-hosteleria\/\",\"name\":\"Establecimientos de restauraci\u00f3n - Acoris\",\"isPartOf\":{\"@id\":\"https:\/\/acoris.lt\/#website\"},\"datePublished\":\"2025-02-27T05:44:29+00:00\",\"dateModified\":\"2025-02-27T05:44:34+00:00\",\"description\":\"Para restaurantes y otros establecimientos de catering, implementamos modernos sistemas digitales para servicios de publicidad, pre-reserva y pago de servicios, control y contabilizaci\u00f3n de la prestaci\u00f3n de servicios. Estos sistemas hacen que sus procesos de negocio sean m\u00e1s eficientes: garantizan el control sobre la prestaci\u00f3n de servicios y el pago de los mismos, ahorran recursos y tiempo a la instituci\u00f3n y aumentan la satisfacci\u00f3n del cliente con los servicios.\",\"breadcrumb\":{\"@id\":\"https:\/\/acoris.lt\/es\/establecimientos-de-hosteleria\/#breadcrumb\"},\"inLanguage\":\"es\",\"potentialAction\":[{\"@type\":\"ReadAction\",\"target\":[\"https:\/\/acoris.lt\/es\/establecimientos-de-hosteleria\/\"]}]},{\"@type\":\"BreadcrumbList\",\"@id\":\"https:\/\/acoris.lt\/es\/establecimientos-de-hosteleria\/#breadcrumb\",\"itemListElement\":[{\"@type\":\"ListItem\",\"position\":1,\"name\":\"Inicio\",\"item\":\"https:\/\/acoris.lt\/es\/\"},{\"@type\":\"ListItem\",\"position\":2,\"name\":\"Establecimientos de hosteler\u00eda\"}]},{\"@type\":\"WebSite\",\"@id\":\"https:\/\/acoris.lt\/#website\",\"url\":\"https:\/\/acoris.lt\/\",\"name\":\"Acoris\",\"description\":\"Integruotos sistemos\",\"publisher\":{\"@id\":\"https:\/\/acoris.lt\/#organization\"},\"potentialAction\":[{\"@type\":\"SearchAction\",\"target\":{\"@type\":\"EntryPoint\",\"urlTemplate\":\"https:\/\/acoris.lt\/?s={search_term_string}\"},\"query-input\":{\"@type\":\"PropertyValueSpecification\",\"valueRequired\":true,\"valueName\":\"search_term_string\"}}],\"inLanguage\":\"es\"},{\"@type\":\"Organization\",\"@id\":\"https:\/\/acoris.lt\/#organization\",\"name\":\"Acoris\",\"url\":\"https:\/\/acoris.lt\/\",\"logo\":{\"@type\":\"ImageObject\",\"inLanguage\":\"es\",\"@id\":\"https:\/\/acoris.lt\/#\/schema\/logo\/image\/\",\"url\":\"https:\/\/acoris.lt\/wp-content\/uploads\/2023\/12\/acoris.jpg\",\"contentUrl\":\"https:\/\/acoris.lt\/wp-content\/uploads\/2023\/12\/acoris.jpg\",\"width\":600,\"height\":600,\"caption\":\"Acoris\"},\"image\":{\"@id\":\"https:\/\/acoris.lt\/#\/schema\/logo\/image\/\"}}]}<\/script>\n<!-- \/ Yoast SEO plugin. -->","yoast_head_json":{"title":"Establecimientos de restauraci\u00f3n - Acoris","description":"Para restaurantes y otros establecimientos de catering, implementamos modernos sistemas digitales para servicios de publicidad, pre-reserva y pago de servicios, control y contabilizaci\u00f3n de la prestaci\u00f3n de servicios. Estos sistemas hacen que sus procesos de negocio sean m\u00e1s eficientes: garantizan el control sobre la prestaci\u00f3n de servicios y el pago de los mismos, ahorran recursos y tiempo a la instituci\u00f3n y aumentan la satisfacci\u00f3n del cliente con los servicios.","robots":{"index":"index","follow":"follow","max-snippet":"max-snippet:-1","max-image-preview":"max-image-preview:large","max-video-preview":"max-video-preview:-1"},"canonical":"https:\/\/acoris.lt\/es\/establecimientos-de-hosteleria\/","og_locale":"es_ES","og_type":"article","og_title":"Establecimientos de restauraci\u00f3n - Acoris","og_description":"Para restaurantes y otros establecimientos de catering, implementamos modernos sistemas digitales para servicios de publicidad, pre-reserva y pago de servicios, control y contabilizaci\u00f3n de la prestaci\u00f3n de servicios. Estos sistemas hacen que sus procesos de negocio sean m\u00e1s eficientes: garantizan el control sobre la prestaci\u00f3n de servicios y el pago de los mismos, ahorran recursos y tiempo a la instituci\u00f3n y aumentan la satisfacci\u00f3n del cliente con los servicios.","og_url":"https:\/\/acoris.lt\/es\/establecimientos-de-hosteleria\/","og_site_name":"Acoris","article_modified_time":"2025-02-27T05:44:34+00:00","og_image":[{"width":600,"height":600,"url":"https:\/\/acoris.lt\/wp-content\/uploads\/2023\/12\/acoris.jpg","type":"image\/jpeg"}],"twitter_card":"summary_large_image","twitter_misc":{"Tiempo de lectura":"5 minutos"},"schema":{"@context":"https:\/\/schema.org","@graph":[{"@type":"WebPage","@id":"https:\/\/acoris.lt\/es\/establecimientos-de-hosteleria\/","url":"https:\/\/acoris.lt\/es\/establecimientos-de-hosteleria\/","name":"Establecimientos de restauraci\u00f3n - Acoris","isPartOf":{"@id":"https:\/\/acoris.lt\/#website"},"datePublished":"2025-02-27T05:44:29+00:00","dateModified":"2025-02-27T05:44:34+00:00","description":"Para restaurantes y otros establecimientos de catering, implementamos modernos sistemas digitales para servicios de publicidad, pre-reserva y pago de servicios, control y contabilizaci\u00f3n de la prestaci\u00f3n de servicios. Estos sistemas hacen que sus procesos de negocio sean m\u00e1s eficientes: garantizan el control sobre la prestaci\u00f3n de servicios y el pago de los mismos, ahorran recursos y tiempo a la instituci\u00f3n y aumentan la satisfacci\u00f3n del cliente con los servicios.","breadcrumb":{"@id":"https:\/\/acoris.lt\/es\/establecimientos-de-hosteleria\/#breadcrumb"},"inLanguage":"es","potentialAction":[{"@type":"ReadAction","target":["https:\/\/acoris.lt\/es\/establecimientos-de-hosteleria\/"]}]},{"@type":"BreadcrumbList","@id":"https:\/\/acoris.lt\/es\/establecimientos-de-hosteleria\/#breadcrumb","itemListElement":[{"@type":"ListItem","position":1,"name":"Inicio","item":"https:\/\/acoris.lt\/es\/"},{"@type":"ListItem","position":2,"name":"Establecimientos de hosteler\u00eda"}]},{"@type":"WebSite","@id":"https:\/\/acoris.lt\/#website","url":"https:\/\/acoris.lt\/","name":"Acoris","description":"Integruotos sistemos","publisher":{"@id":"https:\/\/acoris.lt\/#organization"},"potentialAction":[{"@type":"SearchAction","target":{"@type":"EntryPoint","urlTemplate":"https:\/\/acoris.lt\/?s={search_term_string}"},"query-input":{"@type":"PropertyValueSpecification","valueRequired":true,"valueName":"search_term_string"}}],"inLanguage":"es"},{"@type":"Organization","@id":"https:\/\/acoris.lt\/#organization","name":"Acoris","url":"https:\/\/acoris.lt\/","logo":{"@type":"ImageObject","inLanguage":"es","@id":"https:\/\/acoris.lt\/#\/schema\/logo\/image\/","url":"https:\/\/acoris.lt\/wp-content\/uploads\/2023\/12\/acoris.jpg","contentUrl":"https:\/\/acoris.lt\/wp-content\/uploads\/2023\/12\/acoris.jpg","width":600,"height":600,"caption":"Acoris"},"image":{"@id":"https:\/\/acoris.lt\/#\/schema\/logo\/image\/"}}]}},"_links":{"self":[{"href":"https:\/\/acoris.lt\/es\/wp-json\/wp\/v2\/pages\/4450","targetHints":{"allow":["GET"]}}],"collection":[{"href":"https:\/\/acoris.lt\/es\/wp-json\/wp\/v2\/pages"}],"about":[{"href":"https:\/\/acoris.lt\/es\/wp-json\/wp\/v2\/types\/page"}],"author":[{"embeddable":true,"href":"https:\/\/acoris.lt\/es\/wp-json\/wp\/v2\/users\/1"}],"replies":[{"embeddable":true,"href":"https:\/\/acoris.lt\/es\/wp-json\/wp\/v2\/comments?post=4450"}],"version-history":[{"count":2,"href":"https:\/\/acoris.lt\/es\/wp-json\/wp\/v2\/pages\/4450\/revisions"}],"predecessor-version":[{"id":4493,"href":"https:\/\/acoris.lt\/es\/wp-json\/wp\/v2\/pages\/4450\/revisions\/4493"}],"wp:attachment":[{"href":"https:\/\/acoris.lt\/es\/wp-json\/wp\/v2\/media?parent=4450"}],"curies":[{"name":"wp","href":"https:\/\/api.w.org\/{rel}","templated":true}]}}