{"id":4505,"date":"2025-02-27T08:44:44","date_gmt":"2025-02-27T05:44:44","guid":{"rendered":"https:\/\/www.acoris.lt\/politica-de-privacidad-2\/"},"modified":"2025-02-27T08:44:44","modified_gmt":"2025-02-27T05:44:44","slug":"politica-de-privacidad-2","status":"publish","type":"page","link":"https:\/\/acoris.lt\/es\/politica-de-privacidad-2\/","title":{"rendered":"Pol\u00edtica de privacidad"},"content":{"rendered":"<header class=\"entry-header\">\n<h1 class=\"entry-title\">Pol\u00edtica de privacidad<\/h1>\n<\/header>\n<div id=\"primary\" class=\"content-area\">\n<p>&nbsp;<\/p>\n<div id=\"post-3\" class=\"post-3 page type-page status-publish hentry\">\n<div class=\"entry-content\">\n<ol class=\"wp-block-list\">\n<li>\u00bfQu\u00e9 informaci\u00f3n recopilamos?<br \/>\nPodemos recopilar, almacenar y utilizar los siguientes tipos de informaci\u00f3n:<\/li>\n<\/ol>\n<ul class=\"wp-block-list\">\n<li>informaci\u00f3n sobre su ordenador y sobre sus visitas a este sitio web y su uso de este sitio web (incluida su direcci\u00f3n IP, ubicaci\u00f3n geogr\u00e1fica, tipo de navegador, desde d\u00f3nde fue redirigido, la duraci\u00f3n de la visita y el n\u00famero de p\u00e1ginas vistas);<\/li>\n<li>informaci\u00f3n que nos proporciona con el fin de suscribirse a los servicios de nuestro sitio web, notificaciones por correo electr\u00f3nico y \/ o boletines informativos;<\/li>\n<li>cualquier otra informaci\u00f3n que nos env\u00ede a su elecci\u00f3n.<\/li>\n<\/ul>\n<ol class=\"wp-block-list\">\n<li>Cookies<br \/>\nLa cookie consiste en informaci\u00f3n enviada por el servidor web al navegador web y almacenada por el navegador, que luego se env\u00eda de vuelta al servidor cada vez que el navegador solicita una p\u00e1gina de ese servidor. Esto permite que el servidor de red identifique y rastree el navegador web. Utilizamos Google Analytics para analizar el uso de este sitio web. Google Analytics genera informaci\u00f3n estad\u00edstica y de otro tipo sobre el uso del sitio web utilizando cookies que se almacenan en los ordenadores de los usuarios. La informaci\u00f3n generada en relaci\u00f3n con nuestro sitio web se utiliza para crear informes sobre el uso de este sitio web. Esta informaci\u00f3n ser\u00e1 almacenada por Google. La pol\u00edtica de privacidad de Google est\u00e1 disponible aqu\u00ed: http:\/\/www.google.com\/privacypolicy.html . Nuestros anunciantes o proveedores de servicios de pago tambi\u00e9n pueden enviarle cookies. En nuestro sitio web, publicamos anuncios basados en intereses de Google Adsense. Son elegidos por Google de tal manera que reflejen sus intereses. Para determinar sus intereses, Google rastrear\u00e1 su comportamiento en l\u00ednea mediante cookies. Puede ver, eliminar y agregar categor\u00edas de inter\u00e9s asociadas con su navegador utilizando el Administrador de preferencias de anuncios de Google, que se puede encontrar en http:\/\/www.google.com\/ads\/preferences\/. Puede rechazar la cookie de la red de afiliados de Adsense en la direcci\u00f3n http:\/\/www.google.com\/privacy_ads.html . Sin embargo, este mecanismo de exclusi\u00f3n utiliza una cookie, y si elimina las cookies de su computadora, su exclusi\u00f3n no se guardar\u00e1. Para asegurarse de que la opci\u00f3n de exclusi\u00f3n se guarde en un navegador espec\u00edfico, debe utilizar el complemento del navegador de Google, que se puede encontrar en http:\/\/www.google.com\/ads\/preferences\/plugin . La mayor\u00eda de los navegadores le permiten no aceptar ninguna cookie, aunque ciertos navegadores le permiten no aceptar solo cookies de terceros. Por ejemplo, en Internet Explorer, puede rechazar todas las cookies haciendo clic en \u00abHerramientas\u00bb &gt; \u00abOpciones de Internet\u00bb &gt; \u00abPrivacidad\u00bb y seleccionando \u00abBloquear todas las cookies\u00bb (esto se hace desplazando el interruptor). Sin embargo, el bloqueo de todas las cookies tendr\u00e1 un impacto negativo en la capacidad de usar muchos sitios web, incluido este.                 <\/li>\n<li>Uso<br \/>\nde sus datos personales Los datos personales proporcionados en este sitio web se utilizar\u00e1n para los fines especificados en esta Pol\u00edtica de privacidad o en las partes pertinentes de este sitio web. Podemos utilizar su informaci\u00f3n personal para los siguientes fines: <\/li>\n<\/ol>\n<ul class=\"wp-block-list\">\n<li>Para la administraci\u00f3n del sitio web;<\/li>\n<li>para mejorar su experiencia de navegaci\u00f3n adaptando este sitio web a sus necesidades personales;<\/li>\n<li>con su consentimiento para enviarle nuestro bolet\u00edn informativo por correo electr\u00f3nico, que creemos que puede ser de su inter\u00e9s (puede informarnos en cualquier momento si ya no desea que se le env\u00ede el bolet\u00edn); <\/li>\n<li>proporcionar a terceros informaci\u00f3n estad\u00edstica sobre nuestros usuarios, pero esta informaci\u00f3n no se utilizar\u00e1 para identificar a ning\u00fan usuario individual;<br \/>\nSin su consentimiento expl\u00edcito, no proporcionaremos sus datos personales a terceros con fines de marketing directo.<\/li>\n<\/ul>\n<ol class=\"wp-block-list\">\n<li>Cambios en<br \/>\nla Pol\u00edtica Es posible que actualicemos esta Pol\u00edtica de Privacidad de vez en cuando mediante la publicaci\u00f3n de una nueva versi\u00f3n en nuestro sitio web. De vez en cuando, debe revisar esta p\u00e1gina para asegurarse de que est\u00e1 satisfecho con los cambios. <\/li>\n<li>Sitios web<br \/>\nde terceros Este sitio web contiene enlaces a otros sitios web. No somos responsables de las pol\u00edticas o pr\u00e1cticas de privacidad de los sitios web de terceros. <\/li>\n<\/ol>\n<p>P\u00f3ngase en contacto con nosotros si tiene alguna pregunta: <a href=\"mailto:info@acoris.lt\">info@acoris.lt<\/a><\/p>\n<\/div>\n<\/div>\n<p>&nbsp;\n<\/p><\/div>\n<h1>Declaraci\u00f3n de cookies<\/h1>\n<p><script>\n    !function(de,cl,ar,at,i,o,n){\n        let a=de.createElement(at),b=[\/^\\\/([a-z]{2})([_-][a-z]{2})?(\\\/.*)?$\/g.exec(cl),\n        \/^([a-z]{2})\\.\/.exec(ar),\/\\.([a-z]{2,})$\/.exec(ar)],c={at:\"de\",au:\"en\",ca:\"en\",cz:\n        \"cs\",dk:\"da\",ee:\"et\",no:\"nb\",se:\"sv\",uk:\"en\"},d=de.scripts,e=d[d.length-1],f=0;\n        for(f of b){b=f?f[1]:n;if(f)break}b=b.length!=2?o:b;b=c[b]?c[b]:b;a.id=i;a.dataset.\n        culture=b;a.src=`https:\/\/consent.cookiebot.com\/${o}\/cd.js`;e.parentNode.\n        insertBefore(a,e)\n    }(document,location.pathname,location.hostname,\"script\",\n    \"CookieDeclaration\",\"25b6ce5e-bfa7-4458-a47e-f96f05ce8a72\",\"lt\");\n<\/script><\/p>\n","protected":false},"excerpt":{"rendered":"<p>Pol\u00edtica de privacidad &nbsp; \u00bfQu\u00e9 informaci\u00f3n recopilamos? Podemos recopilar, almacenar y utilizar los siguientes tipos de informaci\u00f3n: informaci\u00f3n sobre su ordenador y sobre sus visitas a este sitio web y su uso de este sitio web (incluida su direcci\u00f3n IP, ubicaci\u00f3n geogr\u00e1fica, tipo de navegador, desde d\u00f3nde fue redirigido, la duraci\u00f3n de la visita y [&hellip;]<\/p>\n","protected":false},"author":1,"featured_media":0,"parent":0,"menu_order":0,"comment_status":"closed","ping_status":"closed","template":"","meta":{"_acf_changed":false,"_monsterinsights_skip_tracking":false,"_monsterinsights_sitenote_active":false,"_monsterinsights_sitenote_note":"","_monsterinsights_sitenote_category":0,"footnotes":""},"class_list":["post-4505","page","type-page","status-publish","hentry"],"acf":[],"yoast_head":"<!-- This site is optimized with the Yoast SEO plugin v27.4 - https:\/\/yoast.com\/product\/yoast-seo-wordpress\/ -->\n<title>Pol\u00edtica de privacidad - Acoris<\/title>\n<meta name=\"robots\" content=\"index, follow, max-snippet:-1, max-image-preview:large, max-video-preview:-1\" \/>\n<link rel=\"canonical\" href=\"https:\/\/acoris.lt\/es\/politica-de-privacidad-2\/\" \/>\n<meta property=\"og:locale\" content=\"es_ES\" \/>\n<meta property=\"og:type\" content=\"article\" \/>\n<meta property=\"og:title\" content=\"Pol\u00edtica de privacidad - Acoris\" \/>\n<meta property=\"og:description\" content=\"Pol\u00edtica de privacidad &nbsp; \u00bfQu\u00e9 informaci\u00f3n recopilamos? Podemos recopilar, almacenar y utilizar los siguientes tipos de informaci\u00f3n: informaci\u00f3n sobre su ordenador y sobre sus visitas a este sitio web y su uso de este sitio web (incluida su direcci\u00f3n IP, ubicaci\u00f3n geogr\u00e1fica, tipo de navegador, desde d\u00f3nde fue redirigido, la duraci\u00f3n de la visita y [&hellip;]\" \/>\n<meta property=\"og:url\" content=\"https:\/\/acoris.lt\/es\/politica-de-privacidad-2\/\" \/>\n<meta property=\"og:site_name\" content=\"Acoris\" \/>\n<meta property=\"og:image\" content=\"https:\/\/acoris.lt\/wp-content\/uploads\/2023\/12\/acoris.jpg\" \/>\n\t<meta property=\"og:image:width\" content=\"600\" \/>\n\t<meta property=\"og:image:height\" content=\"600\" \/>\n\t<meta property=\"og:image:type\" content=\"image\/jpeg\" \/>\n<meta name=\"twitter:card\" content=\"summary_large_image\" \/>\n<meta name=\"twitter:label1\" content=\"Tiempo de lectura\" \/>\n\t<meta name=\"twitter:data1\" content=\"4 minutos\" \/>\n<script type=\"application\/ld+json\" class=\"yoast-schema-graph\">{\"@context\":\"https:\\\/\\\/schema.org\",\"@graph\":[{\"@type\":\"WebPage\",\"@id\":\"https:\\\/\\\/acoris.lt\\\/es\\\/politica-de-privacidad-2\\\/\",\"url\":\"https:\\\/\\\/acoris.lt\\\/es\\\/politica-de-privacidad-2\\\/\",\"name\":\"Pol\u00edtica de privacidad - Acoris\",\"isPartOf\":{\"@id\":\"https:\\\/\\\/acoris.lt\\\/#website\"},\"datePublished\":\"2025-02-27T05:44:44+00:00\",\"breadcrumb\":{\"@id\":\"https:\\\/\\\/acoris.lt\\\/es\\\/politica-de-privacidad-2\\\/#breadcrumb\"},\"inLanguage\":\"es\",\"potentialAction\":[{\"@type\":\"ReadAction\",\"target\":[\"https:\\\/\\\/acoris.lt\\\/es\\\/politica-de-privacidad-2\\\/\"]}]},{\"@type\":\"BreadcrumbList\",\"@id\":\"https:\\\/\\\/acoris.lt\\\/es\\\/politica-de-privacidad-2\\\/#breadcrumb\",\"itemListElement\":[{\"@type\":\"ListItem\",\"position\":1,\"name\":\"Inicio\",\"item\":\"https:\\\/\\\/acoris.lt\\\/es\\\/\"},{\"@type\":\"ListItem\",\"position\":2,\"name\":\"Pol\u00edtica de privacidad\"}]},{\"@type\":\"WebSite\",\"@id\":\"https:\\\/\\\/acoris.lt\\\/#website\",\"url\":\"https:\\\/\\\/acoris.lt\\\/\",\"name\":\"Acoris\",\"description\":\"Integruotos sistemos\",\"publisher\":{\"@id\":\"https:\\\/\\\/acoris.lt\\\/#organization\"},\"potentialAction\":[{\"@type\":\"SearchAction\",\"target\":{\"@type\":\"EntryPoint\",\"urlTemplate\":\"https:\\\/\\\/acoris.lt\\\/?s={search_term_string}\"},\"query-input\":{\"@type\":\"PropertyValueSpecification\",\"valueRequired\":true,\"valueName\":\"search_term_string\"}}],\"inLanguage\":\"es\"},{\"@type\":\"Organization\",\"@id\":\"https:\\\/\\\/acoris.lt\\\/#organization\",\"name\":\"Acoris\",\"url\":\"https:\\\/\\\/acoris.lt\\\/\",\"logo\":{\"@type\":\"ImageObject\",\"inLanguage\":\"es\",\"@id\":\"https:\\\/\\\/acoris.lt\\\/#\\\/schema\\\/logo\\\/image\\\/\",\"url\":\"https:\\\/\\\/acoris.lt\\\/wp-content\\\/uploads\\\/2023\\\/12\\\/acoris.jpg\",\"contentUrl\":\"https:\\\/\\\/acoris.lt\\\/wp-content\\\/uploads\\\/2023\\\/12\\\/acoris.jpg\",\"width\":600,\"height\":600,\"caption\":\"Acoris\"},\"image\":{\"@id\":\"https:\\\/\\\/acoris.lt\\\/#\\\/schema\\\/logo\\\/image\\\/\"}}]}<\/script>\n<!-- \/ Yoast SEO plugin. -->","yoast_head_json":{"title":"Pol\u00edtica de privacidad - Acoris","robots":{"index":"index","follow":"follow","max-snippet":"max-snippet:-1","max-image-preview":"max-image-preview:large","max-video-preview":"max-video-preview:-1"},"canonical":"https:\/\/acoris.lt\/es\/politica-de-privacidad-2\/","og_locale":"es_ES","og_type":"article","og_title":"Pol\u00edtica de privacidad - Acoris","og_description":"Pol\u00edtica de privacidad &nbsp; \u00bfQu\u00e9 informaci\u00f3n recopilamos? Podemos recopilar, almacenar y utilizar los siguientes tipos de informaci\u00f3n: informaci\u00f3n sobre su ordenador y sobre sus visitas a este sitio web y su uso de este sitio web (incluida su direcci\u00f3n IP, ubicaci\u00f3n geogr\u00e1fica, tipo de navegador, desde d\u00f3nde fue redirigido, la duraci\u00f3n de la visita y [&hellip;]","og_url":"https:\/\/acoris.lt\/es\/politica-de-privacidad-2\/","og_site_name":"Acoris","og_image":[{"width":600,"height":600,"url":"https:\/\/acoris.lt\/wp-content\/uploads\/2023\/12\/acoris.jpg","type":"image\/jpeg"}],"twitter_card":"summary_large_image","twitter_misc":{"Tiempo de lectura":"4 minutos"},"schema":{"@context":"https:\/\/schema.org","@graph":[{"@type":"WebPage","@id":"https:\/\/acoris.lt\/es\/politica-de-privacidad-2\/","url":"https:\/\/acoris.lt\/es\/politica-de-privacidad-2\/","name":"Pol\u00edtica de privacidad - Acoris","isPartOf":{"@id":"https:\/\/acoris.lt\/#website"},"datePublished":"2025-02-27T05:44:44+00:00","breadcrumb":{"@id":"https:\/\/acoris.lt\/es\/politica-de-privacidad-2\/#breadcrumb"},"inLanguage":"es","potentialAction":[{"@type":"ReadAction","target":["https:\/\/acoris.lt\/es\/politica-de-privacidad-2\/"]}]},{"@type":"BreadcrumbList","@id":"https:\/\/acoris.lt\/es\/politica-de-privacidad-2\/#breadcrumb","itemListElement":[{"@type":"ListItem","position":1,"name":"Inicio","item":"https:\/\/acoris.lt\/es\/"},{"@type":"ListItem","position":2,"name":"Pol\u00edtica de privacidad"}]},{"@type":"WebSite","@id":"https:\/\/acoris.lt\/#website","url":"https:\/\/acoris.lt\/","name":"Acoris","description":"Integruotos sistemos","publisher":{"@id":"https:\/\/acoris.lt\/#organization"},"potentialAction":[{"@type":"SearchAction","target":{"@type":"EntryPoint","urlTemplate":"https:\/\/acoris.lt\/?s={search_term_string}"},"query-input":{"@type":"PropertyValueSpecification","valueRequired":true,"valueName":"search_term_string"}}],"inLanguage":"es"},{"@type":"Organization","@id":"https:\/\/acoris.lt\/#organization","name":"Acoris","url":"https:\/\/acoris.lt\/","logo":{"@type":"ImageObject","inLanguage":"es","@id":"https:\/\/acoris.lt\/#\/schema\/logo\/image\/","url":"https:\/\/acoris.lt\/wp-content\/uploads\/2023\/12\/acoris.jpg","contentUrl":"https:\/\/acoris.lt\/wp-content\/uploads\/2023\/12\/acoris.jpg","width":600,"height":600,"caption":"Acoris"},"image":{"@id":"https:\/\/acoris.lt\/#\/schema\/logo\/image\/"}}]}},"_links":{"self":[{"href":"https:\/\/acoris.lt\/es\/wp-json\/wp\/v2\/pages\/4505","targetHints":{"allow":["GET"]}}],"collection":[{"href":"https:\/\/acoris.lt\/es\/wp-json\/wp\/v2\/pages"}],"about":[{"href":"https:\/\/acoris.lt\/es\/wp-json\/wp\/v2\/types\/page"}],"author":[{"embeddable":true,"href":"https:\/\/acoris.lt\/es\/wp-json\/wp\/v2\/users\/1"}],"replies":[{"embeddable":true,"href":"https:\/\/acoris.lt\/es\/wp-json\/wp\/v2\/comments?post=4505"}],"version-history":[{"count":0,"href":"https:\/\/acoris.lt\/es\/wp-json\/wp\/v2\/pages\/4505\/revisions"}],"wp:attachment":[{"href":"https:\/\/acoris.lt\/es\/wp-json\/wp\/v2\/media?parent=4505"}],"curies":[{"name":"wp","href":"https:\/\/api.w.org\/{rel}","templated":true}]}}