{"id":4520,"date":"2025-02-27T08:46:22","date_gmt":"2025-02-27T05:46:22","guid":{"rendered":"https:\/\/www.acoris.lt\/acerca-de-acoris\/"},"modified":"2025-02-27T08:46:25","modified_gmt":"2025-02-27T05:46:25","slug":"acerca-de-acoris","status":"publish","type":"page","link":"https:\/\/acoris.lt\/es\/acerca-de-acoris\/","title":{"rendered":"Acerca de Acoris"},"content":{"rendered":"<div class=\"wpb-content-wrapper\"><p>[vc_row][vc_column width=\u00bb1\/2&#8243;][vc_column_text]Albinas Ba\u010dili\u016bnas, fundador y jefe del equipo \u00abAcoris\u00bb de la UAB, es ingeniero en electr\u00f3nica, doctor en ciencias t\u00e9cnicas. Muchos a\u00f1os de experiencia como cient\u00edfico e innovador ayudaron a reunir un equipo de profesionales y hoy en d\u00eda la empresa est\u00e1 implementando con \u00e9xito sistemas integrados para los clientes con el fin de aumentar la eficiencia de los procesos comerciales. <\/p>\n<p>Nuestros sistemas integrados implementados y espec\u00edficos del cliente realizan la medici\u00f3n automatizada de los par\u00e1metros del proceso, los analizan y permiten controlarlos en tiempo real. Esto aumenta la eficiencia de las actividades de las empresas manufactureras. Con soluciones innovadoras que implementamos en empresas manufactureras, empresas de servicios, instituciones cient\u00edficas, ayudamos a nuestros clientes a gestionar los recursos materiales y humanos, y los datos que recibimos, analizamos y ajustamos en tiempo real garantizan que con nosotros se brinde una producci\u00f3n m\u00e1s eficiente, se brinden servicios mejores y m\u00e1s atractivos a sus clientes, y juntos hagamos crecer su ventaja competitiva en el mercado.[\/vc_column_text][\/vc_column][vc_column width=\u00bb1\/2&#8243;][vc_single_image image=\u00bb4521&#8243; img_size=\u00bbfull\u00bb alignment=\u00bbcenter\u00bb css_animation=\u00bbfadeIn\u00bb][\/vc_column][\/vc_row][vc_row][vc_column][vc_separator border_width=\u00bb3&#8243;][\/vc_column][\/vc_row][vc_row][vc_column][vc_column_text]En el negocio de la tecnolog\u00eda, la mejora continua es de suma importancia, porque a medida que las innovaciones cambian y progresan, el participante en este negocio no solo debe estar interesado, sino que debe participar activamente, probar, comprender, aplicar innovaciones creativamente en soluciones espec\u00edficas todo el tiempo. La destreza y energ\u00eda del jefe de la empresa para vivir en el centro de los eventos le anima a participar en los foros m\u00e1s diversos del mundo: Estados Unidos, Singapur, Tel Aviv, Berl\u00edn, Bruselas y muchos otros centros de alta tecnolog\u00eda del mundo. Los productos desarrollados son reconocidos por la comunidad internacional: se ha emitido una patente para el \u00abSistema de gesti\u00f3n de servicios electr\u00f3nicos multifuncional\u00bb junto con colegas cient\u00edficos de KTU, y en el Foro de Innovaci\u00f3n Estados Unidos-China en Silicon Valley se seleccion\u00f3 entre las mejores innovaciones y se le otorg\u00f3 el premio a la innovaci\u00f3n.[\/vc_column_text][vc_column_text]A su vez, el conocimiento se convierte en sistemas desarrollados y desarrollados que implementamos para nuestros clientes. Comenzando con la implementaci\u00f3n de sistemas de control de acceso, hoy ofrecemos a nuestros clientes complejos sistemas automatizados de control y gesti\u00f3n para procesos de producci\u00f3n complejos. Los sistemas de herramientas, personas, tiempo de trabajo, contabilidad, control implementados en el sector de servicios permiten a los clientes no solo organizar los procesos internos de manera eficiente y fluida, sino que tambi\u00e9n brindan grandes oportunidades para el marketing y la creaci\u00f3n de imagen.[\/vc_column_text][vc_column_text]Los sistemas integrados se adaptan individualmente a las necesidades del cliente. Realizamos auditor\u00edas tecnol\u00f3gicas (necesarias para obtener financiaci\u00f3n de las medidas de la UE para la digitalizaci\u00f3n), evaluamos la situaci\u00f3n y los objetivos, identificamos oportunidades, necesidades, registramos el resultado a conseguir, presentamos un proyecto, implementamos y seguimos manteniendo el sistema.[\/vc_column_text][\/vc_column][\/vc_row][vc_row full_width=\u00bbstretch_row\u00bb css=\u00bb.vc_custom_1618243945867{background-color: #174894 !important;}\u00bb][vc_column][vc_column_text]<span style=\"color: #ffffff;\"><em>ACORIS.<\/em> EL EQUIPO SIEMPRE OFRECER\u00c1 UNA SOLUCI\u00d3N PARA HACER SUS ACTIVIDADES M\u00c1S EFICIENTES CON LA AYUDA DE TECNOLOG\u00cdAS NUEVAS Y CADA VEZ M\u00c1S AVANZADAS, PARA DAR IMPULSO A SU NEGOCIO, PARA AYUDAR A FORTALECER SU PODER COMPETITIVO EN UN MERCADO DIN\u00c1MICO.<\/span>[\/vc_column_text][\/vc_column][\/vc_row]<\/p>\n<\/div>","protected":false},"excerpt":{"rendered":"<p>[vc_row][vc_column width=\u00bb1\/2&#8243;][vc_column_text]Albinas Ba\u010dili\u016bnas, fundador y jefe del equipo \u00abAcoris\u00bb de la UAB, es ingeniero en electr\u00f3nica, doctor en ciencias t\u00e9cnicas. Muchos a\u00f1os de experiencia como cient\u00edfico e innovador ayudaron a reunir un equipo de profesionales y hoy en d\u00eda la empresa est\u00e1 implementando con \u00e9xito sistemas integrados para los clientes con el fin de aumentar [&hellip;]<\/p>\n","protected":false},"author":1,"featured_media":0,"parent":0,"menu_order":0,"comment_status":"closed","ping_status":"closed","template":"","meta":{"_acf_changed":false,"_monsterinsights_skip_tracking":false,"_monsterinsights_sitenote_active":false,"_monsterinsights_sitenote_note":"","_monsterinsights_sitenote_category":0,"footnotes":""},"class_list":["post-4520","page","type-page","status-publish","hentry"],"acf":[],"yoast_head":"<!-- This site is optimized with the Yoast SEO plugin v27.2 - https:\/\/yoast.com\/product\/yoast-seo-wordpress\/ -->\n<title>Acerca de Acoris - Acoris<\/title>\n<meta name=\"description\" content=\"UAB Acoris implementa y mantiene procesos de negocio integrados para aumentar la eficiencia. Reserva de servicios, pago, control, control de recursos y contabilidad, sistemas de seguimiento de procesos.\" \/>\n<meta name=\"robots\" content=\"index, follow, max-snippet:-1, max-image-preview:large, max-video-preview:-1\" \/>\n<link rel=\"canonical\" href=\"https:\/\/acoris.lt\/es\/acerca-de-acoris\/\" \/>\n<meta property=\"og:locale\" content=\"es_ES\" \/>\n<meta property=\"og:type\" content=\"article\" \/>\n<meta property=\"og:title\" content=\"Acerca de Acoris - Acoris\" \/>\n<meta property=\"og:description\" content=\"UAB Acoris implementa y mantiene procesos de negocio integrados para aumentar la eficiencia. Reserva de servicios, pago, control, control de recursos y contabilidad, sistemas de seguimiento de procesos.\" \/>\n<meta property=\"og:url\" content=\"https:\/\/acoris.lt\/es\/acerca-de-acoris\/\" \/>\n<meta property=\"og:site_name\" content=\"Acoris\" \/>\n<meta property=\"article:modified_time\" content=\"2025-02-27T05:46:25+00:00\" \/>\n<meta property=\"og:image\" content=\"https:\/\/acoris.lt\/wp-content\/uploads\/2023\/12\/acoris.jpg\" \/>\n\t<meta property=\"og:image:width\" content=\"600\" \/>\n\t<meta property=\"og:image:height\" content=\"600\" \/>\n\t<meta property=\"og:image:type\" content=\"image\/jpeg\" \/>\n<meta name=\"twitter:card\" content=\"summary_large_image\" \/>\n<meta name=\"twitter:label1\" content=\"Tiempo de lectura\" \/>\n\t<meta name=\"twitter:data1\" content=\"3 minutos\" \/>\n<script type=\"application\/ld+json\" class=\"yoast-schema-graph\">{\"@context\":\"https:\/\/schema.org\",\"@graph\":[{\"@type\":\"WebPage\",\"@id\":\"https:\/\/acoris.lt\/es\/acerca-de-acoris\/\",\"url\":\"https:\/\/acoris.lt\/es\/acerca-de-acoris\/\",\"name\":\"Acerca de Acoris - Acoris\",\"isPartOf\":{\"@id\":\"https:\/\/acoris.lt\/#website\"},\"datePublished\":\"2025-02-27T05:46:22+00:00\",\"dateModified\":\"2025-02-27T05:46:25+00:00\",\"description\":\"UAB Acoris implementa y mantiene procesos de negocio integrados para aumentar la eficiencia. Reserva de servicios, pago, control, control de recursos y contabilidad, sistemas de seguimiento de procesos.\",\"breadcrumb\":{\"@id\":\"https:\/\/acoris.lt\/es\/acerca-de-acoris\/#breadcrumb\"},\"inLanguage\":\"es\",\"potentialAction\":[{\"@type\":\"ReadAction\",\"target\":[\"https:\/\/acoris.lt\/es\/acerca-de-acoris\/\"]}]},{\"@type\":\"BreadcrumbList\",\"@id\":\"https:\/\/acoris.lt\/es\/acerca-de-acoris\/#breadcrumb\",\"itemListElement\":[{\"@type\":\"ListItem\",\"position\":1,\"name\":\"Inicio\",\"item\":\"https:\/\/acoris.lt\/es\/\"},{\"@type\":\"ListItem\",\"position\":2,\"name\":\"Acerca de Acoris\"}]},{\"@type\":\"WebSite\",\"@id\":\"https:\/\/acoris.lt\/#website\",\"url\":\"https:\/\/acoris.lt\/\",\"name\":\"Acoris\",\"description\":\"Integruotos sistemos\",\"publisher\":{\"@id\":\"https:\/\/acoris.lt\/#organization\"},\"potentialAction\":[{\"@type\":\"SearchAction\",\"target\":{\"@type\":\"EntryPoint\",\"urlTemplate\":\"https:\/\/acoris.lt\/?s={search_term_string}\"},\"query-input\":{\"@type\":\"PropertyValueSpecification\",\"valueRequired\":true,\"valueName\":\"search_term_string\"}}],\"inLanguage\":\"es\"},{\"@type\":\"Organization\",\"@id\":\"https:\/\/acoris.lt\/#organization\",\"name\":\"Acoris\",\"url\":\"https:\/\/acoris.lt\/\",\"logo\":{\"@type\":\"ImageObject\",\"inLanguage\":\"es\",\"@id\":\"https:\/\/acoris.lt\/#\/schema\/logo\/image\/\",\"url\":\"https:\/\/acoris.lt\/wp-content\/uploads\/2023\/12\/acoris.jpg\",\"contentUrl\":\"https:\/\/acoris.lt\/wp-content\/uploads\/2023\/12\/acoris.jpg\",\"width\":600,\"height\":600,\"caption\":\"Acoris\"},\"image\":{\"@id\":\"https:\/\/acoris.lt\/#\/schema\/logo\/image\/\"}}]}<\/script>\n<!-- \/ Yoast SEO plugin. -->","yoast_head_json":{"title":"Acerca de Acoris - Acoris","description":"UAB Acoris implementa y mantiene procesos de negocio integrados para aumentar la eficiencia. Reserva de servicios, pago, control, control de recursos y contabilidad, sistemas de seguimiento de procesos.","robots":{"index":"index","follow":"follow","max-snippet":"max-snippet:-1","max-image-preview":"max-image-preview:large","max-video-preview":"max-video-preview:-1"},"canonical":"https:\/\/acoris.lt\/es\/acerca-de-acoris\/","og_locale":"es_ES","og_type":"article","og_title":"Acerca de Acoris - Acoris","og_description":"UAB Acoris implementa y mantiene procesos de negocio integrados para aumentar la eficiencia. Reserva de servicios, pago, control, control de recursos y contabilidad, sistemas de seguimiento de procesos.","og_url":"https:\/\/acoris.lt\/es\/acerca-de-acoris\/","og_site_name":"Acoris","article_modified_time":"2025-02-27T05:46:25+00:00","og_image":[{"width":600,"height":600,"url":"https:\/\/acoris.lt\/wp-content\/uploads\/2023\/12\/acoris.jpg","type":"image\/jpeg"}],"twitter_card":"summary_large_image","twitter_misc":{"Tiempo de lectura":"3 minutos"},"schema":{"@context":"https:\/\/schema.org","@graph":[{"@type":"WebPage","@id":"https:\/\/acoris.lt\/es\/acerca-de-acoris\/","url":"https:\/\/acoris.lt\/es\/acerca-de-acoris\/","name":"Acerca de Acoris - Acoris","isPartOf":{"@id":"https:\/\/acoris.lt\/#website"},"datePublished":"2025-02-27T05:46:22+00:00","dateModified":"2025-02-27T05:46:25+00:00","description":"UAB Acoris implementa y mantiene procesos de negocio integrados para aumentar la eficiencia. Reserva de servicios, pago, control, control de recursos y contabilidad, sistemas de seguimiento de procesos.","breadcrumb":{"@id":"https:\/\/acoris.lt\/es\/acerca-de-acoris\/#breadcrumb"},"inLanguage":"es","potentialAction":[{"@type":"ReadAction","target":["https:\/\/acoris.lt\/es\/acerca-de-acoris\/"]}]},{"@type":"BreadcrumbList","@id":"https:\/\/acoris.lt\/es\/acerca-de-acoris\/#breadcrumb","itemListElement":[{"@type":"ListItem","position":1,"name":"Inicio","item":"https:\/\/acoris.lt\/es\/"},{"@type":"ListItem","position":2,"name":"Acerca de Acoris"}]},{"@type":"WebSite","@id":"https:\/\/acoris.lt\/#website","url":"https:\/\/acoris.lt\/","name":"Acoris","description":"Integruotos sistemos","publisher":{"@id":"https:\/\/acoris.lt\/#organization"},"potentialAction":[{"@type":"SearchAction","target":{"@type":"EntryPoint","urlTemplate":"https:\/\/acoris.lt\/?s={search_term_string}"},"query-input":{"@type":"PropertyValueSpecification","valueRequired":true,"valueName":"search_term_string"}}],"inLanguage":"es"},{"@type":"Organization","@id":"https:\/\/acoris.lt\/#organization","name":"Acoris","url":"https:\/\/acoris.lt\/","logo":{"@type":"ImageObject","inLanguage":"es","@id":"https:\/\/acoris.lt\/#\/schema\/logo\/image\/","url":"https:\/\/acoris.lt\/wp-content\/uploads\/2023\/12\/acoris.jpg","contentUrl":"https:\/\/acoris.lt\/wp-content\/uploads\/2023\/12\/acoris.jpg","width":600,"height":600,"caption":"Acoris"},"image":{"@id":"https:\/\/acoris.lt\/#\/schema\/logo\/image\/"}}]}},"_links":{"self":[{"href":"https:\/\/acoris.lt\/es\/wp-json\/wp\/v2\/pages\/4520","targetHints":{"allow":["GET"]}}],"collection":[{"href":"https:\/\/acoris.lt\/es\/wp-json\/wp\/v2\/pages"}],"about":[{"href":"https:\/\/acoris.lt\/es\/wp-json\/wp\/v2\/types\/page"}],"author":[{"embeddable":true,"href":"https:\/\/acoris.lt\/es\/wp-json\/wp\/v2\/users\/1"}],"replies":[{"embeddable":true,"href":"https:\/\/acoris.lt\/es\/wp-json\/wp\/v2\/comments?post=4520"}],"version-history":[{"count":5,"href":"https:\/\/acoris.lt\/es\/wp-json\/wp\/v2\/pages\/4520\/revisions"}],"predecessor-version":[{"id":4534,"href":"https:\/\/acoris.lt\/es\/wp-json\/wp\/v2\/pages\/4520\/revisions\/4534"}],"wp:attachment":[{"href":"https:\/\/acoris.lt\/es\/wp-json\/wp\/v2\/media?parent=4520"}],"curies":[{"name":"wp","href":"https:\/\/api.w.org\/{rel}","templated":true}]}}