{"id":4530,"date":"2025-02-27T08:46:23","date_gmt":"2025-02-27T05:46:23","guid":{"rendered":"https:\/\/www.acoris.lt\/balneario\/"},"modified":"2025-02-27T08:46:23","modified_gmt":"2025-02-27T05:46:23","slug":"balneario","status":"publish","type":"page","link":"https:\/\/acoris.lt\/es\/balneario\/","title":{"rendered":"BALNEARIO"},"content":{"rendered":"<p>Con el fin de aumentar la eficiencia empresarial y ser m\u00e1s atractivos para los clientes, los servicios digitales se han introducido cada vez m\u00e1s en todo el mundo.<\/p>\n<p>Para ello, se utilizan con mayor frecuencia las tarjetas electr\u00f3nicas y los tel\u00e9fonos inteligentes, que act\u00faan como identificador personal y billetera electr\u00f3nica . Con su ayuda, es posible dar cuenta de los servicios o bienes prestados, identificar a los participantes en concursos y otras actividades. <\/p>\n<h2><strong>Las principales funciones del sistema<\/strong><\/h2>\n<ol>\n<li><strong>Asistente personal.<\/strong>  Para los participantes, se elabora un programa de actividades (competiciones, frotamientos, comidas, procedimientos, entretenimiento, etc.), que se almacena en el ordenador central. Los participantes pueden ver los gr\u00e1ficos en su sala a trav\u00e9s de la televisi\u00f3n en l\u00ednea o en infoterminales instalados en lugares convenientes (oficinas, vest\u00edbulos, etc.). Con la ayuda de la televisi\u00f3n interactiva, tambi\u00e9n es posible pedir y ver pel\u00edculas pagas, monitorear la programaci\u00f3n de procedimientos, reservar los servicios deseados, recibir recordatorios sobre eventos, etc.  <strong> <\/strong><\/li>\n<\/ol>\n<ol start=\"2\">\n<li><strong>Acceso controlado al recinto.<\/strong>  En los lugares de prestaci\u00f3n de servicios (competiciones, entrenamientos, comedor, lugares de prestaci\u00f3n de entretenimiento, etc.), se instalan terminales, que se conectan a la computadora central. Para que el participante pueda entrar en cualquier habitaci\u00f3n, seg\u00fan su tarjeta, se comprueba si tiene derecho a hacerlo en ese momento, y tambi\u00e9n se puede contabilizar la hora del servicio prestado (registro de la llegada y salida al sol\u00e1rium, piscina, sauna). La tarjeta puede servir y como llave para entrar en la sala, en la entrada de la instituci\u00f3n, etc. Las tarjetas son especialmente convenientes para contabilizar grupos de participantes, por ejemplo, al salir del autob\u00fas, el gerente registra a todas las personas con un tel\u00e9fono m\u00f3vil NFC, y cuando regresan de la exposici\u00f3n o tienda, escanean las tarjetas y ven cu\u00e1ntos m\u00e1s y qu\u00e9 participantes faltan, pueden llamarlos de inmediato.<\/li>\n<\/ol>\n<ol start=\"3\">\n<li><strong>Contabilidad de inventarios.<\/strong>  Con la ayuda de etiquetas, es posible identificar el inventario utilizado (bicicletas, ajedrez, raquetas de tenis), las llaves de las instalaciones individuales, luego se registra autom\u00e1ticamente qu\u00e9 cliente us\u00f3 qu\u00e9 inventario durante cu\u00e1nto tiempo.<\/li>\n<\/ol>\n<ol start=\"4\">\n<li>Estas etiquetas tambi\u00e9n se pueden utilizar <strong>para registrar los resultados de la competici\u00f3n<\/strong>. A continuaci\u00f3n, se instalan en el material deportivo correspondiente (bicicleta, barco, orientaci\u00f3n, etc.), se escanea la marca durante la salida y la llegada, registrando as\u00ed el tiempo empleado. <\/li>\n<\/ol>\n<ol start=\"5\">\n<li><strong>Terminales de autoservicio.  <\/strong>Cuando los lectores de tarjetas est\u00e1n instalados en m\u00e1quinas de caf\u00e9, impresoras, lavadoras y otros dispositivos de uso frecuente, los clientes pueden usarlos para ayudar con la ayuda de la tarjeta (sin necesidad de personal, efectivo).<\/li>\n<\/ol>\n<ol start=\"6\">\n<li><strong>Certificado de empleados.<\/strong>  Tarjetas similares pueden ser sostenidas por organizadores, periodistas, otras personas, asegurando as\u00ed el control sobre su entrada y salida del trabajo (formaci\u00f3n autom\u00e1tica de una hoja de tiempo), controlar el acceso a las instalaciones y la realizaci\u00f3n del trabajo planificado, el uso de los recursos de la instituci\u00f3n (caf\u00e9, catering, impresora, etc.)<\/li>\n<\/ol>\n<ol start=\"7\">\n<li><strong>Las tarjetas pueden ser permanentes, personalizadas, con prepago:<\/strong><\/li>\n<\/ol>\n<ul>\n<li>Permanente: una tarjeta de instituci\u00f3n atractiva con su n\u00famero. Se emite al cliente a su llegada, se utiliza durante todo el tiempo de estancia en la instituci\u00f3n y se le devuelve a su salida; <\/li>\n<li>Personalizada: la tarjeta se puede reservar o hacer a la llegada del cliente por una tarifa separada con el nombre (foto) (como recuerdo, descuento para la pr\u00f3xima visita, etc.)<\/li>\n<li>\u00abpago anticipado\u00bb: dep\u00f3sito parcial (anticipado) de dinero para pagar determinados servicios<\/li>\n<\/ul>\n<p>El sistema de tarjetas <strong>puede integrarse con los<\/strong> sistemas internos de contabilidad y gesti\u00f3n empresarial de la instituci\u00f3n.<\/p>\n<h2><strong>Los beneficios de instalar tarjetas electr\u00f3nicas<\/strong><\/h2>\n<p><strong>Clientela:<\/strong><\/p>\n<ul>\n<li>Consuelo. Con solo una tarjeta, es posible ingresar a las competiciones o actividades programadas, locales separados, comedor, entretenimientos varios, conocer los horarios de los eventos y obtener otra informaci\u00f3n personalizada relevante;<\/li>\n<li>Billetera electr\u00f3nica: no necesita tener dinero peque\u00f1o, no lo perder\u00e1, no lo robar\u00e1, puede haber dinero espec\u00edfico (por ejemplo, solo para comidas, entretenimiento, etc.)<\/li>\n<\/ul>\n<p><strong>Organizadores:<\/strong><\/p>\n<ul>\n<li>Organizaci\u00f3n m\u00e1s conveniente de los procesos (los participantes ingresan a eventos, locales solo de acuerdo con el plan planificado);<\/li>\n<li>Aumento de la calidad de los servicios, minimizando la influencia del factor humano del personal;<\/li>\n<li>Servicio al cliente m\u00e1s r\u00e1pido, costos m\u00e1s bajos;<\/li>\n<li>Estad\u00edsticas operativas sobre el uso de servicios, locales, inventario para el an\u00e1lisis de la actividad econ\u00f3mica (qui\u00e9n visit\u00f3 y utiliz\u00f3 d\u00f3nde y cu\u00e1ndo)<\/li>\n<li>La imagen de la instituci\u00f3n como una organizaci\u00f3n moderna est\u00e1 mejorando, lo que al mismo tiempo aumenta el flujo de clientes.<\/li>\n<\/ul>\n","protected":false},"excerpt":{"rendered":"<p>Con el fin de aumentar la eficiencia empresarial y ser m\u00e1s atractivos para los clientes, los servicios digitales se han introducido cada vez m\u00e1s en todo el mundo. Para ello, se utilizan con mayor frecuencia las tarjetas electr\u00f3nicas y los tel\u00e9fonos inteligentes, que act\u00faan como identificador personal y billetera electr\u00f3nica . Con su ayuda, es [&hellip;]<\/p>\n","protected":false},"author":1,"featured_media":0,"parent":0,"menu_order":0,"comment_status":"closed","ping_status":"closed","template":"","meta":{"_acf_changed":false,"_monsterinsights_skip_tracking":false,"_monsterinsights_sitenote_active":false,"_monsterinsights_sitenote_note":"","_monsterinsights_sitenote_category":0,"footnotes":""},"class_list":["post-4530","page","type-page","status-publish","hentry"],"acf":[],"yoast_head":"<!-- This site is optimized with the Yoast SEO plugin v27.4 - https:\/\/yoast.com\/product\/yoast-seo-wordpress\/ -->\n<title>BALNEARIO - Acoris<\/title>\n<meta name=\"robots\" content=\"index, follow, max-snippet:-1, max-image-preview:large, max-video-preview:-1\" \/>\n<link rel=\"canonical\" href=\"https:\/\/acoris.lt\/es\/balneario\/\" \/>\n<meta property=\"og:locale\" content=\"es_ES\" \/>\n<meta property=\"og:type\" content=\"article\" \/>\n<meta property=\"og:title\" content=\"BALNEARIO - Acoris\" \/>\n<meta property=\"og:description\" content=\"Con el fin de aumentar la eficiencia empresarial y ser m\u00e1s atractivos para los clientes, los servicios digitales se han introducido cada vez m\u00e1s en todo el mundo. Para ello, se utilizan con mayor frecuencia las tarjetas electr\u00f3nicas y los tel\u00e9fonos inteligentes, que act\u00faan como identificador personal y billetera electr\u00f3nica . Con su ayuda, es [&hellip;]\" \/>\n<meta property=\"og:url\" content=\"https:\/\/acoris.lt\/es\/balneario\/\" \/>\n<meta property=\"og:site_name\" content=\"Acoris\" \/>\n<meta property=\"og:image\" content=\"https:\/\/acoris.lt\/wp-content\/uploads\/2023\/12\/acoris.jpg\" \/>\n\t<meta property=\"og:image:width\" content=\"600\" \/>\n\t<meta property=\"og:image:height\" content=\"600\" \/>\n\t<meta property=\"og:image:type\" content=\"image\/jpeg\" \/>\n<meta name=\"twitter:card\" content=\"summary_large_image\" \/>\n<meta name=\"twitter:label1\" content=\"Tiempo de lectura\" \/>\n\t<meta name=\"twitter:data1\" content=\"4 minutos\" \/>\n<script type=\"application\/ld+json\" class=\"yoast-schema-graph\">{\"@context\":\"https:\\\/\\\/schema.org\",\"@graph\":[{\"@type\":\"WebPage\",\"@id\":\"https:\\\/\\\/acoris.lt\\\/es\\\/balneario\\\/\",\"url\":\"https:\\\/\\\/acoris.lt\\\/es\\\/balneario\\\/\",\"name\":\"BALNEARIO - Acoris\",\"isPartOf\":{\"@id\":\"https:\\\/\\\/acoris.lt\\\/#website\"},\"datePublished\":\"2025-02-27T05:46:23+00:00\",\"breadcrumb\":{\"@id\":\"https:\\\/\\\/acoris.lt\\\/es\\\/balneario\\\/#breadcrumb\"},\"inLanguage\":\"es\",\"potentialAction\":[{\"@type\":\"ReadAction\",\"target\":[\"https:\\\/\\\/acoris.lt\\\/es\\\/balneario\\\/\"]}]},{\"@type\":\"BreadcrumbList\",\"@id\":\"https:\\\/\\\/acoris.lt\\\/es\\\/balneario\\\/#breadcrumb\",\"itemListElement\":[{\"@type\":\"ListItem\",\"position\":1,\"name\":\"Inicio\",\"item\":\"https:\\\/\\\/acoris.lt\\\/es\\\/\"},{\"@type\":\"ListItem\",\"position\":2,\"name\":\"BALNEARIO\"}]},{\"@type\":\"WebSite\",\"@id\":\"https:\\\/\\\/acoris.lt\\\/#website\",\"url\":\"https:\\\/\\\/acoris.lt\\\/\",\"name\":\"Acoris\",\"description\":\"Integruotos sistemos\",\"publisher\":{\"@id\":\"https:\\\/\\\/acoris.lt\\\/#organization\"},\"potentialAction\":[{\"@type\":\"SearchAction\",\"target\":{\"@type\":\"EntryPoint\",\"urlTemplate\":\"https:\\\/\\\/acoris.lt\\\/?s={search_term_string}\"},\"query-input\":{\"@type\":\"PropertyValueSpecification\",\"valueRequired\":true,\"valueName\":\"search_term_string\"}}],\"inLanguage\":\"es\"},{\"@type\":\"Organization\",\"@id\":\"https:\\\/\\\/acoris.lt\\\/#organization\",\"name\":\"Acoris\",\"url\":\"https:\\\/\\\/acoris.lt\\\/\",\"logo\":{\"@type\":\"ImageObject\",\"inLanguage\":\"es\",\"@id\":\"https:\\\/\\\/acoris.lt\\\/#\\\/schema\\\/logo\\\/image\\\/\",\"url\":\"https:\\\/\\\/acoris.lt\\\/wp-content\\\/uploads\\\/2023\\\/12\\\/acoris.jpg\",\"contentUrl\":\"https:\\\/\\\/acoris.lt\\\/wp-content\\\/uploads\\\/2023\\\/12\\\/acoris.jpg\",\"width\":600,\"height\":600,\"caption\":\"Acoris\"},\"image\":{\"@id\":\"https:\\\/\\\/acoris.lt\\\/#\\\/schema\\\/logo\\\/image\\\/\"}}]}<\/script>\n<!-- \/ Yoast SEO plugin. -->","yoast_head_json":{"title":"BALNEARIO - Acoris","robots":{"index":"index","follow":"follow","max-snippet":"max-snippet:-1","max-image-preview":"max-image-preview:large","max-video-preview":"max-video-preview:-1"},"canonical":"https:\/\/acoris.lt\/es\/balneario\/","og_locale":"es_ES","og_type":"article","og_title":"BALNEARIO - Acoris","og_description":"Con el fin de aumentar la eficiencia empresarial y ser m\u00e1s atractivos para los clientes, los servicios digitales se han introducido cada vez m\u00e1s en todo el mundo. Para ello, se utilizan con mayor frecuencia las tarjetas electr\u00f3nicas y los tel\u00e9fonos inteligentes, que act\u00faan como identificador personal y billetera electr\u00f3nica . Con su ayuda, es [&hellip;]","og_url":"https:\/\/acoris.lt\/es\/balneario\/","og_site_name":"Acoris","og_image":[{"width":600,"height":600,"url":"https:\/\/acoris.lt\/wp-content\/uploads\/2023\/12\/acoris.jpg","type":"image\/jpeg"}],"twitter_card":"summary_large_image","twitter_misc":{"Tiempo de lectura":"4 minutos"},"schema":{"@context":"https:\/\/schema.org","@graph":[{"@type":"WebPage","@id":"https:\/\/acoris.lt\/es\/balneario\/","url":"https:\/\/acoris.lt\/es\/balneario\/","name":"BALNEARIO - Acoris","isPartOf":{"@id":"https:\/\/acoris.lt\/#website"},"datePublished":"2025-02-27T05:46:23+00:00","breadcrumb":{"@id":"https:\/\/acoris.lt\/es\/balneario\/#breadcrumb"},"inLanguage":"es","potentialAction":[{"@type":"ReadAction","target":["https:\/\/acoris.lt\/es\/balneario\/"]}]},{"@type":"BreadcrumbList","@id":"https:\/\/acoris.lt\/es\/balneario\/#breadcrumb","itemListElement":[{"@type":"ListItem","position":1,"name":"Inicio","item":"https:\/\/acoris.lt\/es\/"},{"@type":"ListItem","position":2,"name":"BALNEARIO"}]},{"@type":"WebSite","@id":"https:\/\/acoris.lt\/#website","url":"https:\/\/acoris.lt\/","name":"Acoris","description":"Integruotos sistemos","publisher":{"@id":"https:\/\/acoris.lt\/#organization"},"potentialAction":[{"@type":"SearchAction","target":{"@type":"EntryPoint","urlTemplate":"https:\/\/acoris.lt\/?s={search_term_string}"},"query-input":{"@type":"PropertyValueSpecification","valueRequired":true,"valueName":"search_term_string"}}],"inLanguage":"es"},{"@type":"Organization","@id":"https:\/\/acoris.lt\/#organization","name":"Acoris","url":"https:\/\/acoris.lt\/","logo":{"@type":"ImageObject","inLanguage":"es","@id":"https:\/\/acoris.lt\/#\/schema\/logo\/image\/","url":"https:\/\/acoris.lt\/wp-content\/uploads\/2023\/12\/acoris.jpg","contentUrl":"https:\/\/acoris.lt\/wp-content\/uploads\/2023\/12\/acoris.jpg","width":600,"height":600,"caption":"Acoris"},"image":{"@id":"https:\/\/acoris.lt\/#\/schema\/logo\/image\/"}}]}},"_links":{"self":[{"href":"https:\/\/acoris.lt\/es\/wp-json\/wp\/v2\/pages\/4530","targetHints":{"allow":["GET"]}}],"collection":[{"href":"https:\/\/acoris.lt\/es\/wp-json\/wp\/v2\/pages"}],"about":[{"href":"https:\/\/acoris.lt\/es\/wp-json\/wp\/v2\/types\/page"}],"author":[{"embeddable":true,"href":"https:\/\/acoris.lt\/es\/wp-json\/wp\/v2\/users\/1"}],"replies":[{"embeddable":true,"href":"https:\/\/acoris.lt\/es\/wp-json\/wp\/v2\/comments?post=4530"}],"version-history":[{"count":0,"href":"https:\/\/acoris.lt\/es\/wp-json\/wp\/v2\/pages\/4530\/revisions"}],"wp:attachment":[{"href":"https:\/\/acoris.lt\/es\/wp-json\/wp\/v2\/media?parent=4530"}],"curies":[{"name":"wp","href":"https:\/\/api.w.org\/{rel}","templated":true}]}}