{"id":4536,"date":"2025-02-27T08:46:27","date_gmt":"2025-02-27T05:46:27","guid":{"rendered":"https:\/\/www.acoris.lt\/software\/"},"modified":"2025-02-27T08:46:38","modified_gmt":"2025-02-27T05:46:38","slug":"software","status":"publish","type":"page","link":"https:\/\/acoris.lt\/es\/software\/","title":{"rendered":"Software"},"content":{"rendered":"<div class=\"wpb-content-wrapper\"><p>[vc_row 0=\u00bb\u00bb][vc_column 0=\u00bb\u00bb][vc_text_separator title=\u00bbAcoris.tech sistema de gesti\u00f3n de control de acceso\u00bb color=\u00bbblue\u00bb][vc_column_text]Acoris.tech software de control de acceso y gesti\u00f3n est\u00e1 dise\u00f1ado para ver y monitorear el tiempo de trabajo de los empleados, pasillos, configurar, cambiar.<\/p>\n<p>&nbsp;<\/p>\n<p><iframe loading=\"lazy\"  id=\"_ytid_96653\"  width=\"1170\" height=\"658\"  data-origwidth=\"1170\" data-origheight=\"658\" src=\"https:\/\/www.youtube.com\/embed\/O6DQgZtFK5Q?enablejsapi=1&autoplay=0&cc_load_policy=0&cc_lang_pref=&iv_load_policy=1&loop=0&rel=1&fs=1&playsinline=0&autohide=2&theme=dark&color=red&controls=1&disablekb=0&\" class=\"__youtube_prefs__  no-lazyload\" title=\"YouTube player\"  allow=\"fullscreen; accelerometer; autoplay; clipboard-write; encrypted-media; gyroscope; picture-in-picture; web-share\" referrerpolicy=\"strict-origin-when-cross-origin\" allowfullscreen data-no-lazy=\"1\" data-skipgform_ajax_framebjll=\"\"><\/iframe>[\/vc_column_text][vc_text_separator title=\u00bbAplicaci\u00f3n de cronometraje Acoris DLA (Android, iOS)\u00bb color=\u00bbblue\u00bb][vc_column_text]La aplicaci\u00f3n Acoris DLA est\u00e1 dise\u00f1ada para \u00abmarcar\u00bb tu tel\u00e9fono cuando entras y sales del trabajo. \u00a1No m\u00e1s cartas, no se necesitan m\u00e1s esc\u00e1neres monstruosos! Aplicaci\u00f3n + etiqueta NFC en el lugar de trabajo.[\/vc_column_text][vc_text_separator title=\u00bbSoftware especializado para el procesamiento y gesti\u00f3n de procesos\u00bb][vc_column_text 0=\u00bb\u00bb]Dependiendo de las tareas, se encuentra a diferentes niveles y puede ser \u00aben la nube\u00bb, en el servidor de la empresa o incluso en el mismo ordenador con un esc\u00e1ner:[\/vc_column_text][\/vc_column][\/vc_row][vc_row 0=\u00bb\u00bb][vc_column 0=\u00bb\u00bb][vc_column_text 0=\u00bb\u00bb]<\/p>\n<ul class=\"check-list\">\n<li><span style=\"color: #808080;\"><a style=\"color: #808080;\">Nivel 1<\/a><\/span><\/li>\n<\/ul>\n<p>[\/vc_column_text][vc_column_text 0=\u00bb\u00bb]Se captura y representa la ubicaci\u00f3n de una persona u objeto en particular en el momento presente (por ejemplo, el ciudadano XY ha llegado al trabajo, informa el llavero (\u00abllave de la sala de reuniones\u00bb), la formaci\u00f3n autom\u00e1tica de una hoja de tiempo, etc.)[\/vc_column_text][\/vc_column][\/vc_row][vc_row 0=\u00bb\u00bb][vc_column 0=\u00bb\u00bb][vc_column_text 0=\u00bb\u00bb]<\/p>\n<ul class=\"check-list\">\n<li><span style=\"color: #808080;\"><a style=\"color: #808080;\">Nivel 2<\/a><\/span><\/li>\n<\/ul>\n<p>[\/vc_column_text][vc_column_text 0=\u00bb\u00bb]La transferencia de objetos a los trabajadores se registra y representa (por ejemplo, el ciudadano XY tom\u00f3\/devolvi\u00f3 un destornillador electr\u00f3nico \u00abBosh\u00bb, el maestro ZC tom\u00f3 la llave del gabinete de matem\u00e1ticas, y as\u00ed sucesivamente).[\/vc_column_text][\/vc_column][\/vc_row][vc_row 0=\u00bb\u00bb][vc_column 0=\u00bb\u00bb][vc_column_text 0=\u00bb\u00bb]<\/p>\n<ul class=\"check-list\">\n<li><span style=\"color: #808080;\"><a style=\"color: #808080;\">Nivel 3<\/a><\/span><\/li>\n<\/ul>\n<p>[\/vc_column_text][vc_column_text 0=\u00bb\u00bb]La funcionalidad se complementa con un monedero electr\u00f3nico para el pago en autoservicio y otros lugares pagados por la organizaci\u00f3n (fotocopiadoras, caf\u00e9, lavadoras, comedor, etc.)[\/vc_column_text][\/vc_column][\/vc_row][vc_row 0=\u00bb\u00bb][vc_column 0=\u00bb\u00bb][vc_single_image image=\u00bb4537&#8243; img_size=\u00bbfull\u00bb alignment=\u00bbcenter\u00bb css_animation=\u00bbfadeIn\u00bb][vc_column_text 0=\u00bb\u00bb]El <strong>software <\/strong> de tarjetas <strong> se integra<\/strong> con los sistemas internos de contabilidad y gesti\u00f3n empresarial de la instituci\u00f3n como en tiempo real, as\u00ed como mediante Excel u otros programas. Se proporciona una interfaz con personal, suministros, ventas, CRM y otras funciones.[\/vc_column_text][\/vc_column][\/vc_row][vc_row full_width=\u00bbstretch_row\u00bb el_class=\u00bbblue-section-header\u00bb css=\u00bb.vc_custom_1617813804866{background-color: #174894 !important;}\u00bb][vc_column css=\u00bb.vc_custom_1617178564296{margin-top: 10px !important;}\u00bb][vc_column_text 0=\u00bb\u00bb]<\/p>\n<h2 class=\"v1pre\"><span style=\"color: #ffffff;\"><a style=\"color: #ffffff;\" href=\"https:\/\/acoris.lt\/es\/contactos\/\">P\u00f3ngase en contacto con nosotros para obtener m\u00e1s detalles y consultas<\/a><\/span><\/h2>\n<p>[\/vc_column_text][\/vc_column][\/vc_row]<\/p>\n<\/div>","protected":false},"excerpt":{"rendered":"<p>[vc_row 0=\u00bb\u00bb][vc_column 0=\u00bb\u00bb][vc_text_separator title=\u00bbAcoris.tech sistema de gesti\u00f3n de control de acceso\u00bb color=\u00bbblue\u00bb][vc_column_text]Acoris.tech software de control de acceso y gesti\u00f3n est\u00e1 dise\u00f1ado para ver y monitorear el tiempo de trabajo de los empleados, pasillos, configurar, cambiar. &nbsp; [\/vc_column_text][vc_text_separator title=\u00bbAplicaci\u00f3n de cronometraje Acoris DLA (Android, iOS)\u00bb color=\u00bbblue\u00bb][vc_column_text]La aplicaci\u00f3n Acoris DLA est\u00e1 dise\u00f1ada para \u00abmarcar\u00bb tu tel\u00e9fono cuando [&hellip;]<\/p>\n","protected":false},"author":1,"featured_media":0,"parent":0,"menu_order":0,"comment_status":"closed","ping_status":"closed","template":"","meta":{"_acf_changed":false,"_monsterinsights_skip_tracking":false,"_monsterinsights_sitenote_active":false,"_monsterinsights_sitenote_note":"","_monsterinsights_sitenote_category":0,"footnotes":""},"class_list":["post-4536","page","type-page","status-publish","hentry"],"acf":[],"yoast_head":"<!-- This site is optimized with the Yoast SEO plugin v27.3 - https:\/\/yoast.com\/product\/yoast-seo-wordpress\/ -->\n<title>Software - Acoris<\/title>\n<meta name=\"description\" content=\"Software especializado para el procesamiento y gesti\u00f3n de procesos. Se integra con contabilidad interna, CRM y otros sistemas de gesti\u00f3n empresarial en tiempo real o mediante Excel u otras aplicaciones.\" \/>\n<meta name=\"robots\" content=\"index, follow, max-snippet:-1, max-image-preview:large, max-video-preview:-1\" \/>\n<link rel=\"canonical\" href=\"https:\/\/acoris.lt\/es\/software\/\" \/>\n<meta property=\"og:locale\" content=\"es_ES\" \/>\n<meta property=\"og:type\" content=\"article\" \/>\n<meta property=\"og:title\" content=\"Software - Acoris\" \/>\n<meta property=\"og:description\" content=\"Software especializado para el procesamiento y gesti\u00f3n de procesos. Se integra con contabilidad interna, CRM y otros sistemas de gesti\u00f3n empresarial en tiempo real o mediante Excel u otras aplicaciones.\" \/>\n<meta property=\"og:url\" content=\"https:\/\/acoris.lt\/es\/software\/\" \/>\n<meta property=\"og:site_name\" content=\"Acoris\" \/>\n<meta property=\"article:modified_time\" content=\"2025-02-27T05:46:38+00:00\" \/>\n<meta property=\"og:image\" content=\"https:\/\/acoris.lt\/wp-content\/uploads\/2023\/12\/acoris.jpg\" \/>\n\t<meta property=\"og:image:width\" content=\"600\" \/>\n\t<meta property=\"og:image:height\" content=\"600\" \/>\n\t<meta property=\"og:image:type\" content=\"image\/jpeg\" \/>\n<meta name=\"twitter:card\" content=\"summary_large_image\" \/>\n<meta name=\"twitter:label1\" content=\"Tiempo de lectura\" \/>\n\t<meta name=\"twitter:data1\" content=\"2 minutos\" \/>\n<script type=\"application\/ld+json\" class=\"yoast-schema-graph\">{\"@context\":\"https:\\\/\\\/schema.org\",\"@graph\":[{\"@type\":\"WebPage\",\"@id\":\"https:\\\/\\\/acoris.lt\\\/es\\\/software\\\/\",\"url\":\"https:\\\/\\\/acoris.lt\\\/es\\\/software\\\/\",\"name\":\"Software - Acoris\",\"isPartOf\":{\"@id\":\"https:\\\/\\\/acoris.lt\\\/#website\"},\"datePublished\":\"2025-02-27T05:46:27+00:00\",\"dateModified\":\"2025-02-27T05:46:38+00:00\",\"description\":\"Software especializado para el procesamiento y gesti\u00f3n de procesos. Se integra con contabilidad interna, CRM y otros sistemas de gesti\u00f3n empresarial en tiempo real o mediante Excel u otras aplicaciones.\",\"breadcrumb\":{\"@id\":\"https:\\\/\\\/acoris.lt\\\/es\\\/software\\\/#breadcrumb\"},\"inLanguage\":\"es\",\"potentialAction\":[{\"@type\":\"ReadAction\",\"target\":[\"https:\\\/\\\/acoris.lt\\\/es\\\/software\\\/\"]}]},{\"@type\":\"BreadcrumbList\",\"@id\":\"https:\\\/\\\/acoris.lt\\\/es\\\/software\\\/#breadcrumb\",\"itemListElement\":[{\"@type\":\"ListItem\",\"position\":1,\"name\":\"Inicio\",\"item\":\"https:\\\/\\\/acoris.lt\\\/es\\\/\"},{\"@type\":\"ListItem\",\"position\":2,\"name\":\"Software\"}]},{\"@type\":\"WebSite\",\"@id\":\"https:\\\/\\\/acoris.lt\\\/#website\",\"url\":\"https:\\\/\\\/acoris.lt\\\/\",\"name\":\"Acoris\",\"description\":\"Integruotos sistemos\",\"publisher\":{\"@id\":\"https:\\\/\\\/acoris.lt\\\/#organization\"},\"potentialAction\":[{\"@type\":\"SearchAction\",\"target\":{\"@type\":\"EntryPoint\",\"urlTemplate\":\"https:\\\/\\\/acoris.lt\\\/?s={search_term_string}\"},\"query-input\":{\"@type\":\"PropertyValueSpecification\",\"valueRequired\":true,\"valueName\":\"search_term_string\"}}],\"inLanguage\":\"es\"},{\"@type\":\"Organization\",\"@id\":\"https:\\\/\\\/acoris.lt\\\/#organization\",\"name\":\"Acoris\",\"url\":\"https:\\\/\\\/acoris.lt\\\/\",\"logo\":{\"@type\":\"ImageObject\",\"inLanguage\":\"es\",\"@id\":\"https:\\\/\\\/acoris.lt\\\/#\\\/schema\\\/logo\\\/image\\\/\",\"url\":\"https:\\\/\\\/acoris.lt\\\/wp-content\\\/uploads\\\/2023\\\/12\\\/acoris.jpg\",\"contentUrl\":\"https:\\\/\\\/acoris.lt\\\/wp-content\\\/uploads\\\/2023\\\/12\\\/acoris.jpg\",\"width\":600,\"height\":600,\"caption\":\"Acoris\"},\"image\":{\"@id\":\"https:\\\/\\\/acoris.lt\\\/#\\\/schema\\\/logo\\\/image\\\/\"}}]}<\/script>\n<!-- \/ Yoast SEO plugin. -->","yoast_head_json":{"title":"Software - Acoris","description":"Software especializado para el procesamiento y gesti\u00f3n de procesos. Se integra con contabilidad interna, CRM y otros sistemas de gesti\u00f3n empresarial en tiempo real o mediante Excel u otras aplicaciones.","robots":{"index":"index","follow":"follow","max-snippet":"max-snippet:-1","max-image-preview":"max-image-preview:large","max-video-preview":"max-video-preview:-1"},"canonical":"https:\/\/acoris.lt\/es\/software\/","og_locale":"es_ES","og_type":"article","og_title":"Software - Acoris","og_description":"Software especializado para el procesamiento y gesti\u00f3n de procesos. Se integra con contabilidad interna, CRM y otros sistemas de gesti\u00f3n empresarial en tiempo real o mediante Excel u otras aplicaciones.","og_url":"https:\/\/acoris.lt\/es\/software\/","og_site_name":"Acoris","article_modified_time":"2025-02-27T05:46:38+00:00","og_image":[{"width":600,"height":600,"url":"https:\/\/acoris.lt\/wp-content\/uploads\/2023\/12\/acoris.jpg","type":"image\/jpeg"}],"twitter_card":"summary_large_image","twitter_misc":{"Tiempo de lectura":"2 minutos"},"schema":{"@context":"https:\/\/schema.org","@graph":[{"@type":"WebPage","@id":"https:\/\/acoris.lt\/es\/software\/","url":"https:\/\/acoris.lt\/es\/software\/","name":"Software - Acoris","isPartOf":{"@id":"https:\/\/acoris.lt\/#website"},"datePublished":"2025-02-27T05:46:27+00:00","dateModified":"2025-02-27T05:46:38+00:00","description":"Software especializado para el procesamiento y gesti\u00f3n de procesos. Se integra con contabilidad interna, CRM y otros sistemas de gesti\u00f3n empresarial en tiempo real o mediante Excel u otras aplicaciones.","breadcrumb":{"@id":"https:\/\/acoris.lt\/es\/software\/#breadcrumb"},"inLanguage":"es","potentialAction":[{"@type":"ReadAction","target":["https:\/\/acoris.lt\/es\/software\/"]}]},{"@type":"BreadcrumbList","@id":"https:\/\/acoris.lt\/es\/software\/#breadcrumb","itemListElement":[{"@type":"ListItem","position":1,"name":"Inicio","item":"https:\/\/acoris.lt\/es\/"},{"@type":"ListItem","position":2,"name":"Software"}]},{"@type":"WebSite","@id":"https:\/\/acoris.lt\/#website","url":"https:\/\/acoris.lt\/","name":"Acoris","description":"Integruotos sistemos","publisher":{"@id":"https:\/\/acoris.lt\/#organization"},"potentialAction":[{"@type":"SearchAction","target":{"@type":"EntryPoint","urlTemplate":"https:\/\/acoris.lt\/?s={search_term_string}"},"query-input":{"@type":"PropertyValueSpecification","valueRequired":true,"valueName":"search_term_string"}}],"inLanguage":"es"},{"@type":"Organization","@id":"https:\/\/acoris.lt\/#organization","name":"Acoris","url":"https:\/\/acoris.lt\/","logo":{"@type":"ImageObject","inLanguage":"es","@id":"https:\/\/acoris.lt\/#\/schema\/logo\/image\/","url":"https:\/\/acoris.lt\/wp-content\/uploads\/2023\/12\/acoris.jpg","contentUrl":"https:\/\/acoris.lt\/wp-content\/uploads\/2023\/12\/acoris.jpg","width":600,"height":600,"caption":"Acoris"},"image":{"@id":"https:\/\/acoris.lt\/#\/schema\/logo\/image\/"}}]}},"_links":{"self":[{"href":"https:\/\/acoris.lt\/es\/wp-json\/wp\/v2\/pages\/4536","targetHints":{"allow":["GET"]}}],"collection":[{"href":"https:\/\/acoris.lt\/es\/wp-json\/wp\/v2\/pages"}],"about":[{"href":"https:\/\/acoris.lt\/es\/wp-json\/wp\/v2\/types\/page"}],"author":[{"embeddable":true,"href":"https:\/\/acoris.lt\/es\/wp-json\/wp\/v2\/users\/1"}],"replies":[{"embeddable":true,"href":"https:\/\/acoris.lt\/es\/wp-json\/wp\/v2\/comments?post=4536"}],"version-history":[{"count":11,"href":"https:\/\/acoris.lt\/es\/wp-json\/wp\/v2\/pages\/4536\/revisions"}],"predecessor-version":[{"id":4632,"href":"https:\/\/acoris.lt\/es\/wp-json\/wp\/v2\/pages\/4536\/revisions\/4632"}],"wp:attachment":[{"href":"https:\/\/acoris.lt\/es\/wp-json\/wp\/v2\/media?parent=4536"}],"curies":[{"name":"wp","href":"https:\/\/api.w.org\/{rel}","templated":true}]}}