{"id":4542,"date":"2025-02-27T08:46:29","date_gmt":"2025-02-27T05:46:29","guid":{"rendered":"https:\/\/www.acoris.lt\/identificadores-de-articulos\/"},"modified":"2025-02-27T08:46:38","modified_gmt":"2025-02-27T05:46:38","slug":"identificadores-de-articulos","status":"publish","type":"page","link":"https:\/\/acoris.lt\/es\/identificadores-de-articulos\/","title":{"rendered":"Identificadores de art\u00edculos"},"content":{"rendered":"<div class=\"wpb-content-wrapper\"><p>[vc_row full_width=\u00bbstretch_row\u00bb el_class=\u00bbblue-section-header\u00bb css=\u00bb.vc_custom_1617813804866{background-color: #174894 !important;}\u00bb][vc_column css=\u00bb.vc_custom_1617178564296{margin-top: 10px !important;}\u00bb][\/vc_column][\/vc_row][vc_row equal_height=\u00bbyes\u00bb css=\u00bb.vc_custom_1619009530721{margin-top: 30px !important;margin-bottom: 30px !important;}\u00bb][vc_column][vc_text_separator title=\u00bbIdentificadores de art\u00edculos  \u00ab][vc_column_text]<\/p>\n<p style=\"text-align: left;\">Contiene una memoria que almacena informaci\u00f3n sobre el n\u00famero de inventario de una herramienta u otro objeto y su nombre. Esta informaci\u00f3n se puede escanear de forma remota desde unos pocos cent\u00edmetros hasta varios metros. Los identificadores pueden ser de varias formas y tama\u00f1os, dependiendo del prop\u00f3sito.  <\/p>\n<p>[\/vc_column_text][\/vc_column][\/vc_row][vc_row equal_height=\u00bbyes\u00bb css=\u00bb.vc_custom_1619009530721{margin-top: 30px !important;margin-bottom: 30px !important;}\u00bb][vc_column][vc_column_text]<\/p>\n<ul class=\"check-list\">\n<li><span style=\"color: #808080;\">Disquetes de pl\u00e1stico<\/span><\/li>\n<\/ul>\n<p>[\/vc_column_text][vc_column_text]<\/p>\n<p style=\"text-align: left;\">Redondo (15-50 mm), grosor 2-5 mm<\/p>\n<p>Tiene una superficie adhesiva, se puede fijar con tornillos, coser.<\/p>\n<p>Resistente a la humedad, se puede utilizar para altas temperaturas.<\/p>\n<p>[\/vc_column_text][vc_column_text]<\/p>\n<ul class=\"check-list\">\n<li><span style=\"color: #808080;\">Clavos electr\u00f3nicos <\/span><\/li>\n<\/ul>\n<p>[\/vc_column_text][vc_column_text]<\/p>\n<p style=\"text-align: left;\">Destinado a la identificaci\u00f3n de la madera.<\/p>\n<p>Longitud 38 mm, grosor 6 mm.[\/vc_column_text][vc_column_text]<\/p>\n<ul class=\"check-list\">\n<li><span style=\"color: #808080;\">Marcas para la identificaci\u00f3n de animales<\/span><\/li>\n<\/ul>\n<p>[\/vc_column_text][vc_column_text]<\/p>\n<ul class=\"check-list\">\n<li><span style=\"color: #808080;\">Correas con marca electr\u00f3nica para cables, tuber\u00edas, etc. Escoger  <\/span><\/li>\n<\/ul>\n<p>[\/vc_column_text][vc_column_text]<\/p>\n<ul class=\"check-list\">\n<li><span style=\"color: #808080;\">Etiquetas electr\u00f3nicas peque\u00f1as (7-15 mm) <\/span><\/li>\n<\/ul>\n<p>[\/vc_column_text][\/vc_column][\/vc_row][vc_row equal_height=\u00bbyes\u00bb][vc_column width=\u00bb1\/2&#8243;][vc_single_image image=\u00bb4548&#8243; img_size=\u00bbfull\u00bb alignment=\u00bbcenter\u00bb css_animation=\u00bbfadeIn\u00bb][\/vc_column][vc_column width=\u00bb1\/2&#8243;][vc_single_image image=\u00bb4547&#8243; img_size=\u00bbfull\u00bb alignment=\u00bbcenter\u00bb css_animation=\u00bbfadeIn\u00bb][\/vc_column][\/vc_row][vc_row full_width=\u00bbstretch_row\u00bb css=\u00bb.vc_custom_1617178365933{background-color: #174894 !important;}\u00bb el_class=\u00bbblue-section-header\u00bb][vc_column css=\u00bb.vc_custom_1617178564296{margin-top: 10px !important;}\u00bb][vc_column_text]<\/p>\n<div>\n<div>\n<h2 class=\"v1pre\"><span style=\"color: #ffffff;\"><a style=\"color: #ffffff;\" href=\"https:\/\/acoris.lt\/es\/contactos\/\">P\u00f3ngase en contacto con nosotros para obtener m\u00e1s detalles y consultas<\/a><\/span><\/h2>\n<\/div>\n<\/div>\n<p>[\/vc_column_text][\/vc_column][\/vc_row]<\/p>\n<\/div>","protected":false},"excerpt":{"rendered":"<p>[vc_row full_width=\u00bbstretch_row\u00bb el_class=\u00bbblue-section-header\u00bb css=\u00bb.vc_custom_1617813804866{background-color: #174894 !important;}\u00bb][vc_column css=\u00bb.vc_custom_1617178564296{margin-top: 10px !important;}\u00bb][\/vc_column][\/vc_row][vc_row equal_height=\u00bbyes\u00bb css=\u00bb.vc_custom_1619009530721{margin-top: 30px !important;margin-bottom: 30px !important;}\u00bb][vc_column][vc_text_separator title=\u00bbIdentificadores de art\u00edculos \u00ab][vc_column_text] Contiene una memoria que almacena informaci\u00f3n sobre el n\u00famero de inventario de una herramienta u otro objeto y su nombre. Esta informaci\u00f3n se puede escanear de forma remota desde unos pocos cent\u00edmetros hasta varios metros. Los [&hellip;]<\/p>\n","protected":false},"author":1,"featured_media":0,"parent":0,"menu_order":0,"comment_status":"closed","ping_status":"closed","template":"","meta":{"_acf_changed":false,"_monsterinsights_skip_tracking":false,"_monsterinsights_sitenote_active":false,"_monsterinsights_sitenote_note":"","_monsterinsights_sitenote_category":0,"footnotes":""},"class_list":["post-4542","page","type-page","status-publish","hentry"],"acf":[],"yoast_head":"<!-- This site is optimized with the Yoast SEO plugin v27.3 - https:\/\/yoast.com\/product\/yoast-seo-wordpress\/ -->\n<title>Identificadores de art\u00edculos - Acoris<\/title>\n<meta name=\"description\" content=\"Almacena informaci\u00f3n sobre una herramienta u otro objeto que se puede escanear de forma remota. Los identificadores pueden ser de varias formas y tama\u00f1os: disquetes, clavos, correas, etc.\" \/>\n<meta name=\"robots\" content=\"index, follow, max-snippet:-1, max-image-preview:large, max-video-preview:-1\" \/>\n<link rel=\"canonical\" href=\"https:\/\/acoris.lt\/es\/identificadores-de-articulos\/\" \/>\n<meta property=\"og:locale\" content=\"es_ES\" \/>\n<meta property=\"og:type\" content=\"article\" \/>\n<meta property=\"og:title\" content=\"Identificadores de art\u00edculos - Acoris\" \/>\n<meta property=\"og:description\" content=\"Almacena informaci\u00f3n sobre una herramienta u otro objeto que se puede escanear de forma remota. Los identificadores pueden ser de varias formas y tama\u00f1os: disquetes, clavos, correas, etc.\" \/>\n<meta property=\"og:url\" content=\"https:\/\/acoris.lt\/es\/identificadores-de-articulos\/\" \/>\n<meta property=\"og:site_name\" content=\"Acoris\" \/>\n<meta property=\"article:modified_time\" content=\"2025-02-27T05:46:38+00:00\" \/>\n<meta property=\"og:image\" content=\"https:\/\/acoris.lt\/wp-content\/uploads\/2023\/12\/acoris.jpg\" \/>\n\t<meta property=\"og:image:width\" content=\"600\" \/>\n\t<meta property=\"og:image:height\" content=\"600\" \/>\n\t<meta property=\"og:image:type\" content=\"image\/jpeg\" \/>\n<meta name=\"twitter:card\" content=\"summary_large_image\" \/>\n<meta name=\"twitter:label1\" content=\"Tiempo de lectura\" \/>\n\t<meta name=\"twitter:data1\" content=\"2 minutos\" \/>\n<script type=\"application\/ld+json\" class=\"yoast-schema-graph\">{\"@context\":\"https:\\\/\\\/schema.org\",\"@graph\":[{\"@type\":\"WebPage\",\"@id\":\"https:\\\/\\\/acoris.lt\\\/es\\\/identificadores-de-articulos\\\/\",\"url\":\"https:\\\/\\\/acoris.lt\\\/es\\\/identificadores-de-articulos\\\/\",\"name\":\"Identificadores de art\u00edculos - Acoris\",\"isPartOf\":{\"@id\":\"https:\\\/\\\/acoris.lt\\\/#website\"},\"datePublished\":\"2025-02-27T05:46:29+00:00\",\"dateModified\":\"2025-02-27T05:46:38+00:00\",\"description\":\"Almacena informaci\u00f3n sobre una herramienta u otro objeto que se puede escanear de forma remota. Los identificadores pueden ser de varias formas y tama\u00f1os: disquetes, clavos, correas, etc.\",\"breadcrumb\":{\"@id\":\"https:\\\/\\\/acoris.lt\\\/es\\\/identificadores-de-articulos\\\/#breadcrumb\"},\"inLanguage\":\"es\",\"potentialAction\":[{\"@type\":\"ReadAction\",\"target\":[\"https:\\\/\\\/acoris.lt\\\/es\\\/identificadores-de-articulos\\\/\"]}]},{\"@type\":\"BreadcrumbList\",\"@id\":\"https:\\\/\\\/acoris.lt\\\/es\\\/identificadores-de-articulos\\\/#breadcrumb\",\"itemListElement\":[{\"@type\":\"ListItem\",\"position\":1,\"name\":\"Inicio\",\"item\":\"https:\\\/\\\/acoris.lt\\\/es\\\/\"},{\"@type\":\"ListItem\",\"position\":2,\"name\":\"Identificadores de art\u00edculos\"}]},{\"@type\":\"WebSite\",\"@id\":\"https:\\\/\\\/acoris.lt\\\/#website\",\"url\":\"https:\\\/\\\/acoris.lt\\\/\",\"name\":\"Acoris\",\"description\":\"Integruotos sistemos\",\"publisher\":{\"@id\":\"https:\\\/\\\/acoris.lt\\\/#organization\"},\"potentialAction\":[{\"@type\":\"SearchAction\",\"target\":{\"@type\":\"EntryPoint\",\"urlTemplate\":\"https:\\\/\\\/acoris.lt\\\/?s={search_term_string}\"},\"query-input\":{\"@type\":\"PropertyValueSpecification\",\"valueRequired\":true,\"valueName\":\"search_term_string\"}}],\"inLanguage\":\"es\"},{\"@type\":\"Organization\",\"@id\":\"https:\\\/\\\/acoris.lt\\\/#organization\",\"name\":\"Acoris\",\"url\":\"https:\\\/\\\/acoris.lt\\\/\",\"logo\":{\"@type\":\"ImageObject\",\"inLanguage\":\"es\",\"@id\":\"https:\\\/\\\/acoris.lt\\\/#\\\/schema\\\/logo\\\/image\\\/\",\"url\":\"https:\\\/\\\/acoris.lt\\\/wp-content\\\/uploads\\\/2023\\\/12\\\/acoris.jpg\",\"contentUrl\":\"https:\\\/\\\/acoris.lt\\\/wp-content\\\/uploads\\\/2023\\\/12\\\/acoris.jpg\",\"width\":600,\"height\":600,\"caption\":\"Acoris\"},\"image\":{\"@id\":\"https:\\\/\\\/acoris.lt\\\/#\\\/schema\\\/logo\\\/image\\\/\"}}]}<\/script>\n<!-- \/ Yoast SEO plugin. -->","yoast_head_json":{"title":"Identificadores de art\u00edculos - Acoris","description":"Almacena informaci\u00f3n sobre una herramienta u otro objeto que se puede escanear de forma remota. Los identificadores pueden ser de varias formas y tama\u00f1os: disquetes, clavos, correas, etc.","robots":{"index":"index","follow":"follow","max-snippet":"max-snippet:-1","max-image-preview":"max-image-preview:large","max-video-preview":"max-video-preview:-1"},"canonical":"https:\/\/acoris.lt\/es\/identificadores-de-articulos\/","og_locale":"es_ES","og_type":"article","og_title":"Identificadores de art\u00edculos - Acoris","og_description":"Almacena informaci\u00f3n sobre una herramienta u otro objeto que se puede escanear de forma remota. Los identificadores pueden ser de varias formas y tama\u00f1os: disquetes, clavos, correas, etc.","og_url":"https:\/\/acoris.lt\/es\/identificadores-de-articulos\/","og_site_name":"Acoris","article_modified_time":"2025-02-27T05:46:38+00:00","og_image":[{"width":600,"height":600,"url":"https:\/\/acoris.lt\/wp-content\/uploads\/2023\/12\/acoris.jpg","type":"image\/jpeg"}],"twitter_card":"summary_large_image","twitter_misc":{"Tiempo de lectura":"2 minutos"},"schema":{"@context":"https:\/\/schema.org","@graph":[{"@type":"WebPage","@id":"https:\/\/acoris.lt\/es\/identificadores-de-articulos\/","url":"https:\/\/acoris.lt\/es\/identificadores-de-articulos\/","name":"Identificadores de art\u00edculos - Acoris","isPartOf":{"@id":"https:\/\/acoris.lt\/#website"},"datePublished":"2025-02-27T05:46:29+00:00","dateModified":"2025-02-27T05:46:38+00:00","description":"Almacena informaci\u00f3n sobre una herramienta u otro objeto que se puede escanear de forma remota. Los identificadores pueden ser de varias formas y tama\u00f1os: disquetes, clavos, correas, etc.","breadcrumb":{"@id":"https:\/\/acoris.lt\/es\/identificadores-de-articulos\/#breadcrumb"},"inLanguage":"es","potentialAction":[{"@type":"ReadAction","target":["https:\/\/acoris.lt\/es\/identificadores-de-articulos\/"]}]},{"@type":"BreadcrumbList","@id":"https:\/\/acoris.lt\/es\/identificadores-de-articulos\/#breadcrumb","itemListElement":[{"@type":"ListItem","position":1,"name":"Inicio","item":"https:\/\/acoris.lt\/es\/"},{"@type":"ListItem","position":2,"name":"Identificadores de art\u00edculos"}]},{"@type":"WebSite","@id":"https:\/\/acoris.lt\/#website","url":"https:\/\/acoris.lt\/","name":"Acoris","description":"Integruotos sistemos","publisher":{"@id":"https:\/\/acoris.lt\/#organization"},"potentialAction":[{"@type":"SearchAction","target":{"@type":"EntryPoint","urlTemplate":"https:\/\/acoris.lt\/?s={search_term_string}"},"query-input":{"@type":"PropertyValueSpecification","valueRequired":true,"valueName":"search_term_string"}}],"inLanguage":"es"},{"@type":"Organization","@id":"https:\/\/acoris.lt\/#organization","name":"Acoris","url":"https:\/\/acoris.lt\/","logo":{"@type":"ImageObject","inLanguage":"es","@id":"https:\/\/acoris.lt\/#\/schema\/logo\/image\/","url":"https:\/\/acoris.lt\/wp-content\/uploads\/2023\/12\/acoris.jpg","contentUrl":"https:\/\/acoris.lt\/wp-content\/uploads\/2023\/12\/acoris.jpg","width":600,"height":600,"caption":"Acoris"},"image":{"@id":"https:\/\/acoris.lt\/#\/schema\/logo\/image\/"}}]}},"_links":{"self":[{"href":"https:\/\/acoris.lt\/es\/wp-json\/wp\/v2\/pages\/4542","targetHints":{"allow":["GET"]}}],"collection":[{"href":"https:\/\/acoris.lt\/es\/wp-json\/wp\/v2\/pages"}],"about":[{"href":"https:\/\/acoris.lt\/es\/wp-json\/wp\/v2\/types\/page"}],"author":[{"embeddable":true,"href":"https:\/\/acoris.lt\/es\/wp-json\/wp\/v2\/users\/1"}],"replies":[{"embeddable":true,"href":"https:\/\/acoris.lt\/es\/wp-json\/wp\/v2\/comments?post=4542"}],"version-history":[{"count":2,"href":"https:\/\/acoris.lt\/es\/wp-json\/wp\/v2\/pages\/4542\/revisions"}],"predecessor-version":[{"id":4633,"href":"https:\/\/acoris.lt\/es\/wp-json\/wp\/v2\/pages\/4542\/revisions\/4633"}],"wp:attachment":[{"href":"https:\/\/acoris.lt\/es\/wp-json\/wp\/v2\/media?parent=4542"}],"curies":[{"name":"wp","href":"https:\/\/api.w.org\/{rel}","templated":true}]}}