{"id":4544,"date":"2025-02-27T08:46:29","date_gmt":"2025-02-27T05:46:29","guid":{"rendered":"https:\/\/www.acoris.lt\/tarjetas-e-identificadores-de-otras-personas\/"},"modified":"2025-02-27T08:46:33","modified_gmt":"2025-02-27T05:46:33","slug":"tarjetas-e-identificadores-de-otras-personas","status":"publish","type":"page","link":"https:\/\/acoris.lt\/es\/tarjetas-e-identificadores-de-otras-personas\/","title":{"rendered":"Tarjetas e identificadores de otras personas"},"content":{"rendered":"<div class=\"wpb-content-wrapper\"><p>[vc_row full_width=\u00bbstretch_row\u00bb el_class=\u00bbblue-section-header\u00bb css=\u00bb.vc_custom_1617813804866{background-color: #174894 !important;}\u00bb][vc_column css=\u00bb.vc_custom_1617178564296{margin-top: 10px !important;}\u00bb][\/vc_column][\/vc_row][vc_row][vc_column][vc_text_separator title=\u00bbIdentificadores de personas  \u00bb color=\u00bbcustom\u00bb border_width=\u00bb3&#8243; accent_color=\u00bb#1f448f\u00bb][vc_column_text]<\/p>\n<h4 style=\"text-align: center;\">Tarjetas, llaveros, relojes, tel\u00e9fonos m\u00f3viles con chip NFC integrado.<\/h4>\n<p>[\/vc_column_text][\/vc_column][\/vc_row][vc_row equal_height=\u00bbyes\u00bb][vc_column width=\u00bb1\/4&#8243;][vc_single_image image=\u00bb4555&#8243; img_size=\u00bbfull\u00bb css_animation=\u00bbfadeInDown\u00bb][\/vc_column][vc_column width=\u00bb1\/4&#8243;][vc_single_image image=\u00bb4549&#8243; img_size=\u00bbfull\u00bb css_animation=\u00bbfadeInDown\u00bb][\/vc_column][vc_column width=\u00bb1\/4&#8243;][vc_single_image image=\u00bb4553&#8243; img_size=\u00bbfull\u00bb css_animation=\u00bbfadeInDown\u00bb][\/vc_column][vc_column width=\u00bb1\/4&#8243;][vc_single_image image=\u00bb4552&#8243; img_size=\u00bbfull\u00bb css_animation=\u00bbfadeInDown\u00bb][\/vc_column][\/vc_row][vc_row full_width=\u00bbstretch_row\u00bb el_class=\u00bbblue-section-header\u00bb][vc_column css=\u00bb.vc_custom_1617178564296{margin-top: 10px !important;}\u00bb][vc_column_text]<strong>Las tarjetas pueden ser permanentes, personalizadas, con prepago:<\/strong><\/p>\n<ul>\n<li>Permanente: una tarjeta de instituci\u00f3n atractiva con su n\u00famero. Se emite al cliente a su llegada, se utiliza durante todo el tiempo de estancia en la instituci\u00f3n y se le devuelve a su salida; <\/li>\n<li>Personalizada: la tarjeta se puede reservar o hacer a la llegada del cliente por una tarifa separada con el nombre (foto) (como recuerdo, descuento para la pr\u00f3xima visita, etc.);<\/li>\n<li>Pago anticipado: dep\u00f3sito parcial (por adelantado) de dinero para pagar ciertos servicios.<\/li>\n<\/ul>\n<p>[\/vc_column_text][\/vc_column][\/vc_row][vc_row full_width=\u00bbstretch_row\u00bb el_class=\u00bbblue-section-header\u00bb css=\u00bb.vc_custom_1617813804866{background-color: #174894 !important;}\u00bb][vc_column css=\u00bb.vc_custom_1617178564296{margin-top: 10px !important;}\u00bb][\/vc_column][\/vc_row][vc_row][vc_column][vc_text_separator title=\u00bb\u00c1reas de uso de tarjetas, colgantes, pegatinas\u00bb color=\u00bbcustom\u00bb border_width=\u00bb3&#8243; accent_color=\u00bb#1f448f\u00bb][\/vc_column][\/vc_row][vc_row equal_height=\u00bbyes\u00bb][vc_column][vc_column_text]<\/p>\n<ul class=\"check-list\">\n<li><span style=\"color: #808080;\"><a style=\"color: #808080;\">Control y contabilizaci\u00f3n de los accesos a las instalaciones<\/a><\/span><\/li>\n<\/ul>\n<p>[\/vc_column_text][vc_column_text]<\/p>\n<ul>\n<li>Los de afuera no entran;<\/li>\n<li>Se registra qui\u00e9n, d\u00f3nde, cu\u00e1ndo vino (a clases, a trabajar (llenado autom\u00e1tico del registro de asistencia, hoja de tiempo), locales importantes (sala de servidores, laboratorios), eventos extracurriculares);<\/li>\n<li>Reserva previa de salas de reuniones y otros locales.<\/li>\n<\/ul>\n<p>El registro se realiza mediante esc\u00e1neres fijos en la puerta o tel\u00e9fonos m\u00f3viles NFC .[\/vc_column_text][vc_separator color=\u00bbcustom\u00bb border_width=\u00bb4&#8243; accent_color=\u00bb#1f448f\u00bb][\/vc_column][\/vc_row][vc_row equal_height=\u00bbyes\u00bb][vc_column][vc_column_text]<\/p>\n<ul class=\"check-list\">\n<li><span style=\"color: #808080;\"><a style=\"color: #808080;\">Estudiantes montados en \u00abautobuses amarillos\u00bb<\/a><\/span><\/li>\n<\/ul>\n<p>[\/vc_column_text][vc_column_text]El autob\u00fas est\u00e1 equipado con un lector de tarjetas que registra a los que suben y bajan, la informaci\u00f3n se transmite a la computadora central. Los encargados tienen informaci\u00f3n sobre qui\u00e9n, cu\u00e1ndo, d\u00f3nde conduc\u00edan, cu\u00e1ntos estudiantes fueron transportados.[\/vc_column_text][vc_separator color=\u00bbcustom\u00bb border_width=\u00bb4&#8243; accent_color=\u00bb#1f448f\u00bb][\/vc_column][\/vc_row][vc_row equal_height=\u00bbyes\u00bb][vc_column][vc_column_text]<\/p>\n<ul class=\"check-list\">\n<li><span style=\"color: #808080;\"><a style=\"color: #808080;\">Contabilidad clave<\/a><\/span><\/li>\n<\/ul>\n<p>[\/vc_column_text][vc_column_text]Los colgantes RFID se colocan en las oficinas, las llaves del coche, que, junto con la tarjeta del empleado que la lleva, se escanean con un lector NFC al ordenador o en el tel\u00e9fono NFC.[\/vc_column_text][vc_separator color=\u00bbcustom\u00bb border_width=\u00bb4&#8243; accent_color=\u00bb#1f448f\u00bb][\/vc_column][\/vc_row][vc_row equal_height=\u00bbyes\u00bb][vc_column][vc_column_text]<\/p>\n<ul class=\"check-list\">\n<li><span style=\"color: #808080;\"><a style=\"color: #808080;\">Poder<\/a><\/span><\/li>\n<\/ul>\n<p>[\/vc_column_text][vc_column_text]<\/p>\n<ul>\n<li>Pago en el comedor, m\u00e1quinas expendedoras de alimentos y bebidas con tarjeta electr\u00f3nica o tel\u00e9fono; <\/li>\n<li>Las comidas del personal pueden ser pagadas a expensas de la instituci\u00f3n.<\/li>\n<\/ul>\n<p>[\/vc_column_text][vc_separator color=\u00bbcustom\u00bb border_width=\u00bb4&#8243; accent_color=\u00bb#1f448f\u00bb][\/vc_column][\/vc_row][vc_row equal_height=\u00bbyes\u00bb][vc_column][vc_column_text]<\/p>\n<ul class=\"check-list\">\n<li><span style=\"color: #808080;\"><a style=\"color: #808080;\">Copia\/impresi\u00f3n\/escaneo<\/a><\/span><\/li>\n<\/ul>\n<p>[\/vc_column_text][vc_column_text]Los documentos impresos para fotocopiar e imprimir dispositivos se pueden enviar desde una computadora o tel\u00e9fono, cuando vienen a recoger, se identifican mediante tarjeta electr\u00f3nica o tel\u00e9fono, y el pago se realiza de acuerdo con los planes disponibles. Los documentos escaneados se pueden enviar a una computadora o tel\u00e9fono por analog\u00eda.[\/vc_column_text][vc_separator color=\u00bbcustom\u00bb border_width=\u00bb4&#8243; accent_color=\u00bb#1f448f\u00bb][\/vc_column][\/vc_row][vc_row equal_height=\u00bbyes\u00bb][vc_column][vc_column_text]<\/p>\n<ul class=\"check-list\">\n<li><span style=\"color: #808080;\"><a style=\"color: #808080;\">Biblioteca<\/a><\/span><\/li>\n<\/ul>\n<p>[\/vc_column_text][vc_column_text]<\/p>\n<ul>\n<li>Identificaci\u00f3n de los lectores;<\/li>\n<li>Pago de intereses de demora mediante tarjeta electr\u00f3nica o tel\u00e9fono. <\/li>\n<\/ul>\n<p>[\/vc_column_text][vc_separator color=\u00bbcustom\u00bb border_width=\u00bb4&#8243; accent_color=\u00bb#1f448f\u00bb][\/vc_column][\/vc_row][vc_row equal_height=\u00bbyes\u00bb][vc_column][vc_column_text]<\/p>\n<ul class=\"check-list\">\n<li><span style=\"color: #808080;\"><a style=\"color: #808080;\">Administraci\u00f3n de dormitorios<\/a><\/span><\/li>\n<\/ul>\n<p>[\/vc_column_text][vc_column_text]Se describe la informaci\u00f3n para los residentes y las habitaciones, se describe el procedimiento para calcular los impuestos, luego se calculan autom\u00e1ticamente las tarifas mensuales, se env\u00edan las facturas y se recaudan los impuestos. Sistemas integrados de control de accesos, equipos de lavado, gesti\u00f3n de aparcamientos y contabilidad.[\/vc_column_text][vc_separator color=\u00bbcustom\u00bb border_width=\u00bb4&#8243; accent_color=\u00bb#1f448f\u00bb][\/vc_column][\/vc_row][vc_row equal_height=\u00bbyes\u00bb][vc_column][vc_column_text]<\/p>\n<ul class=\"check-list\">\n<li><span style=\"color: #808080;\"><a style=\"color: #808080;\">Lavadoras<\/a><\/span><\/li>\n<\/ul>\n<p>[\/vc_column_text][vc_column_text]Las unidades de lavado y secado est\u00e1n controladas por controladores de tarjetas, que comprueban si el consumidor tiene derecho a utilizarlas y qu\u00e9 sistema de facturaci\u00f3n, seg\u00fan el cual gestionan ellos mismos las unidades de lavado. La cuota est\u00e1 incluida en la factura mensual o se debita inmediatamente. Tambi\u00e9n es posible integrar la venta de detergentes.[\/vc_column_text][vc_separator color=\u00bbcustom\u00bb border_width=\u00bb4&#8243; accent_color=\u00bb#1f448f\u00bb][\/vc_column][\/vc_row][vc_row equal_height=\u00bbyes\u00bb][vc_column][vc_column_text]<\/p>\n<ul class=\"check-list\">\n<li><span style=\"color: #808080;\"><a style=\"color: #808080;\">Aparcamiento<\/a><\/span><\/li>\n<\/ul>\n<p>[\/vc_column_text][vc_column_text]El programa de gesti\u00f3n est\u00e1 integrado con barreras y le permite ingresar de forma gratuita (para empleados, invitados), la tarifa est\u00e1 incluida en la factura mensual o se paga de inmediato. El control de cercas es posible mediante tarjeta electr\u00f3nica, tel\u00e9fono m\u00f3vil (SMS, aplicaciones), reconocimiento de n\u00famero de autom\u00f3vil por c\u00e1mara de video.[\/vc_column_text][vc_separator color=\u00bbcustom\u00bb border_width=\u00bb4&#8243; accent_color=\u00bb#1f448f\u00bb][\/vc_column][\/vc_row][vc_row equal_height=\u00bbyes\u00bb][vc_column][vc_column_text]<\/p>\n<ul class=\"check-list\">\n<li><span style=\"color: #808080;\"><a style=\"color: #808080;\">Gesti\u00f3n de eventos<\/a><\/span><\/li>\n<\/ul>\n<p>[\/vc_column_text][vc_column_text]Entradas y reservas para eventos. A la llegada, identificaci\u00f3n de los usuarios mediante tarjeta electr\u00f3nica o tel\u00e9fono. Pago durante el evento por e-wallet.[\/vc_column_text][vc_separator color=\u00bbcustom\u00bb border_width=\u00bb4&#8243; accent_color=\u00bb#1f448f\u00bb][\/vc_column][\/vc_row][vc_row equal_height=\u00bbyes\u00bb][vc_column][vc_column_text]<\/p>\n<ul class=\"check-list\">\n<li><span style=\"color: #808080;\"><a style=\"color: #808080;\">Contabilidad de activos fijos<\/a><\/span><\/li>\n<\/ul>\n<p>[\/vc_column_text][vc_column_text]Las pegatinas NFC (an\u00e1logas a los QR o c\u00f3digos de barras) se adjuntan a los activos a contabilizar, que se escanean con un tel\u00e9fono NFC. Esto es especialmente conveniente para bienes muebles (computadoras, proyectores, etc.) al escanear la etiqueta NFC del dispositivo y la tarjeta del empleado. El programa lo registra hasta que el dispositivo ha sido devuelto al almac\u00e9n o entregado a otra persona, un usuario conocido.[\/vc_column_text][vc_separator color=\u00bbcustom\u00bb border_width=\u00bb4&#8243; accent_color=\u00bb#1f448f\u00bb][\/vc_column][\/vc_row][vc_row full_width=\u00bbstretch_row\u00bb css=\u00bb.vc_custom_1617178365933{background-color: #174894 !important;}\u00bb el_class=\u00bbblue-section-header\u00bb][vc_column css=\u00bb.vc_custom_1617178564296{margin-top: 10px !important;}\u00bb][vc_column_text]<\/p>\n<h2 class=\"v1pre\"><span style=\"color: #ffffff;\"><a style=\"color: #ffffff;\" href=\"https:\/\/acoris.lt\/es\/contactos\/\">P\u00f3ngase en contacto con nosotros para obtener m\u00e1s detalles y consultas<\/a><\/span><\/h2>\n<p>[\/vc_column_text][\/vc_column][\/vc_row]<\/p>\n<\/div>","protected":false},"excerpt":{"rendered":"<p>[vc_row full_width=\u00bbstretch_row\u00bb el_class=\u00bbblue-section-header\u00bb css=\u00bb.vc_custom_1617813804866{background-color: #174894 !important;}\u00bb][vc_column css=\u00bb.vc_custom_1617178564296{margin-top: 10px !important;}\u00bb][\/vc_column][\/vc_row][vc_row][vc_column][vc_text_separator title=\u00bbIdentificadores de personas \u00bb color=\u00bbcustom\u00bb border_width=\u00bb3&#8243; accent_color=\u00bb#1f448f\u00bb][vc_column_text] Tarjetas, llaveros, relojes, tel\u00e9fonos m\u00f3viles con chip NFC integrado. [\/vc_column_text][\/vc_column][\/vc_row][vc_row equal_height=\u00bbyes\u00bb][vc_column width=\u00bb1\/4&#8243;][vc_single_image image=\u00bb4555&#8243; img_size=\u00bbfull\u00bb css_animation=\u00bbfadeInDown\u00bb][\/vc_column][vc_column width=\u00bb1\/4&#8243;][vc_single_image image=\u00bb4549&#8243; img_size=\u00bbfull\u00bb css_animation=\u00bbfadeInDown\u00bb][\/vc_column][vc_column width=\u00bb1\/4&#8243;][vc_single_image image=\u00bb4553&#8243; img_size=\u00bbfull\u00bb css_animation=\u00bbfadeInDown\u00bb][\/vc_column][vc_column width=\u00bb1\/4&#8243;][vc_single_image image=\u00bb4552&#8243; img_size=\u00bbfull\u00bb css_animation=\u00bbfadeInDown\u00bb][\/vc_column][\/vc_row][vc_row full_width=\u00bbstretch_row\u00bb el_class=\u00bbblue-section-header\u00bb][vc_column css=\u00bb.vc_custom_1617178564296{margin-top: 10px !important;}\u00bb][vc_column_text]Las tarjetas pueden ser permanentes, personalizadas, con prepago: [&hellip;]<\/p>\n","protected":false},"author":1,"featured_media":0,"parent":0,"menu_order":0,"comment_status":"closed","ping_status":"closed","template":"","meta":{"_acf_changed":false,"_monsterinsights_skip_tracking":false,"_monsterinsights_sitenote_active":false,"_monsterinsights_sitenote_note":"","_monsterinsights_sitenote_category":0,"footnotes":""},"class_list":["post-4544","page","type-page","status-publish","hentry"],"acf":[],"yoast_head":"<!-- This site is optimized with the Yoast SEO plugin v27.3 - https:\/\/yoast.com\/product\/yoast-seo-wordpress\/ -->\n<title>Tarjetas e identificadores de otras personas - Acoris<\/title>\n<meta name=\"description\" content=\"Identificadores de personas: tarjetas, llaveros, relojes, tel\u00e9fonos m\u00f3viles con chip NFC integrado para control de acceso, suministro de energ\u00eda y otros servicios\" \/>\n<meta name=\"robots\" content=\"index, follow, max-snippet:-1, max-image-preview:large, max-video-preview:-1\" \/>\n<link rel=\"canonical\" href=\"https:\/\/acoris.lt\/es\/tarjetas-e-identificadores-de-otras-personas\/\" \/>\n<meta property=\"og:locale\" content=\"es_ES\" \/>\n<meta property=\"og:type\" content=\"article\" \/>\n<meta property=\"og:title\" content=\"Tarjetas e identificadores de otras personas - Acoris\" \/>\n<meta property=\"og:description\" content=\"Identificadores de personas: tarjetas, llaveros, relojes, tel\u00e9fonos m\u00f3viles con chip NFC integrado para control de acceso, suministro de energ\u00eda y otros servicios\" \/>\n<meta property=\"og:url\" content=\"https:\/\/acoris.lt\/es\/tarjetas-e-identificadores-de-otras-personas\/\" \/>\n<meta property=\"og:site_name\" content=\"Acoris\" \/>\n<meta property=\"article:modified_time\" content=\"2025-02-27T05:46:33+00:00\" \/>\n<meta property=\"og:image\" content=\"https:\/\/acoris.lt\/wp-content\/uploads\/2023\/12\/acoris.jpg\" \/>\n\t<meta property=\"og:image:width\" content=\"600\" \/>\n\t<meta property=\"og:image:height\" content=\"600\" \/>\n\t<meta property=\"og:image:type\" content=\"image\/jpeg\" \/>\n<meta name=\"twitter:card\" content=\"summary_large_image\" \/>\n<meta name=\"twitter:label1\" content=\"Tiempo de lectura\" \/>\n\t<meta name=\"twitter:data1\" content=\"6 minutos\" \/>\n<script type=\"application\/ld+json\" class=\"yoast-schema-graph\">{\"@context\":\"https:\\\/\\\/schema.org\",\"@graph\":[{\"@type\":\"WebPage\",\"@id\":\"https:\\\/\\\/acoris.lt\\\/es\\\/tarjetas-e-identificadores-de-otras-personas\\\/\",\"url\":\"https:\\\/\\\/acoris.lt\\\/es\\\/tarjetas-e-identificadores-de-otras-personas\\\/\",\"name\":\"Tarjetas e identificadores de otras personas - Acoris\",\"isPartOf\":{\"@id\":\"https:\\\/\\\/acoris.lt\\\/#website\"},\"datePublished\":\"2025-02-27T05:46:29+00:00\",\"dateModified\":\"2025-02-27T05:46:33+00:00\",\"description\":\"Identificadores de personas: tarjetas, llaveros, relojes, tel\u00e9fonos m\u00f3viles con chip NFC integrado para control de acceso, suministro de energ\u00eda y otros servicios\",\"breadcrumb\":{\"@id\":\"https:\\\/\\\/acoris.lt\\\/es\\\/tarjetas-e-identificadores-de-otras-personas\\\/#breadcrumb\"},\"inLanguage\":\"es\",\"potentialAction\":[{\"@type\":\"ReadAction\",\"target\":[\"https:\\\/\\\/acoris.lt\\\/es\\\/tarjetas-e-identificadores-de-otras-personas\\\/\"]}]},{\"@type\":\"BreadcrumbList\",\"@id\":\"https:\\\/\\\/acoris.lt\\\/es\\\/tarjetas-e-identificadores-de-otras-personas\\\/#breadcrumb\",\"itemListElement\":[{\"@type\":\"ListItem\",\"position\":1,\"name\":\"Inicio\",\"item\":\"https:\\\/\\\/acoris.lt\\\/es\\\/\"},{\"@type\":\"ListItem\",\"position\":2,\"name\":\"Tarjetas e identificadores de otras personas\"}]},{\"@type\":\"WebSite\",\"@id\":\"https:\\\/\\\/acoris.lt\\\/#website\",\"url\":\"https:\\\/\\\/acoris.lt\\\/\",\"name\":\"Acoris\",\"description\":\"Integruotos sistemos\",\"publisher\":{\"@id\":\"https:\\\/\\\/acoris.lt\\\/#organization\"},\"potentialAction\":[{\"@type\":\"SearchAction\",\"target\":{\"@type\":\"EntryPoint\",\"urlTemplate\":\"https:\\\/\\\/acoris.lt\\\/?s={search_term_string}\"},\"query-input\":{\"@type\":\"PropertyValueSpecification\",\"valueRequired\":true,\"valueName\":\"search_term_string\"}}],\"inLanguage\":\"es\"},{\"@type\":\"Organization\",\"@id\":\"https:\\\/\\\/acoris.lt\\\/#organization\",\"name\":\"Acoris\",\"url\":\"https:\\\/\\\/acoris.lt\\\/\",\"logo\":{\"@type\":\"ImageObject\",\"inLanguage\":\"es\",\"@id\":\"https:\\\/\\\/acoris.lt\\\/#\\\/schema\\\/logo\\\/image\\\/\",\"url\":\"https:\\\/\\\/acoris.lt\\\/wp-content\\\/uploads\\\/2023\\\/12\\\/acoris.jpg\",\"contentUrl\":\"https:\\\/\\\/acoris.lt\\\/wp-content\\\/uploads\\\/2023\\\/12\\\/acoris.jpg\",\"width\":600,\"height\":600,\"caption\":\"Acoris\"},\"image\":{\"@id\":\"https:\\\/\\\/acoris.lt\\\/#\\\/schema\\\/logo\\\/image\\\/\"}}]}<\/script>\n<!-- \/ Yoast SEO plugin. -->","yoast_head_json":{"title":"Tarjetas e identificadores de otras personas - Acoris","description":"Identificadores de personas: tarjetas, llaveros, relojes, tel\u00e9fonos m\u00f3viles con chip NFC integrado para control de acceso, suministro de energ\u00eda y otros servicios","robots":{"index":"index","follow":"follow","max-snippet":"max-snippet:-1","max-image-preview":"max-image-preview:large","max-video-preview":"max-video-preview:-1"},"canonical":"https:\/\/acoris.lt\/es\/tarjetas-e-identificadores-de-otras-personas\/","og_locale":"es_ES","og_type":"article","og_title":"Tarjetas e identificadores de otras personas - Acoris","og_description":"Identificadores de personas: tarjetas, llaveros, relojes, tel\u00e9fonos m\u00f3viles con chip NFC integrado para control de acceso, suministro de energ\u00eda y otros servicios","og_url":"https:\/\/acoris.lt\/es\/tarjetas-e-identificadores-de-otras-personas\/","og_site_name":"Acoris","article_modified_time":"2025-02-27T05:46:33+00:00","og_image":[{"width":600,"height":600,"url":"https:\/\/acoris.lt\/wp-content\/uploads\/2023\/12\/acoris.jpg","type":"image\/jpeg"}],"twitter_card":"summary_large_image","twitter_misc":{"Tiempo de lectura":"6 minutos"},"schema":{"@context":"https:\/\/schema.org","@graph":[{"@type":"WebPage","@id":"https:\/\/acoris.lt\/es\/tarjetas-e-identificadores-de-otras-personas\/","url":"https:\/\/acoris.lt\/es\/tarjetas-e-identificadores-de-otras-personas\/","name":"Tarjetas e identificadores de otras personas - Acoris","isPartOf":{"@id":"https:\/\/acoris.lt\/#website"},"datePublished":"2025-02-27T05:46:29+00:00","dateModified":"2025-02-27T05:46:33+00:00","description":"Identificadores de personas: tarjetas, llaveros, relojes, tel\u00e9fonos m\u00f3viles con chip NFC integrado para control de acceso, suministro de energ\u00eda y otros servicios","breadcrumb":{"@id":"https:\/\/acoris.lt\/es\/tarjetas-e-identificadores-de-otras-personas\/#breadcrumb"},"inLanguage":"es","potentialAction":[{"@type":"ReadAction","target":["https:\/\/acoris.lt\/es\/tarjetas-e-identificadores-de-otras-personas\/"]}]},{"@type":"BreadcrumbList","@id":"https:\/\/acoris.lt\/es\/tarjetas-e-identificadores-de-otras-personas\/#breadcrumb","itemListElement":[{"@type":"ListItem","position":1,"name":"Inicio","item":"https:\/\/acoris.lt\/es\/"},{"@type":"ListItem","position":2,"name":"Tarjetas e identificadores de otras personas"}]},{"@type":"WebSite","@id":"https:\/\/acoris.lt\/#website","url":"https:\/\/acoris.lt\/","name":"Acoris","description":"Integruotos sistemos","publisher":{"@id":"https:\/\/acoris.lt\/#organization"},"potentialAction":[{"@type":"SearchAction","target":{"@type":"EntryPoint","urlTemplate":"https:\/\/acoris.lt\/?s={search_term_string}"},"query-input":{"@type":"PropertyValueSpecification","valueRequired":true,"valueName":"search_term_string"}}],"inLanguage":"es"},{"@type":"Organization","@id":"https:\/\/acoris.lt\/#organization","name":"Acoris","url":"https:\/\/acoris.lt\/","logo":{"@type":"ImageObject","inLanguage":"es","@id":"https:\/\/acoris.lt\/#\/schema\/logo\/image\/","url":"https:\/\/acoris.lt\/wp-content\/uploads\/2023\/12\/acoris.jpg","contentUrl":"https:\/\/acoris.lt\/wp-content\/uploads\/2023\/12\/acoris.jpg","width":600,"height":600,"caption":"Acoris"},"image":{"@id":"https:\/\/acoris.lt\/#\/schema\/logo\/image\/"}}]}},"_links":{"self":[{"href":"https:\/\/acoris.lt\/es\/wp-json\/wp\/v2\/pages\/4544","targetHints":{"allow":["GET"]}}],"collection":[{"href":"https:\/\/acoris.lt\/es\/wp-json\/wp\/v2\/pages"}],"about":[{"href":"https:\/\/acoris.lt\/es\/wp-json\/wp\/v2\/types\/page"}],"author":[{"embeddable":true,"href":"https:\/\/acoris.lt\/es\/wp-json\/wp\/v2\/users\/1"}],"replies":[{"embeddable":true,"href":"https:\/\/acoris.lt\/es\/wp-json\/wp\/v2\/comments?post=4544"}],"version-history":[{"count":5,"href":"https:\/\/acoris.lt\/es\/wp-json\/wp\/v2\/pages\/4544\/revisions"}],"predecessor-version":[{"id":4600,"href":"https:\/\/acoris.lt\/es\/wp-json\/wp\/v2\/pages\/4544\/revisions\/4600"}],"wp:attachment":[{"href":"https:\/\/acoris.lt\/es\/wp-json\/wp\/v2\/media?parent=4544"}],"curies":[{"name":"wp","href":"https:\/\/api.w.org\/{rel}","templated":true}]}}