{"id":4562,"date":"2025-02-27T08:46:31","date_gmt":"2025-02-27T05:46:31","guid":{"rendered":"https:\/\/www.acoris.lt\/torniquetes-schlagbaums-y-otros-dispositivos-de-control-de-acceso\/"},"modified":"2025-02-27T08:46:38","modified_gmt":"2025-02-27T05:46:38","slug":"torniquetes-schlagbaums-y-otros-dispositivos-de-control-de-acceso","status":"publish","type":"page","link":"https:\/\/acoris.lt\/es\/torniquetes-schlagbaums-y-otros-dispositivos-de-control-de-acceso\/","title":{"rendered":"Torniquetes, schlagbaums y otros dispositivos de control de acceso"},"content":{"rendered":"<div class=\"wpb-content-wrapper\"><p>[vc_row full_width=\u00bbstretch_row\u00bb el_class=\u00bbblue-section-header\u00bb css=\u00bb.vc_custom_1617813804866{background-color: #174894 !important;}\u00bb][vc_column css=\u00bb.vc_custom_1617178564296{margin-top: 10px !important;}\u00bb][\/vc_column][\/vc_row][vc_row equal_height=\u00bbyes\u00bb css=\u00bb.vc_custom_1619009530721{margin-top: 30px !important;margin-bottom: 30px !important;}\u00bb][vc_column width=\u00bb1\/2&#8243;][vc_column_text 0=\u00bb\u00bb]Las instalaciones de control de acceso est\u00e1n dise\u00f1adas para controlar el acceso de los trabajadores y otras personas a las instalaciones. Como regla general, una persona se identifica mediante una tarjeta o un tel\u00e9fono m\u00f3vil, y si se le permite ingresar a esta habitaci\u00f3n a una hora espec\u00edfica, se da la orden adecuada a la cerradura de la puerta, torniquete u otro dispositivo.[\/vc_column_text][\/vc_column][vc_column width=\u00bb1\/2&#8243; css=\u00bb.vc_custom_1619009390746{margin-top: 20px !important;background-image: url(https:\/\/acoris.lt\/wp-content\/uploads\/2021\/04\/banerisspa.jpg?id=1777) !important;background-position: center !important;background-repeat: no-repeat !important;background-size: cover !important;}\u00bb][\/vc_column][\/vc_row][vc_row css=\u00bb.vc_custom_1619009422114{margin-top: 20px !important;}\u00bb][vc_column 0=\u00bb\u00bb][vc_text_separator title=\u00bbEquipos de control de puertas\u00bb color=\u00bbcustom\u00bb border_width=\u00bb3&#8243; accent_color=\u00bb#1f448f\u00bb][\/vc_column][\/vc_row][vc_row equal_height=\u00bbyes\u00bb][vc_column width=\u00bb1\/2&#8243;][vc_column_text 0=\u00bb\u00bb]<\/p>\n<h3 style=\"text-align: center;\">El controlador en la propia cerradura<\/h3>\n<p>[\/vc_column_text][vc_single_image image=\u00bb4571&#8243; img_size=\u00bbfull\u00bb alignment=\u00bbcenter\u00bb css_animation=\u00bbfadeIn\u00bb][\/vc_column][vc_column width=\u00bb1\/2&#8243;][vc_column_text 0=\u00bb\u00bb]<\/p>\n<h3 style=\"text-align: center;\">La puerta est\u00e1 controlada por un im\u00e1n electr\u00f3nico externo <\/h3>\n<p>[\/vc_column_text][vc_single_image image=\u00bb4575&#8243; img_size=\u00bbfull\u00bb alignment=\u00bbcenter\u00bb css_animation=\u00bbfadeIn\u00bb][\/vc_column][\/vc_row][vc_row css=\u00bb.vc_custom_1619009573346{margin-top: 30px !important;}\u00bb][vc_column 0=\u00bb\u00bb][vc_text_separator title=\u00bbTorniquetes para gestionar grandes flujos de personas\u00bb color=\u00bbcustom\u00bb border_width=\u00bb3&#8243; accent_color=\u00bb#1f448f\u00bb][\/vc_column][\/vc_row][vc_row equal_height=\u00bbyes\u00bb][vc_column width=\u00bb1\/2&#8243;][vc_single_image image=\u00bb4569&#8243; img_size=\u00bbfull\u00bb alignment=\u00bbcenter\u00bb css_animation=\u00bbfadeIn\u00bb][\/vc_column][vc_column width=\u00bb1\/2&#8243;][vc_single_image image=\u00bb4567&#8243; img_size=\u00bbfull\u00bb alignment=\u00bbcenter\u00bb css_animation=\u00bbfadeIn\u00bb][\/vc_column][\/vc_row][vc_row 0=\u00bb\u00bb][vc_column 0=\u00bb\u00bb][vc_text_separator title=\u00bbSchlagbaums\/Puertas elevadas\u00bb color=\u00bbcustom\u00bb border_width=\u00bb3&#8243; accent_color=\u00bb#1f448f\u00bb][\/vc_column][\/vc_row][vc_row equal_height=\u00bbyes\u00bb][vc_column width=\u00bb1\/2&#8243;][vc_single_image image=\u00bb4577&#8243; img_size=\u00bbfull\u00bb alignment=\u00bbcenter\u00bb css_animation=\u00bbfadeIn\u00bb][\/vc_column][vc_column width=\u00bb1\/2&#8243;][vc_single_image image=\u00bb4257&#8243; img_size=\u00bbfull\u00bb alignment=\u00bbcenter\u00bb css_animation=\u00bbfadeIn\u00bb][\/vc_column][\/vc_row][vc_row full_width=\u00bbstretch_row\u00bb css=\u00bb.vc_custom_1617178365933{background-color: #174894 !important;}\u00bb el_class=\u00bbblue-section-header\u00bb][vc_column css=\u00bb.vc_custom_1617178564296{margin-top: 10px !important;}\u00bb][\/vc_column][\/vc_row][vc_row equal_height=\u00bbyes\u00bb][vc_column 0=\u00bb\u00bb][vc_column_text 0=\u00bb\u00bb]<\/p>\n<h2 style=\"text-align: center;\"><strong>El control de acceso puede ser la medici\u00f3n de la temperatura y el alcohol<\/strong><\/h2>\n<p>[\/vc_column_text][\/vc_column][\/vc_row][vc_row equal_height=\u00bbyes\u00bb css=\u00bb.vc_custom_1619009530721{margin-top: 30px !important;margin-bottom: 30px !important;}\u00bb][vc_column width=\u00bb1\/2&#8243; css=\u00bb.vc_custom_1619010299566{margin-top: 30px !important;background-position: center !important;background-repeat: no-repeat !important;background-size: cover !important;}\u00bb][vc_column_text css=\u00bb.vc_custom_1619010255469{background-position: center !important;background-repeat: no-repeat !important;background-size: cover !important;}\u00bb]No se requieren boquillas desechables para el alcohol\u00edmetro: se proporciona una muestra de aire exhalado soplando desde una distancia de 2-5 cm. El funcionamiento de este dispositivo se puede ver en el video.[\/vc_column_text][\/vc_column][vc_column width=\u00bb1\/2&#8243; css=\u00bb.vc_custom_1619010200901{margin-top: 0px !important;background-position: center !important;background-repeat: no-repeat !important;background-size: cover !important;}\u00bb][vc_video link=\u00bb https:\/\/youtu.be\/9RhZo78eN4E\u00bb][\/vc_column][\/vc_row][vc_row equal_height=\u00bbyes\u00bb][vc_column 0=\u00bb\u00bb][vc_separator color=\u00bbcustom\u00bb border_width=\u00bb4&#8243; accent_color=\u00bb#1f448f\u00bb][\/vc_column][\/vc_row][vc_row equal_height=\u00bbyes\u00bb][vc_column 0=\u00bb\u00bb][vc_column_text 0=\u00bb\u00bb]El medidor de temperatura mide la temperatura de las personas a una distancia de 0,3 a 0,5 m, en caso de ser demasiado grande, env\u00eda un mensaje de alarma a los gerentes, es posible una restricci\u00f3n de acceso a las instalaciones. El dispositivo tambi\u00e9n puede conocer la cara, lo que garantiza la seguridad. Tiene 1 entrada l\u00f3gica y 12 rel\u00e9s para controlar dispositivos externos (puertas, torniquetes). Interfaz RS485, WG26\/34, disponible con LAN, 4G.[\/vc_column_text][\/vc_column][\/vc_row][vc_row equal_height=\u00bbyes\u00bb][vc_column width=\u00bb1\/2&#8243;][vc_single_image image=\u00bb641&#8243; img_size=\u00bbfull\u00bb css_animation=\u00bbfadeIn\u00bb][\/vc_column][vc_column width=\u00bb1\/2&#8243;][vc_single_image image=\u00bb4573&#8243; img_size=\u00bbfull\u00bb alignment=\u00bbcenter\u00bb css_animation=\u00bbfadeIn\u00bb][\/vc_column][\/vc_row][vc_row full_width=\u00bbstretch_row\u00bb css=\u00bb.vc_custom_1617178365933{background-color: #174894 !important;}\u00bb el_class=\u00bbblue-section-header\u00bb][vc_column css=\u00bb.vc_custom_1617178564296{margin-top: 10px !important;}\u00bb][vc_column_text 0=\u00bb\u00bb]<\/p>\n<div>\n<div>\n<h2 class=\"v1pre\"><span style=\"color: #ffffff;\"><a style=\"color: #ffffff;\" href=\"https:\/\/acoris.lt\/es\/contactos\/\">P\u00f3ngase en contacto con nosotros para obtener m\u00e1s detalles y consultas<\/a><\/span><\/h2>\n<\/div>\n<\/div>\n<p>[\/vc_column_text][\/vc_column][\/vc_row]<\/p>\n<\/div>","protected":false},"excerpt":{"rendered":"<p>[vc_row full_width=\u00bbstretch_row\u00bb el_class=\u00bbblue-section-header\u00bb css=\u00bb.vc_custom_1617813804866{background-color: #174894 !important;}\u00bb][vc_column css=\u00bb.vc_custom_1617178564296{margin-top: 10px !important;}\u00bb][\/vc_column][\/vc_row][vc_row equal_height=\u00bbyes\u00bb css=\u00bb.vc_custom_1619009530721{margin-top: 30px !important;margin-bottom: 30px !important;}\u00bb][vc_column width=\u00bb1\/2&#8243;][vc_column_text 0=\u00bb\u00bb]Las instalaciones de control de acceso est\u00e1n dise\u00f1adas para controlar el acceso de los trabajadores y otras personas a las instalaciones. Como regla general, una persona se identifica mediante una tarjeta o un tel\u00e9fono m\u00f3vil, y si se le [&hellip;]<\/p>\n","protected":false},"author":1,"featured_media":0,"parent":0,"menu_order":0,"comment_status":"closed","ping_status":"closed","template":"","meta":{"_acf_changed":false,"_monsterinsights_skip_tracking":false,"_monsterinsights_sitenote_active":false,"_monsterinsights_sitenote_note":"","_monsterinsights_sitenote_category":0,"footnotes":""},"class_list":["post-4562","page","type-page","status-publish","hentry"],"acf":[],"yoast_head":"<!-- This site is optimized with the Yoast SEO plugin v27.4 - https:\/\/yoast.com\/product\/yoast-seo-wordpress\/ -->\n<title>Torniquetes, schlagbaums y otros dispositivos de control de acceso - Acoris<\/title>\n<meta name=\"description\" content=\"Equipos de control de puertas, lectores de tarjetas, tarjetas de acceso, torniquetes, puertas levadizas, schlagbaums. Sistemas integrados de control y contabilidad.\" \/>\n<meta name=\"robots\" content=\"index, follow, max-snippet:-1, max-image-preview:large, max-video-preview:-1\" \/>\n<link rel=\"canonical\" href=\"https:\/\/acoris.lt\/es\/torniquetes-schlagbaums-y-otros-dispositivos-de-control-de-acceso\/\" \/>\n<meta property=\"og:locale\" content=\"es_ES\" \/>\n<meta property=\"og:type\" content=\"article\" \/>\n<meta property=\"og:title\" content=\"Torniquetes, schlagbaums y otros dispositivos de control de acceso - Acoris\" \/>\n<meta property=\"og:description\" content=\"Equipos de control de puertas, lectores de tarjetas, tarjetas de acceso, torniquetes, puertas levadizas, schlagbaums. Sistemas integrados de control y contabilidad.\" \/>\n<meta property=\"og:url\" content=\"https:\/\/acoris.lt\/es\/torniquetes-schlagbaums-y-otros-dispositivos-de-control-de-acceso\/\" \/>\n<meta property=\"og:site_name\" content=\"Acoris\" \/>\n<meta property=\"article:modified_time\" content=\"2025-02-27T05:46:38+00:00\" \/>\n<meta property=\"og:image\" content=\"https:\/\/acoris.lt\/wp-content\/uploads\/2023\/12\/acoris.jpg\" \/>\n\t<meta property=\"og:image:width\" content=\"600\" \/>\n\t<meta property=\"og:image:height\" content=\"600\" \/>\n\t<meta property=\"og:image:type\" content=\"image\/jpeg\" \/>\n<meta name=\"twitter:card\" content=\"summary_large_image\" \/>\n<meta name=\"twitter:label1\" content=\"Tiempo de lectura\" \/>\n\t<meta name=\"twitter:data1\" content=\"4 minutos\" \/>\n<script type=\"application\/ld+json\" class=\"yoast-schema-graph\">{\"@context\":\"https:\\\/\\\/schema.org\",\"@graph\":[{\"@type\":\"WebPage\",\"@id\":\"https:\\\/\\\/acoris.lt\\\/es\\\/torniquetes-schlagbaums-y-otros-dispositivos-de-control-de-acceso\\\/\",\"url\":\"https:\\\/\\\/acoris.lt\\\/es\\\/torniquetes-schlagbaums-y-otros-dispositivos-de-control-de-acceso\\\/\",\"name\":\"Torniquetes, schlagbaums y otros dispositivos de control de acceso - Acoris\",\"isPartOf\":{\"@id\":\"https:\\\/\\\/acoris.lt\\\/#website\"},\"datePublished\":\"2025-02-27T05:46:31+00:00\",\"dateModified\":\"2025-02-27T05:46:38+00:00\",\"description\":\"Equipos de control de puertas, lectores de tarjetas, tarjetas de acceso, torniquetes, puertas levadizas, schlagbaums. Sistemas integrados de control y contabilidad.\",\"breadcrumb\":{\"@id\":\"https:\\\/\\\/acoris.lt\\\/es\\\/torniquetes-schlagbaums-y-otros-dispositivos-de-control-de-acceso\\\/#breadcrumb\"},\"inLanguage\":\"es\",\"potentialAction\":[{\"@type\":\"ReadAction\",\"target\":[\"https:\\\/\\\/acoris.lt\\\/es\\\/torniquetes-schlagbaums-y-otros-dispositivos-de-control-de-acceso\\\/\"]}]},{\"@type\":\"BreadcrumbList\",\"@id\":\"https:\\\/\\\/acoris.lt\\\/es\\\/torniquetes-schlagbaums-y-otros-dispositivos-de-control-de-acceso\\\/#breadcrumb\",\"itemListElement\":[{\"@type\":\"ListItem\",\"position\":1,\"name\":\"Inicio\",\"item\":\"https:\\\/\\\/acoris.lt\\\/es\\\/\"},{\"@type\":\"ListItem\",\"position\":2,\"name\":\"Torniquetes, schlagbaums y otros dispositivos de control de acceso\"}]},{\"@type\":\"WebSite\",\"@id\":\"https:\\\/\\\/acoris.lt\\\/#website\",\"url\":\"https:\\\/\\\/acoris.lt\\\/\",\"name\":\"Acoris\",\"description\":\"Integruotos sistemos\",\"publisher\":{\"@id\":\"https:\\\/\\\/acoris.lt\\\/#organization\"},\"potentialAction\":[{\"@type\":\"SearchAction\",\"target\":{\"@type\":\"EntryPoint\",\"urlTemplate\":\"https:\\\/\\\/acoris.lt\\\/?s={search_term_string}\"},\"query-input\":{\"@type\":\"PropertyValueSpecification\",\"valueRequired\":true,\"valueName\":\"search_term_string\"}}],\"inLanguage\":\"es\"},{\"@type\":\"Organization\",\"@id\":\"https:\\\/\\\/acoris.lt\\\/#organization\",\"name\":\"Acoris\",\"url\":\"https:\\\/\\\/acoris.lt\\\/\",\"logo\":{\"@type\":\"ImageObject\",\"inLanguage\":\"es\",\"@id\":\"https:\\\/\\\/acoris.lt\\\/#\\\/schema\\\/logo\\\/image\\\/\",\"url\":\"https:\\\/\\\/acoris.lt\\\/wp-content\\\/uploads\\\/2023\\\/12\\\/acoris.jpg\",\"contentUrl\":\"https:\\\/\\\/acoris.lt\\\/wp-content\\\/uploads\\\/2023\\\/12\\\/acoris.jpg\",\"width\":600,\"height\":600,\"caption\":\"Acoris\"},\"image\":{\"@id\":\"https:\\\/\\\/acoris.lt\\\/#\\\/schema\\\/logo\\\/image\\\/\"}}]}<\/script>\n<!-- \/ Yoast SEO plugin. -->","yoast_head_json":{"title":"Torniquetes, schlagbaums y otros dispositivos de control de acceso - Acoris","description":"Equipos de control de puertas, lectores de tarjetas, tarjetas de acceso, torniquetes, puertas levadizas, schlagbaums. Sistemas integrados de control y contabilidad.","robots":{"index":"index","follow":"follow","max-snippet":"max-snippet:-1","max-image-preview":"max-image-preview:large","max-video-preview":"max-video-preview:-1"},"canonical":"https:\/\/acoris.lt\/es\/torniquetes-schlagbaums-y-otros-dispositivos-de-control-de-acceso\/","og_locale":"es_ES","og_type":"article","og_title":"Torniquetes, schlagbaums y otros dispositivos de control de acceso - Acoris","og_description":"Equipos de control de puertas, lectores de tarjetas, tarjetas de acceso, torniquetes, puertas levadizas, schlagbaums. Sistemas integrados de control y contabilidad.","og_url":"https:\/\/acoris.lt\/es\/torniquetes-schlagbaums-y-otros-dispositivos-de-control-de-acceso\/","og_site_name":"Acoris","article_modified_time":"2025-02-27T05:46:38+00:00","og_image":[{"width":600,"height":600,"url":"https:\/\/acoris.lt\/wp-content\/uploads\/2023\/12\/acoris.jpg","type":"image\/jpeg"}],"twitter_card":"summary_large_image","twitter_misc":{"Tiempo de lectura":"4 minutos"},"schema":{"@context":"https:\/\/schema.org","@graph":[{"@type":"WebPage","@id":"https:\/\/acoris.lt\/es\/torniquetes-schlagbaums-y-otros-dispositivos-de-control-de-acceso\/","url":"https:\/\/acoris.lt\/es\/torniquetes-schlagbaums-y-otros-dispositivos-de-control-de-acceso\/","name":"Torniquetes, schlagbaums y otros dispositivos de control de acceso - Acoris","isPartOf":{"@id":"https:\/\/acoris.lt\/#website"},"datePublished":"2025-02-27T05:46:31+00:00","dateModified":"2025-02-27T05:46:38+00:00","description":"Equipos de control de puertas, lectores de tarjetas, tarjetas de acceso, torniquetes, puertas levadizas, schlagbaums. Sistemas integrados de control y contabilidad.","breadcrumb":{"@id":"https:\/\/acoris.lt\/es\/torniquetes-schlagbaums-y-otros-dispositivos-de-control-de-acceso\/#breadcrumb"},"inLanguage":"es","potentialAction":[{"@type":"ReadAction","target":["https:\/\/acoris.lt\/es\/torniquetes-schlagbaums-y-otros-dispositivos-de-control-de-acceso\/"]}]},{"@type":"BreadcrumbList","@id":"https:\/\/acoris.lt\/es\/torniquetes-schlagbaums-y-otros-dispositivos-de-control-de-acceso\/#breadcrumb","itemListElement":[{"@type":"ListItem","position":1,"name":"Inicio","item":"https:\/\/acoris.lt\/es\/"},{"@type":"ListItem","position":2,"name":"Torniquetes, schlagbaums y otros dispositivos de control de acceso"}]},{"@type":"WebSite","@id":"https:\/\/acoris.lt\/#website","url":"https:\/\/acoris.lt\/","name":"Acoris","description":"Integruotos sistemos","publisher":{"@id":"https:\/\/acoris.lt\/#organization"},"potentialAction":[{"@type":"SearchAction","target":{"@type":"EntryPoint","urlTemplate":"https:\/\/acoris.lt\/?s={search_term_string}"},"query-input":{"@type":"PropertyValueSpecification","valueRequired":true,"valueName":"search_term_string"}}],"inLanguage":"es"},{"@type":"Organization","@id":"https:\/\/acoris.lt\/#organization","name":"Acoris","url":"https:\/\/acoris.lt\/","logo":{"@type":"ImageObject","inLanguage":"es","@id":"https:\/\/acoris.lt\/#\/schema\/logo\/image\/","url":"https:\/\/acoris.lt\/wp-content\/uploads\/2023\/12\/acoris.jpg","contentUrl":"https:\/\/acoris.lt\/wp-content\/uploads\/2023\/12\/acoris.jpg","width":600,"height":600,"caption":"Acoris"},"image":{"@id":"https:\/\/acoris.lt\/#\/schema\/logo\/image\/"}}]}},"_links":{"self":[{"href":"https:\/\/acoris.lt\/es\/wp-json\/wp\/v2\/pages\/4562","targetHints":{"allow":["GET"]}}],"collection":[{"href":"https:\/\/acoris.lt\/es\/wp-json\/wp\/v2\/pages"}],"about":[{"href":"https:\/\/acoris.lt\/es\/wp-json\/wp\/v2\/types\/page"}],"author":[{"embeddable":true,"href":"https:\/\/acoris.lt\/es\/wp-json\/wp\/v2\/users\/1"}],"replies":[{"embeddable":true,"href":"https:\/\/acoris.lt\/es\/wp-json\/wp\/v2\/comments?post=4562"}],"version-history":[{"count":2,"href":"https:\/\/acoris.lt\/es\/wp-json\/wp\/v2\/pages\/4562\/revisions"}],"predecessor-version":[{"id":4634,"href":"https:\/\/acoris.lt\/es\/wp-json\/wp\/v2\/pages\/4562\/revisions\/4634"}],"wp:attachment":[{"href":"https:\/\/acoris.lt\/es\/wp-json\/wp\/v2\/media?parent=4562"}],"curies":[{"name":"wp","href":"https:\/\/api.w.org\/{rel}","templated":true}]}}