{"id":4565,"date":"2025-02-27T08:46:31","date_gmt":"2025-02-27T05:46:31","guid":{"rendered":"https:\/\/www.acoris.lt\/escaneres\/"},"modified":"2025-02-27T08:46:33","modified_gmt":"2025-02-27T05:46:33","slug":"escaneres","status":"publish","type":"page","link":"https:\/\/acoris.lt\/es\/escaneres\/","title":{"rendered":"Esc\u00e1neres"},"content":{"rendered":"<div class=\"wpb-content-wrapper\"><p>[vc_row full_width=\u00bbstretch_row\u00bb el_class=\u00bbblue-section-header\u00bb css=\u00bb.vc_custom_1617813804866{background-color: #174894 !important;}\u00bb][vc_column css=\u00bb.vc_custom_1617178564296{margin-top: 10px !important;}\u00bb][\/vc_column][\/vc_row][vc_row equal_height=\u00bbyes\u00bb css=\u00bb.vc_custom_1619009530721{margin-top: 30px !important;margin-bottom: 30px !important;}\u00bb][vc_column][vc_column_text]<strong>Los esc\u00e1neres sin contacto se utilizan para escanear la identificaci\u00f3n de personas y cosas<\/strong> (ordenador con lector de tarjetas, terminal de autoservicio, tel\u00e9fono NFC, TV por Internet)[\/vc_column_text][\/vc_column][\/vc_row][vc_row css=\u00bb.vc_custom_1619009422114{margin-top: 20px !important;}\u00bb][vc_column][\/vc_column][\/vc_row][vc_row equal_height=\u00bbyes\u00bb][vc_column][vc_text_separator title=\u00bbEsc\u00e1neres para pc  \u00bb color=\u00bbcustom\u00bb border_width=\u00bb3&#8243; accent_color=\u00bb#1f448f\u00bb][\/vc_column][\/vc_row][vc_row equal_height=\u00bbyes\u00bb][vc_column width=\u00bb1\/2&#8243;][vc_single_image image=\u00bb4579&#8243; img_size=\u00bbfull\u00bb alignment=\u00bbcenter\u00bb css_animation=\u00bbfadeIn\u00bb][\/vc_column][vc_column width=\u00bb1\/2&#8243;][vc_single_image image=\u00bb4589&#8243; img_size=\u00bbfull\u00bb alignment=\u00bbcenter\u00bb css_animation=\u00bbfadeIn\u00bb][\/vc_column][\/vc_row][vc_row css=\u00bb.vc_custom_1619009573346{margin-top: 30px !important;}\u00bb][vc_column][vc_text_separator title=\u00bbEsc\u00e1neres NFC incorporados  \u00bb color=\u00bbcustom\u00bb border_width=\u00bb3&#8243; accent_color=\u00bb#1f448f\u00bb][vc_column_text]<\/p>\n<p style=\"text-align: center;\">A tabletas, tel\u00e9fonos, computadoras port\u00e1tiles.<\/p>\n<p>[\/vc_column_text][\/vc_column][\/vc_row][vc_row equal_height=\u00bbyes\u00bb][vc_column][vc_single_image image=\u00bb4578&#8243; img_size=\u00bbfull\u00bb alignment=\u00bbcenter\u00bb css_animation=\u00bbfadeIn\u00bb][\/vc_column][\/vc_row][vc_row][vc_column][vc_text_separator title=\u00bbEsc\u00e1neres especializados  \u00bb color=\u00bbcustom\u00bb border_width=\u00bb3&#8243; accent_color=\u00bb#1f448f\u00bb][vc_column_text]<\/p>\n<p style=\"text-align: center;\">Para control de accesos, terminales de autoservicio, cajas registradoras, etc.<\/p>\n<p>[\/vc_column_text][\/vc_column][\/vc_row][vc_row equal_height=\u00bbyes\u00bb][vc_column width=\u00bb1\/2&#8243;][vc_single_image image=\u00bb4576&#8243; img_size=\u00bbfull\u00bb alignment=\u00bbcenter\u00bb css_animation=\u00bbfadeIn\u00bb][\/vc_column][vc_column width=\u00bb1\/2&#8243;][vc_single_image image=\u00bb4583&#8243; img_size=\u00bbfull\u00bb alignment=\u00bbcenter\u00bb css_animation=\u00bbfadeIn\u00bb][\/vc_column][\/vc_row][vc_row][vc_column][vc_text_separator title=\u00bbEsc\u00e1neres con C\u00f3digos QR y Reconocimiento Facial\u00bb color=\u00bbcustom\u00bb border_width=\u00bb3&#8243; accent_color=\u00bb#1f448f\u00bb][vc_column_text]<\/p>\n<p style=\"text-align: center;\">Un terminal que reconoce a las personas por su cara, c\u00f3digo PIN, tarjeta electr\u00f3nica. Otras versiones de este terminal tienen capacidades de escaneo de c\u00f3digos de barras y c\u00f3digos QR, versiones de configuraci\u00f3n de tarjetas y control de retiros. Se conecta al sistema mediante interfaces LAN, RS485, WG26\/34. Dispone de 2 entradas l\u00f3gicas y 2 rel\u00e9s para el control de dispositivos externos (puertas, torniquetes).    <\/p>\n<p>[\/vc_column_text][\/vc_column][\/vc_row][vc_row equal_height=\u00bbyes\u00bb][vc_column width=\u00bb1\/2&#8243;][vc_single_image image=\u00bb4590&#8243; img_size=\u00bbfull\u00bb css_animation=\u00bbfadeIn\u00bb][\/vc_column][vc_column width=\u00bb1\/2&#8243;][vc_single_image image=\u00bb4586&#8243; img_size=\u00bbfull\u00bb alignment=\u00bbcenter\u00bb css_animation=\u00bbfadeIn\u00bb][\/vc_column][\/vc_row][vc_row equal_height=\u00bbyes\u00bb][vc_column][vc_text_separator title=\u00bbLector de etiquetas RFID de largo alcance\u00bb color=\u00bbcustom\u00bb border_width=\u00bb3&#8243; accent_color=\u00bb#1f448f\u00bb][vc_column_text]<\/p>\n<p style=\"text-align: center;\">Funciona en el rango UHF, escaneado a una distancia de 3-15 m. Interfaz RS485, disponible con LAN, 4G. Se utiliza con mayor frecuencia para la contabilidad y el control de autom\u00f3viles y otros veh\u00edculos.  <\/p>\n<p>[\/vc_column_text][\/vc_column][\/vc_row][vc_row equal_height=\u00bbyes\u00bb][vc_column][vc_single_image image=\u00bb4584&#8243; img_size=\u00bbfull\u00bb alignment=\u00bbcenter\u00bb css_animation=\u00bbfadeIn\u00bb][\/vc_column][\/vc_row][vc_row full_width=\u00bbstretch_row\u00bb css=\u00bb.vc_custom_1617178365933{background-color: #174894 !important;}\u00bb el_class=\u00bbblue-section-header\u00bb][vc_column css=\u00bb.vc_custom_1617178564296{margin-top: 10px !important;}\u00bb][vc_column_text]<\/p>\n<div>\n<div>\n<h2 class=\"v1pre\"><span style=\"color: #ffffff;\"><a style=\"color: #ffffff;\" href=\"https:\/\/acoris.lt\/es\/contactos\/\">P\u00f3ngase en contacto con nosotros para obtener m\u00e1s detalles y consultas<\/a><\/span><\/h2>\n<\/div>\n<\/div>\n<p>[\/vc_column_text][\/vc_column][\/vc_row]<\/p>\n<\/div>","protected":false},"excerpt":{"rendered":"<p>[vc_row full_width=\u00bbstretch_row\u00bb el_class=\u00bbblue-section-header\u00bb css=\u00bb.vc_custom_1617813804866{background-color: #174894 !important;}\u00bb][vc_column css=\u00bb.vc_custom_1617178564296{margin-top: 10px !important;}\u00bb][\/vc_column][\/vc_row][vc_row equal_height=\u00bbyes\u00bb css=\u00bb.vc_custom_1619009530721{margin-top: 30px !important;margin-bottom: 30px !important;}\u00bb][vc_column][vc_column_text]Los esc\u00e1neres sin contacto se utilizan para escanear la identificaci\u00f3n de personas y cosas (ordenador con lector de tarjetas, terminal de autoservicio, tel\u00e9fono NFC, TV por Internet)[\/vc_column_text][\/vc_column][\/vc_row][vc_row css=\u00bb.vc_custom_1619009422114{margin-top: 20px !important;}\u00bb][vc_column][\/vc_column][\/vc_row][vc_row equal_height=\u00bbyes\u00bb][vc_column][vc_text_separator title=\u00bbEsc\u00e1neres para pc \u00bb color=\u00bbcustom\u00bb border_width=\u00bb3&#8243; accent_color=\u00bb#1f448f\u00bb][\/vc_column][\/vc_row][vc_row equal_height=\u00bbyes\u00bb][vc_column width=\u00bb1\/2&#8243;][vc_single_image image=\u00bb4579&#8243; [&hellip;]<\/p>\n","protected":false},"author":1,"featured_media":0,"parent":0,"menu_order":0,"comment_status":"closed","ping_status":"closed","template":"","meta":{"_acf_changed":false,"_monsterinsights_skip_tracking":false,"_monsterinsights_sitenote_active":false,"_monsterinsights_sitenote_note":"","_monsterinsights_sitenote_category":0,"footnotes":""},"class_list":["post-4565","page","type-page","status-publish","hentry"],"acf":[],"yoast_head":"<!-- This site is optimized with the Yoast SEO plugin v27.3 - https:\/\/yoast.com\/product\/yoast-seo-wordpress\/ -->\n<title>Esc\u00e1neres - Acoris<\/title>\n<meta name=\"description\" content=\"Los esc\u00e1neres sin contacto (una computadora con un lector de tarjetas, un terminal de autoservicio, un tel\u00e9fono NFC, un televisor por Internet) se utilizan para escanear la identificaci\u00f3n de personas y cosas.\" \/>\n<meta name=\"robots\" content=\"index, follow, max-snippet:-1, max-image-preview:large, max-video-preview:-1\" \/>\n<link rel=\"canonical\" href=\"https:\/\/acoris.lt\/es\/escaneres\/\" \/>\n<meta property=\"og:locale\" content=\"es_ES\" \/>\n<meta property=\"og:type\" content=\"article\" \/>\n<meta property=\"og:title\" content=\"Esc\u00e1neres - Acoris\" \/>\n<meta property=\"og:description\" content=\"Los esc\u00e1neres sin contacto (una computadora con un lector de tarjetas, un terminal de autoservicio, un tel\u00e9fono NFC, un televisor por Internet) se utilizan para escanear la identificaci\u00f3n de personas y cosas.\" \/>\n<meta property=\"og:url\" content=\"https:\/\/acoris.lt\/es\/escaneres\/\" \/>\n<meta property=\"og:site_name\" content=\"Acoris\" \/>\n<meta property=\"article:modified_time\" content=\"2025-02-27T05:46:33+00:00\" \/>\n<meta property=\"og:image\" content=\"https:\/\/acoris.lt\/wp-content\/uploads\/2023\/12\/acoris.jpg\" \/>\n\t<meta property=\"og:image:width\" content=\"600\" \/>\n\t<meta property=\"og:image:height\" content=\"600\" \/>\n\t<meta property=\"og:image:type\" content=\"image\/jpeg\" \/>\n<meta name=\"twitter:card\" content=\"summary_large_image\" \/>\n<meta name=\"twitter:label1\" content=\"Tiempo de lectura\" \/>\n\t<meta name=\"twitter:data1\" content=\"3 minutos\" \/>\n<script type=\"application\/ld+json\" class=\"yoast-schema-graph\">{\"@context\":\"https:\\\/\\\/schema.org\",\"@graph\":[{\"@type\":\"WebPage\",\"@id\":\"https:\\\/\\\/acoris.lt\\\/es\\\/escaneres\\\/\",\"url\":\"https:\\\/\\\/acoris.lt\\\/es\\\/escaneres\\\/\",\"name\":\"Esc\u00e1neres - Acoris\",\"isPartOf\":{\"@id\":\"https:\\\/\\\/acoris.lt\\\/#website\"},\"datePublished\":\"2025-02-27T05:46:31+00:00\",\"dateModified\":\"2025-02-27T05:46:33+00:00\",\"description\":\"Los esc\u00e1neres sin contacto (una computadora con un lector de tarjetas, un terminal de autoservicio, un tel\u00e9fono NFC, un televisor por Internet) se utilizan para escanear la identificaci\u00f3n de personas y cosas.\",\"breadcrumb\":{\"@id\":\"https:\\\/\\\/acoris.lt\\\/es\\\/escaneres\\\/#breadcrumb\"},\"inLanguage\":\"es\",\"potentialAction\":[{\"@type\":\"ReadAction\",\"target\":[\"https:\\\/\\\/acoris.lt\\\/es\\\/escaneres\\\/\"]}]},{\"@type\":\"BreadcrumbList\",\"@id\":\"https:\\\/\\\/acoris.lt\\\/es\\\/escaneres\\\/#breadcrumb\",\"itemListElement\":[{\"@type\":\"ListItem\",\"position\":1,\"name\":\"Inicio\",\"item\":\"https:\\\/\\\/acoris.lt\\\/es\\\/\"},{\"@type\":\"ListItem\",\"position\":2,\"name\":\"Esc\u00e1neres\"}]},{\"@type\":\"WebSite\",\"@id\":\"https:\\\/\\\/acoris.lt\\\/#website\",\"url\":\"https:\\\/\\\/acoris.lt\\\/\",\"name\":\"Acoris\",\"description\":\"Integruotos sistemos\",\"publisher\":{\"@id\":\"https:\\\/\\\/acoris.lt\\\/#organization\"},\"potentialAction\":[{\"@type\":\"SearchAction\",\"target\":{\"@type\":\"EntryPoint\",\"urlTemplate\":\"https:\\\/\\\/acoris.lt\\\/?s={search_term_string}\"},\"query-input\":{\"@type\":\"PropertyValueSpecification\",\"valueRequired\":true,\"valueName\":\"search_term_string\"}}],\"inLanguage\":\"es\"},{\"@type\":\"Organization\",\"@id\":\"https:\\\/\\\/acoris.lt\\\/#organization\",\"name\":\"Acoris\",\"url\":\"https:\\\/\\\/acoris.lt\\\/\",\"logo\":{\"@type\":\"ImageObject\",\"inLanguage\":\"es\",\"@id\":\"https:\\\/\\\/acoris.lt\\\/#\\\/schema\\\/logo\\\/image\\\/\",\"url\":\"https:\\\/\\\/acoris.lt\\\/wp-content\\\/uploads\\\/2023\\\/12\\\/acoris.jpg\",\"contentUrl\":\"https:\\\/\\\/acoris.lt\\\/wp-content\\\/uploads\\\/2023\\\/12\\\/acoris.jpg\",\"width\":600,\"height\":600,\"caption\":\"Acoris\"},\"image\":{\"@id\":\"https:\\\/\\\/acoris.lt\\\/#\\\/schema\\\/logo\\\/image\\\/\"}}]}<\/script>\n<!-- \/ Yoast SEO plugin. -->","yoast_head_json":{"title":"Esc\u00e1neres - Acoris","description":"Los esc\u00e1neres sin contacto (una computadora con un lector de tarjetas, un terminal de autoservicio, un tel\u00e9fono NFC, un televisor por Internet) se utilizan para escanear la identificaci\u00f3n de personas y cosas.","robots":{"index":"index","follow":"follow","max-snippet":"max-snippet:-1","max-image-preview":"max-image-preview:large","max-video-preview":"max-video-preview:-1"},"canonical":"https:\/\/acoris.lt\/es\/escaneres\/","og_locale":"es_ES","og_type":"article","og_title":"Esc\u00e1neres - Acoris","og_description":"Los esc\u00e1neres sin contacto (una computadora con un lector de tarjetas, un terminal de autoservicio, un tel\u00e9fono NFC, un televisor por Internet) se utilizan para escanear la identificaci\u00f3n de personas y cosas.","og_url":"https:\/\/acoris.lt\/es\/escaneres\/","og_site_name":"Acoris","article_modified_time":"2025-02-27T05:46:33+00:00","og_image":[{"width":600,"height":600,"url":"https:\/\/acoris.lt\/wp-content\/uploads\/2023\/12\/acoris.jpg","type":"image\/jpeg"}],"twitter_card":"summary_large_image","twitter_misc":{"Tiempo de lectura":"3 minutos"},"schema":{"@context":"https:\/\/schema.org","@graph":[{"@type":"WebPage","@id":"https:\/\/acoris.lt\/es\/escaneres\/","url":"https:\/\/acoris.lt\/es\/escaneres\/","name":"Esc\u00e1neres - Acoris","isPartOf":{"@id":"https:\/\/acoris.lt\/#website"},"datePublished":"2025-02-27T05:46:31+00:00","dateModified":"2025-02-27T05:46:33+00:00","description":"Los esc\u00e1neres sin contacto (una computadora con un lector de tarjetas, un terminal de autoservicio, un tel\u00e9fono NFC, un televisor por Internet) se utilizan para escanear la identificaci\u00f3n de personas y cosas.","breadcrumb":{"@id":"https:\/\/acoris.lt\/es\/escaneres\/#breadcrumb"},"inLanguage":"es","potentialAction":[{"@type":"ReadAction","target":["https:\/\/acoris.lt\/es\/escaneres\/"]}]},{"@type":"BreadcrumbList","@id":"https:\/\/acoris.lt\/es\/escaneres\/#breadcrumb","itemListElement":[{"@type":"ListItem","position":1,"name":"Inicio","item":"https:\/\/acoris.lt\/es\/"},{"@type":"ListItem","position":2,"name":"Esc\u00e1neres"}]},{"@type":"WebSite","@id":"https:\/\/acoris.lt\/#website","url":"https:\/\/acoris.lt\/","name":"Acoris","description":"Integruotos sistemos","publisher":{"@id":"https:\/\/acoris.lt\/#organization"},"potentialAction":[{"@type":"SearchAction","target":{"@type":"EntryPoint","urlTemplate":"https:\/\/acoris.lt\/?s={search_term_string}"},"query-input":{"@type":"PropertyValueSpecification","valueRequired":true,"valueName":"search_term_string"}}],"inLanguage":"es"},{"@type":"Organization","@id":"https:\/\/acoris.lt\/#organization","name":"Acoris","url":"https:\/\/acoris.lt\/","logo":{"@type":"ImageObject","inLanguage":"es","@id":"https:\/\/acoris.lt\/#\/schema\/logo\/image\/","url":"https:\/\/acoris.lt\/wp-content\/uploads\/2023\/12\/acoris.jpg","contentUrl":"https:\/\/acoris.lt\/wp-content\/uploads\/2023\/12\/acoris.jpg","width":600,"height":600,"caption":"Acoris"},"image":{"@id":"https:\/\/acoris.lt\/#\/schema\/logo\/image\/"}}]}},"_links":{"self":[{"href":"https:\/\/acoris.lt\/es\/wp-json\/wp\/v2\/pages\/4565","targetHints":{"allow":["GET"]}}],"collection":[{"href":"https:\/\/acoris.lt\/es\/wp-json\/wp\/v2\/pages"}],"about":[{"href":"https:\/\/acoris.lt\/es\/wp-json\/wp\/v2\/types\/page"}],"author":[{"embeddable":true,"href":"https:\/\/acoris.lt\/es\/wp-json\/wp\/v2\/users\/1"}],"replies":[{"embeddable":true,"href":"https:\/\/acoris.lt\/es\/wp-json\/wp\/v2\/comments?post=4565"}],"version-history":[{"count":2,"href":"https:\/\/acoris.lt\/es\/wp-json\/wp\/v2\/pages\/4565\/revisions"}],"predecessor-version":[{"id":4603,"href":"https:\/\/acoris.lt\/es\/wp-json\/wp\/v2\/pages\/4565\/revisions\/4603"}],"wp:attachment":[{"href":"https:\/\/acoris.lt\/es\/wp-json\/wp\/v2\/media?parent=4565"}],"curies":[{"name":"wp","href":"https:\/\/api.w.org\/{rel}","templated":true}]}}