{"id":4596,"date":"2025-02-27T08:46:33","date_gmt":"2025-02-27T05:46:33","guid":{"rendered":"https:\/\/www.acoris.lt\/acceso-estacionamiento-identificacion-sistemas-de-pago111\/"},"modified":"2025-02-27T08:46:38","modified_gmt":"2025-02-27T05:46:38","slug":"acceso-estacionamiento-identificacion-sistemas-de-pago111","status":"publish","type":"page","link":"https:\/\/acoris.lt\/es\/acceso-estacionamiento-identificacion-sistemas-de-pago111\/","title":{"rendered":"Acceso, estacionamiento, identificaci\u00f3n, sistemas de pago111"},"content":{"rendered":"<div class=\"wpb-content-wrapper\"><p>[vc_row 0=\u00bb\u00bb][vc_column 0=\u00bb\u00bb][vc_column_text 0=\u00bb\u00bb]<\/p>\n<h1 style=\"text-align: center;\">Implementamos modernos sistemas digitales basados en tarjetas que:<\/h1>\n<p>[\/vc_column_text][vc_column_text 0=\u00bb\u00bb][\/vc_column_text][\/vc_column][\/vc_row][vc_row full_width=\u00bbstretch_row\u00bb equal_height=\u00bbyes\u00bb css=\u00bb.vc_custom_1520423153469{background-color: #efefef !important;}\u00bb][vc_column width=\u00bb1\/2&#8243;][vc_column_text 0=\u00bb\u00bb]<\/p>\n<h2>Sistemas a instalar<\/h2>\n<ul class=\"check-list\">\n<li>Control de acceso y contabilidad<\/li>\n<li>Control de inventarios y contabilidad<\/li>\n<li>Pagos por bienes y servicios<\/li>\n<li>Entradas y cupones<\/li>\n<li>Sistemas de aparcamiento<\/li>\n<li>\n<\/li>\n<\/ul>\n<p>[\/vc_column_text][\/vc_column][vc_column width=\u00bb1\/2&#8243; css=\u00bb.vc_custom_1520504334961{background-image: url(https:\/\/acoris.lt\/wp-content\/uploads\/2018\/03\/bg1.png?id=241) !important;background-position: center !important;background-repeat: no-repeat !important;background-size: cover !important;}\u00bb offset=\u00bbvc_hidden-md vc_hidden-sm vc_hidden-xs\u00bb][\/vc_column][\/vc_row][vc_row 0=\u00bb\u00bb][vc_column width=\u00bb1\/3&#8243;][vc_single_image image=\u00bb4610&#8243; img_size=\u00bbfull\u00bb alignment=\u00bbcenter\u00bb onclick=\u00bbcustom_link\u00bb css=\u00bb.vc_custom_1521207014485{margin-bottom: 0px !important;background-position: center !important;background-repeat: no-repeat !important;background-size: contain !important;}\u00bb el_class=\u00bbfull-width\u00bb link=\u00bbhttps:\/\/acoris.lt\/?page_id=34&#8243;][vc_column_text 0=\u00bb\u00bb]<\/p>\n<h4 class=\"grey-bg\" style=\"text-align: center;\">SOLUCIONES PARA INSTITUCIONES EDUCATIVAS<br \/>\n<\/h4>\n<p>[\/vc_column_text][vc_column_text 0=\u00bb\u00bb]Para universidades, colegios, escuelas, jardines de infantes y otras instituciones educativas, implementamos sistemas digitales modernos basados en tarjetas u otros dispositivos, que ahorran recursos y tiempo a la instituci\u00f3n, brindan seguridad y comodidad a los visitantes.[\/vc_column_text][vc_btn title=\u00bbM\u00c1S\u00bb style=\u00bbclassic\u00bb shape=\u00bbsquare\u00bb color=\u00bbinverse\u00bb align=\u00bbleft\u00bb link=\u00bburl:https%3A%2F%2Fwww.acoris.lt%2F%3Fpage_id%3D34|\u00bb][\/vc_column][vc_column width=\u00bb1\/3&#8243;][vc_single_image image=\u00bb4599&#8243; img_size=\u00bbfull\u00bb alignment=\u00bbcenter\u00bb onclick=\u00bbcustom_link\u00bb css=\u00bb.vc_custom_1521207442174{margin-bottom: 0px !important;background-position: center !important;background-repeat: no-repeat !important;background-size: contain !important;}\u00bb el_class=\u00bbfull-width\u00bb link=\u00bbhttps:\/\/acoris.lt\/statybos-procesu-valdymo-sistemos\/\u00bb][vc_column_text 0=\u00bb\u00bb]<\/p>\n<h4 class=\"grey-bg\">SISTEMAS DE GESTI\u00d3N DE PROCESOS DE EMPRESAS DE CONSTRUCCI\u00d3N Y FABRICACI\u00d3N<\/h4>\n<p>[\/vc_column_text][vc_column_text 0=\u00bb\u00bb]Se est\u00e1n implementando sistemas de gesti\u00f3n empresarial para las empresas constructoras, que combinan el control y la gesti\u00f3n de empleados y obras, el control de inventarios y la contabilidad, la gesti\u00f3n de licitaciones y el CRM. El sistema ahorra recursos y tiempo, ayuda a gestionar y planificar eficazmente los procesos.[\/vc_column_text][vc_btn title=\u00bbM\u00c1S\u00bb style=\u00bbclassic\u00bb shape=\u00bbsquare\u00bb color=\u00bbinverse\u00bb align=\u00bbleft\u00bb link=\u00bburl:https%3A%2F%2Fwww.acoris.lt%2Fstatybos-procesu-valdymo-sistemos%2F|\u00bb][\/vc_column][vc_column width=\u00bb1\/3&#8243;][vc_single_image image=\u00bb4620&#8243; img_size=\u00bb305&#215;350&#8243; alignment=\u00bbcenter\u00bb onclick=\u00bbcustom_link\u00bb css=\u00bb.vc_custom_1549456541469{margin-bottom: 0px !important;background-position: center !important;background-repeat: no-repeat !important;background-size: contain !important;}\u00bb el_class=\u00bbfull-width\u00bb link=\u00bbhttps:\/\/acoris.lt\/parkavimo-aiksteliu-sistemos\/\u00bb][vc_column_text 0=\u00bb\u00bb]<\/p>\n<h4 class=\"grey-bg\" style=\"text-align: center;\">SISTEMAS DE ESTACIONAMIENTO<br \/>\n<\/h4>\n<p>[\/vc_column_text][vc_column_text 0=\u00bb\u00bb]Implementamos modernos sistemas digitales para el control de estacionamientos y el cobro de pagos de estacionamiento de diversas formas, basados en tarjetas, lectura autom\u00e1tica de n\u00fameros u otros medios de identificaci\u00f3n, que ahorran recursos y tiempo a la instituci\u00f3n, brindan seguridad y comodidad a los empleados y visitantes.[\/vc_column_text][vc_btn title=\u00bbM\u00c1S\u00bb style=\u00bbclassic\u00bb shape=\u00bbsquare\u00bb color=\u00bbinverse\u00bb align=\u00bbleft\u00bb link=\u00bburl:https%3A%2F%2Fwww.acoris.lt%2Fparkavimo-aiksteliu-sistemos%2F|\u00bb][\/vc_column][\/vc_row]<\/p>\n<\/div>","protected":false},"excerpt":{"rendered":"<p>[vc_row 0=\u00bb\u00bb][vc_column 0=\u00bb\u00bb][vc_column_text 0=\u00bb\u00bb] Implementamos modernos sistemas digitales basados en tarjetas que: [\/vc_column_text][vc_column_text 0=\u00bb\u00bb][\/vc_column_text][\/vc_column][\/vc_row][vc_row full_width=\u00bbstretch_row\u00bb equal_height=\u00bbyes\u00bb css=\u00bb.vc_custom_1520423153469{background-color: #efefef !important;}\u00bb][vc_column width=\u00bb1\/2&#8243;][vc_column_text 0=\u00bb\u00bb] Sistemas a instalar Control de acceso y contabilidad Control de inventarios y contabilidad Pagos por bienes y servicios Entradas y cupones Sistemas de aparcamiento [\/vc_column_text][\/vc_column][vc_column width=\u00bb1\/2&#8243; css=\u00bb.vc_custom_1520504334961{background-image: url(https:\/\/acoris.lt\/wp-content\/uploads\/2018\/03\/bg1.png?id=241) !important;background-position: center !important;background-repeat: no-repeat !important;background-size: cover [&hellip;]<\/p>\n","protected":false},"author":1,"featured_media":0,"parent":0,"menu_order":0,"comment_status":"closed","ping_status":"closed","template":"template-home.php","meta":{"_acf_changed":false,"_monsterinsights_skip_tracking":false,"_monsterinsights_sitenote_active":false,"_monsterinsights_sitenote_note":"","_monsterinsights_sitenote_category":0,"footnotes":""},"class_list":["post-4596","page","type-page","status-publish","hentry"],"acf":[],"yoast_head":"<!-- This site is optimized with the Yoast SEO plugin v27.3 - https:\/\/yoast.com\/product\/yoast-seo-wordpress\/ -->\n<title>Acceso, estacionamiento, identificaci\u00f3n, sistemas de pago111 - Acoris<\/title>\n<meta name=\"description\" content=\"Implementamos sistemas digitales modernos, basados en tarjetas, que ahorran recursos y tiempo, brindan seguridad y comodidad: control de acceso, control de inventario, pagos de bienes y servicios, boletos, tarjetas de descuento, sistemas de estacionamiento.\" \/>\n<meta name=\"robots\" content=\"index, follow, max-snippet:-1, max-image-preview:large, max-video-preview:-1\" \/>\n<link rel=\"canonical\" href=\"https:\/\/acoris.lt\/es\/acceso-estacionamiento-identificacion-sistemas-de-pago111\/\" \/>\n<meta property=\"og:locale\" content=\"es_ES\" \/>\n<meta property=\"og:type\" content=\"article\" \/>\n<meta property=\"og:title\" content=\"Acceso, estacionamiento, identificaci\u00f3n, sistemas de pago111 - Acoris\" \/>\n<meta property=\"og:description\" content=\"Implementamos sistemas digitales modernos, basados en tarjetas, que ahorran recursos y tiempo, brindan seguridad y comodidad: control de acceso, control de inventario, pagos de bienes y servicios, boletos, tarjetas de descuento, sistemas de estacionamiento.\" \/>\n<meta property=\"og:url\" content=\"https:\/\/acoris.lt\/es\/acceso-estacionamiento-identificacion-sistemas-de-pago111\/\" \/>\n<meta property=\"og:site_name\" content=\"Acoris\" \/>\n<meta property=\"article:modified_time\" content=\"2025-02-27T05:46:38+00:00\" \/>\n<meta property=\"og:image\" content=\"https:\/\/acoris.lt\/wp-content\/uploads\/2023\/12\/acoris.jpg\" \/>\n\t<meta property=\"og:image:width\" content=\"600\" \/>\n\t<meta property=\"og:image:height\" content=\"600\" \/>\n\t<meta property=\"og:image:type\" content=\"image\/jpeg\" \/>\n<meta name=\"twitter:card\" content=\"summary_large_image\" \/>\n<meta name=\"twitter:label1\" content=\"Tiempo de lectura\" \/>\n\t<meta name=\"twitter:data1\" content=\"3 minutos\" \/>\n<script type=\"application\/ld+json\" class=\"yoast-schema-graph\">{\"@context\":\"https:\\\/\\\/schema.org\",\"@graph\":[{\"@type\":\"WebPage\",\"@id\":\"https:\\\/\\\/acoris.lt\\\/es\\\/acceso-estacionamiento-identificacion-sistemas-de-pago111\\\/\",\"url\":\"https:\\\/\\\/acoris.lt\\\/es\\\/acceso-estacionamiento-identificacion-sistemas-de-pago111\\\/\",\"name\":\"Acceso, estacionamiento, identificaci\u00f3n, sistemas de pago111 - Acoris\",\"isPartOf\":{\"@id\":\"https:\\\/\\\/acoris.lt\\\/#website\"},\"datePublished\":\"2025-02-27T05:46:33+00:00\",\"dateModified\":\"2025-02-27T05:46:38+00:00\",\"description\":\"Implementamos sistemas digitales modernos, basados en tarjetas, que ahorran recursos y tiempo, brindan seguridad y comodidad: control de acceso, control de inventario, pagos de bienes y servicios, boletos, tarjetas de descuento, sistemas de estacionamiento.\",\"breadcrumb\":{\"@id\":\"https:\\\/\\\/acoris.lt\\\/es\\\/acceso-estacionamiento-identificacion-sistemas-de-pago111\\\/#breadcrumb\"},\"inLanguage\":\"es\",\"potentialAction\":[{\"@type\":\"ReadAction\",\"target\":[\"https:\\\/\\\/acoris.lt\\\/es\\\/acceso-estacionamiento-identificacion-sistemas-de-pago111\\\/\"]}]},{\"@type\":\"BreadcrumbList\",\"@id\":\"https:\\\/\\\/acoris.lt\\\/es\\\/acceso-estacionamiento-identificacion-sistemas-de-pago111\\\/#breadcrumb\",\"itemListElement\":[{\"@type\":\"ListItem\",\"position\":1,\"name\":\"Inicio\",\"item\":\"https:\\\/\\\/acoris.lt\\\/es\\\/\"},{\"@type\":\"ListItem\",\"position\":2,\"name\":\"Acceso, estacionamiento, identificaci\u00f3n, sistemas de pago111\"}]},{\"@type\":\"WebSite\",\"@id\":\"https:\\\/\\\/acoris.lt\\\/#website\",\"url\":\"https:\\\/\\\/acoris.lt\\\/\",\"name\":\"Acoris\",\"description\":\"Integruotos sistemos\",\"publisher\":{\"@id\":\"https:\\\/\\\/acoris.lt\\\/#organization\"},\"potentialAction\":[{\"@type\":\"SearchAction\",\"target\":{\"@type\":\"EntryPoint\",\"urlTemplate\":\"https:\\\/\\\/acoris.lt\\\/?s={search_term_string}\"},\"query-input\":{\"@type\":\"PropertyValueSpecification\",\"valueRequired\":true,\"valueName\":\"search_term_string\"}}],\"inLanguage\":\"es\"},{\"@type\":\"Organization\",\"@id\":\"https:\\\/\\\/acoris.lt\\\/#organization\",\"name\":\"Acoris\",\"url\":\"https:\\\/\\\/acoris.lt\\\/\",\"logo\":{\"@type\":\"ImageObject\",\"inLanguage\":\"es\",\"@id\":\"https:\\\/\\\/acoris.lt\\\/#\\\/schema\\\/logo\\\/image\\\/\",\"url\":\"https:\\\/\\\/acoris.lt\\\/wp-content\\\/uploads\\\/2023\\\/12\\\/acoris.jpg\",\"contentUrl\":\"https:\\\/\\\/acoris.lt\\\/wp-content\\\/uploads\\\/2023\\\/12\\\/acoris.jpg\",\"width\":600,\"height\":600,\"caption\":\"Acoris\"},\"image\":{\"@id\":\"https:\\\/\\\/acoris.lt\\\/#\\\/schema\\\/logo\\\/image\\\/\"}}]}<\/script>\n<!-- \/ Yoast SEO plugin. -->","yoast_head_json":{"title":"Acceso, estacionamiento, identificaci\u00f3n, sistemas de pago111 - Acoris","description":"Implementamos sistemas digitales modernos, basados en tarjetas, que ahorran recursos y tiempo, brindan seguridad y comodidad: control de acceso, control de inventario, pagos de bienes y servicios, boletos, tarjetas de descuento, sistemas de estacionamiento.","robots":{"index":"index","follow":"follow","max-snippet":"max-snippet:-1","max-image-preview":"max-image-preview:large","max-video-preview":"max-video-preview:-1"},"canonical":"https:\/\/acoris.lt\/es\/acceso-estacionamiento-identificacion-sistemas-de-pago111\/","og_locale":"es_ES","og_type":"article","og_title":"Acceso, estacionamiento, identificaci\u00f3n, sistemas de pago111 - Acoris","og_description":"Implementamos sistemas digitales modernos, basados en tarjetas, que ahorran recursos y tiempo, brindan seguridad y comodidad: control de acceso, control de inventario, pagos de bienes y servicios, boletos, tarjetas de descuento, sistemas de estacionamiento.","og_url":"https:\/\/acoris.lt\/es\/acceso-estacionamiento-identificacion-sistemas-de-pago111\/","og_site_name":"Acoris","article_modified_time":"2025-02-27T05:46:38+00:00","og_image":[{"width":600,"height":600,"url":"https:\/\/acoris.lt\/wp-content\/uploads\/2023\/12\/acoris.jpg","type":"image\/jpeg"}],"twitter_card":"summary_large_image","twitter_misc":{"Tiempo de lectura":"3 minutos"},"schema":{"@context":"https:\/\/schema.org","@graph":[{"@type":"WebPage","@id":"https:\/\/acoris.lt\/es\/acceso-estacionamiento-identificacion-sistemas-de-pago111\/","url":"https:\/\/acoris.lt\/es\/acceso-estacionamiento-identificacion-sistemas-de-pago111\/","name":"Acceso, estacionamiento, identificaci\u00f3n, sistemas de pago111 - Acoris","isPartOf":{"@id":"https:\/\/acoris.lt\/#website"},"datePublished":"2025-02-27T05:46:33+00:00","dateModified":"2025-02-27T05:46:38+00:00","description":"Implementamos sistemas digitales modernos, basados en tarjetas, que ahorran recursos y tiempo, brindan seguridad y comodidad: control de acceso, control de inventario, pagos de bienes y servicios, boletos, tarjetas de descuento, sistemas de estacionamiento.","breadcrumb":{"@id":"https:\/\/acoris.lt\/es\/acceso-estacionamiento-identificacion-sistemas-de-pago111\/#breadcrumb"},"inLanguage":"es","potentialAction":[{"@type":"ReadAction","target":["https:\/\/acoris.lt\/es\/acceso-estacionamiento-identificacion-sistemas-de-pago111\/"]}]},{"@type":"BreadcrumbList","@id":"https:\/\/acoris.lt\/es\/acceso-estacionamiento-identificacion-sistemas-de-pago111\/#breadcrumb","itemListElement":[{"@type":"ListItem","position":1,"name":"Inicio","item":"https:\/\/acoris.lt\/es\/"},{"@type":"ListItem","position":2,"name":"Acceso, estacionamiento, identificaci\u00f3n, sistemas de pago111"}]},{"@type":"WebSite","@id":"https:\/\/acoris.lt\/#website","url":"https:\/\/acoris.lt\/","name":"Acoris","description":"Integruotos sistemos","publisher":{"@id":"https:\/\/acoris.lt\/#organization"},"potentialAction":[{"@type":"SearchAction","target":{"@type":"EntryPoint","urlTemplate":"https:\/\/acoris.lt\/?s={search_term_string}"},"query-input":{"@type":"PropertyValueSpecification","valueRequired":true,"valueName":"search_term_string"}}],"inLanguage":"es"},{"@type":"Organization","@id":"https:\/\/acoris.lt\/#organization","name":"Acoris","url":"https:\/\/acoris.lt\/","logo":{"@type":"ImageObject","inLanguage":"es","@id":"https:\/\/acoris.lt\/#\/schema\/logo\/image\/","url":"https:\/\/acoris.lt\/wp-content\/uploads\/2023\/12\/acoris.jpg","contentUrl":"https:\/\/acoris.lt\/wp-content\/uploads\/2023\/12\/acoris.jpg","width":600,"height":600,"caption":"Acoris"},"image":{"@id":"https:\/\/acoris.lt\/#\/schema\/logo\/image\/"}}]}},"_links":{"self":[{"href":"https:\/\/acoris.lt\/es\/wp-json\/wp\/v2\/pages\/4596","targetHints":{"allow":["GET"]}}],"collection":[{"href":"https:\/\/acoris.lt\/es\/wp-json\/wp\/v2\/pages"}],"about":[{"href":"https:\/\/acoris.lt\/es\/wp-json\/wp\/v2\/types\/page"}],"author":[{"embeddable":true,"href":"https:\/\/acoris.lt\/es\/wp-json\/wp\/v2\/users\/1"}],"replies":[{"embeddable":true,"href":"https:\/\/acoris.lt\/es\/wp-json\/wp\/v2\/comments?post=4596"}],"version-history":[{"count":2,"href":"https:\/\/acoris.lt\/es\/wp-json\/wp\/v2\/pages\/4596\/revisions"}],"predecessor-version":[{"id":4635,"href":"https:\/\/acoris.lt\/es\/wp-json\/wp\/v2\/pages\/4596\/revisions\/4635"}],"wp:attachment":[{"href":"https:\/\/acoris.lt\/es\/wp-json\/wp\/v2\/media?parent=4596"}],"curies":[{"name":"wp","href":"https:\/\/api.w.org\/{rel}","templated":true}]}}