{"id":4619,"date":"2025-02-27T08:46:35","date_gmt":"2025-02-27T05:46:35","guid":{"rendered":"https:\/\/www.acoris.lt\/contabilidad-de-entrada-salida-de-vehiculos-sistema-de-control\/"},"modified":"2025-02-27T08:46:38","modified_gmt":"2025-02-27T05:46:38","slug":"contabilidad-de-entrada-salida-de-vehiculos-sistema-de-control","status":"publish","type":"page","link":"https:\/\/acoris.lt\/es\/contabilidad-de-entrada-salida-de-vehiculos-sistema-de-control\/","title":{"rendered":"Contabilidad de entrada\/salida de veh\u00edculos, sistema de control"},"content":{"rendered":"<div class=\"wpb-content-wrapper\"><p>[vc_row][vc_column][vc_column_text]El sistema Acoris Parking est\u00e1 dise\u00f1ado para gestionar la entrada de veh\u00edculos en el territorio, registrar cu\u00e1ndo, qu\u00e9 coche ha salido y llegado, si el aparcamiento est\u00e1 pagado, para controlar el plazo de pago. El sistema se basa en el reconocimiento de autom\u00f3viles con tarjetas remotas (distancia de escaneo peque\u00f1a (1-5 cm) o distancia de escaneo grande (3-20 m)).[\/vc_column_text][vc_single_image image=\u00bb4624&#8243; img_size=\u00bblarge\u00bb alignment=\u00bbcenter\u00bb][vc_column_text]Acoris Parking Prepago le permite vender planes de aparcamiento a los clientes durante el tiempo programado (d\u00edas, horas). Para ello, los clientes pueden comprar varios tipos de planes: <\/p>\n<ol>\n<li><strong>M\u00e1ximo<\/strong> (aparcar a cualquier hora)<\/li>\n<li><strong>Durante el horario laboral<\/strong> (entre semana, por ejemplo, de 7:00 a.m. a 6:00 p.m.)<\/li>\n<li><strong>Durante el per\u00edodo de descanso<\/strong> (por la noche, en d\u00edas festivos \/ d\u00edas libres)<\/li>\n<li><strong>Individual<\/strong> (durante la semana con una precisi\u00f3n de minutos).<\/li>\n<\/ol>\n<p>Al ingresar, se verifica si la tarjeta y el plan comprado son v\u00e1lidos. Si es v\u00e1lido, se eleva la barrera. <\/p>\n<p><strong>Equipos con un largo alcance de rastreo (3-20 m)<\/strong><\/p>\n<p>Las etiquetas RFID emitidas a los clientes por UHF se pueden fabricar de varias formas: pegatinas, atornilladas con tornillos, atornilladas en la cavidad. En las etiquetas RFID, se pueden imprimir los logotipos de la empresa y los n\u00fameros secuenciales, lo que ayuda a identificar visualmente las etiquetas.[\/vc_column_text][vc_row_inner][vc_column_inner width=\u00bb1\/2&#8243;][vc_single_image image=\u00bb4625&#8243; img_size=\u00bblarge\u00bb alignment=\u00bbcenter\u00bb][\/vc_column_inner][vc_column_inner width=\u00bb1\/2&#8243;][vc_single_image image=\u00bb4626&#8243; img_size=\u00bblarge\u00bb alignment=\u00bbcenter\u00bb][\/vc_column_inner][\/vc_row_inner][vc_row_inner][vc_column_inner][vc_column_text]Los esc\u00e1neres de etiquetas RFID utilizados para controlar la barrera de paso son dispositivos electr\u00f3nicos que transmiten informaci\u00f3n sobre el autom\u00f3vil que se aproxima a la computadora de control (dependiendo del programa, forman un comando para levantar la barrera y mantener registros de eventos). <\/p>\n<p>&nbsp;<\/p>\n<p><strong>Equipo para una peque\u00f1a distancia de arrastre (1-5 cm)<\/strong><\/p>\n<p>A los clientes se les emiten tarjetas RFID HF. Tambi\u00e9n se pueden utilizar relojes y tel\u00e9fonos NFC, colgantes de marca o tarjetas actualmente en uso. Tambi\u00e9n se pueden utilizar para controlar el paso al local.[\/vc_column_text][\/vc_column_inner][\/vc_row_inner][vc_row_inner][vc_column_inner width=\u00bb1\/2&#8243;][vc_single_image image=\u00bb4627&#8243; img_size=\u00bbmedium\u00bb alignment=\u00bbcenter\u00bb][\/vc_column_inner][vc_column_inner width=\u00bb1\/2&#8243;][vc_single_image image=\u00bb4628&#8243; img_size=\u00bbmedium\u00bb alignment=\u00bbcenter\u00bb][\/vc_column_inner][\/vc_row_inner][vc_column_text]Al acercarse a la barrera, la tarjeta se aferra al lector, comprueba si la tarjeta y el plano son v\u00e1lidos, se forman las inscripciones correspondientes en la pantalla.<\/p>\n<p>Ambas opciones cuentan con protecci\u00f3n contra el fraude (no permite la entrada de una nueva m\u00e1quina si la anterior no ha salido). El sistema soporta funciones de pago. <\/p>\n<p><strong>Beneficios del sistema de contabilidad, gesti\u00f3n y pago de entradas\/salidas:<\/strong><\/p>\n<ul>\n<li>Pago por adelantado (sin deudas ni conflictos)<\/li>\n<li>Control autom\u00e1tico sobre la fecha de vencimiento del suscriptor (sin necesidad de un conserje);<\/li>\n<li>Plaza de aparcamiento garantizada para aquellos que han comprado una plaza de aparcamiento<\/li>\n<li>Se lleva a cabo la contabilidad, qui\u00e9n, cuando lleg\u00f3 y se fue<\/li>\n<\/ul>\n<p>&nbsp;<\/p>\n<p><strong>Inversiones necesarias<\/strong><\/p>\n<table border=\"1\" width=\"571\">\n<tbody>\n<tr>\n<td width=\"49\">N\u00ba<\/td>\n<p> de fila<\/p>\n<td width=\"391\"><strong>T\u00edtulo<\/strong><\/td>\n<td width=\"65\"><strong>Peque\u00f1a distancia<\/strong><\/td>\n<td width=\"65\"><strong>Larga distancia<\/strong><\/td>\n<\/tr>\n<tr>\n<td width=\"49\">\n 1<\/td>\n<td width=\"391\">Barrera de<\/td>\n<p> paso<\/p>\n<td width=\"65\">Art\u00edculo 795<\/td>\n<td width=\"65\">Art\u00edculo 795<\/td>\n<\/tr>\n<tr>\n<td rowspan=\"5\" width=\"49\">n\u00famero ar\u00e1bigo<\/td>\n<td width=\"391\">Equipo de control de paso:<\/td>\n<td rowspan=\"5\" width=\"65\">648<\/td>\n<td rowspan=\"5\" width=\"65\">837<\/td>\n<\/tr>\n<tr>\n<td width=\"391\">&#8211; esc\u00e1neres para registrar la entrada y la salida,<\/td>\n<\/tr>\n<tr>\n<td width=\"391\">&#8211; controlador de computadora,<\/td>\n<\/tr>\n<tr>\n<td width=\"391\">&#8211; fuente de alimentaci\u00f3n con UPS 7Ah (en caso de corte de energ\u00eda, garantizar\u00e1 el funcionamiento del sistema durante varias horas),<\/td>\n<\/tr>\n<tr>\n<td width=\"391\">&#8211; Materiales de montaje<\/td>\n<\/tr>\n<tr>\n<td width=\"49\">\n 3<\/td>\n<td width=\"391\">Tarjetas de cliente (con N\u00ba impreso, 100 uds.)<\/td>\n<td width=\"65\">Existente<\/td>\n<td width=\"65\">250<\/td>\n<\/tr>\n<tr>\n<td rowspan=\"4\" width=\"49\">\n 4<\/td>\n<td width=\"391\">Software para la administraci\u00f3n de sistemas de estacionamiento:<\/td>\n<td rowspan=\"4\" width=\"65\">Art\u00edculo 390<\/td>\n<td rowspan=\"4\" width=\"65\">Art\u00edculo 390<\/td>\n<\/tr>\n<tr>\n<td width=\"391\">&#8211; registro y bloqueo de tarjetas,<\/td>\n<\/tr>\n<tr>\n<td width=\"391\">&#8211; el establecimiento de planes de estacionamiento y horarios,<\/td>\n<\/tr>\n<tr>\n<td width=\"391\">&#8211; Informes sobre qui\u00e9n, cu\u00e1ndo entr\u00f3 y cu\u00e1ndo sali\u00f3<\/td>\n<\/tr>\n<tr>\n<td width=\"49\">\n 5<\/td>\n<td width=\"391\">Instalaci\u00f3n, depuraci\u00f3n, formaci\u00f3n*<\/td>\n<td width=\"65\">500<\/td>\n<td width=\"65\">500<\/td>\n<\/tr>\n<tr>\n<td width=\"49\"><\/td>\n<td width=\"391\"><strong>Total (IVA excluido)<\/strong><\/td>\n<td width=\"65\"><strong>Art\u00edculo 2333<\/strong><\/td>\n<td width=\"65\"><strong>Art\u00edculo 2772<\/strong><\/td>\n<\/tr>\n<\/tbody>\n<\/table>\n<p>*El costo de las obras se ajustar\u00e1 (dependiendo de la base del sitio, la distancia a la fuente de electricidad, el enrutador de Internet).<\/p>\n<p>En comparaci\u00f3n con una soluci\u00f3n an\u00e1loga para la administraci\u00f3n de veh\u00edculos para el uso de c\u00e1maras de video para el reconocimiento de estados Nos, las tarjetas y marcas RFID son m\u00e1s confiables (no temen a la suciedad, la nieve u otra contaminaci\u00f3n \u00f3ptica) y son una soluci\u00f3n mucho m\u00e1s econ\u00f3mica.<\/p>\n<p>Esperamos que las tecnolog\u00edas modernas y la competencia de nuestros especialistas ayuden a implementar una gesti\u00f3n m\u00e1s transparente de la econom\u00eda del transporte, permitan a la empresa aumentar la eficiencia operativa y lograr mejores resultados comerciales.[\/vc_column_text][\/vc_column][\/vc_row][vc_row full_width=\u00bbstretch_row\u00bb css=\u00bb.vc_custom_1520432079740{background-color: #174894 !important;}\u00bb el_class=\u00bbblue-section-header\u00bb][vc_column css=\u00bb.vc_custom_1520432326642{padding-top: 10px !important;}\u00bb][vc_column_text css=\u00bb.vc_custom_1521110669221{margin-bottom: 10px !important;}\u00bb]<\/p>\n<h2><span style=\"color: #ffffff;\"><a style=\"color: #ffffff;\" href=\"https:\/\/acoris.lt\/es\/contactos\/\">P\u00f3ngase en contacto con nosotros para obtener m\u00e1s detalles o realizar consultas<\/a><\/span><\/h2>\n<p>[\/vc_column_text][\/vc_column][\/vc_row]<\/p>\n<\/div>","protected":false},"excerpt":{"rendered":"<p>[vc_row][vc_column][vc_column_text]El sistema Acoris Parking est\u00e1 dise\u00f1ado para gestionar la entrada de veh\u00edculos en el territorio, registrar cu\u00e1ndo, qu\u00e9 coche ha salido y llegado, si el aparcamiento est\u00e1 pagado, para controlar el plazo de pago. El sistema se basa en el reconocimiento de autom\u00f3viles con tarjetas remotas (distancia de escaneo peque\u00f1a (1-5 cm) o distancia de [&hellip;]<\/p>\n","protected":false},"author":1,"featured_media":0,"parent":0,"menu_order":0,"comment_status":"closed","ping_status":"closed","template":"","meta":{"_acf_changed":false,"_monsterinsights_skip_tracking":false,"_monsterinsights_sitenote_active":false,"_monsterinsights_sitenote_note":"","_monsterinsights_sitenote_category":0,"footnotes":""},"class_list":["post-4619","page","type-page","status-publish","hentry"],"acf":[],"yoast_head":"<!-- This site is optimized with the Yoast SEO plugin v27.3 - https:\/\/yoast.com\/product\/yoast-seo-wordpress\/ -->\n<title>Sistemas de aparcamientos, schlagbaums - Card masters<\/title>\n<meta name=\"robots\" content=\"index, follow, max-snippet:-1, max-image-preview:large, max-video-preview:-1\" \/>\n<link rel=\"canonical\" href=\"https:\/\/acoris.lt\/es\/contabilidad-de-entrada-salida-de-vehiculos-sistema-de-control\/\" \/>\n<meta property=\"og:locale\" content=\"es_ES\" \/>\n<meta property=\"og:type\" content=\"article\" \/>\n<meta property=\"og:title\" content=\"Sistemas de aparcamientos, schlagbaums - Card masters\" \/>\n<meta property=\"og:description\" content=\"[vc_row][vc_column][vc_column_text]El sistema Acoris Parking est\u00e1 dise\u00f1ado para gestionar la entrada de veh\u00edculos en el territorio, registrar cu\u00e1ndo, qu\u00e9 coche ha salido y llegado, si el aparcamiento est\u00e1 pagado, para controlar el plazo de pago. El sistema se basa en el reconocimiento de autom\u00f3viles con tarjetas remotas (distancia de escaneo peque\u00f1a (1-5 cm) o distancia de [&hellip;]\" \/>\n<meta property=\"og:url\" content=\"https:\/\/acoris.lt\/es\/contabilidad-de-entrada-salida-de-vehiculos-sistema-de-control\/\" \/>\n<meta property=\"og:site_name\" content=\"Acoris\" \/>\n<meta property=\"article:modified_time\" content=\"2025-02-27T05:46:38+00:00\" \/>\n<meta property=\"og:image\" content=\"https:\/\/acoris.lt\/wp-content\/uploads\/2023\/12\/acoris.jpg\" \/>\n\t<meta property=\"og:image:width\" content=\"600\" \/>\n\t<meta property=\"og:image:height\" content=\"600\" \/>\n\t<meta property=\"og:image:type\" content=\"image\/jpeg\" \/>\n<meta name=\"twitter:card\" content=\"summary_large_image\" \/>\n<meta name=\"twitter:label1\" content=\"Tiempo de lectura\" \/>\n\t<meta name=\"twitter:data1\" content=\"4 minutos\" \/>\n<script type=\"application\/ld+json\" class=\"yoast-schema-graph\">{\"@context\":\"https:\\\/\\\/schema.org\",\"@graph\":[{\"@type\":\"WebPage\",\"@id\":\"https:\\\/\\\/acoris.lt\\\/es\\\/contabilidad-de-entrada-salida-de-vehiculos-sistema-de-control\\\/\",\"url\":\"https:\\\/\\\/acoris.lt\\\/es\\\/contabilidad-de-entrada-salida-de-vehiculos-sistema-de-control\\\/\",\"name\":\"Sistemas de aparcamientos, schlagbaums - Card masters\",\"isPartOf\":{\"@id\":\"https:\\\/\\\/acoris.lt\\\/#website\"},\"datePublished\":\"2025-02-27T05:46:35+00:00\",\"dateModified\":\"2025-02-27T05:46:38+00:00\",\"breadcrumb\":{\"@id\":\"https:\\\/\\\/acoris.lt\\\/es\\\/contabilidad-de-entrada-salida-de-vehiculos-sistema-de-control\\\/#breadcrumb\"},\"inLanguage\":\"es\",\"potentialAction\":[{\"@type\":\"ReadAction\",\"target\":[\"https:\\\/\\\/acoris.lt\\\/es\\\/contabilidad-de-entrada-salida-de-vehiculos-sistema-de-control\\\/\"]}]},{\"@type\":\"BreadcrumbList\",\"@id\":\"https:\\\/\\\/acoris.lt\\\/es\\\/contabilidad-de-entrada-salida-de-vehiculos-sistema-de-control\\\/#breadcrumb\",\"itemListElement\":[{\"@type\":\"ListItem\",\"position\":1,\"name\":\"Inicio\",\"item\":\"https:\\\/\\\/acoris.lt\\\/es\\\/\"},{\"@type\":\"ListItem\",\"position\":2,\"name\":\"Contabilidad de entrada\\\/salida de veh\u00edculos, sistema de control\"}]},{\"@type\":\"WebSite\",\"@id\":\"https:\\\/\\\/acoris.lt\\\/#website\",\"url\":\"https:\\\/\\\/acoris.lt\\\/\",\"name\":\"Acoris\",\"description\":\"Integruotos sistemos\",\"publisher\":{\"@id\":\"https:\\\/\\\/acoris.lt\\\/#organization\"},\"potentialAction\":[{\"@type\":\"SearchAction\",\"target\":{\"@type\":\"EntryPoint\",\"urlTemplate\":\"https:\\\/\\\/acoris.lt\\\/?s={search_term_string}\"},\"query-input\":{\"@type\":\"PropertyValueSpecification\",\"valueRequired\":true,\"valueName\":\"search_term_string\"}}],\"inLanguage\":\"es\"},{\"@type\":\"Organization\",\"@id\":\"https:\\\/\\\/acoris.lt\\\/#organization\",\"name\":\"Acoris\",\"url\":\"https:\\\/\\\/acoris.lt\\\/\",\"logo\":{\"@type\":\"ImageObject\",\"inLanguage\":\"es\",\"@id\":\"https:\\\/\\\/acoris.lt\\\/#\\\/schema\\\/logo\\\/image\\\/\",\"url\":\"https:\\\/\\\/acoris.lt\\\/wp-content\\\/uploads\\\/2023\\\/12\\\/acoris.jpg\",\"contentUrl\":\"https:\\\/\\\/acoris.lt\\\/wp-content\\\/uploads\\\/2023\\\/12\\\/acoris.jpg\",\"width\":600,\"height\":600,\"caption\":\"Acoris\"},\"image\":{\"@id\":\"https:\\\/\\\/acoris.lt\\\/#\\\/schema\\\/logo\\\/image\\\/\"}}]}<\/script>\n<!-- \/ Yoast SEO plugin. -->","yoast_head_json":{"title":"Sistemas de aparcamientos, schlagbaums - Card masters","robots":{"index":"index","follow":"follow","max-snippet":"max-snippet:-1","max-image-preview":"max-image-preview:large","max-video-preview":"max-video-preview:-1"},"canonical":"https:\/\/acoris.lt\/es\/contabilidad-de-entrada-salida-de-vehiculos-sistema-de-control\/","og_locale":"es_ES","og_type":"article","og_title":"Sistemas de aparcamientos, schlagbaums - Card masters","og_description":"[vc_row][vc_column][vc_column_text]El sistema Acoris Parking est\u00e1 dise\u00f1ado para gestionar la entrada de veh\u00edculos en el territorio, registrar cu\u00e1ndo, qu\u00e9 coche ha salido y llegado, si el aparcamiento est\u00e1 pagado, para controlar el plazo de pago. El sistema se basa en el reconocimiento de autom\u00f3viles con tarjetas remotas (distancia de escaneo peque\u00f1a (1-5 cm) o distancia de [&hellip;]","og_url":"https:\/\/acoris.lt\/es\/contabilidad-de-entrada-salida-de-vehiculos-sistema-de-control\/","og_site_name":"Acoris","article_modified_time":"2025-02-27T05:46:38+00:00","og_image":[{"width":600,"height":600,"url":"https:\/\/acoris.lt\/wp-content\/uploads\/2023\/12\/acoris.jpg","type":"image\/jpeg"}],"twitter_card":"summary_large_image","twitter_misc":{"Tiempo de lectura":"4 minutos"},"schema":{"@context":"https:\/\/schema.org","@graph":[{"@type":"WebPage","@id":"https:\/\/acoris.lt\/es\/contabilidad-de-entrada-salida-de-vehiculos-sistema-de-control\/","url":"https:\/\/acoris.lt\/es\/contabilidad-de-entrada-salida-de-vehiculos-sistema-de-control\/","name":"Sistemas de aparcamientos, schlagbaums - Card masters","isPartOf":{"@id":"https:\/\/acoris.lt\/#website"},"datePublished":"2025-02-27T05:46:35+00:00","dateModified":"2025-02-27T05:46:38+00:00","breadcrumb":{"@id":"https:\/\/acoris.lt\/es\/contabilidad-de-entrada-salida-de-vehiculos-sistema-de-control\/#breadcrumb"},"inLanguage":"es","potentialAction":[{"@type":"ReadAction","target":["https:\/\/acoris.lt\/es\/contabilidad-de-entrada-salida-de-vehiculos-sistema-de-control\/"]}]},{"@type":"BreadcrumbList","@id":"https:\/\/acoris.lt\/es\/contabilidad-de-entrada-salida-de-vehiculos-sistema-de-control\/#breadcrumb","itemListElement":[{"@type":"ListItem","position":1,"name":"Inicio","item":"https:\/\/acoris.lt\/es\/"},{"@type":"ListItem","position":2,"name":"Contabilidad de entrada\/salida de veh\u00edculos, sistema de control"}]},{"@type":"WebSite","@id":"https:\/\/acoris.lt\/#website","url":"https:\/\/acoris.lt\/","name":"Acoris","description":"Integruotos sistemos","publisher":{"@id":"https:\/\/acoris.lt\/#organization"},"potentialAction":[{"@type":"SearchAction","target":{"@type":"EntryPoint","urlTemplate":"https:\/\/acoris.lt\/?s={search_term_string}"},"query-input":{"@type":"PropertyValueSpecification","valueRequired":true,"valueName":"search_term_string"}}],"inLanguage":"es"},{"@type":"Organization","@id":"https:\/\/acoris.lt\/#organization","name":"Acoris","url":"https:\/\/acoris.lt\/","logo":{"@type":"ImageObject","inLanguage":"es","@id":"https:\/\/acoris.lt\/#\/schema\/logo\/image\/","url":"https:\/\/acoris.lt\/wp-content\/uploads\/2023\/12\/acoris.jpg","contentUrl":"https:\/\/acoris.lt\/wp-content\/uploads\/2023\/12\/acoris.jpg","width":600,"height":600,"caption":"Acoris"},"image":{"@id":"https:\/\/acoris.lt\/#\/schema\/logo\/image\/"}}]}},"_links":{"self":[{"href":"https:\/\/acoris.lt\/es\/wp-json\/wp\/v2\/pages\/4619","targetHints":{"allow":["GET"]}}],"collection":[{"href":"https:\/\/acoris.lt\/es\/wp-json\/wp\/v2\/pages"}],"about":[{"href":"https:\/\/acoris.lt\/es\/wp-json\/wp\/v2\/types\/page"}],"author":[{"embeddable":true,"href":"https:\/\/acoris.lt\/es\/wp-json\/wp\/v2\/users\/1"}],"replies":[{"embeddable":true,"href":"https:\/\/acoris.lt\/es\/wp-json\/wp\/v2\/comments?post=4619"}],"version-history":[{"count":2,"href":"https:\/\/acoris.lt\/es\/wp-json\/wp\/v2\/pages\/4619\/revisions"}],"predecessor-version":[{"id":4636,"href":"https:\/\/acoris.lt\/es\/wp-json\/wp\/v2\/pages\/4619\/revisions\/4636"}],"wp:attachment":[{"href":"https:\/\/acoris.lt\/es\/wp-json\/wp\/v2\/media?parent=4619"}],"curies":[{"name":"wp","href":"https:\/\/api.w.org\/{rel}","templated":true}]}}