{"id":4637,"date":"2025-02-27T08:46:41","date_gmt":"2025-02-27T05:46:41","guid":{"rendered":"https:\/\/www.acoris.lt\/sistemas-de-control-de-inventarios\/"},"modified":"2025-02-27T08:46:43","modified_gmt":"2025-02-27T05:46:43","slug":"sistemas-de-control-de-inventarios","status":"publish","type":"page","link":"https:\/\/acoris.lt\/es\/sistemas-de-control-de-inventarios\/","title":{"rendered":"Sistemas de control de inventarios"},"content":{"rendered":"<div class=\"wpb-content-wrapper\"><p>[vc_row][vc_column][vc_row_inner][vc_column_inner width=\u00bb1\/2&#8243;][vc_column_text]Implementamos modernos sistemas digitales de control y control de materiales y contabilidad basados en tarjetas u otros medios de identificaci\u00f3n, que ahorran los recursos de las empresas e instituciones, as\u00ed como el tiempo de los empleados y visitantes.<\/p>\n<p>Las llaves, los libros, los multimedia, los materiales de construcci\u00f3n u otro inventario se contabilizan y su uso se identifica mediante tarjetas (u otros medios) e identificadores de objetos (disquetes de pl\u00e1stico, clavos electr\u00f3nicos, correas, pegatinas, etc.). Se pueden utilizar herramientas que ya se utilizan para otros sistemas, como tarjetas de control de acceso. <\/p>\n<p>Un sistema se puede utilizar en varios objetos diferentes, adecuados para un uso temporal, por ejemplo, para eventos.<\/p>\n<p>Todos los sistemas instalados se combinan en una sola aplicaci\u00f3n, donde se pueden ver informes de uso detallados. El programa puede realizar la funci\u00f3n de contabilidad o integrarse con el programa de contabilidad utilizado u otros sistemas de gesti\u00f3n empresarial. <\/p>\n<p>Estos sistemas aportan muchos beneficios a las empresas e instituciones y se amortizan r\u00e1pidamente.<\/p>\n<ul>\n<li>Los sistemas se instalan seg\u00fan sea necesario: un paquete completo de sistemas o un sistema espec\u00edfico que satisfaga las necesidades.<\/li>\n<li>Los sistemas est\u00e1n garantizados, realizamos formaci\u00f3n, soporte y servicio.<\/li>\n<\/ul>\n<p>[\/vc_column_text][\/vc_column_inner][vc_column_inner width=\u00bb1\/2&#8243;][vc_column_text][\/vc_column_text][vc_single_image image=\u00bb340&#8243; img_size=\u00bbfull\u00bb alignment=\u00bbcenter\u00bb][\/vc_column_inner][\/vc_row_inner][vc_column_text][\/vc_column_text][vc_column_text]<strong>Sistema de contabilidad de llaves de gabinete  <\/strong><\/p>\n<p>El sistema est\u00e1 dise\u00f1ado para registrar y encontrar r\u00e1pidamente qu\u00e9 tipo de persona toma qu\u00e9 llave. Consiste en una computadora con un lector de tarjetas NFC, las personas tienen tarjetas electr\u00f3nicas y los colgantes RFID est\u00e1n conectados a las llaves.  <\/p>\n<p>Una persona adhiere su tarjeta al lector, luego al llavero, y se observa si toma la llave o la devuelve.[\/vc_column_text][vc_single_image image=\u00bb4638&#8243; img_size=\u00bblarge\u00bb alignment=\u00bbcenter\u00bb][vc_column_text]La informaci\u00f3n sobre qui\u00e9n tom\u00f3 y devolvi\u00f3 la llave se registra en la computadora, si es necesario, se encuentra r\u00e1pidamente qui\u00e9n no devolvi\u00f3 la llave faltante. Se puede ordenar por todas las columnas.[\/vc_column_text][vc_single_image image=\u00bb4639&#8243; img_size=\u00bblarge\u00bb alignment=\u00bbcenter\u00bb][\/vc_column][\/vc_row][vc_row full_width=\u00bbstretch_row\u00bb css=\u00bb.vc_custom_1520431336892{background-color: #174894 !important;}\u00bb el_class=\u00bbblue-section-header\u00bb][vc_column css=\u00bb.vc_custom_1520432204512{padding-top: 0px !important;}\u00bb][vc_column_text css=\u00bb.vc_custom_1521188779675{margin-top: 10px !important;margin-bottom: 10px !important;}\u00bb]<\/p>\n<h2><em>Los beneficios del sistema<\/em><\/h2>\n<p>[\/vc_column_text][\/vc_column][\/vc_row][vc_row][vc_column][vc_column_text]<\/p>\n<ul class=\"check-list\">\n<li>SEGURIDAD<\/li>\n<\/ul>\n<ul>\n<li>El inventario espec\u00edfico y los datos espec\u00edficos solo pueden ser utilizados por aquellos que tienen derecho a hacerlo (menos p\u00e9rdidas, responsabilidad material clara)<\/li>\n<li>Detalle de los derechos concedidos a cada persona, el inventario utilizado<\/li>\n<\/ul>\n<ul class=\"check-list\">\n<li>Ahorro de recursos<\/li>\n<\/ul>\n<ul>\n<li>Contabilidad optimizada del inventario (llaves, libros de la biblioteca, documentos, multimedia, mecanismos, etc.), qui\u00e9n usa qu\u00e9 y cu\u00e1ndo (los empleados y visitantes ya no necesitan llenar revistas)<\/li>\n<li>An\u00e1lisis detallado del uso del inventario, lo que le permite tomar decisiones \u00f3ptimas sobre la necesidad y la cantidad de inventario<\/li>\n<\/ul>\n<ul class=\"check-list\">\n<li>Consuelo<\/li>\n<\/ul>\n<ul>\n<li>Detalle de los derechos concedidos a cada persona, el inventario utilizado<\/li>\n<\/ul>\n<ul class=\"check-list\">\n<li>Imagen<\/li>\n<\/ul>\n<ul>\n<li>Una instituci\u00f3n moderna con soluciones modernas y beneficios adicionales para empleados, visitantes y clientes parece m\u00e1s atractiva<\/li>\n<\/ul>\n<p>[\/vc_column_text][\/vc_column][\/vc_row][vc_row full_width=\u00bbstretch_row\u00bb css=\u00bb.vc_custom_1520431336892{background-color: #174894 !important;}\u00bb el_class=\u00bbblue-section-header\u00bb][vc_column css=\u00bb.vc_custom_1520432257550{padding-top: 0px !important;}\u00bb][vc_column_text css=\u00bb.vc_custom_1521188938896{margin-top: 10px !important;margin-bottom: 10px !important;}\u00bb]<\/p>\n<h2><em>\u00c1reas de aplicaci\u00f3n del sistema<\/em><\/h2>\n<p>[\/vc_column_text][\/vc_column][\/vc_row][vc_row][vc_column][vc_column_text]<\/p>\n<ul class=\"check-list\">\n<li>Instituciones educativas<\/li>\n<\/ul>\n<ul>\n<li>Llaves, datos, documentos, libros, multimedia, inventario de gimnasios, laboratorios y c\u00edrculos<\/li>\n<\/ul>\n<ul class=\"check-list\">\n<li>Empresas constructoras<\/li>\n<\/ul>\n<ul>\n<li>Claves, datos, documentos, mecanismos e inventario, materiales<\/li>\n<\/ul>\n<ul class=\"check-list\">\n<li>Centros de negocios e instituciones<\/li>\n<\/ul>\n<ul>\n<li>Inventario de llaves, multimedia y otros materiales<\/li>\n<\/ul>\n<ul class=\"check-list\">\n<li>Eventos<\/li>\n<\/ul>\n<ul>\n<li>Inventario de claves, datos, multimedia y otros materiales<\/li>\n<\/ul>\n<ul class=\"check-list\">\n<li>Clubes deportivos<\/li>\n<\/ul>\n<ul>\n<li>Inventario de llaves, datos, deportes y otros<\/li>\n<\/ul>\n<p>[\/vc_column_text][vc_row_inner][vc_column_inner width=\u00bb1\/2&#8243;][vc_single_image image=\u00bb180&#8243; img_size=\u00bbfull\u00bb][\/vc_column_inner][vc_column_inner width=\u00bb1\/2&#8243;][vc_single_image image=\u00bb274&#8243; img_size=\u00bbfull\u00bb alignment=\u00bbright\u00bb][\/vc_column_inner][\/vc_row_inner][\/vc_column][\/vc_row][vc_row full_width=\u00bbstretch_row\u00bb css=\u00bb.vc_custom_1520432079740{background-color: #174894 !important;}\u00bb el_class=\u00bbblue-section-header\u00bb][vc_column css=\u00bb.vc_custom_1520432326642{padding-top: 10px !important;}\u00bb][vc_column_text css=\u00bb.vc_custom_1521110669221{margin-bottom: 10px !important;}\u00bb]<\/p>\n<h2><span style=\"color: #ffffff;\"><a style=\"color: #ffffff;\" href=\"https:\/\/acoris.lt\/es\/contactos\/\">P\u00f3ngase en contacto con nosotros para obtener m\u00e1s detalles o realizar consultas<\/a><\/span><\/h2>\n<p>[\/vc_column_text][\/vc_column][\/vc_row]<\/p>\n<\/div>","protected":false},"excerpt":{"rendered":"<p>[vc_row][vc_column][vc_row_inner][vc_column_inner width=\u00bb1\/2&#8243;][vc_column_text]Implementamos modernos sistemas digitales de control y control de materiales y contabilidad basados en tarjetas u otros medios de identificaci\u00f3n, que ahorran los recursos de las empresas e instituciones, as\u00ed como el tiempo de los empleados y visitantes. Las llaves, los libros, los multimedia, los materiales de construcci\u00f3n u otro inventario se contabilizan y [&hellip;]<\/p>\n","protected":false},"author":1,"featured_media":0,"parent":0,"menu_order":0,"comment_status":"closed","ping_status":"closed","template":"","meta":{"_acf_changed":false,"_monsterinsights_skip_tracking":false,"_monsterinsights_sitenote_active":false,"_monsterinsights_sitenote_note":"","_monsterinsights_sitenote_category":0,"footnotes":""},"class_list":["post-4637","page","type-page","status-publish","hentry"],"acf":[],"yoast_head":"<!-- This site is optimized with the Yoast SEO plugin v27.4 - https:\/\/yoast.com\/product\/yoast-seo-wordpress\/ -->\n<title>Sistemas de control de inventarios - Acoris<\/title>\n<meta name=\"robots\" content=\"index, follow, max-snippet:-1, max-image-preview:large, max-video-preview:-1\" \/>\n<link rel=\"canonical\" href=\"https:\/\/acoris.lt\/es\/sistemas-de-control-de-inventarios\/\" \/>\n<meta property=\"og:locale\" content=\"es_ES\" \/>\n<meta property=\"og:type\" content=\"article\" \/>\n<meta property=\"og:title\" content=\"Sistemas de control de inventarios - Acoris\" \/>\n<meta property=\"og:description\" content=\"[vc_row][vc_column][vc_row_inner][vc_column_inner width=\u00bb1\/2&#8243;][vc_column_text]Implementamos modernos sistemas digitales de control y control de materiales y contabilidad basados en tarjetas u otros medios de identificaci\u00f3n, que ahorran los recursos de las empresas e instituciones, as\u00ed como el tiempo de los empleados y visitantes. Las llaves, los libros, los multimedia, los materiales de construcci\u00f3n u otro inventario se contabilizan y [&hellip;]\" \/>\n<meta property=\"og:url\" content=\"https:\/\/acoris.lt\/es\/sistemas-de-control-de-inventarios\/\" \/>\n<meta property=\"og:site_name\" content=\"Acoris\" \/>\n<meta property=\"article:modified_time\" content=\"2025-02-27T05:46:43+00:00\" \/>\n<meta property=\"og:image\" content=\"https:\/\/acoris.lt\/wp-content\/uploads\/2023\/12\/acoris.jpg\" \/>\n\t<meta property=\"og:image:width\" content=\"600\" \/>\n\t<meta property=\"og:image:height\" content=\"600\" \/>\n\t<meta property=\"og:image:type\" content=\"image\/jpeg\" \/>\n<meta name=\"twitter:card\" content=\"summary_large_image\" \/>\n<meta name=\"twitter:label1\" content=\"Tiempo de lectura\" \/>\n\t<meta name=\"twitter:data1\" content=\"4 minutos\" \/>\n<script type=\"application\/ld+json\" class=\"yoast-schema-graph\">{\"@context\":\"https:\\\/\\\/schema.org\",\"@graph\":[{\"@type\":\"WebPage\",\"@id\":\"https:\\\/\\\/acoris.lt\\\/es\\\/sistemas-de-control-de-inventarios\\\/\",\"url\":\"https:\\\/\\\/acoris.lt\\\/es\\\/sistemas-de-control-de-inventarios\\\/\",\"name\":\"Sistemas de control de inventarios - Acoris\",\"isPartOf\":{\"@id\":\"https:\\\/\\\/acoris.lt\\\/#website\"},\"datePublished\":\"2025-02-27T05:46:41+00:00\",\"dateModified\":\"2025-02-27T05:46:43+00:00\",\"breadcrumb\":{\"@id\":\"https:\\\/\\\/acoris.lt\\\/es\\\/sistemas-de-control-de-inventarios\\\/#breadcrumb\"},\"inLanguage\":\"es\",\"potentialAction\":[{\"@type\":\"ReadAction\",\"target\":[\"https:\\\/\\\/acoris.lt\\\/es\\\/sistemas-de-control-de-inventarios\\\/\"]}]},{\"@type\":\"BreadcrumbList\",\"@id\":\"https:\\\/\\\/acoris.lt\\\/es\\\/sistemas-de-control-de-inventarios\\\/#breadcrumb\",\"itemListElement\":[{\"@type\":\"ListItem\",\"position\":1,\"name\":\"Inicio\",\"item\":\"https:\\\/\\\/acoris.lt\\\/es\\\/\"},{\"@type\":\"ListItem\",\"position\":2,\"name\":\"Sistemas de control de inventarios\"}]},{\"@type\":\"WebSite\",\"@id\":\"https:\\\/\\\/acoris.lt\\\/#website\",\"url\":\"https:\\\/\\\/acoris.lt\\\/\",\"name\":\"Acoris\",\"description\":\"Integruotos sistemos\",\"publisher\":{\"@id\":\"https:\\\/\\\/acoris.lt\\\/#organization\"},\"potentialAction\":[{\"@type\":\"SearchAction\",\"target\":{\"@type\":\"EntryPoint\",\"urlTemplate\":\"https:\\\/\\\/acoris.lt\\\/?s={search_term_string}\"},\"query-input\":{\"@type\":\"PropertyValueSpecification\",\"valueRequired\":true,\"valueName\":\"search_term_string\"}}],\"inLanguage\":\"es\"},{\"@type\":\"Organization\",\"@id\":\"https:\\\/\\\/acoris.lt\\\/#organization\",\"name\":\"Acoris\",\"url\":\"https:\\\/\\\/acoris.lt\\\/\",\"logo\":{\"@type\":\"ImageObject\",\"inLanguage\":\"es\",\"@id\":\"https:\\\/\\\/acoris.lt\\\/#\\\/schema\\\/logo\\\/image\\\/\",\"url\":\"https:\\\/\\\/acoris.lt\\\/wp-content\\\/uploads\\\/2023\\\/12\\\/acoris.jpg\",\"contentUrl\":\"https:\\\/\\\/acoris.lt\\\/wp-content\\\/uploads\\\/2023\\\/12\\\/acoris.jpg\",\"width\":600,\"height\":600,\"caption\":\"Acoris\"},\"image\":{\"@id\":\"https:\\\/\\\/acoris.lt\\\/#\\\/schema\\\/logo\\\/image\\\/\"}}]}<\/script>\n<!-- \/ Yoast SEO plugin. -->","yoast_head_json":{"title":"Sistemas de control de inventarios - Acoris","robots":{"index":"index","follow":"follow","max-snippet":"max-snippet:-1","max-image-preview":"max-image-preview:large","max-video-preview":"max-video-preview:-1"},"canonical":"https:\/\/acoris.lt\/es\/sistemas-de-control-de-inventarios\/","og_locale":"es_ES","og_type":"article","og_title":"Sistemas de control de inventarios - Acoris","og_description":"[vc_row][vc_column][vc_row_inner][vc_column_inner width=\u00bb1\/2&#8243;][vc_column_text]Implementamos modernos sistemas digitales de control y control de materiales y contabilidad basados en tarjetas u otros medios de identificaci\u00f3n, que ahorran los recursos de las empresas e instituciones, as\u00ed como el tiempo de los empleados y visitantes. Las llaves, los libros, los multimedia, los materiales de construcci\u00f3n u otro inventario se contabilizan y [&hellip;]","og_url":"https:\/\/acoris.lt\/es\/sistemas-de-control-de-inventarios\/","og_site_name":"Acoris","article_modified_time":"2025-02-27T05:46:43+00:00","og_image":[{"width":600,"height":600,"url":"https:\/\/acoris.lt\/wp-content\/uploads\/2023\/12\/acoris.jpg","type":"image\/jpeg"}],"twitter_card":"summary_large_image","twitter_misc":{"Tiempo de lectura":"4 minutos"},"schema":{"@context":"https:\/\/schema.org","@graph":[{"@type":"WebPage","@id":"https:\/\/acoris.lt\/es\/sistemas-de-control-de-inventarios\/","url":"https:\/\/acoris.lt\/es\/sistemas-de-control-de-inventarios\/","name":"Sistemas de control de inventarios - Acoris","isPartOf":{"@id":"https:\/\/acoris.lt\/#website"},"datePublished":"2025-02-27T05:46:41+00:00","dateModified":"2025-02-27T05:46:43+00:00","breadcrumb":{"@id":"https:\/\/acoris.lt\/es\/sistemas-de-control-de-inventarios\/#breadcrumb"},"inLanguage":"es","potentialAction":[{"@type":"ReadAction","target":["https:\/\/acoris.lt\/es\/sistemas-de-control-de-inventarios\/"]}]},{"@type":"BreadcrumbList","@id":"https:\/\/acoris.lt\/es\/sistemas-de-control-de-inventarios\/#breadcrumb","itemListElement":[{"@type":"ListItem","position":1,"name":"Inicio","item":"https:\/\/acoris.lt\/es\/"},{"@type":"ListItem","position":2,"name":"Sistemas de control de inventarios"}]},{"@type":"WebSite","@id":"https:\/\/acoris.lt\/#website","url":"https:\/\/acoris.lt\/","name":"Acoris","description":"Integruotos sistemos","publisher":{"@id":"https:\/\/acoris.lt\/#organization"},"potentialAction":[{"@type":"SearchAction","target":{"@type":"EntryPoint","urlTemplate":"https:\/\/acoris.lt\/?s={search_term_string}"},"query-input":{"@type":"PropertyValueSpecification","valueRequired":true,"valueName":"search_term_string"}}],"inLanguage":"es"},{"@type":"Organization","@id":"https:\/\/acoris.lt\/#organization","name":"Acoris","url":"https:\/\/acoris.lt\/","logo":{"@type":"ImageObject","inLanguage":"es","@id":"https:\/\/acoris.lt\/#\/schema\/logo\/image\/","url":"https:\/\/acoris.lt\/wp-content\/uploads\/2023\/12\/acoris.jpg","contentUrl":"https:\/\/acoris.lt\/wp-content\/uploads\/2023\/12\/acoris.jpg","width":600,"height":600,"caption":"Acoris"},"image":{"@id":"https:\/\/acoris.lt\/#\/schema\/logo\/image\/"}}]}},"_links":{"self":[{"href":"https:\/\/acoris.lt\/es\/wp-json\/wp\/v2\/pages\/4637","targetHints":{"allow":["GET"]}}],"collection":[{"href":"https:\/\/acoris.lt\/es\/wp-json\/wp\/v2\/pages"}],"about":[{"href":"https:\/\/acoris.lt\/es\/wp-json\/wp\/v2\/types\/page"}],"author":[{"embeddable":true,"href":"https:\/\/acoris.lt\/es\/wp-json\/wp\/v2\/users\/1"}],"replies":[{"embeddable":true,"href":"https:\/\/acoris.lt\/es\/wp-json\/wp\/v2\/comments?post=4637"}],"version-history":[{"count":5,"href":"https:\/\/acoris.lt\/es\/wp-json\/wp\/v2\/pages\/4637\/revisions"}],"predecessor-version":[{"id":4652,"href":"https:\/\/acoris.lt\/es\/wp-json\/wp\/v2\/pages\/4637\/revisions\/4652"}],"wp:attachment":[{"href":"https:\/\/acoris.lt\/es\/wp-json\/wp\/v2\/media?parent=4637"}],"curies":[{"name":"wp","href":"https:\/\/api.w.org\/{rel}","templated":true}]}}