{"id":4643,"date":"2025-02-27T08:46:42","date_gmt":"2025-02-27T05:46:42","guid":{"rendered":"https:\/\/www.acoris.lt\/billetera-electronica-pagos-electronicos\/"},"modified":"2025-02-27T08:46:43","modified_gmt":"2025-02-27T05:46:43","slug":"billetera-electronica-pagos-electronicos","status":"publish","type":"page","link":"https:\/\/acoris.lt\/es\/billetera-electronica-pagos-electronicos\/","title":{"rendered":"Billetera electr\u00f3nica, pagos electr\u00f3nicos"},"content":{"rendered":"<div class=\"wpb-content-wrapper\"><p>[vc_row 0=\u00bb\u00bb][vc_column 0=\u00bb\u00bb][vc_row_inner 0=\u00bb\u00bb][vc_column_inner width=\u00bb1\/2&#8243;][vc_column_text 0=\u00bb\u00bb]Implementamos modernos sistemas digitales de pago de bienes y servicios y contabilidad basada en tarjetas u otros medios, que ahorran recursos y tiempo a las empresas e instituciones, brindan seguridad y comodidad a los empleados y visitantes. Al mismo tiempo, las soluciones modernas mejoran la imagen y el atractivo de una empresa o instituci\u00f3n. <\/p>\n<p>Los visitantes y empleados pueden utilizar tarjetas, tel\u00e9fonos NFC u otros medios para pagar mediante la compra de bebidas, aperitivos u otros bienes en m\u00e1quinas expendedoras de autoservicio, cafeter\u00edas, comedores, entradas, contenidos electr\u00f3nicos, para diversos servicios (fotocopias, aparcamiento, transporte, lavado, etc.), etc. <\/p>\n<p>Se pueden utilizar herramientas que ya se utilizan para otros sistemas, como tarjetas de control de acceso.<\/p>\n<p>Las cuentas de tarjetas se pueden recargar por adelantado.<\/p>\n<p>Un sistema se puede utilizar en varios objetos diferentes, adecuados para un uso temporal, por ejemplo, para eventos.<\/p>\n<p>Todos los sistemas instalados se combinan en una sola aplicaci\u00f3n, donde se pueden ver informes de uso detallados. El programa puede realizar la funci\u00f3n de contabilidad o integrarse con el programa de contabilidad utilizado u otros sistemas de gesti\u00f3n empresarial. <\/p>\n<p>Estos sistemas aportan muchos beneficios a las empresas e instituciones y se amortizan r\u00e1pidamente.<\/p>\n<ul>\n<li>Los sistemas se instalan seg\u00fan sea necesario: un paquete completo de sistemas o un sistema espec\u00edfico que satisfaga las necesidades.<\/li>\n<li>Los sistemas est\u00e1n garantizados, realizamos formaci\u00f3n, soporte y servicio.<\/li>\n<\/ul>\n<p>[\/vc_column_text][\/vc_column_inner][vc_column_inner width=\u00bb1\/2&#8243;][vc_column_text 0=\u00bb\u00bb][\/vc_column_text][vc_single_image image=\u00bb4646&#8243; img_size=\u00bblarge\u00bb alignment=\u00bbright\u00bb][\/vc_column_inner][\/vc_row_inner][vc_column_text 0=\u00bb\u00bb][\/vc_column_text][\/vc_column][\/vc_row][vc_row full_width=\u00bbstretch_row\u00bb css=\u00bb.vc_custom_1520431336892{background-color: #174894 !important;}\u00bb el_class=\u00bbblue-section-header\u00bb][vc_column css=\u00bb.vc_custom_1520432204512{padding-top: 0px !important;}\u00bb][vc_column_text css=\u00bb.vc_custom_1521190059220{margin-top: 10px !important;margin-bottom: 10px !important;}\u00bb]<\/p>\n<h2><em>Los beneficios del sistema<\/em><\/h2>\n<p>[\/vc_column_text][\/vc_column][\/vc_row][vc_row 0=\u00bb\u00bb][vc_column 0=\u00bb\u00bb][vc_column_text 0=\u00bb\u00bb]<\/p>\n<ul class=\"check-list\">\n<li>SEGURIDAD<\/li>\n<\/ul>\n<ul>\n<li>No es necesario llevar dinero en efectivo para las liquidaciones de bienes y servicios (no hay riesgo de perderlos o perderlos), se pueden establecer varios l\u00edmites de gasto<\/li>\n<li>No hay riesgo de robo u otra p\u00e9rdida de dinero en efectivo para diversos bienes y servicios<\/li>\n<li>En caso de p\u00e9rdida o extrav\u00edo de la tarjeta, cualquier uso no autorizado puede ser bloqueado<\/li>\n<\/ul>\n<ul class=\"check-list\">\n<li>Ahorro de recursos<\/li>\n<\/ul>\n<ul>\n<li>Optimizaci\u00f3n y automatizaci\u00f3n de la contabilidad de liquidaciones de diversos bienes y servicios (saldos, pedidos, pagos)<\/li>\n<li>Sin necesidad de cajas registradoras, cobro<\/li>\n<\/ul>\n<ul class=\"check-list\">\n<li>Consuelo<\/li>\n<\/ul>\n<ul>\n<li>No es necesario llevar dinero en efectivo para el pago de bienes y servicios<\/li>\n<li>Pago m\u00e1s r\u00e1pido, porque no hay necesidad de contar con poco dinero<\/li>\n<li>La capacidad de comprar solo lo que se prescribe (por ejemplo, comida para ni\u00f1os en el comedor, y no, por ejemplo, dulces o cualquier otra cosa).<\/li>\n<li>Cada usuario ve informes detallados de sus compras<\/li>\n<li>La oportunidad de ofrecer varios servicios adicionales nuevos: certificados de regalo, vales de comida, descuentos<\/li>\n<\/ul>\n<ul class=\"check-list\">\n<li>Imagen<\/li>\n<\/ul>\n<ul>\n<li>Una instituci\u00f3n moderna con soluciones modernas y beneficios adicionales para empleados, visitantes y clientes parece m\u00e1s atractiva<\/li>\n<\/ul>\n<p>[\/vc_column_text][\/vc_column][\/vc_row][vc_row full_width=\u00bbstretch_row\u00bb css=\u00bb.vc_custom_1520431336892{background-color: #174894 !important;}\u00bb el_class=\u00bbblue-section-header\u00bb][vc_column css=\u00bb.vc_custom_1520432257550{padding-top: 0px !important;}\u00bb][vc_column_text css=\u00bb.vc_custom_1521190706680{margin-top: 10px !important;margin-bottom: 10px !important;}\u00bb]<\/p>\n<h2><em>\u00c1reas de aplicaci\u00f3n del sistema<\/em><\/h2>\n<p>[\/vc_column_text][\/vc_column][\/vc_row][vc_row 0=\u00bb\u00bb][vc_column 0=\u00bb\u00bb][vc_column_text 0=\u00bb\u00bb]<\/p>\n<ul class=\"check-list\">\n<li>Instituciones educativas<\/li>\n<\/ul>\n<ul>\n<li>Pago en el comedor, compra en autoservicio de snacks, m\u00e1quinas expendedoras de bebidas, para fotocopias, u otros servicios, para aparcamiento, para eventos, para transporte, etc.<\/li>\n<\/ul>\n<ul class=\"check-list\">\n<li>Empresas constructoras<\/li>\n<\/ul>\n<ul class=\"check-list\">\n<li>Centros de negocios e instituciones<\/li>\n<\/ul>\n<ul class=\"check-list\">\n<li>Eventos<\/li>\n<\/ul>\n<ul>\n<li><span lang=\"LT\">Pago en la cantina al comprar autoservicio u<\/span><span lang=\"LT\">\u017e<\/span><span lang=\"LT\">Kandin<\/span><span lang=\"LT\">\u0117<\/span><span lang=\"LT\">se, de  <\/span><span lang=\"LT\">g<\/span><span lang=\"LT\">\u0117<\/span><span lang=\"LT\">Borde<\/span><span lang=\"LT\">\u0173<\/span><span lang=\"LT\">  Aut\u00f3mata<\/span><span lang=\"LT\">\u0173<\/span><span lang=\"LT\">, u<\/span><span lang=\"LT\">\u017e<\/span><span lang=\"LT\">  copias, u otros servicios, u<\/span><span lang=\"LT\">\u017e<\/span><span lang=\"LT\">  aparcamiento<\/span><span lang=\"LT\">\u0105<\/span><span lang=\"LT\">, u<\/span><span lang=\"LT\">\u017e<\/span><span lang=\"LT\">  Eventos, U<\/span><span lang=\"LT\">\u017e<\/span><span lang=\"LT\">  transporte<\/span><span lang=\"LT\">\u0105<\/span><span lang=\"LT\">  y as\u00ed sucesivamente. Los cupones para catering u otros servicios se pueden atribuir a las tarjetas. <\/span><\/li>\n<\/ul>\n<ul class=\"check-list\">\n<li>Clubes deportivos<\/li>\n<\/ul>\n<p>[\/vc_column_text][vc_row_inner 0=\u00bb\u00bb][vc_column_inner width=\u00bb1\/2&#8243;][vc_single_image image=\u00bb271&#8243; img_size=\u00bblarge\u00bb][\/vc_column_inner][vc_column_inner width=\u00bb1\/2&#8243;][vc_single_image image=\u00bb4647&#8243; img_size=\u00bblarge\u00bb alignment=\u00bbright\u00bb][\/vc_column_inner][\/vc_row_inner][\/vc_column][\/vc_row][vc_row full_width=\u00bbstretch_row\u00bb css=\u00bb.vc_custom_1520432079740{background-color: #174894 !important;}\u00bb el_class=\u00bbblue-section-header\u00bb][vc_column css=\u00bb.vc_custom_1520432326642{padding-top: 10px !important;}\u00bb][vc_column_text css=\u00bb.vc_custom_1521110669221{margin-bottom: 10px !important;}\u00bb]<\/p>\n<h2><span style=\"color: #ffffff;\"><a style=\"color: #ffffff;\" href=\"https:\/\/acoris.lt\/es\/contactos\/\">P\u00f3ngase en contacto con nosotros para obtener m\u00e1s detalles o realizar consultas<\/a><\/span><\/h2>\n<p>[\/vc_column_text][\/vc_column][\/vc_row]<\/p>\n<\/div>","protected":false},"excerpt":{"rendered":"<p>[vc_row 0=\u00bb\u00bb][vc_column 0=\u00bb\u00bb][vc_row_inner 0=\u00bb\u00bb][vc_column_inner width=\u00bb1\/2&#8243;][vc_column_text 0=\u00bb\u00bb]Implementamos modernos sistemas digitales de pago de bienes y servicios y contabilidad basada en tarjetas u otros medios, que ahorran recursos y tiempo a las empresas e instituciones, brindan seguridad y comodidad a los empleados y visitantes. Al mismo tiempo, las soluciones modernas mejoran la imagen y el atractivo de [&hellip;]<\/p>\n","protected":false},"author":1,"featured_media":0,"parent":0,"menu_order":0,"comment_status":"closed","ping_status":"closed","template":"","meta":{"_acf_changed":false,"_monsterinsights_skip_tracking":false,"_monsterinsights_sitenote_active":false,"_monsterinsights_sitenote_note":"","_monsterinsights_sitenote_category":0,"footnotes":""},"class_list":["post-4643","page","type-page","status-publish","hentry"],"acf":[],"yoast_head":"<!-- This site is optimized with the Yoast SEO plugin v27.3 - https:\/\/yoast.com\/product\/yoast-seo-wordpress\/ -->\n<title>Billetera electr\u00f3nica, pagos electr\u00f3nicos - Acoris<\/title>\n<meta name=\"robots\" content=\"index, follow, max-snippet:-1, max-image-preview:large, max-video-preview:-1\" \/>\n<link rel=\"canonical\" href=\"https:\/\/acoris.lt\/es\/billetera-electronica-pagos-electronicos\/\" \/>\n<meta property=\"og:locale\" content=\"es_ES\" \/>\n<meta property=\"og:type\" content=\"article\" \/>\n<meta property=\"og:title\" content=\"Billetera electr\u00f3nica, pagos electr\u00f3nicos - Acoris\" \/>\n<meta property=\"og:description\" content=\"[vc_row 0=\u00bb\u00bb][vc_column 0=\u00bb\u00bb][vc_row_inner 0=\u00bb\u00bb][vc_column_inner width=\u00bb1\/2&#8243;][vc_column_text 0=\u00bb\u00bb]Implementamos modernos sistemas digitales de pago de bienes y servicios y contabilidad basada en tarjetas u otros medios, que ahorran recursos y tiempo a las empresas e instituciones, brindan seguridad y comodidad a los empleados y visitantes. Al mismo tiempo, las soluciones modernas mejoran la imagen y el atractivo de [&hellip;]\" \/>\n<meta property=\"og:url\" content=\"https:\/\/acoris.lt\/es\/billetera-electronica-pagos-electronicos\/\" \/>\n<meta property=\"og:site_name\" content=\"Acoris\" \/>\n<meta property=\"article:modified_time\" content=\"2025-02-27T05:46:43+00:00\" \/>\n<meta property=\"og:image\" content=\"https:\/\/acoris.lt\/wp-content\/uploads\/2023\/12\/acoris.jpg\" \/>\n\t<meta property=\"og:image:width\" content=\"600\" \/>\n\t<meta property=\"og:image:height\" content=\"600\" \/>\n\t<meta property=\"og:image:type\" content=\"image\/jpeg\" \/>\n<meta name=\"twitter:card\" content=\"summary_large_image\" \/>\n<meta name=\"twitter:label1\" content=\"Tiempo de lectura\" \/>\n\t<meta name=\"twitter:data1\" content=\"4 minutos\" \/>\n<script type=\"application\/ld+json\" class=\"yoast-schema-graph\">{\"@context\":\"https:\\\/\\\/schema.org\",\"@graph\":[{\"@type\":\"WebPage\",\"@id\":\"https:\\\/\\\/acoris.lt\\\/es\\\/billetera-electronica-pagos-electronicos\\\/\",\"url\":\"https:\\\/\\\/acoris.lt\\\/es\\\/billetera-electronica-pagos-electronicos\\\/\",\"name\":\"Billetera electr\u00f3nica, pagos electr\u00f3nicos - Acoris\",\"isPartOf\":{\"@id\":\"https:\\\/\\\/acoris.lt\\\/#website\"},\"datePublished\":\"2025-02-27T05:46:42+00:00\",\"dateModified\":\"2025-02-27T05:46:43+00:00\",\"breadcrumb\":{\"@id\":\"https:\\\/\\\/acoris.lt\\\/es\\\/billetera-electronica-pagos-electronicos\\\/#breadcrumb\"},\"inLanguage\":\"es\",\"potentialAction\":[{\"@type\":\"ReadAction\",\"target\":[\"https:\\\/\\\/acoris.lt\\\/es\\\/billetera-electronica-pagos-electronicos\\\/\"]}]},{\"@type\":\"BreadcrumbList\",\"@id\":\"https:\\\/\\\/acoris.lt\\\/es\\\/billetera-electronica-pagos-electronicos\\\/#breadcrumb\",\"itemListElement\":[{\"@type\":\"ListItem\",\"position\":1,\"name\":\"Inicio\",\"item\":\"https:\\\/\\\/acoris.lt\\\/es\\\/\"},{\"@type\":\"ListItem\",\"position\":2,\"name\":\"Billetera electr\u00f3nica, pagos electr\u00f3nicos\"}]},{\"@type\":\"WebSite\",\"@id\":\"https:\\\/\\\/acoris.lt\\\/#website\",\"url\":\"https:\\\/\\\/acoris.lt\\\/\",\"name\":\"Acoris\",\"description\":\"Integruotos sistemos\",\"publisher\":{\"@id\":\"https:\\\/\\\/acoris.lt\\\/#organization\"},\"potentialAction\":[{\"@type\":\"SearchAction\",\"target\":{\"@type\":\"EntryPoint\",\"urlTemplate\":\"https:\\\/\\\/acoris.lt\\\/?s={search_term_string}\"},\"query-input\":{\"@type\":\"PropertyValueSpecification\",\"valueRequired\":true,\"valueName\":\"search_term_string\"}}],\"inLanguage\":\"es\"},{\"@type\":\"Organization\",\"@id\":\"https:\\\/\\\/acoris.lt\\\/#organization\",\"name\":\"Acoris\",\"url\":\"https:\\\/\\\/acoris.lt\\\/\",\"logo\":{\"@type\":\"ImageObject\",\"inLanguage\":\"es\",\"@id\":\"https:\\\/\\\/acoris.lt\\\/#\\\/schema\\\/logo\\\/image\\\/\",\"url\":\"https:\\\/\\\/acoris.lt\\\/wp-content\\\/uploads\\\/2023\\\/12\\\/acoris.jpg\",\"contentUrl\":\"https:\\\/\\\/acoris.lt\\\/wp-content\\\/uploads\\\/2023\\\/12\\\/acoris.jpg\",\"width\":600,\"height\":600,\"caption\":\"Acoris\"},\"image\":{\"@id\":\"https:\\\/\\\/acoris.lt\\\/#\\\/schema\\\/logo\\\/image\\\/\"}}]}<\/script>\n<!-- \/ Yoast SEO plugin. -->","yoast_head_json":{"title":"Billetera electr\u00f3nica, pagos electr\u00f3nicos - Acoris","robots":{"index":"index","follow":"follow","max-snippet":"max-snippet:-1","max-image-preview":"max-image-preview:large","max-video-preview":"max-video-preview:-1"},"canonical":"https:\/\/acoris.lt\/es\/billetera-electronica-pagos-electronicos\/","og_locale":"es_ES","og_type":"article","og_title":"Billetera electr\u00f3nica, pagos electr\u00f3nicos - Acoris","og_description":"[vc_row 0=\u00bb\u00bb][vc_column 0=\u00bb\u00bb][vc_row_inner 0=\u00bb\u00bb][vc_column_inner width=\u00bb1\/2&#8243;][vc_column_text 0=\u00bb\u00bb]Implementamos modernos sistemas digitales de pago de bienes y servicios y contabilidad basada en tarjetas u otros medios, que ahorran recursos y tiempo a las empresas e instituciones, brindan seguridad y comodidad a los empleados y visitantes. Al mismo tiempo, las soluciones modernas mejoran la imagen y el atractivo de [&hellip;]","og_url":"https:\/\/acoris.lt\/es\/billetera-electronica-pagos-electronicos\/","og_site_name":"Acoris","article_modified_time":"2025-02-27T05:46:43+00:00","og_image":[{"width":600,"height":600,"url":"https:\/\/acoris.lt\/wp-content\/uploads\/2023\/12\/acoris.jpg","type":"image\/jpeg"}],"twitter_card":"summary_large_image","twitter_misc":{"Tiempo de lectura":"4 minutos"},"schema":{"@context":"https:\/\/schema.org","@graph":[{"@type":"WebPage","@id":"https:\/\/acoris.lt\/es\/billetera-electronica-pagos-electronicos\/","url":"https:\/\/acoris.lt\/es\/billetera-electronica-pagos-electronicos\/","name":"Billetera electr\u00f3nica, pagos electr\u00f3nicos - Acoris","isPartOf":{"@id":"https:\/\/acoris.lt\/#website"},"datePublished":"2025-02-27T05:46:42+00:00","dateModified":"2025-02-27T05:46:43+00:00","breadcrumb":{"@id":"https:\/\/acoris.lt\/es\/billetera-electronica-pagos-electronicos\/#breadcrumb"},"inLanguage":"es","potentialAction":[{"@type":"ReadAction","target":["https:\/\/acoris.lt\/es\/billetera-electronica-pagos-electronicos\/"]}]},{"@type":"BreadcrumbList","@id":"https:\/\/acoris.lt\/es\/billetera-electronica-pagos-electronicos\/#breadcrumb","itemListElement":[{"@type":"ListItem","position":1,"name":"Inicio","item":"https:\/\/acoris.lt\/es\/"},{"@type":"ListItem","position":2,"name":"Billetera electr\u00f3nica, pagos electr\u00f3nicos"}]},{"@type":"WebSite","@id":"https:\/\/acoris.lt\/#website","url":"https:\/\/acoris.lt\/","name":"Acoris","description":"Integruotos sistemos","publisher":{"@id":"https:\/\/acoris.lt\/#organization"},"potentialAction":[{"@type":"SearchAction","target":{"@type":"EntryPoint","urlTemplate":"https:\/\/acoris.lt\/?s={search_term_string}"},"query-input":{"@type":"PropertyValueSpecification","valueRequired":true,"valueName":"search_term_string"}}],"inLanguage":"es"},{"@type":"Organization","@id":"https:\/\/acoris.lt\/#organization","name":"Acoris","url":"https:\/\/acoris.lt\/","logo":{"@type":"ImageObject","inLanguage":"es","@id":"https:\/\/acoris.lt\/#\/schema\/logo\/image\/","url":"https:\/\/acoris.lt\/wp-content\/uploads\/2023\/12\/acoris.jpg","contentUrl":"https:\/\/acoris.lt\/wp-content\/uploads\/2023\/12\/acoris.jpg","width":600,"height":600,"caption":"Acoris"},"image":{"@id":"https:\/\/acoris.lt\/#\/schema\/logo\/image\/"}}]}},"_links":{"self":[{"href":"https:\/\/acoris.lt\/es\/wp-json\/wp\/v2\/pages\/4643","targetHints":{"allow":["GET"]}}],"collection":[{"href":"https:\/\/acoris.lt\/es\/wp-json\/wp\/v2\/pages"}],"about":[{"href":"https:\/\/acoris.lt\/es\/wp-json\/wp\/v2\/types\/page"}],"author":[{"embeddable":true,"href":"https:\/\/acoris.lt\/es\/wp-json\/wp\/v2\/users\/1"}],"replies":[{"embeddable":true,"href":"https:\/\/acoris.lt\/es\/wp-json\/wp\/v2\/comments?post=4643"}],"version-history":[{"count":2,"href":"https:\/\/acoris.lt\/es\/wp-json\/wp\/v2\/pages\/4643\/revisions"}],"predecessor-version":[{"id":4653,"href":"https:\/\/acoris.lt\/es\/wp-json\/wp\/v2\/pages\/4643\/revisions\/4653"}],"wp:attachment":[{"href":"https:\/\/acoris.lt\/es\/wp-json\/wp\/v2\/media?parent=4643"}],"curies":[{"name":"wp","href":"https:\/\/api.w.org\/{rel}","templated":true}]}}